{"id":153539,"date":"2021-03-16T08:09:37","date_gmt":"2021-03-16T13:09:37","guid":{"rendered":"https:\/\/www.acrartex.com\/products\/rapidditch-express-tasche\/"},"modified":"2025-11-26T03:24:52","modified_gmt":"2025-11-26T08:24:52","slug":"rapidditch-express-tasche","status":"publish","type":"product","link":"https:\/\/www.acrartex.com\/de\/products\/rapidditch-express-tasche\/","title":{"rendered":"RapidDitch Express-Tasche"},"content":{"rendered":"<p>Verstauen Sie alle wichtigen pers\u00f6nlichen Gegenst\u00e4nde und Ihre \u00dcberlebensausr\u00fcstung in der neuen ACR RapidDitch \u2122 Express-Tasche f\u00fcr das Verlassen des Schiffes. Dieses kompakte und schwimmf\u00e4hige Sicherheitstool h\u00e4lt Ihre gesamte Sicherheitsausr\u00fcstung \u00fcbersichtlich und \u00fcbersichtlich zusammen, sodass Sie im Notfall schnell darauf zugreifen k\u00f6nnen. Die robuste Tasche verf\u00fcgt \u00fcber alle n\u00f6tigen Taschen, Haltegurte und Schlaufen, um Ihre Sicherheitsausr\u00fcstung griffbereit zu haben.  <\/p>\n<p>Dank des zus\u00e4tzlichen Auftriebs tr\u00e4gt der RapidDitch bis zu 7 kg Ausr\u00fcstung und das neue reflektierende Material sorgt daf\u00fcr, dass Such- und Rettungskr\u00e4fte ihn leichter erkennen k\u00f6nnen. Das robuste, wasserabweisende Gewebe und die selbstreparierenden, korrosionsbest\u00e4ndigen Rei\u00dfverschl\u00fcsse halten selbst h\u00e4rtesten Witterungsbedingungen stand. Mit dem RapidDitch Express ist Ihre gesamte Sicherheitsausr\u00fcstung tragbar, sodass Sie alles problemlos von Boot zu Boot transportieren k\u00f6nnen.  <\/p>\n<p>Bleiben Sie zusammen und in Reichweite des RapidDitch Express mit dem neuen innovativen Schultergurt-Anbindungssystem. Einfach die Gurte l\u00f6sen und schon verwandeln sie sich in zwei 1,20 m lange Sicherheitsgurte, die daf\u00fcr sorgen, dass alle im Wasser verbunden bleiben. <\/p>\n","protected":false},"excerpt":{"rendered":"<p>Mit der RapidDitch Express Bag sind Sie auf das Unerwartete vorbereitet. Diese kompakte \u00dcberlebenstasche verf\u00fcgt \u00fcber Taschen, Haltegurte und Schlaufen, um Ihre gesamte Sicherheitsausr\u00fcstung \u00fcbersichtlich und praktisch zu verstauen. <\/p>\n<p>Diese Tasche aus wasserabweisendem, reflektierendem Material ist wetterfest und erleichtert Such- und Rettungsteams in Notsituationen die Ortung. Dank ihres schwimmf\u00e4higen Designs schwimmt die RapidDitch Express mit bis zu 7 kg Ausr\u00fcstung, sollte sie im Wasser landen. <\/p>\n<p>Der innovative Schultergurt der Tasche l\u00e4sst sich aushaken und einfach in zwei 1,20 m lange Sicherheitsgurte verwandeln, die an Ihrer Schwimmweste befestigt werden k\u00f6nnen und dazu dienen, dass alle im Wasser verbunden bleiben.<\/p>\n<p style=\"margin-left: 0in; margin-right: 0in;\"><span style=\"font-size: 11pt;\"><span style=\"font-family: Calibri,sans-serif;\"><a style=\"color: blue; text-decoration: underline;\" href=\"https:\/\/www.dropbox.com\/s\/fk04stqsp2hgk5f\/Prop%2065%20-%20DEHP.pdf?dl=0\"><span style=\"color: #000000;\">WARNUNG: PROP 65<\/span><\/a><\/span><\/span><\/p>\n","protected":false},"featured_media":164300,"template":"","meta":{"_acf_changed":false,"om_disable_all_campaigns":false},"product_brand":[],"product_cat":[5687,6024,6023,5636,6558,6025],"product_tag":[9173,9158,9170,9176,9154,9191,9156,9168,9159,9164,9161],"class_list":{"0":"post-153539","1":"product","2":"type-product","3":"status-publish","4":"has-post-thumbnail","6":"product_cat-im-freien","7":"product_cat-in-kustennahe","8":"product_cat-inland-de","9":"product_cat-marine-de","10":"product_cat-sicherheitszubehor","11":"product_cat-vor-der-kuste","12":"product_tag-bug-out-tasche","13":"product_tag-expresstasche","14":"product_tag-grabentasche","15":"product_tag-marine-notfalltasche","16":"product_tag-schnellgraben","17":"product_tag-schwimmende-tasche","18":"product_tag-tasche","19":"product_tag-tasche-fur-uberlebensausrustung","20":"product_tag-uberleben","21":"product_tag-uberlebensausrustung","22":"product_tag-uberlebenstasche","23":"pa_activity-angeln","24":"pa_boat-size-0-20-de","25":"pa_boat-size-21-40-de","26":"pa_boat-size-40-80-de","27":"pa_boat-size-80-de","28":"pa_boat-type-charteryacht-de","29":"pa_boat-type-kommerzielle-fischerei","30":"pa_boat-type-motorboot","31":"pa_boat-type-schlepper","32":"pa_boat-type-segelboot","33":"pa_boat-type-sportcraft-de","34":"pa_boat-type-yacht-de","35":"pa_product-sicherheitszubehor","36":"pa_terrain-flusse-feuchtgebiete-seen-de","38":"first","39":"instock","40":"taxable","41":"shipping-taxable","42":"purchasable","43":"product-type-simple"},"acf":[],"_links":{"self":[{"href":"https:\/\/www.acrartex.com\/de\/wp-json\/wp\/v2\/product\/153539","targetHints":{"allow":["GET"]}}],"collection":[{"href":"https:\/\/www.acrartex.com\/de\/wp-json\/wp\/v2\/product"}],"about":[{"href":"https:\/\/www.acrartex.com\/de\/wp-json\/wp\/v2\/types\/product"}],"wp:featuredmedia":[{"embeddable":true,"href":"https:\/\/www.acrartex.com\/de\/wp-json\/wp\/v2\/media\/164300"}],"wp:attachment":[{"href":"https:\/\/www.acrartex.com\/de\/wp-json\/wp\/v2\/media?parent=153539"}],"wp:term":[{"taxonomy":"product_brand","embeddable":true,"href":"https:\/\/www.acrartex.com\/de\/wp-json\/wp\/v2\/product_brand?post=153539"},{"taxonomy":"product_cat","embeddable":true,"href":"https:\/\/www.acrartex.com\/de\/wp-json\/wp\/v2\/product_cat?post=153539"},{"taxonomy":"product_tag","embeddable":true,"href":"https:\/\/www.acrartex.com\/de\/wp-json\/wp\/v2\/product_tag?post=153539"}],"curies":[{"name":"wp","href":"https:\/\/api.w.org\/{rel}","templated":true}]}}