{"id":153538,"date":"2021-03-16T08:09:42","date_gmt":"2021-03-16T13:09:42","guid":{"rendered":"https:\/\/www.acrartex.com\/products\/rapidditch-tasche\/"},"modified":"2021-03-16T08:09:42","modified_gmt":"2021-03-16T13:09:42","slug":"rapidditch-tasche","status":"publish","type":"product","link":"https:\/\/www.acrartex.com\/de\/products\/rapidditch-tasche\/","title":{"rendered":"RapidDitch -Tasche"},"content":{"rendered":"<p>Das robuste, wasserabweisende Gewebe und die selbstreparierenden, korrosionsbest\u00e4ndigen Rei\u00dfverschl\u00fcsse trotzen den h\u00e4rtesten Witterungsbedingungen. Dank des zus\u00e4tzlichen Auftriebs kann der RapidDitch bis zu 11,3 kg Ausr\u00fcstung tragen. Das neue reflektierende Material sorgt daf\u00fcr, dass Such- und Rettungskr\u00e4fte ihn leichter erkennen k\u00f6nnen. <\/p>\n<p>Bleiben Sie zusammen mit dem neuen, innovativen Schultergurtsystem. Es l\u00e4sst sich einfach aushaken und in zwei 1,20 m lange Sicherheitsgurte verwandeln, die an Ihren Schwimmwesten befestigt werden k\u00f6nnen. So bleiben alle im Wasser verbunden. Halten Sie die RapidDitch -Tasche immer in Reichweite, damit Ihre gesamte Sicherheits- und Signalausr\u00fcstung jederzeit griffbereit ist. <\/p>\n","protected":false},"excerpt":{"rendered":"<p>Was auch immer Ihr Abenteuer bringen mag, mit der RapidDitch Bag sind Sie bestens vorbereitet. Diese robuste Survival-Tasche verf\u00fcgt \u00fcber Taschen, Haltegurte und Schlaufen, mit denen Sie Ihre gesamte Sicherheitsausr\u00fcstung bequem an einem Ort aufbewahren k\u00f6nnen. Sollte die RapidDitch Bag im Wasser landen, schwimmt sie mit bis zu 11 kg Ausr\u00fcstung.  <\/p>\n<p>&nbsp;<\/p>\n<p>Diese Tasche aus wasserabweisendem, reflektierendem Material ist wetterfest und erleichtert Such- und Rettungsteams in Notsituationen die Ortung. Der innovative Schultergurt der Tasche l\u00e4sst sich einfach aush\u00e4ngen und in zwei 1,20 m lange Sicherheitsgurte verwandeln, die an Ihrer Schwimmweste befestigt werden k\u00f6nnen, um im Wasser f\u00fcr die Sicherheit aller zu sorgen. <\/p>\n<p>&nbsp;<\/p>\n<p style=\"margin-left: 0in; margin-right: 0in;\"><span style=\"font-size: 11pt;\"><span style=\"font-family: Calibri,sans-serif;\"><a style=\"color: blue; text-decoration: underline;\" href=\"https:\/\/www.dropbox.com\/s\/fk04stqsp2hgk5f\/Prop%2065%20-%20DEHP.pdf?dl=0\"><span style=\"color: #000000;\">WARNUNG: PROP 65<\/span><\/a><\/span><\/span><\/p>\n","protected":false},"featured_media":12152,"template":"","meta":{"_acf_changed":false,"om_disable_all_campaigns":false},"product_brand":[],"product_cat":[5687,6024,6023,6026,5636,6558,6025],"product_tag":[9173,9170,9184,9163,9154,9166,9189,9156,9179,9159,9161],"class_list":{"0":"post-153538","1":"product","2":"type-product","3":"status-publish","4":"has-post-thumbnail","6":"product_cat-im-freien","7":"product_cat-in-kustennahe","8":"product_cat-inland-de","9":"product_cat-kommerziell","10":"product_cat-marine-de","11":"product_cat-sicherheitszubehor","12":"product_cat-vor-der-kuste","13":"product_tag-bug-out-tasche","14":"product_tag-grabentasche","15":"product_tag-schiff-verlassen","16":"product_tag-schneller-graben","17":"product_tag-schnellgraben","18":"product_tag-schnellgrabentasche","19":"product_tag-sicherheitstasche-fur-boote","20":"product_tag-tasche","21":"product_tag-tasche-zum-verlassen-des-schiffes","22":"product_tag-uberleben","23":"product_tag-uberlebenstasche","24":"pa_activity-angeln","25":"pa_boat-size-0-20-de","26":"pa_boat-size-21-40-de","27":"pa_boat-size-40-80-de","28":"pa_boat-size-80-de","29":"pa_boat-type-charteryacht-de","30":"pa_boat-type-kommerzielle-fischerei","31":"pa_boat-type-motorboot","32":"pa_boat-type-schlepper","33":"pa_boat-type-segelboot","34":"pa_boat-type-sportcraft-de","35":"pa_boat-type-yacht-de","36":"pa_product-sicherheitszubehor","37":"pa_terrain-flusse-feuchtgebiete-seen-de","39":"first","40":"instock","41":"taxable","42":"shipping-taxable","43":"purchasable","44":"product-type-simple"},"acf":[],"_links":{"self":[{"href":"https:\/\/www.acrartex.com\/de\/wp-json\/wp\/v2\/product\/153538","targetHints":{"allow":["GET"]}}],"collection":[{"href":"https:\/\/www.acrartex.com\/de\/wp-json\/wp\/v2\/product"}],"about":[{"href":"https:\/\/www.acrartex.com\/de\/wp-json\/wp\/v2\/types\/product"}],"wp:featuredmedia":[{"embeddable":true,"href":"https:\/\/www.acrartex.com\/de\/wp-json\/wp\/v2\/media\/12152"}],"wp:attachment":[{"href":"https:\/\/www.acrartex.com\/de\/wp-json\/wp\/v2\/media?parent=153538"}],"wp:term":[{"taxonomy":"product_brand","embeddable":true,"href":"https:\/\/www.acrartex.com\/de\/wp-json\/wp\/v2\/product_brand?post=153538"},{"taxonomy":"product_cat","embeddable":true,"href":"https:\/\/www.acrartex.com\/de\/wp-json\/wp\/v2\/product_cat?post=153538"},{"taxonomy":"product_tag","embeddable":true,"href":"https:\/\/www.acrartex.com\/de\/wp-json\/wp\/v2\/product_tag?post=153538"}],"curies":[{"name":"wp","href":"https:\/\/api.w.org\/{rel}","templated":true}]}}