{"id":153436,"date":"2021-03-16T08:10:42","date_gmt":"2021-03-16T13:10:42","guid":{"rendered":"https:\/\/www.acrartex.com\/products\/elt-3000\/"},"modified":"2021-03-16T08:10:42","modified_gmt":"2021-03-16T13:10:42","slug":"elt-3000","status":"publish","type":"product","link":"https:\/\/www.acrartex.com\/de\/products\/elt-3000\/","title":{"rendered":"ELT 3000"},"content":{"rendered":"<p>Dank der nahtlos integrierten NAV-Daten des Flugzeugs werden L\u00e4ngen- und Breitengrade 24 Stunden lang alle 50 Sekunden automatisch auf der Notruffrequenz 406 MHz \u00fcbertragen. So k\u00f6nnen Rettungskr\u00e4fte den genauen Standort des Flugzeugs innerhalb weniger Minuten nach Aktivierung des Signals bestimmen. <\/p>\n<p>Der ARTEX ELT 3000 wurde entwickelt, um Gr\u00f6\u00dfe und Gewicht des ELT Systems in einem einfach zu installierenden Paket zu reduzieren. Zur Vereinfachung der Installation verf\u00fcgt der ARTEX ELT 3000 \u00fcber einen einzelnen HF-Ausgang, der an eine Triband-Antenne angeschlossen wird, wodurch die Installation auf ein einziges Koaxialkabel reduziert wird.  Durch die Einzeleingangsantenne und den Wegfall einer externen NAV-Schnittstelle werden die Installationskosten erheblich reduziert.<\/p>\n<p>Das ARTEX ELT 3000 ist mit dem exklusiven Online-Satellitenbest\u00e4tigungstestsystem von ARTEX , 406Test.com, kompatibel. Dieses exklusive System liefert Echtzeit-Beacon-Testergebnisse \u00fcber dieselben Satelliten, die auch von Such- und Rettungsdiensten genutzt werden, und stellt so die ordnungsgem\u00e4\u00dfe Funktion des ELT Systems sicher.  Es gibt einen Grund, warum sich mehr Flugzeughersteller f\u00fcr ARTEX Notlandeger\u00e4te entscheiden als f\u00fcr andere. Sie vertrauen darauf, dass ARTEX Produkte von h\u00f6chster Qualit\u00e4t herstellt, da sie wissen, dass diese zur Rettung von Leben eingesetzt werden.<\/p>\n<p><strong>So funktioniert der ARTEX ELT 3000<\/strong><\/p>\n<p>Das ARTEX ELT 3000 kann manuell (\u00fcber einen Fernschalter im Cockpit) oder automatisch (der G-Switch erkennt einen Aufprall von 2,3 G oder mehr) aktiviert werden und alarmiert die n\u00e4chstgelegene Such- und Rettungsdienststelle im Notfall. Das 406-MHz-Signal mit den GPS Koordinaten des Flugzeugs wird an die Cospas-Sarsat -Satelliten gesendet und an das Missionskontrollzentrum weitergeleitet, wo es umgehend an die n\u00e4chstgelegene Such- und Rettungsdienststelle weitergeleitet wird. Das Signal gibt den Ersthelfern den genauen Standort auf 100 Meter genau an. Schlie\u00dflich unterst\u00fctzen die 121,5\/243-MHz-Zielsignale die Bodentruppen bei der Ortung des Notfalls.   <\/p>\n<p><strong>Einfache Installation<\/strong><\/p>\n<p>Das ARTEX ELT 3000 bietet eine schnelle und einfache Nachr\u00fcstm\u00f6glichkeit mit flexiblen Installationsoptionen, wie beispielsweise einem Zwei- oder F\u00fcnfdraht-Fernschalter, der keine Bordstromversorgung ben\u00f6tigt. Da es sich um ein ELT mit Einzelausgang handelt, nutzt das ELT 3000 denselben HF-Ausgang und nur ein Koaxialkabel zur \u00dcbertragung von 406-MHz- und 121,5\/243-MHz-Signalen. Die integrierte Navigationsschnittstelle macht die Montage einer zweiten externen Schnittstelle \u00fcberfl\u00fcssig und reduziert so die Installationskosten erheblich. Es stehen zwei Montagewannen zur Verf\u00fcgung. Eine erm\u00f6glicht minimalen Platzbedarf, die andere ist f\u00fcr \u00e4ltere ELT -Installationen ARTEX B- und C-Serie geeignet und sorgt so f\u00fcr weitere Kosteneinsparungen.    <\/p>\n<p><strong>Produkteigenschaften<\/strong><\/p>\n<ul>\n<li>Das kleinste verf\u00fcgbare 406 MHz ELT und das leichteste transporttaugliche ELT mit ARINC\/ GPS RS232-Schnittstelle<\/li>\n<li>Automatischer fest installierter Emergency Locator Transmitter<\/li>\n<li>Dreifrequenz-Notsignal, digitale 406 MHz und analoge 121,5\/243 MHz Zielsignale<\/li>\n<li>Automatische Aktivierung \u00fcber internen G-Schalter<\/li>\n<li>Tri-Band-Antenne mit Einzelanschluss und Kabel zum Sender<\/li>\n<li>Einfache Wartung und Installation<\/li>\n<li>Viele Optionen f\u00fcr die Fernsteuerung im Cockpit verf\u00fcgbar<\/li>\n<li>Kann \u00fcber die integrierte ARINC429- oder RS232-Schnittstelle an das Bord- GPS angeschlossen werden<\/li>\n<li>GPS -Daten sind in die digitale \u00dcbertragung eingebettet und reduzieren den Suchradius auf 100 Meter<\/li>\n<li>Weltweite Cospas-Sarsat -Abdeckung<\/li>\n<li>6 Jahre Batterielebensdauer (austauschbar)<\/li>\n<li>Helikopterversion mit 5-Achsen-G-Switch verf\u00fcgbar<\/li>\n<li>Kompatibel mit dem Satellitenbest\u00e4tigungstestsystem ARTEX 406Test.com<\/li>\n<li>Erf\u00fcllt sowohl die Anforderungen der FAA als auch der EASA<\/li>\n<\/ul>\n<p>ELT -Packliste<\/p>\n<table style=\"border-collapse: collapse; width: 745pt; border: none;\" width=\"994\">\n<colgroup>\n<col style=\"width: 140pt;\" width=\"187\">\n<col style=\"width: 219pt;\" width=\"292\">\n<col style=\"width: 197pt;\" width=\"263\">\n<col style=\"width: 189pt;\" width=\"252\"> <\/colgroup>\n<tbody>\n<tr style=\"height: 20.0pt;\">\n<td class=\"xl66\" style=\"border: none; height: 20.0pt; width: 140pt; text-align: center; vertical-align: middle; padding-top: 1px; padding-right: 1px; padding-left: 1px;\" width=\"187\" height=\"27\"><\/td>\n<td class=\"xl68\" style=\"border: 0.5pt solid gray; background: #3c404a; width: 219pt; text-align: center; vertical-align: middle; padding-top: 1px; padding-right: 1px; padding-left: 1px;\" width=\"292\"><span style=\"font-size: 11pt;\"><span style=\"color: #b0e40a;\"><span style=\"font-weight: bold;\"><span style=\"font-style: normal;\"><span style=\"text-decoration: none;\"><span style=\"font-family: Calibri,sans-serif;\">Antenne<\/span><\/span><\/span><\/span><\/span><\/span><\/td>\n<td class=\"xl68\" style=\"border: 0.5pt solid gray; background: #3c404a; border-left: none; width: 197pt; text-align: center; vertical-align: middle; padding-top: 1px; padding-right: 1px; padding-left: 1px;\" width=\"263\"><span style=\"font-size: 11pt;\"><span style=\"color: #b0e40a;\"><span style=\"font-weight: bold;\"><span style=\"font-style: normal;\"><span style=\"text-decoration: none;\"><span style=\"font-family: Calibri,sans-serif;\">Fernschalter &amp; Zubeh\u00f6r<\/span><\/span><\/span><\/span><\/span><\/span><\/td>\n<td class=\"xl67\" style=\"border: none; background: #3c404a; border-left: none; width: 189pt; text-align: center; vertical-align: middle; border-width: 0.5pt; border-style: solid; border-color: gray windowtext gray gray; padding-top: 1px; padding-right: 1px; padding-left: 1px;\" width=\"252\"><span style=\"font-size: 11pt;\"><span style=\"color: #b0e40a;\"><span style=\"font-weight: bold;\"><span style=\"font-style: normal;\"><span style=\"text-decoration: none;\"><span style=\"font-family: Calibri,sans-serif;\">Handb\u00fccher\/Zulassungen\/Downloads<\/span><\/span><\/span><\/span><\/span><\/span><\/td>\n<\/tr>\n<tr style=\"height: 20.0pt;\">\n<td class=\"xl70\" style=\"border: 0.5pt solid gray; background: #b0e40a; height: 20.0pt; text-align: center; vertical-align: middle; padding-top: 1px; padding-right: 1px; padding-left: 1px;\" height=\"27\"><span style=\"font-size: 11pt;\"><span style=\"font-weight: 400;\"><span style=\"font-style: normal;\"><span style=\"text-decoration: none;\"><span style=\"font-family: Calibri,sans-serif;\">ELT 3000 8221<\/span><\/span><\/span><\/span><\/span><\/td>\n<td class=\"xl69\" style=\"border: none; padding-top: 1px; padding-right: 1px; padding-left: 1px; vertical-align: bottom;\"><span style=\"font-size: 11pt;\"><span style=\"font-weight: 400;\"><span style=\"font-style: normal;\"><span style=\"text-decoration: none;\"><span style=\"font-family: Calibri,sans-serif;\"> <\/span><\/span><\/span><\/span><\/span><\/td>\n<td class=\"xl66\" style=\"border: none; text-align: center; vertical-align: middle; padding-top: 1px; padding-right: 1px; padding-left: 1px;\"><\/td>\n<td class=\"xl66\" style=\"border: none; text-align: center; vertical-align: middle; padding-top: 1px; padding-right: 1px; padding-left: 1px;\"><a href=\"https:\/\/www.dropbox.com\/s\/xbba3p4g5qxvgid\/8221d.pdf?dl=1\"><span style=\"font-size: 11pt;\"><span style=\"font-weight: 400;\"><span style=\"font-style: normal;\"><span style=\"text-decoration: none;\"><span style=\"font-family: Calibri,sans-serif;\">Packliste<\/span><\/span><\/span><\/span><\/span><\/a><\/td>\n<\/tr>\n<tr style=\"height: 20.0pt;\">\n<td class=\"xl70\" style=\"border: 0.5pt solid gray; background: #b0e40a; height: 20.0pt; border-top: none; text-align: center; vertical-align: middle; padding-top: 1px; padding-right: 1px; padding-left: 1px;\" height=\"27\"><span style=\"font-size: 11pt;\"><span style=\"font-weight: 400;\"><span style=\"font-style: normal;\"><span style=\"text-decoration: none;\"><span style=\"font-family: Calibri,sans-serif;\">ELT 3000 8222<\/span><\/span><\/span><\/span><\/span><\/td>\n<td class=\"xl66\" style=\"border: none; text-align: center; vertical-align: middle; padding-top: 1px; padding-right: 1px; padding-left: 1px;\"><\/td>\n<td class=\"xl66\" style=\"border: none; text-align: center; vertical-align: middle; padding-top: 1px; padding-right: 1px; padding-left: 1px;\"><\/td>\n<td class=\"xl66\" style=\"border: none; text-align: center; vertical-align: middle; padding-top: 1px; padding-right: 1px; padding-left: 1px;\"><a href=\"https:\/\/www.dropbox.com\/s\/q04di0l0nlga6ql\/8222b.pdf?dl=1\"><span style=\"font-size: 11pt;\"><span style=\"font-weight: 400;\"><span style=\"font-style: normal;\"><span style=\"text-decoration: none;\"><span style=\"font-family: Calibri,sans-serif;\">Packliste<\/span><\/span><\/span><\/span><\/span><\/a><\/td>\n<\/tr>\n<tr style=\"height: 20.0pt;\">\n<td class=\"xl70\" style=\"border: 0.5pt solid gray; background: #b0e40a; height: 20.0pt; border-top: none; text-align: center; vertical-align: middle; padding-top: 1px; padding-right: 1px; padding-left: 1px;\" height=\"27\"><span style=\"font-size: 11pt;\"><span style=\"font-weight: 400;\"><span style=\"font-style: normal;\"><span style=\"text-decoration: none;\"><span style=\"font-family: Calibri,sans-serif;\">ELT 3000 8223<\/span><\/span><\/span><\/span><\/span><\/td>\n<td class=\"xl66\" style=\"border: none; text-align: center; vertical-align: middle; padding-top: 1px; padding-right: 1px; padding-left: 1px;\"><span style=\"font-size: 11pt;\"><span style=\"font-weight: 400;\"><span style=\"font-style: normal;\"><span style=\"text-decoration: none;\"><span style=\"font-family: Calibri,sans-serif;\">110-338 (Wei\u00df) und 110-338-01 (Schwarz)<\/span><\/span><\/span><\/span><\/span><\/td>\n<td class=\"xl66\" style=\"border: none; text-align: center; vertical-align: middle; padding-top: 1px; padding-right: 1px; padding-left: 1px;\"><span style=\"font-size: 11pt;\"><span style=\"font-weight: 400;\"><span style=\"font-style: normal;\"><span style=\"text-decoration: none;\"><span style=\"font-family: Calibri,sans-serif;\">8304<\/span><\/span><\/span><\/span><\/span><\/td>\n<td class=\"xl66\" style=\"border: none; text-align: center; vertical-align: middle; padding-top: 1px; padding-right: 1px; padding-left: 1px;\"><a href=\"https:\/\/www.dropbox.com\/s\/1ugrlpsd9nqpknt\/8223b.pdf?dl=1\"><span style=\"font-size: 11pt;\"><span style=\"font-weight: 400;\"><span style=\"font-style: normal;\"><span style=\"text-decoration: none;\"><span style=\"font-family: Calibri,sans-serif;\">Packliste<\/span><\/span><\/span><\/span><\/span><\/a><\/td>\n<\/tr>\n<tr style=\"height: 20.0pt;\">\n<td class=\"xl70\" style=\"border: 0.5pt solid gray; background: #b0e40a; height: 20.0pt; border-top: none; text-align: center; vertical-align: middle; padding-top: 1px; padding-right: 1px; padding-left: 1px;\" height=\"27\"><span style=\"font-size: 11pt;\"><span style=\"font-weight: 400;\"><span style=\"font-style: normal;\"><span style=\"text-decoration: none;\"><span style=\"font-family: Calibri,sans-serif;\">ELT 3000 8224<\/span><\/span><\/span><\/span><\/span><\/td>\n<td class=\"xl66\" style=\"border: none; text-align: center; vertical-align: middle; padding-top: 1px; padding-right: 1px; padding-left: 1px;\"><span style=\"font-size: 11pt;\"><span style=\"font-weight: 400;\"><span style=\"font-style: normal;\"><span style=\"text-decoration: none;\"><span style=\"font-family: Calibri,sans-serif;\">110-340 &amp; 110-340-01 (Schutzkante)<\/span><\/span><\/span><\/span><\/span><\/td>\n<td class=\"xl66\" style=\"border: none; text-align: center; vertical-align: middle; padding-top: 1px; padding-right: 1px; padding-left: 1px;\"><span style=\"font-size: 11pt;\"><span style=\"font-weight: 400;\"><span style=\"font-style: normal;\"><span style=\"text-decoration: none;\"><span style=\"font-family: Calibri,sans-serif;\">8304<\/span><\/span><\/span><\/span><\/span><\/td>\n<td class=\"xl66\" style=\"border: none; text-align: center; vertical-align: middle; padding-top: 1px; padding-right: 1px; padding-left: 1px;\"><a href=\"https:\/\/www.dropbox.com\/s\/8hg8d7dglsuvqxu\/8224b.pdf?dl=1\"><span style=\"font-size: 11pt;\"><span style=\"font-weight: 400;\"><span style=\"font-style: normal;\"><span style=\"text-decoration: none;\"><span style=\"font-family: Calibri,sans-serif;\">Packliste<\/span><\/span><\/span><\/span><\/span><\/a><\/td>\n<\/tr>\n<\/tbody>\n<\/table>\n","protected":false},"excerpt":{"rendered":"<p>Ohne einen Emergency Locator Transmitter ( ELT ) an Bord sind Sie nie vollst\u00e4ndig vorbereitet. Der ELT 3000\u2122 ist ein voll integriertes Sicherheitsger\u00e4t. Sein kompaktes Design und die Navigationsschnittstelle gew\u00e4hrleisten eine einfache Installation und stellen sicher, dass Such- und Rettungsteams Ihr Flugzeug jederzeit orten k\u00f6nnen. Dar\u00fcber hinaus sendet der ELT3000 automatisch alle 50 Sekunden Ihren L\u00e4ngen- und Breitengrad \u00fcber die 406-MHz-Notfrequenz \u2013 24 Stunden lang. So k\u00f6nnen lokale Rettungskr\u00e4fte im Notfall innerhalb weniger Minuten nach Aktivierung des Senders den genauen Standort des Flugzeugs bestimmen. Seien Sie auf das Unvorhersehbare vorbereitet: \u2013 Manuelle und automatische Aktivierung \u2013 Zweidraht-Fernschalter \u2013 Flexible Installation \u2013 Edelstahlhalterung \u2013 Integrierte Navigationsschnittstelle     <\/p>\n<p><span style=\"color: #3366ff;\"><strong>Dieses Produkt wurde eingestellt<\/strong><\/span><\/p>\n<p><a href=\"https:\/\/www.acrartex.com\/survival-products\/406test\"><img decoding=\"async\" style=\"width: 300px; height: 41px;\" src=\"https:\/\/dk2ztu5ooimmu.cloudfront.net\/ckeditor_assets\/pictures\/146\/406Test_with_desc_-_Tag.gif\" alt=\"\"><\/a><\/p>\n","protected":false},"featured_media":153438,"template":"","meta":{"_acf_changed":false,"om_disable_all_campaigns":false},"product_brand":[],"product_cat":[6032,5570,8486],"product_tag":[8143,8144,8892,5574,5578,9001,8995],"class_list":{"0":"post-153436","1":"product","2":"type-product","3":"status-publish","4":"has-post-thumbnail","6":"product_cat-business-jet-de","7":"product_cat-luftfahrt","8":"product_cat-verkehrsflugzeuge","9":"product_tag-acr-de","10":"product_tag-artex-de","11":"product_tag-elektronischer-ortungssender-de","12":"product_tag-elt-de","13":"product_tag-elt-3000-de","14":"product_tag-elt3000-de","15":"product_tag-sender","16":"pa_aircraft-speed-200-350-knoten","17":"pa_aircraft-speed-350-knoten","18":"pa_aircraft-type-leichte-jets","19":"pa_aircraft-type-mittelgrose-jets","20":"pa_product-elt-losungen","21":"pa_product-vermachtnis","23":"first","24":"outofstock","25":"taxable","26":"shipping-taxable","27":"product-type-simple"},"acf":[],"_links":{"self":[{"href":"https:\/\/www.acrartex.com\/de\/wp-json\/wp\/v2\/product\/153436","targetHints":{"allow":["GET"]}}],"collection":[{"href":"https:\/\/www.acrartex.com\/de\/wp-json\/wp\/v2\/product"}],"about":[{"href":"https:\/\/www.acrartex.com\/de\/wp-json\/wp\/v2\/types\/product"}],"wp:featuredmedia":[{"embeddable":true,"href":"https:\/\/www.acrartex.com\/de\/wp-json\/wp\/v2\/media\/153438"}],"wp:attachment":[{"href":"https:\/\/www.acrartex.com\/de\/wp-json\/wp\/v2\/media?parent=153436"}],"wp:term":[{"taxonomy":"product_brand","embeddable":true,"href":"https:\/\/www.acrartex.com\/de\/wp-json\/wp\/v2\/product_brand?post=153436"},{"taxonomy":"product_cat","embeddable":true,"href":"https:\/\/www.acrartex.com\/de\/wp-json\/wp\/v2\/product_cat?post=153436"},{"taxonomy":"product_tag","embeddable":true,"href":"https:\/\/www.acrartex.com\/de\/wp-json\/wp\/v2\/product_tag?post=153436"}],"curies":[{"name":"wp","href":"https:\/\/api.w.org\/{rel}","templated":true}]}}