{"id":153413,"date":"2021-03-16T08:11:41","date_gmt":"2021-03-16T13:11:41","guid":{"rendered":"https:\/\/www.acrartex.com\/products\/me406-ace-elt\/"},"modified":"2021-03-16T08:11:41","modified_gmt":"2021-03-16T13:11:41","slug":"me406-ace-elt","status":"publish","type":"product","link":"https:\/\/www.acrartex.com\/de\/products\/me406-ace-elt\/","title":{"rendered":"ME406 ACE ELT"},"content":{"rendered":"<p>Einfache Installation<br \/>\n Die Montageteile der ME406-Serie sind mit allen Vorg\u00e4ngermodellen der Artex 406 MHz ELT Produkte sowie mit der ELT -200-Serie, ACK, Pointer Model 3000 ELT und Narco ELTs kompatibel. Der in sich geschlossene Fernschalter wird von einer 6-Jahres-Lithiumbatterie gespeist und ist somit unabh\u00e4ngig vom Bordstromnetz. <\/p>\n<p>ARTEX ELTs sind die Wahl f\u00fcr Flugzeuge der allgemeinen Luftfahrt, darunter Cessna, Piper, Cirrus, Beechcraft, Diamond und Quest.<\/p>\n<p>&nbsp;<\/p>\n<p>Kosteng\u00fcnstiges Upgrade auf Artex-Technologie<br \/>\n Der neue Fernschalter ersetzt den alten ACK-Schalter an der Instrumententafel, sodass keine \u00c4nderungen erforderlich sind. Ein spezieller Adapter, der am ME406 ACE ELT montiert ist, nimmt den Stecker auf der ELT Seite der Verkabelung auf. Die Installationszeit wird zus\u00e4tzlich reduziert, da der vorhandene Kabelbaum zum Anschluss des Fernschalters an das ELT weiterverwendet wird.  <\/p>\n<ul>\n<li>\u201eACE\u201c \u2013 Absolute Kosteneffizienz<\/li>\n<li>Aktualisieren Sie ACK und 2-Frequenz-ELTs auf Artex 406 MHz-Technologie<\/li>\n<li>Ersetzt den ACK-Fernschalter in Form, Passform und Funktion<\/li>\n<li>Vorhandenen Kabelbaum vom Fernschalter zum ELT wiederverwenden<\/li>\n<li>Vom Bordstrom unabh\u00e4ngiger Fernschalter<\/li>\n<li>6 Jahre Batterielebensdauer, Ersatzbatterie Teilenummer 455-0012<\/li>\n<li>Wenn Sie es benutzen, ersetzen wir es <a href=\"http:\/\/www.survivorclub.com\/\">kostenlos<\/a> . Senden Sie uns einfach Ihre Geschichte, schicken Sie uns Ihren gebrauchten Beacon zur\u00fcck, damit wir ihn an unserer Wall of Fame anbringen k\u00f6nnen, und wir senden Ihnen einen brandneuen Beacon von gleichem oder h\u00f6herem Wert. <\/li>\n<\/ul>\n<p>Zertifizierungen<\/p>\n<ul>\n<li>TSO C126<\/li>\n<li>ETSO 2C126<\/li>\n<li>Cospas\/Sarsat-Zulassung<\/li>\n<li>Zugelassen von Transport &amp; Industry Canada<\/li>\n<\/ul>\n<p>Nachr\u00fcstung<\/p>\n<p>Das Artex ME406 ELT in Kombination mit dem ACK-Fernschalter-Nachr\u00fcstsystem erm\u00f6glicht die Wiederverwendung des vorhandenen Kabelbaums zwischen ELT und Cockpit-Fernschalter.<\/p>\n<p>&nbsp;<\/p>\n<p>ELT -Packliste<\/p>\n<table style=\"border-collapse: collapse; width: 745pt; border: none;\" width=\"994\">\n<colgroup>\n<col style=\"width: 140pt;\" width=\"187\">\n<col style=\"width: 219pt;\" width=\"292\">\n<col style=\"width: 197pt;\" width=\"263\">\n<col style=\"width: 189pt;\" width=\"252\"> <\/colgroup>\n<tbody>\n<tr style=\"height: 20.0pt;\">\n<td class=\"xl66\" style=\"border: none; height: 20.0pt; width: 140pt; text-align: center; vertical-align: middle; padding-top: 1px; padding-right: 1px; padding-left: 1px;\" width=\"187\" height=\"27\"><\/td>\n<td class=\"xl69\" style=\"border: none; border-bottom: 0.5pt solid gray; background: #3c404a; width: 219pt; text-align: center; vertical-align: middle; border-top: none; border-right: 0.5pt solid gray; border-left: none; padding-top: 1px; padding-right: 1px; padding-left: 1px;\" width=\"292\"><span style=\"font-size: 11pt;\"><span style=\"color: #b0e40a;\"><span style=\"font-weight: bold;\"><span style=\"font-style: normal;\"><span style=\"text-decoration: none;\"><span style=\"font-family: Calibri,sans-serif;\">Antenne<\/span><\/span><\/span><\/span><\/span><\/span><\/td>\n<td class=\"xl67\" style=\"border: none; border-bottom: 0.5pt solid gray; background: #3c404a; border-left: none; width: 197pt; text-align: center; vertical-align: middle; border-top: none; border-right: 0.5pt solid gray; padding-top: 1px; padding-right: 1px; padding-left: 1px;\" width=\"263\"><span style=\"font-size: 11pt;\"><span style=\"color: #b0e40a;\"><span style=\"font-weight: bold;\"><span style=\"font-style: normal;\"><span style=\"text-decoration: none;\"><span style=\"font-family: Calibri,sans-serif;\">Fernschalter &amp; Zubeh\u00f6r<\/span><\/span><\/span><\/span><\/span><\/span><\/td>\n<td class=\"xl68\" style=\"border: none; border-bottom: 0.5pt solid gray; background: #3c404a; border-left: none; width: 189pt; text-align: center; vertical-align: middle; border-top: none; border-right: 0.5pt solid windowtext; padding-top: 1px; padding-right: 1px; padding-left: 1px;\" width=\"252\"><span style=\"font-size: 11pt;\"><span style=\"color: #b0e40a;\"><span style=\"font-weight: bold;\"><span style=\"font-style: normal;\"><span style=\"text-decoration: none;\"><span style=\"font-family: Calibri,sans-serif;\">Handb\u00fccher\/Zulassungen\/Downloads<\/span><\/span><\/span><\/span><\/span><\/span><\/td>\n<\/tr>\n<tr style=\"height: 20.0pt;\">\n<td class=\"xl72\" style=\"border: none; border-bottom: 0.5pt solid gray; background: #b0e40a; height: 20.0pt; text-align: center; vertical-align: middle; border-top: none; border-right: 0.5pt solid gray; border-left: 0.5pt solid gray; padding-top: 1px; padding-right: 1px; padding-left: 1px;\" height=\"27\"><span style=\"font-size: 11pt;\"><span style=\"font-weight: 400;\"><span style=\"font-style: normal;\"><span style=\"text-decoration: none;\"><span style=\"font-family: Calibri,sans-serif;\">ELT ME406 ACE 455-6614<\/span><\/span><\/span><\/span><\/span><\/td>\n<td class=\"xl70\" style=\"border: none; text-align: center; vertical-align: middle; padding-top: 1px; padding-right: 1px; padding-left: 1px;\"><span style=\"font-size: 11pt;\"><span style=\"font-weight: 400;\"><span style=\"font-style: normal;\"><span style=\"text-decoration: none;\"><span style=\"font-family: Calibri,sans-serif;\">110-773<\/span><\/span><\/span><\/span><\/span><\/td>\n<td class=\"xl71\" style=\"border: none; text-align: center; vertical-align: middle; padding-top: 1px; padding-right: 1px; padding-left: 1px;\"><span style=\"font-size: 11pt;\"><span style=\"font-weight: 400;\"><span style=\"font-style: normal;\"><span style=\"text-decoration: none;\"><span style=\"font-family: Calibri,sans-serif;\">455-0023<\/span><\/span><\/span><\/span><\/span><\/td>\n<td class=\"xl66\" style=\"border: none; text-align: center; vertical-align: middle; padding-top: 1px; padding-right: 1px; padding-left: 1px;\"><a href=\"https:\/\/www.dropbox.com\/s\/kbp9y4ygk4pzhpj\/455-6614_packlist.pdf?dl=1\"><span style=\"font-size: 11pt;\"><span style=\"font-weight: 400;\"><span style=\"font-style: normal;\"><span style=\"text-decoration: none;\"><span style=\"font-family: Calibri,sans-serif;\">Packliste<\/span><\/span><\/span><\/span><\/span><\/a><\/td>\n<\/tr>\n<tr style=\"height: 20.0pt;\">\n<td class=\"xl73\" style=\"border: none; border-bottom: none; background: #b0e40a; height: 20.0pt; text-align: center; vertical-align: middle; border-top: none; border-right: 0.5pt solid gray; border-left: 0.5pt solid gray; padding-top: 1px; padding-right: 1px; padding-left: 1px;\" height=\"27\"><span style=\"font-size: 11pt;\"><span style=\"font-weight: 400;\"><span style=\"font-style: normal;\"><span style=\"text-decoration: none;\"><span style=\"font-family: Calibri,sans-serif;\">ELT ME406 ACE 455-6608<\/span><\/span><\/span><\/span><\/span><\/td>\n<td class=\"xl66\" style=\"border: none; text-align: center; vertical-align: middle; padding-top: 1px; padding-right: 1px; padding-left: 1px;\"><\/td>\n<td class=\"xl66\" style=\"border: none; text-align: center; vertical-align: middle; padding-top: 1px; padding-right: 1px; padding-left: 1px;\"><\/td>\n<td class=\"xl66\" style=\"border: none; text-align: center; vertical-align: middle; padding-top: 1px; padding-right: 1px; padding-left: 1px;\"><a href=\"https:\/\/www.dropbox.com\/s\/7zi1f60khftihqz\/455-6608_packlist.pdf?dl=1\"><span style=\"font-size: 11pt;\"><span style=\"font-weight: 400;\"><span style=\"font-style: normal;\"><span style=\"text-decoration: none;\"><span style=\"font-family: Calibri,sans-serif;\">Packliste<\/span><\/span><\/span><\/span><\/span><\/a><\/td>\n<\/tr>\n<\/tbody>\n<\/table>\n","protected":false},"excerpt":{"rendered":"<p>Mit einem Emergency Locator Transmitter ( ELT ) an Ihrer Seite sind Sie immer auf der sicheren Seite. Der ME406 ELT ist ein ELT mit Einzelausgang und vereinfacht die Installation. Dank der 6-j\u00e4hrigen Batterielaufzeit ist der ME406 ACE ein zuverl\u00e4ssiger Notsender im Notfall. Sollte der ELT aktiviert werden m\u00fcssen, sendet der 406-MHz-Sender alle 50 Sekunden ein verschl\u00fcsseltes Signal, um Such- und Rettungsteams \u00fcber Ihren Standort zu informieren und Sie so leichter nach Hause zu bringen.   <\/p>\n<p>&nbsp;<\/p>\n<p>&nbsp;<\/p>\n<p><img decoding=\"async\" style=\"width: 300px; height: 41px;\" src=\"https:\/\/dk2ztu5ooimmu.cloudfront.net\/ckeditor_assets\/pictures\/146\/406Test_with_desc_-_Tag.gif\" alt=\"\"><\/p>\n","protected":false},"featured_media":153415,"template":"","meta":{"_acf_changed":false,"om_disable_all_campaigns":false},"product_brand":[],"product_cat":[6031,5570],"product_tag":[8865,8866,8862,5574,8832,8867,6647,8864],"class_list":{"0":"post-153413","1":"product","2":"type-product","3":"status-publish","4":"has-post-thumbnail","6":"product_cat-allgemeine-luftfahrt","7":"product_cat-luftfahrt","8":"product_tag-as-de","9":"product_tag-ass-elt","10":"product_tag-elektronischer-ortungssender","11":"product_tag-elt-de","12":"product_tag-ich-406","13":"product_tag-m406-elt-ace-de","14":"product_tag-me-406-elt-de","15":"product_tag-me406-elt-de","16":"pa_product-vermachtnis","18":"first","19":"outofstock","20":"taxable","21":"shipping-taxable","22":"product-type-simple"},"acf":[],"_links":{"self":[{"href":"https:\/\/www.acrartex.com\/de\/wp-json\/wp\/v2\/product\/153413","targetHints":{"allow":["GET"]}}],"collection":[{"href":"https:\/\/www.acrartex.com\/de\/wp-json\/wp\/v2\/product"}],"about":[{"href":"https:\/\/www.acrartex.com\/de\/wp-json\/wp\/v2\/types\/product"}],"wp:featuredmedia":[{"embeddable":true,"href":"https:\/\/www.acrartex.com\/de\/wp-json\/wp\/v2\/media\/153415"}],"wp:attachment":[{"href":"https:\/\/www.acrartex.com\/de\/wp-json\/wp\/v2\/media?parent=153413"}],"wp:term":[{"taxonomy":"product_brand","embeddable":true,"href":"https:\/\/www.acrartex.com\/de\/wp-json\/wp\/v2\/product_brand?post=153413"},{"taxonomy":"product_cat","embeddable":true,"href":"https:\/\/www.acrartex.com\/de\/wp-json\/wp\/v2\/product_cat?post=153413"},{"taxonomy":"product_tag","embeddable":true,"href":"https:\/\/www.acrartex.com\/de\/wp-json\/wp\/v2\/product_tag?post=153413"}],"curies":[{"name":"wp","href":"https:\/\/api.w.org\/{rel}","templated":true}]}}