{"id":153303,"date":"2021-03-16T08:11:52","date_gmt":"2021-03-16T13:11:52","guid":{"rendered":"https:\/\/www.acrartex.com\/products\/elt-zu-nav-schnittstelle-boeing\/"},"modified":"2021-03-16T08:11:52","modified_gmt":"2021-03-16T13:11:52","slug":"elt-zu-nav-schnittstelle-boeing","status":"publish","type":"product","link":"https:\/\/www.acrartex.com\/de\/products\/elt-zu-nav-schnittstelle-boeing\/","title":{"rendered":"ELT -zu-Nav-Schnittstelle Boeing"},"content":{"rendered":"<p>Das Artex \u201e ELT \/NAV-Interface B\u201c dient zur Verbindung zwischen dem Boeing Flight Management Computer (FMC) und dem Artex B406-4 ELT . Seine Funktion besteht darin, kontinuierliche Positionsaktualisierungen vom Navigationssystem des Flugzeugs zu empfangen und diese in das richtige Format f\u00fcr die Verwendung durch das ELT zu \u00fcbersetzen. Bei Aktivierung \u00fcbertr\u00e4gt das ELT den L\u00e4ngen- und Breitengrad des Flugzeugs an das COSPAS\/SARSAT-Satellitensystem. Kenntnis dieser Positionsdaten erm\u00f6glicht es Such- und Rettungskr\u00e4ften, sofort eine Mission zur letzten bekannten Position des Flugzeugs zu starten. Das ELT \/NAV-Interface B wurde au\u00dferdem getestet, um die strengen Anforderungen von Boeing f\u00fcr den Einsatz in deren Flugzeugen zu erf\u00fcllen und erf\u00fcllt als B406-4 ELT Systemkomponente die Anforderungen von TSO C126 und JTSO-2C126. Das ELT \/NAV-Interface B ist als komplettes Kit erh\u00e4ltlich (P\/N 455-6501). Das Kit enth\u00e4lt alle erforderlichen Installationsteile (Schrauben, Unterlegscheiben usw.), Kabelverbinder mit Stiften\/Buchsen und ein Handbuch.      <\/p>\n<p>Bei ordnungsgem\u00e4\u00dfer Registrierung kann diese Technologie Such- und Rettungsteams folgende Informationen liefern: 1) Flugzeugtyp, 2) Eigent\u00fcmer, 3) Notfallkontakt(e), 4) L\u00e4ndercode, 5) Flugzeug-ID oder Seriennummer des ELT , 6) ELT Hersteller, 7) L\u00e4ngen-\/Breitengrad.       <\/p>\n<p>Eine weitere erweiterte Funktion der Schnittstelle ist die M\u00f6glichkeit, das ELT individuell auf die einem Flugzeug zugewiesene 24-Bit-Adresse (Mode-S-Nummer) zu programmieren. Dies ist \u00e4u\u00dferst n\u00fctzlich f\u00fcr Flottenbetreiber, die ELT in Flugzeugen zu Wartungszwecken austauschen m\u00fcssen, da das ELT nicht bei jedem Transport neu programmiert werden muss. <\/p>\n","protected":false},"excerpt":{"rendered":"<p>Im Notfall k\u00f6nnen Sie beruhigt sein: Dank der ELT -Nav-B-Schnittstelle kennen Such- und Rettungsteams Ihre Position (auf 100 Meter genau). Die ELT -Nav-B-Schnittstelle wird zwischen dem Flugmanagementcomputer (FMC) bzw. GPS Empf\u00e4nger des Flugzeugs und dem ELT der Boeing B406-4 angeschlossen. Dieses Ger\u00e4t empf\u00e4ngt fortlaufend Positionsaktualisierungen vom Navigationssystem des Flugzeugs und wandelt diese in das ELT um. Falls Sie Ihr ELT aktivieren m\u00fcssen, werden L\u00e4ngen- und Breitengrad Ihres Flugzeugs an ein weltweites Netzwerk von Such- und Rettungssatelliten \u00fcbermittelt.   <\/p>\n","protected":false},"featured_media":153311,"template":"","meta":{"_acf_changed":false,"om_disable_all_campaigns":false},"product_brand":[],"product_cat":[5570],"product_tag":[8786,5574,8782,8683,8780,8685,8784],"class_list":{"0":"post-153303","1":"product","2":"type-product","3":"status-publish","4":"has-post-thumbnail","6":"product_cat-luftfahrt","7":"product_tag-boeing-de","8":"product_tag-elt-de","9":"product_tag-elt-2-nav-de","10":"product_tag-elt-zu-nav","11":"product_tag-elttonav-de","12":"product_tag-navigation","13":"product_tag-navigationsschnittstelle","15":"first","16":"instock","17":"taxable","18":"shipping-taxable","19":"product-type-simple"},"acf":[],"_links":{"self":[{"href":"https:\/\/www.acrartex.com\/de\/wp-json\/wp\/v2\/product\/153303","targetHints":{"allow":["GET"]}}],"collection":[{"href":"https:\/\/www.acrartex.com\/de\/wp-json\/wp\/v2\/product"}],"about":[{"href":"https:\/\/www.acrartex.com\/de\/wp-json\/wp\/v2\/types\/product"}],"wp:featuredmedia":[{"embeddable":true,"href":"https:\/\/www.acrartex.com\/de\/wp-json\/wp\/v2\/media\/153311"}],"wp:attachment":[{"href":"https:\/\/www.acrartex.com\/de\/wp-json\/wp\/v2\/media?parent=153303"}],"wp:term":[{"taxonomy":"product_brand","embeddable":true,"href":"https:\/\/www.acrartex.com\/de\/wp-json\/wp\/v2\/product_brand?post=153303"},{"taxonomy":"product_cat","embeddable":true,"href":"https:\/\/www.acrartex.com\/de\/wp-json\/wp\/v2\/product_cat?post=153303"},{"taxonomy":"product_tag","embeddable":true,"href":"https:\/\/www.acrartex.com\/de\/wp-json\/wp\/v2\/product_tag?post=153303"}],"curies":[{"name":"wp","href":"https:\/\/api.w.org\/{rel}","templated":true}]}}