{"id":153276,"date":"2021-03-16T08:11:56","date_gmt":"2021-03-16T13:11:56","guid":{"rendered":"https:\/\/www.acrartex.com\/products\/2-draht-elt-rswt-schnittstelle\/"},"modified":"2021-03-16T08:11:56","modified_gmt":"2021-03-16T13:11:56","slug":"2-draht-elt-rswt-schnittstelle","status":"publish","type":"product","link":"https:\/\/www.acrartex.com\/de\/products\/2-draht-elt-rswt-schnittstelle\/","title":{"rendered":"2-Draht ELT \/RSWT-Schnittstelle"},"content":{"rendered":"<p>Viele der bestehenden TSO C91a-Installationen mit Joliet-, Pointer- und Narco-ELTs (121,5 MHz) nutzen nur zwei Kabel zwischen Cockpit-Fernschalter und ELT . Andere Hersteller von 121,5 MHz-ELTs verwenden drei oder vier Kabel. Die Artex 2-Draht-Fernschnittstelle nutzt nur zwei der vorhandenen Kabel des Kabelbaums, um den neuen Cockpit-Fernschalter mit einem Artex 406 MHz ELT zu verbinden und so ein vereinfachtes und kosteng\u00fcnstiges Upgrade zu erm\u00f6glichen.  <\/p>\n<ul>\n<li>Aktualisieren Sie jede vorhandene C91a ELT Installation auf die Artex 406 MHz-Technologie<\/li>\n<li>Wird zwischen dem neuen Cockpit-Fernschalter und dem 406 MHz ELT eingesteckt<\/li>\n<li>Vereinfachen Sie die Installation und senken Sie die Kosten durch die Nutzung vorhandener 2-, 3- oder 4-Draht-Konfigurationen<\/li>\n<li>Eine Packliste enth\u00e4lt alle f\u00fcr die Installation erforderlichen Teile<\/li>\n<li>TSO C-126 genehmigt<\/li>\n<li>Eine weitere Nachr\u00fcstl\u00f6sung von Artex Products, die unser Engagement zur Senkung der Installationskosten f\u00fcr Flugzeugbesitzer unterstreicht<\/li>\n<\/ul>\n","protected":false},"excerpt":{"rendered":"<p>Die 2-Draht-Fernbedienungsschnittstelle ist die Weiterentwicklung des ME406 ACE ELT . Der ME406 ACE Notsender ersetzt aktuelle ACK- oder Ameri-King 121,5 MHz ELTs und wird komplett mit Fernschalter und Adaptern zur Nutzung vorhandener Verkabelung geliefert. Die 2-Draht ELT \/RSWT-Schnittstelle nutzt lediglich zwei der vorhandenen Kabel des Kabelbaums, um den neuen Cockpit-Fernschalter mit jedem ELT der 406 MHz-Serie zu verbinden.  <\/p>\n","protected":false},"featured_media":153278,"template":"","meta":{"_acf_changed":false,"om_disable_all_campaigns":false},"product_brand":[],"product_cat":[5570],"product_tag":[8734,8738,8740,8742,8744,8736],"class_list":{"0":"post-153276","1":"product","2":"type-product","3":"status-publish","4":"has-post-thumbnail","6":"product_cat-luftfahrt","7":"product_tag-2-adrig","8":"product_tag-2-draht-elektroden","9":"product_tag-2-draht-rswt","10":"product_tag-2-leiter","11":"product_tag-rswt-schnittstelle","12":"product_tag-zweiadrig","14":"first","15":"instock","16":"taxable","17":"shipping-taxable","18":"product-type-simple"},"acf":[],"_links":{"self":[{"href":"https:\/\/www.acrartex.com\/de\/wp-json\/wp\/v2\/product\/153276","targetHints":{"allow":["GET"]}}],"collection":[{"href":"https:\/\/www.acrartex.com\/de\/wp-json\/wp\/v2\/product"}],"about":[{"href":"https:\/\/www.acrartex.com\/de\/wp-json\/wp\/v2\/types\/product"}],"wp:featuredmedia":[{"embeddable":true,"href":"https:\/\/www.acrartex.com\/de\/wp-json\/wp\/v2\/media\/153278"}],"wp:attachment":[{"href":"https:\/\/www.acrartex.com\/de\/wp-json\/wp\/v2\/media?parent=153276"}],"wp:term":[{"taxonomy":"product_brand","embeddable":true,"href":"https:\/\/www.acrartex.com\/de\/wp-json\/wp\/v2\/product_brand?post=153276"},{"taxonomy":"product_cat","embeddable":true,"href":"https:\/\/www.acrartex.com\/de\/wp-json\/wp\/v2\/product_cat?post=153276"},{"taxonomy":"product_tag","embeddable":true,"href":"https:\/\/www.acrartex.com\/de\/wp-json\/wp\/v2\/product_tag?post=153276"}],"curies":[{"name":"wp","href":"https:\/\/api.w.org\/{rel}","templated":true}]}}