{"id":153245,"date":"2021-03-16T08:12:00","date_gmt":"2021-03-16T13:12:00","guid":{"rendered":"https:\/\/www.acrartex.com\/products\/elt-zu-nav-schnittstelle\/"},"modified":"2021-03-16T08:12:00","modified_gmt":"2021-03-16T13:12:00","slug":"elt-zu-nav-schnittstelle","status":"publish","type":"product","link":"https:\/\/www.acrartex.com\/de\/products\/elt-zu-nav-schnittstelle\/","title":{"rendered":"ELT -zu-Nav-Schnittstelle"},"content":{"rendered":"<p>Die Kenntnis der Position (auf 1 Meter genau) erm\u00f6glicht Such- und Rettungskr\u00e4ften, sofort eine Mission zur letzten bekannten Position des Flugzeugs zu starten. Die ELT \/NAV-Schnittstelle erf\u00fcllt die Anforderungen von TSO C126 und JTSO-2C126 als 406-MHz ELT Systemkomponente. Bei ordnungsgem\u00e4\u00dfer Registrierung kann diese Technologie Such- und Rettungsteams folgende Informationen liefern: 1) Flugzeugtyp, 2) Eigent\u00fcmer, 3) Notfallkontakt(e), 4) L\u00e4ndercode, 5) Flugzeug-ID oder Seriennummer des ELT , 6) ELT Hersteller und 7) L\u00e4ngen- und Breitengrad der Position.         <\/p>\n<p>Eine erweiterte Funktion der Navigationsschnittstelle ist die M\u00f6glichkeit, das ELT individuell auf die einem Flugzeug zugewiesene 24-Bit-Adresse (Mode-S-Nummer) zu programmieren. Dies ist besonders n\u00fctzlich f\u00fcr Flottenbetreiber, die ELTs austauschen, da so die Neuprogrammierung eines ELT vor dem Einbau in ein anderes Flugzeug entf\u00e4llt. <\/p>\n<ul>\n<li>Erm\u00f6glicht dem ELT die \u00dcbertragung von L\u00e4ngen- und Breitengrad des Flugzeugs<\/li>\n<li>Verbindet ELTs der Serien C406 und G406 mit dem Flugmanagementcomputer oder GPS Empf\u00e4nger des Flugzeugs<\/li>\n<li>Programmiert ELT mit der 24-Bit-Adresse des Flugzeugs<\/li>\n<li>Kompatibel mit Systemen wie: Garmin, UNSD, ARNAV, IIMorrow, Bendix King<\/li>\n<\/ul>\n","protected":false},"excerpt":{"rendered":"<p>In einer Notsituation k\u00f6nnen Sie beruhigt sein: Dank der ELT -Navigationsschnittstelle kennen Such- und Rettungsteams Ihre Position auf 100 Meter genau. Die ELT Navigationsschnittstelle ist f\u00fcr den Anschluss an den Flugmanagementcomputer (FMC) oder GPS Empf\u00e4nger des Flugzeugs und alle ELTs der 406-MHz-Serie konzipiert. So kann Ihre Position zusammen mit Ihrem Notsignal \u00fcbermittelt werden.  <\/p>\n","protected":false},"featured_media":153247,"template":"","meta":{"_acf_changed":false,"om_disable_all_campaigns":false},"product_brand":[],"product_cat":[6032,5572,5570,8486],"product_tag":[5574,8687,8683,8693,8691,8685,8689],"class_list":{"0":"post-153245","1":"product","2":"type-product","3":"status-publish","4":"has-post-thumbnail","6":"product_cat-business-jet-de","7":"product_cat-drehflugler","8":"product_cat-luftfahrt","9":"product_cat-verkehrsflugzeuge","10":"product_tag-elt-de","11":"product_tag-elt-zu-navigationsschnittstelle","12":"product_tag-elt-zu-nav","13":"product_tag-flug","14":"product_tag-flugzeug","15":"product_tag-navigation","16":"product_tag-navigationsoberflache","17":"pa_aircraft-type-drehflugler","18":"pa_aircraft-type-grose-jets","19":"pa_aircraft-type-passagierflugzeug","20":"pa_aircraft-type-verkehrsflugzeuge","21":"pa_product-elt-losungen","23":"first","24":"instock","25":"taxable","26":"shipping-taxable","27":"product-type-simple"},"acf":[],"_links":{"self":[{"href":"https:\/\/www.acrartex.com\/de\/wp-json\/wp\/v2\/product\/153245","targetHints":{"allow":["GET"]}}],"collection":[{"href":"https:\/\/www.acrartex.com\/de\/wp-json\/wp\/v2\/product"}],"about":[{"href":"https:\/\/www.acrartex.com\/de\/wp-json\/wp\/v2\/types\/product"}],"wp:featuredmedia":[{"embeddable":true,"href":"https:\/\/www.acrartex.com\/de\/wp-json\/wp\/v2\/media\/153247"}],"wp:attachment":[{"href":"https:\/\/www.acrartex.com\/de\/wp-json\/wp\/v2\/media?parent=153245"}],"wp:term":[{"taxonomy":"product_brand","embeddable":true,"href":"https:\/\/www.acrartex.com\/de\/wp-json\/wp\/v2\/product_brand?post=153245"},{"taxonomy":"product_cat","embeddable":true,"href":"https:\/\/www.acrartex.com\/de\/wp-json\/wp\/v2\/product_cat?post=153245"},{"taxonomy":"product_tag","embeddable":true,"href":"https:\/\/www.acrartex.com\/de\/wp-json\/wp\/v2\/product_tag?post=153245"}],"curies":[{"name":"wp","href":"https:\/\/api.w.org\/{rel}","templated":true}]}}