{"id":152966,"date":"2021-03-16T08:12:35","date_gmt":"2021-03-16T08:12:35","guid":{"rendered":"https:\/\/www.acrartex.com\/products\/b406-4\/"},"modified":"2026-01-06T09:38:42","modified_gmt":"2026-01-06T14:38:42","slug":"b406-4","status":"publish","type":"product","link":"https:\/\/www.acrartex.com\/de\/products\/b406-4\/","title":{"rendered":"B406-4"},"content":{"rendered":"<p>Der Artex B406-4 sendet auf allen drei Notruffrequenzen (121,5\/243,0 und 406 MHz). Bei einem Unfall aktiviert sich das ELT automatisch und sendet den Standard-Sweep-Ton auf 121,5 und 243,0 MHz. Alle 50 Sekunden schaltet sich der 406-MHz-Sender f\u00fcr 520 Millisekunden (Long Message Protocol) ein und sendet eine verschl\u00fcsselte digitale Nachricht an das Cospas\/Sarsat-Satellitensystem. In Verbindung mit dem Artex ELT \/NAV-Interface B (P\/N 453-6501) kann das ELT mit der 24-Bit-Adresse des Flugzeugs sowie mit L\u00e4ngen- und Breitengradinformationen des Navigationssystems programmiert werden. Der B406-4 ist f\u00fcr die Verbindung mit dem Master Caution System von Boeing in Verbindung mit dem DZUS-montierten Cockpit-Remote-Panel konzipiert. Die Montageteile des B406-4 sind mit allen Vorg\u00e4ngerversionen der Artex 406-MHz-ELTs kompatibel.     <\/p>\n<p>&nbsp;<\/p>\n<p>ARTEX ELTs sind die Wahl f\u00fcr Verkehrsflugzeuge, darunter Boeing, Bombardier und Embraer.<\/p>\n","protected":false},"excerpt":{"rendered":"<p>Das B406-4 wurde f\u00fcr die Schnittstelle zum Master Caution System von Boeing in Verbindung mit dem am DZUS montierten Cockpit-Remote-Panel (P\/N 453-0161) f\u00fcr die B737 modifiziert und ist dar\u00fcber hinaus f\u00fcr die Verwendung auf allen Modellen der B747, B757, B767 und B777 zugelassen.<\/p>\n","protected":false},"featured_media":152969,"template":"","meta":{"_acf_changed":false,"om_disable_all_campaigns":false},"product_brand":[],"product_cat":[5570,8486],"product_tag":[8466,8464,8470,8144,8467,8507,8509,6687,6661,8488,8463,8468,8471,6651,6692,6676,8487,8469,8501,8503,8511,7029,8465,8476,8505,8481,6647,8499,8513],"class_list":{"0":"post-152966","1":"product","2":"type-product","3":"status-publish","4":"has-post-thumbnail","6":"product_cat-luftfahrt","7":"product_cat-verkehrsflugzeuge","8":"product_tag-1215-elt-de","9":"product_tag-406-elt-de","10":"product_tag-406-mhz-elt-de","11":"product_tag-artex-de","12":"product_tag-artex-110-4-de","13":"product_tag-artex-b406-de","14":"product_tag-artex-b406-elt-de","15":"product_tag-artex-c406-de","16":"product_tag-artex-c406-1-de","17":"product_tag-artex-c406-2-de","18":"product_tag-artex-elt-de","19":"product_tag-artex-elt-110-4-de","20":"product_tag-artex-elt-406-de","21":"product_tag-artex-me-406-de","22":"product_tag-artex-me-406-elt-de","23":"product_tag-artex-me406-de","24":"product_tag-artex-elt-tester-de","25":"product_tag-artex-net-de","26":"product_tag-b406-de","27":"product_tag-b406-elt-de","28":"product_tag-cospas-de","29":"product_tag-cospas-sarsat-de","30":"product_tag-elt-1215-de","31":"product_tag-elt-406-de","32":"product_tag-elt-b406-de","33":"product_tag-elt-ortungsgerat","34":"product_tag-me-406-elt-de","35":"product_tag-sarsat-de","36":"product_tag-sarsat-cospas-de","37":"pa_aircraft-type-grose-jets","38":"pa_aircraft-type-leichte-jets","39":"pa_aircraft-type-mittelgrose-jets","40":"pa_aircraft-type-passagierflugzeug","41":"pa_aircraft-type-verkehrsflugzeuge","42":"pa_product-elt-losungen","44":"first","45":"instock","46":"taxable","47":"shipping-taxable","48":"product-type-simple"},"acf":[],"_links":{"self":[{"href":"https:\/\/www.acrartex.com\/de\/wp-json\/wp\/v2\/product\/152966","targetHints":{"allow":["GET"]}}],"collection":[{"href":"https:\/\/www.acrartex.com\/de\/wp-json\/wp\/v2\/product"}],"about":[{"href":"https:\/\/www.acrartex.com\/de\/wp-json\/wp\/v2\/types\/product"}],"wp:featuredmedia":[{"embeddable":true,"href":"https:\/\/www.acrartex.com\/de\/wp-json\/wp\/v2\/media\/152969"}],"wp:attachment":[{"href":"https:\/\/www.acrartex.com\/de\/wp-json\/wp\/v2\/media?parent=152966"}],"wp:term":[{"taxonomy":"product_brand","embeddable":true,"href":"https:\/\/www.acrartex.com\/de\/wp-json\/wp\/v2\/product_brand?post=152966"},{"taxonomy":"product_cat","embeddable":true,"href":"https:\/\/www.acrartex.com\/de\/wp-json\/wp\/v2\/product_cat?post=152966"},{"taxonomy":"product_tag","embeddable":true,"href":"https:\/\/www.acrartex.com\/de\/wp-json\/wp\/v2\/product_tag?post=152966"}],"curies":[{"name":"wp","href":"https:\/\/api.w.org\/{rel}","templated":true}]}}