{"id":152956,"date":"2021-03-16T08:12:41","date_gmt":"2021-03-16T13:12:41","guid":{"rendered":"https:\/\/www.acrartex.com\/products\/g406-4-elt\/"},"modified":"2021-03-16T08:12:41","modified_gmt":"2021-03-16T13:12:41","slug":"g406-4-elt","status":"publish","type":"product","link":"https:\/\/www.acrartex.com\/de\/products\/g406-4-elt\/","title":{"rendered":"G406-4 ELT"},"content":{"rendered":"<p>Der G406-4 wurde auf die strengen Anforderungen von TSO C126 gepr\u00fcft, darunter 500-G-Sto\u00dffestigkeit, 450-kg-Stauchh\u00e4rte sowie Flammen- und Vibrationstests. Der G406-4 ist mit den kosteng\u00fcnstigen Peitschenantennen von Artex oder einer robusten Glasfaser-Stabantenne erh\u00e4ltlich. Der G406-4 kann mit der optionalen Artex ELT \/NAV-Schnittstelle verbunden werden, wodurch L\u00e4ngen- und Breitengraddaten als Teil der 406-MHz-Nachricht \u00fcbertragen werden k\u00f6nnen.  <\/p>\n<p>ARTEX ELTs sind die Wahl f\u00fcr Flugzeuge der allgemeinen Luftfahrt, darunter Cessna, Piper, Cirrus, Beechcraft, Diamond und Quest.<\/p>\n<p>&nbsp;<\/p>\n<p>ELT -Packliste<\/p>\n<table style=\"border-collapse: collapse; width: 745pt; border: none;\" width=\"994\">\n<colgroup>\n<col style=\"width: 140pt;\" width=\"187\">\n<col style=\"width: 219pt;\" width=\"292\">\n<col style=\"width: 197pt;\" width=\"263\">\n<col style=\"width: 189pt;\" width=\"252\"> <\/colgroup>\n<tbody>\n<tr style=\"height: 20.0pt;\">\n<td class=\"xl66\" style=\"border: none; height: 20.0pt; width: 140pt; text-align: center; vertical-align: middle; padding-top: 1px; padding-right: 1px; padding-left: 1px;\" width=\"187\" height=\"27\"><\/td>\n<td class=\"xl68\" style=\"border: none; border-bottom: 0.5pt solid gray; background: #3c404a; width: 219pt; text-align: center; vertical-align: middle; border-top: none; border-right: 0.5pt solid gray; border-left: 0.5pt solid gray; padding-top: 1px; padding-right: 1px; padding-left: 1px;\" width=\"292\"><span style=\"font-size: 11pt;\"><span style=\"color: #b0e40a;\"><span style=\"font-weight: bold;\"><span style=\"font-style: normal;\"><span style=\"text-decoration: none;\"><span style=\"font-family: Calibri,sans-serif;\">Antenne<\/span><\/span><\/span><\/span><\/span><\/span><\/td>\n<td class=\"xl68\" style=\"border: none; border-bottom: 0.5pt solid gray; background: #3c404a; border-left: none; width: 197pt; text-align: center; vertical-align: middle; border-top: none; border-right: 0.5pt solid gray; padding-top: 1px; padding-right: 1px; padding-left: 1px;\" width=\"263\"><span style=\"font-size: 11pt;\"><span style=\"color: #b0e40a;\"><span style=\"font-weight: bold;\"><span style=\"font-style: normal;\"><span style=\"text-decoration: none;\"><span style=\"font-family: Calibri,sans-serif;\">Fernschalter &amp; Zubeh\u00f6r<\/span><\/span><\/span><\/span><\/span><\/span><\/td>\n<td class=\"xl69\" style=\"border: none; border-bottom: 0.5pt solid gray; background: #3c404a; border-left: none; width: 189pt; text-align: center; vertical-align: middle; border-top: none; border-right: 0.5pt solid windowtext; padding-top: 1px; padding-right: 1px; padding-left: 1px;\" width=\"252\"><span style=\"font-size: 11pt;\"><span style=\"color: #b0e40a;\"><span style=\"font-weight: bold;\"><span style=\"font-style: normal;\"><span style=\"text-decoration: none;\"><span style=\"font-family: Calibri,sans-serif;\">Handb\u00fccher\/Zulassungen\/Downloads<\/span><\/span><\/span><\/span><\/span><\/span><\/td>\n<\/tr>\n<tr style=\"height: 20.0pt;\">\n<td class=\"xl72\" style=\"border: 0.5pt solid gray; background: #b0e40a; height: 20.0pt; text-align: center; vertical-align: middle; padding-top: 1px; padding-right: 1px; padding-left: 1px;\" height=\"27\"><span style=\"font-size: 11pt;\"><span style=\"font-weight: 400;\"><span style=\"font-style: normal;\"><span style=\"text-decoration: none;\"><span style=\"font-family: Calibri,sans-serif;\">ELT G406-4 455-5018<\/span><\/span><\/span><\/span><\/span><\/td>\n<td class=\"xl67\" style=\"border: none; padding-top: 1px; padding-right: 1px; padding-left: 1px; vertical-align: bottom;\"><span style=\"font-size: 11pt;\"><span style=\"font-weight: 400;\"><span style=\"font-style: normal;\"><span style=\"text-decoration: none;\"><span style=\"font-family: Calibri,sans-serif;\"> <\/span><\/span><\/span><\/span><\/span><\/td>\n<td class=\"xl70\" style=\"border: none; text-align: center; padding-top: 1px; padding-right: 1px; padding-left: 1px; vertical-align: bottom;\"><span style=\"font-size: 11pt;\"><span style=\"font-weight: 400;\"><span style=\"font-style: normal;\"><span style=\"text-decoration: none;\"><span style=\"font-family: Calibri,sans-serif;\">455-6196<\/span><\/span><\/span><\/span><\/span><\/td>\n<td class=\"xl66\" style=\"border: none; text-align: center; vertical-align: middle; padding-top: 1px; padding-right: 1px; padding-left: 1px;\"><a href=\"https:\/\/www.dropbox.com\/s\/khxmu4u80wm1xkh\/455-5018_packlist.pdf?dl=1\"><span style=\"font-size: 11pt;\"><span style=\"font-weight: 400;\"><span style=\"font-style: normal;\"><span style=\"text-decoration: none;\"><span style=\"font-family: Calibri,sans-serif;\">Packliste<\/span><\/span><\/span><\/span><\/span><\/a><\/td>\n<\/tr>\n<tr style=\"height: 20.0pt;\">\n<td class=\"xl72\" style=\"border: 0.5pt solid gray; background: #b0e40a; height: 20.0pt; border-top: none; text-align: center; vertical-align: middle; padding-top: 1px; padding-right: 1px; padding-left: 1px;\" height=\"27\"><span style=\"font-size: 11pt;\"><span style=\"font-weight: 400;\"><span style=\"font-style: normal;\"><span style=\"text-decoration: none;\"><span style=\"font-family: Calibri,sans-serif;\">ELT G406-4 455-5019<\/span><\/span><\/span><\/span><\/span><\/td>\n<td class=\"xl66\" style=\"border: none; text-align: center; vertical-align: middle; padding-top: 1px; padding-right: 1px; padding-left: 1px;\"><span style=\"font-size: 11pt;\"><span style=\"font-weight: 400;\"><span style=\"font-style: normal;\"><span style=\"text-decoration: none;\"><span style=\"font-family: Calibri,sans-serif;\">110-320 (Wei\u00df) und 110-320-04 (Schwarz)<\/span><\/span><\/span><\/span><\/span><\/td>\n<td class=\"xl66\" style=\"border: none; text-align: center; vertical-align: middle; padding-top: 1px; padding-right: 1px; padding-left: 1px;\"><span style=\"font-size: 11pt;\"><span style=\"font-weight: 400;\"><span style=\"font-style: normal;\"><span style=\"text-decoration: none;\"><span style=\"font-family: Calibri,sans-serif;\">455-6196<\/span><\/span><\/span><\/span><\/span><\/td>\n<td class=\"xl66\" style=\"border: none; text-align: center; vertical-align: middle; padding-top: 1px; padding-right: 1px; padding-left: 1px;\"><a href=\"https:\/\/www.dropbox.com\/s\/3ql2pxyydg12wii\/455-5019_packlist.pdf?dl=1\"><span style=\"font-size: 11pt;\"><span style=\"font-weight: 400;\"><span style=\"font-style: normal;\"><span style=\"text-decoration: none;\"><span style=\"font-family: Calibri,sans-serif;\">Packliste<\/span><\/span><\/span><\/span><\/span><\/a><\/td>\n<\/tr>\n<tr style=\"height: 36.75pt;\">\n<td class=\"xl72\" style=\"border: 0.5pt solid gray; background: #b0e40a; height: 36.75pt; border-top: none; text-align: center; vertical-align: middle; padding-top: 1px; padding-right: 1px; padding-left: 1px;\" height=\"48\"><span style=\"font-size: 11pt;\"><span style=\"font-weight: 400;\"><span style=\"font-style: normal;\"><span style=\"text-decoration: none;\"><span style=\"font-family: Calibri,sans-serif;\">ELT G406-4 455-5044<\/span><\/span><\/span><\/span><\/span><\/td>\n<td class=\"xl71\" style=\"border: none; width: 219pt; text-align: center; vertical-align: middle; padding-top: 1px; padding-right: 1px; padding-left: 1px;\" width=\"292\"><span style=\"font-size: 11pt;\"><span style=\"font-weight: 400;\"><span style=\"font-style: normal;\"><span style=\"text-decoration: none;\"><span style=\"font-family: Calibri,sans-serif;\">110-324<br \/>\n 110-320 (Wei\u00df) und 110-320-04 (Schwarz)<\/span><\/span><\/span><\/span><\/span><\/td>\n<td class=\"xl66\" style=\"border: none; text-align: center; vertical-align: middle; padding-top: 1px; padding-right: 1px; padding-left: 1px;\"><span style=\"font-size: 11pt;\"><span style=\"font-weight: 400;\"><span style=\"font-style: normal;\"><span style=\"text-decoration: none;\"><span style=\"font-family: Calibri,sans-serif;\">455-6196<\/span><\/span><\/span><\/span><\/span><\/td>\n<td class=\"xl66\" style=\"border: none; text-align: center; vertical-align: middle; padding-top: 1px; padding-right: 1px; padding-left: 1px;\"><a href=\"https:\/\/www.dropbox.com\/s\/n5avstbhfscdzhf\/455-5044_packlist.pdf?dl=1\"><span style=\"font-size: 11pt;\"><span style=\"font-weight: 400;\"><span style=\"font-style: normal;\"><span style=\"text-decoration: none;\"><span style=\"font-family: Calibri,sans-serif;\">Packliste<\/span><\/span><\/span><\/span><\/span><\/a><\/td>\n<\/tr>\n<\/tbody>\n<\/table>\n","protected":false},"excerpt":{"rendered":"<p>Der speziell f\u00fcr die Luftfahrt entwickelte Artex G406-4 Notsender ( ELT ) kommuniziert auf allen drei Notfrequenzen (121,5, 243,0 und 406 MHz). Der G406-4 ELT wird bei einem Absturz automatisch aktiviert und sendet eine digitale 406-MHz-Nachricht an ein weltweites Netzwerk von Such- und Rettungssatelliten. So k\u00f6nnen lokale Rettungskr\u00e4fte schnell und pr\u00e4zise nicht nur Ihren Standort, sondern auch Ihre Identit\u00e4t ermitteln. <\/p>\n<p>&nbsp;<\/p>\n<p>&nbsp;<\/p>\n<p><a href=\"https:\/\/www.acrartex.com\/products\/406test-elt-self-testing-service\/\"><img loading=\"lazy\" decoding=\"async\" class=\"alignnone\" style=\"width: 300px; height: 41px;\" src=\"https:\/\/dk2ztu5ooimmu.cloudfront.net\/ckeditor_assets\/pictures\/146\/406Test_with_desc_-_Tag.gif\" alt=\"\" width=\"641\" height=\"88\"><\/a><\/p>\n","protected":false},"featured_media":152980,"template":"","meta":{"_acf_changed":false,"om_disable_all_campaigns":false},"product_brand":[],"product_cat":[5570],"product_tag":[8466,8464,8498,8470,8525,8514,8528,8506,8144,8467,8504,8508,8502,8463,8468,8471,8529,8500,8490,6676,8487,8516,8469,8465,8476,8520,8510,8527,8481,8512,8492,8494,8496,8523,5580],"class_list":{"0":"post-152956","1":"product","2":"type-product","3":"status-publish","4":"has-post-thumbnail","6":"product_cat-luftfahrt","7":"product_tag-1215-elt-de","8":"product_tag-406-elt-de","9":"product_tag-406-elt-registrierung","10":"product_tag-406-mhz-elt-de","11":"product_tag-406-mhz-elt-registrierung","12":"product_tag-406-mhz-beacon-de","13":"product_tag-ack-406-elt-de","14":"product_tag-ack-406-mhz-elt-de","15":"product_tag-artex-de","16":"product_tag-artex-110-4-de","17":"product_tag-artex-406-de","18":"product_tag-artex-406-elt-de","19":"product_tag-artex-406-mhz-elt-de","20":"product_tag-artex-elt-de","21":"product_tag-artex-elt-110-4-de","22":"product_tag-artex-elt-406-de","23":"product_tag-artex-elt-batterie","24":"product_tag-artex-flugzeugzubehor","25":"product_tag-artex-g406-1-de","26":"product_tag-artex-me406-de","27":"product_tag-artex-elt-tester-de","28":"product_tag-artex-flugzeuge","29":"product_tag-artex-net-de","30":"product_tag-elt-1215-de","31":"product_tag-elt-406-de","32":"product_tag-elt-406-mhz-de","33":"product_tag-elt-artex-de","34":"product_tag-elt-flugzeuge","35":"product_tag-elt-ortungsgerat","36":"product_tag-flugzeug-elt-406","37":"product_tag-g406-2-de","38":"product_tag-g406-3-de","39":"product_tag-g406-4-de","40":"product_tag-kannad-elt-de","41":"product_tag-notsender","42":"pa_product-vermachtnis","44":"first","45":"instock","46":"taxable","47":"shipping-taxable","48":"product-type-simple"},"acf":[],"_links":{"self":[{"href":"https:\/\/www.acrartex.com\/de\/wp-json\/wp\/v2\/product\/152956","targetHints":{"allow":["GET"]}}],"collection":[{"href":"https:\/\/www.acrartex.com\/de\/wp-json\/wp\/v2\/product"}],"about":[{"href":"https:\/\/www.acrartex.com\/de\/wp-json\/wp\/v2\/types\/product"}],"wp:featuredmedia":[{"embeddable":true,"href":"https:\/\/www.acrartex.com\/de\/wp-json\/wp\/v2\/media\/152980"}],"wp:attachment":[{"href":"https:\/\/www.acrartex.com\/de\/wp-json\/wp\/v2\/media?parent=152956"}],"wp:term":[{"taxonomy":"product_brand","embeddable":true,"href":"https:\/\/www.acrartex.com\/de\/wp-json\/wp\/v2\/product_brand?post=152956"},{"taxonomy":"product_cat","embeddable":true,"href":"https:\/\/www.acrartex.com\/de\/wp-json\/wp\/v2\/product_cat?post=152956"},{"taxonomy":"product_tag","embeddable":true,"href":"https:\/\/www.acrartex.com\/de\/wp-json\/wp\/v2\/product_tag?post=152956"}],"curies":[{"name":"wp","href":"https:\/\/api.w.org\/{rel}","templated":true}]}}