{"id":152887,"date":"2021-03-16T08:12:57","date_gmt":"2021-03-16T13:12:57","guid":{"rendered":"https:\/\/www.acrartex.com\/products\/sea-shelter-4-cat-i-epirb-halterung\/"},"modified":"2025-07-29T15:01:26","modified_gmt":"2025-07-29T20:01:26","slug":"sea-shelter-4-cat-i-epirb-halterung","status":"publish","type":"product","link":"https:\/\/www.acrartex.com\/de\/products\/sea-shelter-4-cat-i-epirb-halterung\/","title":{"rendered":"Sea Shelter \u2122 4 Cat I EPIRB Halterung"},"content":{"rendered":"<ul>\n<li>Innovativer, schnell ver\u00e4nderbarer hydrostatischer Ausl\u00f6semechanismus<\/li>\n<li>Durch die Einwegmontage wird die M\u00f6glichkeit einer r\u00fcckw\u00e4rtigen Installation EPIRB ausgeschlossen<\/li>\n<li>Integrierter Deaktivierungsmagnet verhindert die \u00dcbertragung der EPIRB bis zur Ausl\u00f6sung<\/li>\n<li>Setzt EPIRB ein, wenn es in einer Wassertiefe zwischen 1,5 und 4 m (4,9 bis 13,1 Fu\u00df) eingetaucht ist. Passt nur zu GlobalFix \u2122 V4 EPIRBs (Modell RLB-41).<\/li>\n<\/ul>\n","protected":false},"excerpt":{"rendered":"<p>Raue Bedingungen haben keine Chance gegen den Sea Shelter \u2122 4 Cat I. Diese EPIRB Halterung ist vollst\u00e4ndig geschlossen und bietet Schutz selbst bei Ihren wildesten Abenteuern. Sollte Ihr Schiff Wasser aufnehmen, setzt der Sea Shelter Ihre EPIRB automatisch ein und sendet ein Signal an ein weltweites Netzwerk von Such- und Rettungssatelliten. Diese Halterung passt nur f\u00fcr EPIRBs der Baureihen GlobalFix \u2122 V4, GlobalFix \u2122 V5 und GlobalFix \u2122 V6.  <\/p>\n<p>HINWEIS: Die Sea Shelter \u2122-Ersatzhalterung (Teilenummer 2832) enth\u00e4lt nicht die Hydrostatic Release Unit (HRU). Die HRU (Teilenummer 9490.1) muss separat bestellt werden. <\/p>\n","protected":false},"featured_media":152888,"template":"","meta":{"_acf_changed":false,"om_disable_all_campaigns":false},"product_brand":[],"product_cat":[6024,6023,6026,5636,6558,6025],"product_tag":[8143,8144,8152,8148,8145,5638,8147,6561,8146,8149,8150,8151,6559],"class_list":{"0":"post-152887","1":"product","2":"type-product","3":"status-publish","4":"has-post-thumbnail","6":"product_cat-in-kustennahe","7":"product_cat-inland-de","8":"product_cat-kommerziell","9":"product_cat-marine-de","10":"product_cat-sicherheitszubehor","11":"product_cat-vor-der-kuste","12":"product_tag-acr-de","13":"product_tag-artex-de","14":"product_tag-automatische-bereitstellungshalterung","15":"product_tag-cat-i-epirb-halterung","16":"product_tag-der-sea-shelter","17":"product_tag-epirb-de","18":"product_tag-epirb-halterung","19":"product_tag-halterung","20":"product_tag-kategorie-1","21":"product_tag-katze-1","22":"product_tag-meer","23":"product_tag-meeresschutz","24":"product_tag-rlb-41-de","25":"pa_boat-size-0-20-de","26":"pa_boat-size-21-40-de","27":"pa_boat-size-40-80-de","28":"pa_boat-type-kommerzielle-fischerei","29":"pa_boat-type-motorbat-no","30":"pa_boat-type-motorboot","31":"pa_boat-type-schlepper","32":"pa_boat-type-segelboot","33":"pa_boat-type-seilbat","34":"pa_boat-type-sportcraft-de","35":"pa_boat-type-yacht-de","36":"pa_product-rescue-beacons-de","37":"pa_product-rescue-beacons-ukw-sart","38":"pa_product-sicherheitszubehor","40":"first","41":"instock","42":"taxable","43":"shipping-taxable","44":"purchasable","45":"product-type-simple"},"acf":[],"_links":{"self":[{"href":"https:\/\/www.acrartex.com\/de\/wp-json\/wp\/v2\/product\/152887","targetHints":{"allow":["GET"]}}],"collection":[{"href":"https:\/\/www.acrartex.com\/de\/wp-json\/wp\/v2\/product"}],"about":[{"href":"https:\/\/www.acrartex.com\/de\/wp-json\/wp\/v2\/types\/product"}],"wp:featuredmedia":[{"embeddable":true,"href":"https:\/\/www.acrartex.com\/de\/wp-json\/wp\/v2\/media\/152888"}],"wp:attachment":[{"href":"https:\/\/www.acrartex.com\/de\/wp-json\/wp\/v2\/media?parent=152887"}],"wp:term":[{"taxonomy":"product_brand","embeddable":true,"href":"https:\/\/www.acrartex.com\/de\/wp-json\/wp\/v2\/product_brand?post=152887"},{"taxonomy":"product_cat","embeddable":true,"href":"https:\/\/www.acrartex.com\/de\/wp-json\/wp\/v2\/product_cat?post=152887"},{"taxonomy":"product_tag","embeddable":true,"href":"https:\/\/www.acrartex.com\/de\/wp-json\/wp\/v2\/product_tag?post=152887"}],"curies":[{"name":"wp","href":"https:\/\/api.w.org\/{rel}","templated":true}]}}