{"id":152841,"date":"2021-03-16T08:14:31","date_gmt":"2021-03-16T13:14:31","guid":{"rendered":"https:\/\/www.acrartex.com\/products\/fernschalter-standard-455-6196\/"},"modified":"2021-03-16T08:14:31","modified_gmt":"2021-03-16T13:14:31","slug":"fernschalter-standard-455-6196","status":"publish","type":"product","link":"https:\/\/www.acrartex.com\/de\/products\/fernschalter-standard-455-6196\/","title":{"rendered":"Fernschalter, Standard 455-6196"},"content":{"rendered":"","protected":false},"excerpt":{"rendered":"<p>Dieser Fernschalter ist Standard f\u00fcr alle ELT Paketlisten der Serien TSO C91a und TSO C126, mit Ausnahme der ELTs der Serien ME406 ACE und B406. Ben\u00f6tigt ein OEM-Kunde ein spezielles Fernschaltermodell oder wird das ELT speziell f\u00fcr milit\u00e4rische Anwendungen geliefert, ist dieser Fernschalter ebenfalls nicht Standard. <\/p>\n<p>&nbsp;<\/p>\n","protected":false},"featured_media":152844,"template":"","meta":{"_acf_changed":false,"om_disable_all_campaigns":false},"product_brand":[],"product_cat":[2923],"product_tag":[8061,6890,8059,8060],"class_list":{"0":"post-152841","1":"product","2":"type-product","3":"status-publish","4":"has-post-thumbnail","6":"product_cat-nicht-kategorisiert","7":"product_tag-455-6196-de","8":"product_tag-fernschalter","9":"product_tag-norm-455-6196","10":"product_tag-standard-de","12":"first","13":"instock","14":"taxable","15":"shipping-taxable","16":"product-type-simple"},"acf":[],"_links":{"self":[{"href":"https:\/\/www.acrartex.com\/de\/wp-json\/wp\/v2\/product\/152841","targetHints":{"allow":["GET"]}}],"collection":[{"href":"https:\/\/www.acrartex.com\/de\/wp-json\/wp\/v2\/product"}],"about":[{"href":"https:\/\/www.acrartex.com\/de\/wp-json\/wp\/v2\/types\/product"}],"wp:featuredmedia":[{"embeddable":true,"href":"https:\/\/www.acrartex.com\/de\/wp-json\/wp\/v2\/media\/152844"}],"wp:attachment":[{"href":"https:\/\/www.acrartex.com\/de\/wp-json\/wp\/v2\/media?parent=152841"}],"wp:term":[{"taxonomy":"product_brand","embeddable":true,"href":"https:\/\/www.acrartex.com\/de\/wp-json\/wp\/v2\/product_brand?post=152841"},{"taxonomy":"product_cat","embeddable":true,"href":"https:\/\/www.acrartex.com\/de\/wp-json\/wp\/v2\/product_cat?post=152841"},{"taxonomy":"product_tag","embeddable":true,"href":"https:\/\/www.acrartex.com\/de\/wp-json\/wp\/v2\/product_tag?post=152841"}],"curies":[{"name":"wp","href":"https:\/\/api.w.org\/{rel}","templated":true}]}}