{"id":152823,"date":"2021-03-16T08:14:44","date_gmt":"2021-03-16T13:14:44","guid":{"rendered":"https:\/\/www.acrartex.com\/products\/hemilight-3-med-und-solas-rettungswestenleuchte\/"},"modified":"2025-12-17T14:33:21","modified_gmt":"2025-12-17T19:33:21","slug":"hemilight-3-med-und-solas-rettungswestenleuchte","status":"publish","type":"product","link":"https:\/\/www.acrartex.com\/de\/products\/hemilight-3-med-und-solas-rettungswestenleuchte\/","title":{"rendered":"HemiLight \u21223 MED und SOLAS Rettungswestenleuchte"},"content":{"rendered":"<p>Die HemiLight3 ist kleiner als andere zugelassene SOLAS- und MED-Rettungswestenleuchten und verf\u00fcgt \u00fcber abgerundete Kanten, um die Integrit\u00e4t aufblasbarer Rettungswesten zu gew\u00e4hrleisten. Der einfach zu montierende Befestigungsclip ist f\u00fcr Gurtb\u00e4nder bis zu 5 cm (2 Zoll) Breite geeignet. Das robuste Design gew\u00e4hrleistet jahrelangen Einsatz und \u00fcbertrifft damit andere SOLAS- und MED-Leuchten. <\/p>\n<p>Dieses ultra-starke LED-Leuchtlicht f\u00fcr pers\u00f6nliche Schwimmhilfen (PFD) aktiviert sich automatisch \u00fcber 20 Stunden lang bei Kontakt mit Salz- oder S\u00fc\u00dfwasser und l\u00e4sst sich einfach durch Dr\u00fccken des roten Knopfes deaktivieren. Das HemiLight l\u00e4sst sich in Sekundenschnelle an fast jeder Art von Rettungsweste anbringen und erm\u00f6glicht so die schnelle und einfache Nachr\u00fcstung gro\u00dfer Mengen. <\/p>\n<p>Erh\u00e4ltlich in zwei Konfigurationen: Das HemiLight \u21223 bietet einen grundlegenden Stroboskopmodus, der entweder manuell oder automatisch aktiviert werden kann.<\/p>\n<p><iframe loading=\"lazy\" title=\"ACR GMDSS Suite: Hemilight 3 Life Jacket Lights\" width=\"500\" height=\"281\" src=\"https:\/\/www.youtube.com\/embed\/yniYx7MjkrA?feature=oembed\" frameborder=\"0\" allow=\"accelerometer; autoplay; clipboard-write; encrypted-media; gyroscope; picture-in-picture; web-share\" referrerpolicy=\"strict-origin-when-cross-origin\" allowfullscreen><\/iframe><\/p>\n","protected":false},"excerpt":{"rendered":"<p>Das blinkende ACR Auto HemiLight \u21223 \u00dcberlebenslicht l\u00e4sst sich schnell und einfach an fast jeder Rettungsweste befestigen. Es ist kleiner als andere zugelassene HemiLight und verf\u00fcgt \u00fcber abgerundete Kanten, um die Integrit\u00e4t aufblasbarer Rettungswesten zu gew\u00e4hrleisten. Es erf\u00fcllt die Anforderungen von USCG, MED und SOLAS. Das hochintensive LED-Blinklicht aktiviert sich automatisch f\u00fcr \u00fcber 20 Stunden, wenn es mit Salz- oder S\u00fc\u00dfwasser in Ber\u00fchrung kommt, und l\u00e4sst sich durch einfaches Dr\u00fccken des roten Knopfes deaktivieren. Die Befestigungsschlaufen bieten Platz f\u00fcr bis zu 5 cm breite Gurtb\u00e4nder, und das robuste Design garantiert jahrelangen Einsatz.   <\/p>\n<p>&nbsp;<\/p>\n<p><span style=\"font-size: 11.0pt;\"><a style=\"color: blue; text-decoration: underline;\" href=\"https:\/\/www.dropbox.com\/s\/0ezw0kexbm120vv\/Prop%2065%20-%20Lead%20and%20Lead%20Compounds.pdf?dl=0\">WARNUNG: PROP 65<\/a><\/span><\/p>\n<p>&nbsp;<\/p>\n<p>&nbsp;<\/p>\n","protected":false},"featured_media":12237,"template":"","meta":{"_acf_changed":false,"om_disable_all_campaigns":false},"product_brand":[],"product_cat":[6028,5687,6024,6023,6026,5636,6030,6029,6558,6025,6027],"product_tag":[7780,8035,8032,8036,8029,8034,8026],"class_list":{"0":"post-152823","1":"product","2":"type-product","3":"status-publish","4":"has-post-thumbnail","6":"product_cat-action-sport-offroad-de","7":"product_cat-im-freien","8":"product_cat-in-kustennahe","9":"product_cat-inland-de","10":"product_cat-kommerziell","11":"product_cat-marine-de","12":"product_cat-paddelsport-angeln","13":"product_cat-reiseausrustung","14":"product_cat-sicherheitszubehor","15":"product_cat-vor-der-kuste","16":"product_cat-wandern-klettern-campen","17":"product_tag-blitzlichter","18":"product_tag-gmdss-de","19":"product_tag-halblicht","20":"product_tag-med-de","21":"product_tag-rettungswestenlicht","22":"product_tag-solas-de","23":"product_tag-uberlebenslicht","24":"pa_boat-size-0-20-de","25":"pa_boat-size-21-40-de","26":"pa_boat-size-40-80-de","27":"pa_boat-type-kommerzielle-fischerei","28":"pa_boat-type-motorbat-no","29":"pa_boat-type-motorboot","30":"pa_boat-type-schlepper","31":"pa_boat-type-segelboot","32":"pa_boat-type-seilbat","33":"pa_boat-type-sportcraft-de","34":"pa_boat-type-yacht-de","35":"pa_product-rettungslichter","36":"pa_product-sicherheitszubehor","38":"first","39":"instock","40":"sale","41":"taxable","42":"shipping-taxable","43":"purchasable","44":"product-type-variable"},"acf":[],"_links":{"self":[{"href":"https:\/\/www.acrartex.com\/de\/wp-json\/wp\/v2\/product\/152823","targetHints":{"allow":["GET"]}}],"collection":[{"href":"https:\/\/www.acrartex.com\/de\/wp-json\/wp\/v2\/product"}],"about":[{"href":"https:\/\/www.acrartex.com\/de\/wp-json\/wp\/v2\/types\/product"}],"wp:featuredmedia":[{"embeddable":true,"href":"https:\/\/www.acrartex.com\/de\/wp-json\/wp\/v2\/media\/12237"}],"wp:attachment":[{"href":"https:\/\/www.acrartex.com\/de\/wp-json\/wp\/v2\/media?parent=152823"}],"wp:term":[{"taxonomy":"product_brand","embeddable":true,"href":"https:\/\/www.acrartex.com\/de\/wp-json\/wp\/v2\/product_brand?post=152823"},{"taxonomy":"product_cat","embeddable":true,"href":"https:\/\/www.acrartex.com\/de\/wp-json\/wp\/v2\/product_cat?post=152823"},{"taxonomy":"product_tag","embeddable":true,"href":"https:\/\/www.acrartex.com\/de\/wp-json\/wp\/v2\/product_tag?post=152823"}],"curies":[{"name":"wp","href":"https:\/\/api.w.org\/{rel}","templated":true}]}}