{"id":152698,"date":"2021-03-16T08:16:33","date_gmt":"2021-03-16T13:16:33","guid":{"rendered":"https:\/\/www.acrartex.com\/products\/c-leuchten\/"},"modified":"2026-04-06T09:39:23","modified_gmt":"2026-04-06T14:39:23","slug":"c-leuchten","status":"publish","type":"product","link":"https:\/\/www.acrartex.com\/de\/products\/c-leuchten\/","title":{"rendered":"C-Leuchten"},"content":{"rendered":"<p>Das C-Light wird manuell durch eine einfache Dreh-Ein-\/Aus-Aktivierung aktiviert und das Modell C-Light H2O verf\u00fcgt \u00fcber zwei Aktivierungsmethoden; das Licht kann einfach durch Dr\u00fccken der Ein-\/Aus-Taste aktiviert werden oder kann in der scharfgeschalteten Position automatisch aktiviert werden, wenn es in Wasser getaucht wird.<\/p>\n<p>&nbsp;<\/p>\n<p>Das schlanke, leichte und vielseitige Design passt problemlos in die Tasche oder h\u00e4ngt diskret an einer Schwimmweste oder einem Rucksack. Die flexiblen Befestigungsschlaufen an der Seite erm\u00f6glichen vielf\u00e4ltige Befestigungsm\u00f6glichkeiten, beispielsweise am Gurtband Ihres Rucksacks oder an den Gurten Ihrer Schwimmweste. Der <sup>Klettverschluss<\/sup> l\u00e4sst sich um die Befestigungsschlaufen befestigen und bietet unz\u00e4hlige zus\u00e4tzliche Befestigungsm\u00f6glichkeiten. Die Leuchte wird au\u00dferdem mit einem Clip geliefert, der sich bequem \u00fcber den Aufblasschlauch Ihrer aufblasbaren Schwimmweste schieben l\u00e4sst, um die Leuchte in der Weste zu verstauen.   <\/p>\n<p>&nbsp;<\/p>\n<p><strong>Merkmale:<\/strong><\/p>\n<ul>\n<li>Zur Ortungshilfe bei Notf\u00e4llen mit schlechten Lichtverh\u00e4ltnissen<\/li>\n<li>Au\u00dfergew\u00f6hnlich helle 20 Lumen wei\u00dfe LED<\/li>\n<li>Lange Dauerbetriebsdauer von \u00fcber 30 Stunden<\/li>\n<li>Wasserdicht \u2013 24 Stunden lang bei 1 m (3,3 Fu\u00df) getestet<\/li>\n<li>Einfache Ein-\/Aus-Aktivierung durch Drehen<\/li>\n<li>Sto\u00dffestes Geh\u00e4use<\/li>\n<li>Ben\u00f6tigt zwei 1,5-V-AA-Batterien (nicht im Lieferumfang enthalten)<\/li>\n<li>USCG\/SOLAS-Zulassung<\/li>\n<li>Ideal f\u00fcr Schwimmwesten, Camping, Radfahren, Auto usw.<\/li>\n<li>Mitgeliefertes Velcro\u00ae-Band (bei der Kartenversion) in Verbindung mit integrierten Zurrschlaufen f\u00fcr Flexibilit\u00e4t bei der Befestigung<\/li>\n<li>Mitgelieferter PFD-Clip (bei Kartenversion) zur einfachen Befestigung am oralen Aufblasschlauch<\/li>\n<li>Wasseraktivierungssensoren \u2013 Automatische Aktivierung bei Kontakt mit Wasser (Exklusiv bei C-Light H20 \u2013 3962.1)<\/li>\n<\/ul>\n","protected":false},"excerpt":{"rendered":"<p>Die kompakten, robusten und wasserdichten C-Light (nicht wasseraktivierbar) und C-Light H2O (wasseraktivierbar) sind USCG\/SOLAS-zugelassen und verf\u00fcgen \u00fcber eine 20-Lumen-LED, die typischerweise 30 Stunden lang ununterbrochen leuchtet. Diese dauerhaft leuchtenden pers\u00f6nlichen Notlichter verf\u00fcgen \u00fcber ein sto\u00dffestes Geh\u00e4use und sind somit zuverl\u00e4ssige, vielseitig einsetzbare Leuchten, wenn effiziente Notbeleuchtung ben\u00f6tigt wird. <\/p>\n<p>&nbsp;<\/p>\n<p style=\"margin-left: 0in; margin-right: 0in;\"><span style=\"font-size: 11pt;\"><span style=\"font-family: Calibri,sans-serif;\"><a style=\"color: blue; text-decoration: underline;\" href=\"https:\/\/www.dropbox.com\/s\/8343nj28z0d7bxa\/Prop%2065%20-%20BPA.pdf?dl=0\"><span style=\"color: #000000;\">WARNUNG: PROP 65<\/span><\/a><\/span><\/span><\/p>\n<p style=\"margin-left: 0in; margin-right: 0in;\">\n","protected":false},"featured_media":152700,"template":"","meta":{"_acf_changed":false,"om_disable_all_campaigns":false},"product_brand":[],"product_cat":[6028,5687,6024,6023,6026,5636,6030,6029,7777,6025,6027],"product_tag":[7785,7794,7801,7788,7779,7791,7668,7797,7786],"class_list":{"0":"post-152698","1":"product","2":"type-product","3":"status-publish","4":"has-post-thumbnail","6":"product_cat-action-sport-offroad-de","7":"product_cat-im-freien","8":"product_cat-in-kustennahe","9":"product_cat-inland-de","10":"product_cat-kommerziell","11":"product_cat-marine-de","12":"product_cat-paddelsport-angeln","13":"product_cat-reiseausrustung","14":"product_cat-signalprodukte-de","15":"product_cat-vor-der-kuste","16":"product_cat-wandern-klettern-campen","17":"product_tag-acr-c-licht","18":"product_tag-acr-led-c-licht","19":"product_tag-acr-led-licht","20":"product_tag-c-licht-de","21":"product_tag-c-licht","22":"product_tag-led-notlicht","23":"product_tag-licht-de","24":"product_tag-notlichter","25":"product_tag-rettungsweste","26":"pa_activity-angeln","27":"pa_activity-camping-de","28":"pa_activity-fahrrad","29":"pa_activity-gelandewagen-4x4","30":"pa_activity-klettern","31":"pa_activity-paddelsport","32":"pa_activity-querfeldein","33":"pa_activity-schneemobil","34":"pa_activity-ski-snowboard","35":"pa_activity-wandern","36":"pa_boat-size-0-20-de","37":"pa_boat-size-21-40-de","38":"pa_boat-size-40-80-de","39":"pa_boat-size-80-de","40":"pa_boat-type-charteryacht-de","41":"pa_boat-type-frachtschiff","42":"pa_boat-type-kommerzielle-fischerei","43":"pa_boat-type-motorboot","44":"pa_boat-type-schlepper","45":"pa_boat-type-segelboot","46":"pa_boat-type-sportcraft-de","47":"pa_boat-type-yacht-de","48":"pa_product-rettungslichter","49":"pa_product-sicherheitszubehor","50":"pa_product-signalprodukte-de","51":"pa_terrain-flusse-feuchtgebiete-seen-de","52":"pa_terrain-hugel-berg","53":"pa_terrain-tundra-de-2","54":"pa_terrain-wald-dschungel","56":"first","57":"instock","58":"taxable","59":"shipping-taxable","60":"purchasable","61":"product-type-variable"},"acf":[],"_links":{"self":[{"href":"https:\/\/www.acrartex.com\/de\/wp-json\/wp\/v2\/product\/152698","targetHints":{"allow":["GET"]}}],"collection":[{"href":"https:\/\/www.acrartex.com\/de\/wp-json\/wp\/v2\/product"}],"about":[{"href":"https:\/\/www.acrartex.com\/de\/wp-json\/wp\/v2\/types\/product"}],"wp:featuredmedia":[{"embeddable":true,"href":"https:\/\/www.acrartex.com\/de\/wp-json\/wp\/v2\/media\/152700"}],"wp:attachment":[{"href":"https:\/\/www.acrartex.com\/de\/wp-json\/wp\/v2\/media?parent=152698"}],"wp:term":[{"taxonomy":"product_brand","embeddable":true,"href":"https:\/\/www.acrartex.com\/de\/wp-json\/wp\/v2\/product_brand?post=152698"},{"taxonomy":"product_cat","embeddable":true,"href":"https:\/\/www.acrartex.com\/de\/wp-json\/wp\/v2\/product_cat?post=152698"},{"taxonomy":"product_tag","embeddable":true,"href":"https:\/\/www.acrartex.com\/de\/wp-json\/wp\/v2\/product_tag?post=152698"}],"curies":[{"name":"wp","href":"https:\/\/api.w.org\/{rel}","templated":true}]}}