{"id":152697,"date":"2021-03-16T08:16:59","date_gmt":"2021-03-16T13:16:59","guid":{"rendered":"https:\/\/www.acrartex.com\/products\/c-blitze\/"},"modified":"2026-04-06T09:48:48","modified_gmt":"2026-04-06T14:48:48","slug":"c-blitze","status":"publish","type":"product","link":"https:\/\/www.acrartex.com\/de\/products\/c-blitze\/","title":{"rendered":"C-Blitze"},"content":{"rendered":"<p>Das C-Strobe-Modell wird manuell durch Drehen aktiviert. Das C-Strobe H2O-Modell bietet zwei Aktivierungsmethoden: Das Licht l\u00e4sst sich einfach durch Dr\u00fccken der Ein-\/Aus-Taste aktivieren oder aktiviert sich im aktivierten Zustand automatisch beim Eintauchen in Wasser. Das funktionsreiche C-Strobe H2O-Modell verf\u00fcgt au\u00dferdem \u00fcber drei Betriebsmodi: Stroboskop, Dauerlicht und SOS. <\/p>\n<p>&nbsp;<\/p>\n<p>Das schlanke, leichte und vielseitige Design passt problemlos in die Tasche oder h\u00e4ngt diskret an einer Schwimmweste oder einem Rucksack. Die flexiblen Befestigungsschlaufen an der Seite erm\u00f6glichen vielf\u00e4ltige Befestigungsm\u00f6glichkeiten, beispielsweise am Gurtband Ihres Rucksacks oder an den Gurten Ihrer Schwimmweste. Der <sup>Klettverschluss<\/sup> l\u00e4sst sich um die Befestigungsschlaufen befestigen und bietet unz\u00e4hlige zus\u00e4tzliche Befestigungsm\u00f6glichkeiten. Die Leuchte wird au\u00dferdem mit einem Clip geliefert, der sich bequem \u00fcber den Aufblasschlauch Ihrer aufblasbaren Schwimmweste schieben l\u00e4sst, um die Leuchte in der Weste zu verstauen.   <\/p>\n<p>&nbsp;<\/p>\n<p><strong>Merkmale:<\/strong><\/p>\n<ul>\n<li>Zur Ortungshilfe bei Notf\u00e4llen mit schlechten Lichtverh\u00e4ltnissen<\/li>\n<li>Au\u00dfergew\u00f6hnlich helle 45 Lumen wei\u00dfe LED<\/li>\n<li>Die lange Dauerbetriebsdauer von \u00fcber 120 Stunden<\/li>\n<li>Wasserdicht \u2013 24 Stunden lang bei 1 m (3,3 Fu\u00df) getestet<\/li>\n<li>Sto\u00dffestes Geh\u00e4use<\/li>\n<li>Ben\u00f6tigt zwei 1,5-V-AA-Batterien (nicht im Lieferumfang enthalten)<\/li>\n<li>USCG\/SOLAS-Zulassung<\/li>\n<li>Ideal f\u00fcr Schwimmwesten, Camping, Radfahren, Auto usw.<\/li>\n<li>Mitgeliefertes Velcro\u00ae-Band (bei der Kartenversion) in Verbindung mit integrierten Zurrschlaufen f\u00fcr Flexibilit\u00e4t bei der Befestigung<\/li>\n<li>Mitgelieferter PFD-Clip (bei Kartenversion) zur einfachen Befestigung am oralen Aufblasschlauch<\/li>\n<li><span style=\"color: black;\">Wasseraktivierungssensoren \u2013 Automatische Aktivierung bei Kontakt mit Wasser (nur beim C-Light H20 (3964.1)<\/span><\/li>\n<\/ul>\n","protected":false},"excerpt":{"rendered":"<p>Die kompakten, robusten und wasserdichten C-Strobe (nicht wasseraktivierbar) und C-Strobe H2O (wasseraktivierbar) sind USCG\/SOLAS-zugelassen und verf\u00fcgen \u00fcber eine 45-Lumen-LED, die im Blitzmodus typischerweise 120 Stunden ununterbrochen leuchtet. Diese pers\u00f6nlichen Notblitzlichter verf\u00fcgen \u00fcber ein sto\u00dffestes Geh\u00e4use und sind somit zuverl\u00e4ssige, vielseitig einsetzbare Leuchten, wenn effiziente Notbeleuchtung ben\u00f6tigt wird. <\/p>\n<p>&nbsp;<\/p>\n<p><a href=\"https:\/\/www.dropbox.com\/s\/8343nj28z0d7bxa\/Prop%2065%20-%20BPA.pdf?dl=0\">WARNUNG: PROP 65<\/a><\/p>\n<p>&nbsp;<\/p>\n<p>&nbsp;<\/p>\n","protected":false},"featured_media":152710,"template":"","meta":{"_acf_changed":false,"om_disable_all_campaigns":false},"product_brand":[],"product_cat":[6028,5687,6024,6023,6026,5636,6030,6029,7777,6025,6027],"product_tag":[7807,7805,7792,7780,7800,7789,7803,7809,7786,7798,7795],"class_list":{"0":"post-152697","1":"product","2":"type-product","3":"status-publish","4":"has-post-thumbnail","6":"product_cat-action-sport-offroad-de","7":"product_cat-im-freien","8":"product_cat-in-kustennahe","9":"product_cat-inland-de","10":"product_cat-kommerziell","11":"product_cat-marine-de","12":"product_cat-paddelsport-angeln","13":"product_cat-reiseausrustung","14":"product_cat-signalprodukte-de","15":"product_cat-vor-der-kuste","16":"product_cat-wandern-klettern-campen","17":"product_tag-acr-c-blitz","18":"product_tag-acr-blitz","19":"product_tag-acr-blitzlicht","20":"product_tag-blitzlichter","21":"product_tag-marine-blitzlicht","22":"product_tag-notfall-blitzlicht","23":"product_tag-notfall-blitzlicht-de","24":"product_tag-rettungslichter","25":"product_tag-rettungsweste","26":"product_tag-sicherheitsblitzlichter","27":"product_tag-stroboskop-sicherheitslichter","28":"pa_activity-angeln","29":"pa_activity-camping-de","30":"pa_activity-fahrrad","31":"pa_activity-gelandewagen-4x4","32":"pa_activity-klettern","33":"pa_activity-paddelsport","34":"pa_activity-querfeldein","35":"pa_activity-schneemobil","36":"pa_activity-ski-snowboard","37":"pa_activity-wandern","38":"pa_boat-size-0-20-de","39":"pa_boat-size-21-40-de","40":"pa_boat-size-40-80-de","41":"pa_boat-size-80-de","42":"pa_boat-type-charteryacht-de","43":"pa_boat-type-frachtschiff","44":"pa_boat-type-kommerzielle-fischerei","45":"pa_boat-type-motorboot","46":"pa_boat-type-schlepper","47":"pa_boat-type-segelboot","48":"pa_boat-type-sportcraft-de","49":"pa_boat-type-yacht-de","50":"pa_product-rettungslichter","51":"pa_product-sicherheitszubehor","52":"pa_product-signalprodukte-de","53":"pa_terrain-flusse-feuchtgebiete-seen-de","54":"pa_terrain-hugel-berg","55":"pa_terrain-tundra-de-2","56":"pa_terrain-wald-dschungel","58":"first","59":"instock","60":"taxable","61":"shipping-taxable","62":"purchasable","63":"product-type-variable"},"acf":[],"_links":{"self":[{"href":"https:\/\/www.acrartex.com\/de\/wp-json\/wp\/v2\/product\/152697","targetHints":{"allow":["GET"]}}],"collection":[{"href":"https:\/\/www.acrartex.com\/de\/wp-json\/wp\/v2\/product"}],"about":[{"href":"https:\/\/www.acrartex.com\/de\/wp-json\/wp\/v2\/types\/product"}],"wp:featuredmedia":[{"embeddable":true,"href":"https:\/\/www.acrartex.com\/de\/wp-json\/wp\/v2\/media\/152710"}],"wp:attachment":[{"href":"https:\/\/www.acrartex.com\/de\/wp-json\/wp\/v2\/media?parent=152697"}],"wp:term":[{"taxonomy":"product_brand","embeddable":true,"href":"https:\/\/www.acrartex.com\/de\/wp-json\/wp\/v2\/product_brand?post=152697"},{"taxonomy":"product_cat","embeddable":true,"href":"https:\/\/www.acrartex.com\/de\/wp-json\/wp\/v2\/product_cat?post=152697"},{"taxonomy":"product_tag","embeddable":true,"href":"https:\/\/www.acrartex.com\/de\/wp-json\/wp\/v2\/product_tag?post=152697"}],"curies":[{"name":"wp","href":"https:\/\/api.w.org\/{rel}","templated":true}]}}