{"id":152610,"date":"2021-03-16T08:15:33","date_gmt":"2021-03-16T13:15:33","guid":{"rendered":"https:\/\/www.acrartex.com\/products\/rcl-75-suchscheinwerfer\/"},"modified":"2021-03-16T08:15:33","modified_gmt":"2021-03-16T13:15:33","slug":"rcl-75-suchscheinwerfer","status":"publish","type":"product","link":"https:\/\/www.acrartex.com\/de\/products\/rcl-75-suchscheinwerfer\/","title":{"rendered":"RCL -75 Suchscheinwerfer"},"content":{"rendered":"<p><strong><span style=\"color: #e74c3c;\"><a href=\"https:\/\/www.acrartex.com\/products\/rcl-95-wireless-led-searchlight\/\">Die Produktion des RCL -75 wurde eingestellt.<\/a>  Der Garantie-Support ist weiterhin erreichbar.<\/span><\/strong><\/p>\n<p>Die Elektronik befindet sich f\u00fcr erh\u00f6hten Schutz im wasserfesten Leuchtenkopf statt im Sockel. Das innovative \u201eDirektantriebssystem\u201c verhindert unkontrollierte Lichtbewegungen bei unruhigem Wetter. <\/p>\n<p>Anwendung: Freizeitboote, Sportyachten, Sportfischer und Handelsschiffe.<\/p>\n<ul>\n<li>Das Doppellampendesign bietet Redundanz und Zuverl\u00e4ssigkeit \u2013 funktioniert, wenn Sie es brauchen<\/li>\n<li>Helle, leistungsstarke 55-Watt-Halogenlampen mit 3\u00b0 hx 5\u00b0 w Abstrahlwinkel<\/li>\n<li>Einfach zu installierende Joystick-Steuerung im Point Pad\u2122-Stil<\/li>\n<li>Robuster, funktions- und funktionsreicher Suchscheinwerfer ist einfach zu installieren<\/li>\n<li>7-adriger Kabelbaum, 17 Fu\u00df L\u00e4nge<\/li>\n<li>Die Elektronik ist im wasserfesten Leuchtenkopf untergebracht, statt im herk\u00f6mmlichen Leuchtensockel, zum Schutz vor Wasseransammlungen<\/li>\n<li>Das um 45\u00b0 nach unten geneigte Okulardesign bietet eine verbesserte Sicht beim Andocken<\/li>\n<li>18\u00b0 Aufw\u00e4rtsneigung zur Beleuchtung von Zugbr\u00fcckent\u00fcrmen usw.<\/li>\n<li>Lampen lassen sich leicht austauschen, indem die obere Kappe entfernt wird, um auf die R\u00fccklichteinheit zuzugreifen<\/li>\n<li>Trockenfilter trocknet die Luft und sch\u00fctzt Reflektor und Lichteinheit<\/li>\n<li>Innovatives \u201eDirektantriebssystem\u201c verhindert unkontrollierte Lichtbewegungen bei unruhigem Wetter<\/li>\n<li>Hochleistungszahnr\u00e4der und Elektromotoren<\/li>\n<li>F\u00fcgen Sie einen Adapter und ein weiteres Point Pad\u2122 f\u00fcr den Remote-Betrieb an einer zweiten Station hinzu<\/li>\n<\/ul>\n<p>Tags: Suchscheinwerfer, Suchscheinwerfer, RCL Suchscheinwerfer, RCL 75, Bootssuchscheinwerfer, Marine-Suchscheinwerfer, Marine-Suchscheinwerfer, ACR Suchscheinwerfer, 1946, P\/N 1946<\/p>\n","protected":false},"excerpt":{"rendered":"<p><strong><span style=\"color: #e74c3c;\"><a href=\"https:\/\/www.acrartex.com\/products\/rcl-95-wireless-led-searchlight\/\">Die Produktion des RCL -75 wurde eingestellt.<\/a>  Der Garantie-Support ist weiterhin erreichbar.<\/span><\/strong><\/p>\n<p>Der Suchscheinwerfer RCL -75 wurde speziell f\u00fcr Sportboote, Sportyachten, Angelboote und kommerzielle Schiffe entwickelt. Das Doppellampen-Design dieses Suchscheinwerfers sorgt f\u00fcr Redundanz und Zuverl\u00e4ssigkeit, sodass Sie sich darauf verlassen k\u00f6nnen, dass er auch dann funktioniert, wenn Sie ihn am meisten brauchen. Das innovative Direktantriebssystem verhindert zudem unkontrollierte Lichtbewegungen bei unruhigem Wetter. So k\u00f6nnen Sie sicher sein, dass Ihr Scheinwerfer auch bei unerwartetem Wetter wie gew\u00fcnscht leuchtet.  <\/p>\n<p>&nbsp;<\/p>\n<p style=\"margin-left: 0in; margin-right: 0in;\"><span style=\"font-size: 11pt;\"><span style=\"font-family: Calibri,sans-serif;\"><a style=\"color: blue; text-decoration: underline;\" href=\"https:\/\/www.dropbox.com\/s\/fk04stqsp2hgk5f\/Prop%2065%20-%20DEHP.pdf?dl=0\"><span style=\"color: #000000;\">WARNUNG: PROP 65<\/span><\/a><\/span><\/span><\/p>\n<p style=\"margin-left: 0in; margin-right: 0in;\">\n","protected":false},"featured_media":152615,"template":"","meta":{"_acf_changed":false,"om_disable_all_campaigns":false},"product_brand":[],"product_cat":[6024,6023,5636],"product_tag":[7609,7209,7201,7203,7190,7603,7607,7605,7199],"class_list":{"0":"post-152610","1":"product","2":"type-product","3":"status-publish","4":"has-post-thumbnail","6":"product_cat-in-kustennahe","7":"product_cat-inland-de","8":"product_cat-marine-de","9":"product_tag-1946-de","10":"product_tag-acr-suchscheinwerfer","11":"product_tag-marine-suchscheinwerfer","12":"product_tag-marine-suchscheinwerfer-de","13":"product_tag-rcl-de","14":"product_tag-rcl-75-de","15":"product_tag-rcl-75-de-2","16":"product_tag-rcl75-de","17":"product_tag-suchscheinwerfer-fur-boote","18":"pa_product-vermachtnis","20":"first","21":"outofstock","22":"taxable","23":"shipping-taxable","24":"product-type-simple"},"acf":[],"_links":{"self":[{"href":"https:\/\/www.acrartex.com\/de\/wp-json\/wp\/v2\/product\/152610","targetHints":{"allow":["GET"]}}],"collection":[{"href":"https:\/\/www.acrartex.com\/de\/wp-json\/wp\/v2\/product"}],"about":[{"href":"https:\/\/www.acrartex.com\/de\/wp-json\/wp\/v2\/types\/product"}],"wp:featuredmedia":[{"embeddable":true,"href":"https:\/\/www.acrartex.com\/de\/wp-json\/wp\/v2\/media\/152615"}],"wp:attachment":[{"href":"https:\/\/www.acrartex.com\/de\/wp-json\/wp\/v2\/media?parent=152610"}],"wp:term":[{"taxonomy":"product_brand","embeddable":true,"href":"https:\/\/www.acrartex.com\/de\/wp-json\/wp\/v2\/product_brand?post=152610"},{"taxonomy":"product_cat","embeddable":true,"href":"https:\/\/www.acrartex.com\/de\/wp-json\/wp\/v2\/product_cat?post=152610"},{"taxonomy":"product_tag","embeddable":true,"href":"https:\/\/www.acrartex.com\/de\/wp-json\/wp\/v2\/product_tag?post=152610"}],"curies":[{"name":"wp","href":"https:\/\/api.w.org\/{rel}","templated":true}]}}