{"id":152600,"date":"2021-03-16T08:16:09","date_gmt":"2021-03-16T13:16:09","guid":{"rendered":"https:\/\/www.acrartex.com\/products\/ms-2000m2-doppelfliege\/"},"modified":"2021-03-16T08:16:09","modified_gmt":"2021-03-16T13:16:09","slug":"ms-2000m2-doppelfliege","status":"publish","type":"product","link":"https:\/\/www.acrartex.com\/de\/products\/ms-2000m2-doppelfliege\/","title":{"rendered":"MS-2000(M2) Doppelfliege"},"content":{"rendered":"<p>Wie unsere hoch angesehenen, zuverl\u00e4ssigen SDU-5E und MS-2000(M) ist der MS-2000(M2) darauf ausgelegt, milit\u00e4rische Spezifikationen, einschlie\u00dflich MIL-L-38217D und CID AA-59176, zu erf\u00fcllen oder zu \u00fcbertreffen, und er verf\u00fcgt \u00fcber viele verbesserte lebensrettende Funktionen, um die Einsatzf\u00e4higkeit f\u00fcr mehrere Missionen zu gew\u00e4hrleisten.<\/p>\n<ul>\n<li>Die neue Vibrationsfunktion macht Sie bei Verwendung des IR-Schutzes verdeckt auf Aktivierungen und Modus\u00e4nderungen aufmerksam.<\/li>\n<li>3 Aktivierungsmodi zur Auswahl: Stroboskop, SOS oder Dauerlicht<\/li>\n<li>Erf\u00fcllt die aktuellsten Anforderungen des Milit\u00e4rs und ist f\u00fcr nahezu jede Anwendung geeignet<\/li>\n<li>Neuer geflochtener Stahlhalter h\u00e4lt die Batterieabdeckung fest<\/li>\n<li>Silikon-Schutzbeschichtungen auf elektronischen Bauteilen sch\u00fctzen vor Feuchtigkeit<\/li>\n<li>Der gerichtete Blaufilter alarmiert befreundete Kr\u00e4fte und unterscheidet Blitzlicht von Bodenfeuer<\/li>\n<li>Bis zu 56 Stunden Betrieb mit 2 Standard-Alkalibatterien des Typs AA (verwenden Sie Lithiumbatterien in extrem kalten Umgebungen oder bei l\u00e4ngerer Lagerung)<\/li>\n<li>Angebrachter Infrarotfilter (IR) f\u00fcr die Betrachtung mit Nachtsichtger\u00e4ten (NVG) mit Filzfutter, um sichtbaren Lichtaustritt zu verhindern<\/li>\n<li>Modernste LED-Technologie<\/li>\n<li>Erh\u00f6hte Polarit\u00e4tsanzeigen erm\u00f6glichen die korrekte Platzierung der Batterie<\/li>\n<li>\u00dcbertrifft den SOLAS-Standard<\/li>\n<\/ul>\n","protected":false},"excerpt":{"rendered":"<p>Wir pr\u00e4sentieren die neue M2-Version: ein Blitzlicht, das heller und benutzerfreundlicher ist als sein Vorg\u00e4nger. Wenn es darum geht, Leben zu retten, ist weniger als das Beste keine Option. Die MS-2000 (M2) Doublefly erf\u00fcllt und \u00fcbertrifft milit\u00e4rische Spezifikationen oft sogar und ist f\u00fcr den Einsatz in verschiedenen Missionen konzipiert.  <\/p>\n","protected":false},"featured_media":152601,"template":"","meta":{"_acf_changed":false,"om_disable_all_campaigns":false},"product_brand":[],"product_cat":[6036,6034,6022,6033,6035],"product_tag":[7586,7587,7583,7430,7429,7423,7425,7421,7426,7584,7585,7419,7428,7417,7427,7582,7581],"class_list":{"0":"post-152600","1":"product","2":"type-product","3":"status-publish","4":"has-post-thumbnail","6":"product_cat-boden-spezialeinheiten","7":"product_cat-luftpatrouille","8":"product_cat-militar-de","9":"product_cat-polizei-gemeinde","10":"product_cat-seestreitkrafte","11":"product_tag-3994-de","12":"product_tag-3994-2-de","13":"product_tag-dauerhaft-leuchtendes-markierungslicht","14":"product_tag-militar-notlicht","15":"product_tag-militarisches-rettungslicht","16":"product_tag-ms-2000-de","17":"product_tag-ms-2000-m-de","18":"product_tag-ms-2000m-de","19":"product_tag-ms-2000r-de","20":"product_tag-ms-2000m-de-2","21":"product_tag-ms-2000m2-de","22":"product_tag-ms2000-de","23":"product_tag-ms2000-licht","24":"product_tag-ms2000m-de","25":"product_tag-ms2000r-de","26":"product_tag-sos-de","27":"product_tag-stroboskop-nach-militarspezifikation","29":"first","30":"instock","31":"taxable","32":"shipping-taxable","33":"product-type-simple"},"acf":[],"_links":{"self":[{"href":"https:\/\/www.acrartex.com\/de\/wp-json\/wp\/v2\/product\/152600","targetHints":{"allow":["GET"]}}],"collection":[{"href":"https:\/\/www.acrartex.com\/de\/wp-json\/wp\/v2\/product"}],"about":[{"href":"https:\/\/www.acrartex.com\/de\/wp-json\/wp\/v2\/types\/product"}],"wp:featuredmedia":[{"embeddable":true,"href":"https:\/\/www.acrartex.com\/de\/wp-json\/wp\/v2\/media\/152601"}],"wp:attachment":[{"href":"https:\/\/www.acrartex.com\/de\/wp-json\/wp\/v2\/media?parent=152600"}],"wp:term":[{"taxonomy":"product_brand","embeddable":true,"href":"https:\/\/www.acrartex.com\/de\/wp-json\/wp\/v2\/product_brand?post=152600"},{"taxonomy":"product_cat","embeddable":true,"href":"https:\/\/www.acrartex.com\/de\/wp-json\/wp\/v2\/product_cat?post=152600"},{"taxonomy":"product_tag","embeddable":true,"href":"https:\/\/www.acrartex.com\/de\/wp-json\/wp\/v2\/product_tag?post=152600"}],"curies":[{"name":"wp","href":"https:\/\/api.w.org\/{rel}","templated":true}]}}