{"id":152490,"date":"2021-03-16T08:15:52","date_gmt":"2021-03-16T13:15:52","guid":{"rendered":"https:\/\/www.acrartex.com\/products\/ms-2000-m2-blitz-markierungsleuchte\/"},"modified":"2021-03-16T08:15:52","modified_gmt":"2021-03-16T13:15:52","slug":"ms-2000-m2-blitz-markierungsleuchte","status":"publish","type":"product","link":"https:\/\/www.acrartex.com\/de\/products\/ms-2000-m2-blitz-markierungsleuchte\/","title":{"rendered":"MS-2000 (M2) Blitz-Markierungsleuchte"},"content":{"rendered":"<p>Wie unsere hoch angesehenen, zuverl\u00e4ssigen SDU-5E und MS-2000(M) ist der MS-2000(M2) darauf ausgelegt, milit\u00e4rische Spezifikationen, einschlie\u00dflich MIL-L-38217D und CID AA-59176, zu erf\u00fcllen oder zu \u00fcbertreffen, und er verf\u00fcgt \u00fcber viele verbesserte lebensrettende Funktionen, um die Einsatzf\u00e4higkeit f\u00fcr mehrere Missionen zu gew\u00e4hrleisten.<\/p>\n<ul>\n<li>Erf\u00fcllt die aktuellsten Anforderungen des Milit\u00e4rs und ist f\u00fcr nahezu jede Anwendung geeignet<\/li>\n<li>Neuer geflochtener Stahlhalter h\u00e4lt die Batterieabdeckung fest<\/li>\n<li>Silikon-Schutzbeschichtungen auf elektronischen Bauteilen sch\u00fctzen vor Feuchtigkeit<\/li>\n<li>Der gerichtete Blaufilter alarmiert befreundete Kr\u00e4fte und unterscheidet Blitzlicht von Bodenfeuer<\/li>\n<li>Betrieb mit 2 Standard-Alkalibatterien des Typs AA (verwenden Sie Lithiumbatterien in extrem kalten Umgebungen oder bei l\u00e4ngerer Lagerung)<\/li>\n<li>Angebrachter Infrarotfilter (IR) f\u00fcr die Betrachtung mit Nachtsichtger\u00e4ten (NVG) mit Filzfutter, um sichtbaren Lichtaustritt zu verhindern<\/li>\n<li>Modernste LED-Technologie<\/li>\n<li>Erh\u00f6hte Polarit\u00e4tsanzeigen erm\u00f6glichen die korrekte Platzierung der Batterie, auch<\/li>\n<li>Die neue Vibrationsfunktion macht Sie bei der Aktivierung und Modus\u00e4nderung verdeckt darauf aufmerksam, wenn Sie den IR-Schutz bei schlechter Sicht oder Dunkelheit verwenden.<\/li>\n<li>\u00dcbertrifft den SOLAS-Standard<\/li>\n<\/ul>\n","protected":false},"excerpt":{"rendered":"<p>Wenn es um die Rettung von Menschenleben geht, ist weniger als das Beste keine Option. Seit der Einf\u00fchrung der originalen MS-2000 ist dieses Blitzlicht zur wichtigsten C-SAR-Leuchte (Combat Search and Rescue) von Elitetruppen weltweit geworden. Genau wie unsere zuverl\u00e4ssigen SDU-5E und MS-2000(M) ist die MS-2000(M2) so konzipiert, dass sie milit\u00e4rische Spezifikationen erf\u00fcllt und oft sogar \u00fcbertrifft. Seien Sie auf das Unvorhersehbare vorbereitet: \u2013 Modernste LED-Technologie \u2013 Vibrationsfunktion warnt Sie bei Aktivierung \u2013 Betrieb mit 2 handels\u00fcblichen Alkali-AA-Batterien \u2013 \u00dcbertrifft den SOLAS-Standard \u2013 Geflochtene Stahlhalterung \u2013 Richtungsgesteuerter Blaufilter warnt befreundete Kr\u00e4fte   <\/p>\n","protected":false},"featured_media":152500,"template":"","meta":{"_acf_changed":false,"om_disable_all_campaigns":false},"product_brand":[],"product_cat":[6036,6034,6022,6033,6035],"product_tag":[7438,7440,7433,7434,7431,7432,7430,7429,7423,7425,7421,7426,7419,7428,7417,7427,7436],"class_list":{"0":"post-152490","1":"product","2":"type-product","3":"status-publish","4":"has-post-thumbnail","6":"product_cat-boden-spezialeinheiten","7":"product_cat-luftpatrouille","8":"product_cat-militar-de","9":"product_cat-polizei-gemeinde","10":"product_cat-seestreitkrafte","11":"product_tag-3990-de","12":"product_tag-3990-2-de","13":"product_tag-acr-ms-2000-de","14":"product_tag-acr-ms-2000m-de","15":"product_tag-acr-ms2000-de","16":"product_tag-acr-ms2000m-de","17":"product_tag-militar-notlicht","18":"product_tag-militarisches-rettungslicht","19":"product_tag-ms-2000-de","20":"product_tag-ms-2000-m-de","21":"product_tag-ms-2000m-de","22":"product_tag-ms-2000r-de","23":"product_tag-ms2000-de","24":"product_tag-ms2000-licht","25":"product_tag-ms2000m-de","26":"product_tag-ms2000r-de","27":"product_tag-teilenummer-3990-2","29":"first","30":"instock","31":"taxable","32":"shipping-taxable","33":"product-type-simple"},"acf":[],"_links":{"self":[{"href":"https:\/\/www.acrartex.com\/de\/wp-json\/wp\/v2\/product\/152490","targetHints":{"allow":["GET"]}}],"collection":[{"href":"https:\/\/www.acrartex.com\/de\/wp-json\/wp\/v2\/product"}],"about":[{"href":"https:\/\/www.acrartex.com\/de\/wp-json\/wp\/v2\/types\/product"}],"wp:featuredmedia":[{"embeddable":true,"href":"https:\/\/www.acrartex.com\/de\/wp-json\/wp\/v2\/media\/152500"}],"wp:attachment":[{"href":"https:\/\/www.acrartex.com\/de\/wp-json\/wp\/v2\/media?parent=152490"}],"wp:term":[{"taxonomy":"product_brand","embeddable":true,"href":"https:\/\/www.acrartex.com\/de\/wp-json\/wp\/v2\/product_brand?post=152490"},{"taxonomy":"product_cat","embeddable":true,"href":"https:\/\/www.acrartex.com\/de\/wp-json\/wp\/v2\/product_cat?post=152490"},{"taxonomy":"product_tag","embeddable":true,"href":"https:\/\/www.acrartex.com\/de\/wp-json\/wp\/v2\/product_tag?post=152490"}],"curies":[{"name":"wp","href":"https:\/\/api.w.org\/{rel}","templated":true}]}}