{"id":152446,"date":"2021-03-16T08:15:18","date_gmt":"2021-03-16T13:15:18","guid":{"rendered":"https:\/\/www.acrartex.com\/products\/rcl-100-led-suchscheinwerfer\/"},"modified":"2026-03-06T08:33:40","modified_gmt":"2026-03-06T13:33:40","slug":"rcl-100-led-suchscheinwerfer","status":"publish","type":"product","link":"https:\/\/www.acrartex.com\/de\/products\/rcl-100-led-suchscheinwerfer\/","title":{"rendered":"RCL -100 LED Suchscheinwerfer"},"content":{"rendered":"<p>Der RCL -100 LED-Suchscheinwerfer verwendet weiterhin das gleiche robuste Design wie der urspr\u00fcngliche RCL -100D, verf\u00fcgt jedoch \u00fcber ein neues, effizientes 9-LED-Array mit einer Lichtleistung von \u00fcber 220.000 Candela. Das robuste und leichte Aluminiumgeh\u00e4use sowie die Glaslinse sind wetterfest versiegelt und gew\u00e4hrleisten jahrelangen, st\u00f6rungsfreien Betrieb. Zu den weiteren Funktionen geh\u00f6rt eine kabelgebundene Fernbedienung, die eine kontinuierliche 360-Grad-Drehung bei hoher oder niedriger Geschwindigkeit ohne l\u00e4stiges Anhalten erm\u00f6glicht. Mit einem Abstrahlwinkel von 7 Grad bietet der Scheinwerfer au\u00dferdem einen Elevationswinkel von 9 Grad nach oben und 17 Grad nach unten, wodurch die Beleuchtung von Zugbr\u00fccken, Bojen und Docks zum Kinderspiel wird.   <\/p>\n<p>Nicht alle Suchscheinwerfer sind gleich. Das Geh\u00e4use ist dreifach grundiert und mit UV-Stabilisator lackiert, um jahrelangen Einsatz in der rauen Meeresumgebung zu gew\u00e4hrleisten. Das Innenleben des RCL -100 LED-Suchscheinwerfers ist vollst\u00e4ndig gekapselt und erm\u00f6glicht eine pr\u00e4zise Neigungssteuerung des Strahls bei gleichzeitigem Schutz. Das effizient konzipierte LED-Array bietet eine Lebensdauer von \u00fcber 40.000 Stunden. Der Scheinwerfer verf\u00fcgt au\u00dferdem \u00fcber unsere exklusive XRCiZ\u2122-Funktion, die sich alle 30 Tage nach der Aktivierung selbstst\u00e4ndig dreht, um sicherzustellen, dass alle Lagerfl\u00e4chen korrosionsfrei und alle elektrischen Kontakte funktionsf\u00e4hig sind. Der RCL -100 LED ist wetterbest\u00e4ndig und wird mit 12 oder 24 V Gleichstrom betrieben.    <\/p>\n<p>Die neue ACR RCL -100 LED-Leuchte wird in einem praktischen Kit verkauft, das wie folgt konfiguriert ist.<\/p>\n<ul>\n<li>Kabelgebundenes Kit: RCL -100 LED-Suchscheinwerfer mit Hauptsteuerung und kabelgebundenem Point Pad Controller (P\/N 1951 oder 1951.B)<\/li>\n<\/ul>\n<p>&nbsp;<\/p>\n<h3>Hauptmerkmale der neuen RCL -100 LED:<\/h3>\n<ul>\n<li>Ultrahelles 9-LED-Array erzeugt \u00fcber 220.000 Candela<\/li>\n<li>Effiziente, langlebige LEDs \u2013 40.000 Betriebsstunden<\/li>\n<li>Reduzierter Stromverbrauch um bis zu 50 % auf 12-V-Schiffen<\/li>\n<li>Der Controller verf\u00fcgt \u00fcber modernste Elektronik, um das Licht vor den meisten Stromst\u00f6\u00dfen zu sch\u00fctzen<\/li>\n<li>Interner H\u00f6henmechanismus f\u00fcr pr\u00e4zise Neigungssteuerung des Strahls; sch\u00fctzt den H\u00f6henmechanismus vor Witterungseinfl\u00fcssen<\/li>\n<li>Robustes, dreifach grundiertes und versiegeltes Aluminiumgeh\u00e4use in Marinequalit\u00e4t<\/li>\n<li>Inklusive Point Pad zur Fingertipp-Fernbedienung; bis zu drei Point Pad-Fernbedienungseinheiten k\u00f6nnen im System installiert werden; Optionen f\u00fcr Aufputz-\/Unterputzmontage im Lieferumfang enthalten<\/li>\n<li>Die exklusive XRCiZ\u2122-Funktion dreht und bewegt die Lichtbaugruppe alle 30 Tage nach der Aktivierung, um alle Lagerfl\u00e4chen korrosionsfrei und alle elektrischen Kontakte funktionsf\u00e4hig zu halten<\/li>\n<li>Der Kabelbaum von 15 Fu\u00df (4,57 m)<\/li>\n<li>Zweistufiger Motor<\/li>\n<\/ul>\n<p>&nbsp;<\/p>\n<h3>Verf\u00fcgbare Konfigurationen:<\/h3>\n<p>Die RCL-100 LED ist in einer Reihe verschiedener praktischer Konfigurationen erh\u00e4ltlich, wie unten aufgef\u00fchrt.<\/p>\n<p>&nbsp;<\/p>\n<p><em><strong>Teilenummern f\u00fcr Suchscheinwerfer-Kits mit URP-102 Point Pad und URC-103 Master Controller:<\/strong><\/em><\/p>\n<table>\n<tbody>\n<tr>\n<td width=\"103\"><strong>TEILENUMMER<\/strong><\/td>\n<td width=\"619\"><strong>BESCHREIBUNG<\/strong><\/td>\n<\/tr>\n<tr>\n<td width=\"103\">1951<\/td>\n<td width=\"619\">RCL-100 LED, Wei\u00df, mit URC-103 Master Controller und URP-102 Point Pad<\/td>\n<\/tr>\n<tr>\n<td width=\"103\">1951.B<\/td>\n<td width=\"619\">RCL-100 LED, Schwarz, mit URC-103 Master Controller und URP-102 Point Pad<\/td>\n<\/tr>\n<\/tbody>\n<\/table>\n<p>&nbsp;<\/p>\n<p><em><strong>Teilenummern f\u00fcr Suchscheinwerfer-Kits mit dem aktualisierten URP-103 Point Pad und dem URC-104 Master Controller:<\/strong><\/em><\/p>\n<table>\n<tbody>\n<tr>\n<td width=\"103\"><strong>TEILENUMMER<\/strong><\/td>\n<td width=\"619\"><strong>BESCHREIBUNG<\/strong><\/td>\n<\/tr>\n<tr>\n<td width=\"103\">1976<\/td>\n<td width=\"619\">RCL-100 LED, Wei\u00df, mit neuem URC-104 Master Controller, URP-103 Point Pad und URH-103 Handheld Wireless Remote<\/td>\n<\/tr>\n<tr>\n<td width=\"103\">1977<\/td>\n<td width=\"619\">RCL-100 LED, Schwarz, mit neuem URC-104 Master Controller, URP-103 Point Pad und URH-103 Handheld Wireless Remote<\/td>\n<\/tr>\n<tr>\n<td width=\"103\">1978<\/td>\n<td width=\"619\">RCL-100 LED, Wei\u00df, mit neuem URC-104 Master Controller und URP-103 Point Pad<\/td>\n<\/tr>\n<tr>\n<td width=\"103\">1979<\/td>\n<td width=\"619\">RCL-100 LED, Schwarz, mit neuem URC-104 Master Controller und URP-103 Point Pad<\/td>\n<\/tr>\n<\/tbody>\n<\/table>\n<h3><\/h3>\n<p>&nbsp;<\/p>\n<p>&nbsp;<\/p>\n<h3>Anweisungen zur Installation der mobilen App:<\/h3>\n<p>&nbsp;<\/p>\n<p><strong>HINWEIS: Das f\u00fcr die Nutzung der iOS- oder Android-Apps erforderliche Suchscheinwerfer-WLAN-Modul wird nicht mehr angeboten. Die folgenden Informationen richten sich an Kunden, die bereits \u00fcber das WLAN-Modul verf\u00fcgen und daher m\u00f6glicherweise Zugriff auf die App ben\u00f6tigen. <\/strong><\/p>\n<p>&nbsp;<\/p>\n<p><em><strong>iOS \u2013 Besuchen Sie den Apple App Store, suchen Sie nach \u201e ACR Searchlight\u201c und laden Sie die kostenlose App herunter<\/strong><\/em><\/p>\n<p><em><strong>Android \u2013 Wie im Screenshot unten gezeigt, \u00f6ffnen Sie die Einstellungen f\u00fcr \u201eSperrbildschirm und Sicherheit\u201c auf Ihrem Mobilger\u00e4t, mit dem Sie Ihren Suchscheinwerfer steuern m\u00f6chten. W\u00e4hlen Sie die Option \u201eApps aus unbekannten Quellen zulassen\u201c und klicken Sie auf \u201eOK\u201c. <a href=\"https:\/\/www.dropbox.com\/scl\/fi\/7vf72mbbatofnee3bw3mx\/ACR_searchlight_release.apk?rlkey=codcu1zvl5yhy7bryqn29e8pv&amp;dl=1\">Klicken Sie anschlie\u00dfend hier<\/a> , um die ACR Searchlight-App auf Ihrem Ger\u00e4t zu installieren. <\/strong><\/em><\/p>\n<p><a href=\"https:\/\/www.acrartex.com\/wp-content\/uploads\/2021\/03\/Android-Searchlight-App_Download-Instructions.png\"><img loading=\"lazy\" decoding=\"async\" class=\" wp-image-83080 aligncenter\" src=\"https:\/\/www.acrartex.com\/wp-content\/uploads\/2021\/03\/Android-Searchlight-App_Download-Instructions-300x265.png\" alt=\"\" width=\"317\" height=\"280\" srcset=\"https:\/\/www.acrartex.com\/wp-content\/uploads\/2021\/03\/Android-Searchlight-App_Download-Instructions-300x265.png 300w, https:\/\/www.acrartex.com\/wp-content\/uploads\/2021\/03\/Android-Searchlight-App_Download-Instructions.png 446w\" sizes=\"auto, (max-width: 317px) 100vw, 317px\" \/><\/a><\/p>\n","protected":false},"excerpt":{"rendered":"<p>Die LED-Version unseres beliebtesten Suchscheinwerfers RCL -100D bietet eine hohe LED-Intensit\u00e4t, die mit 220.000 Candela auch nachts und bei schlechten Lichtverh\u00e4ltnissen leuchtet. Das traditionell schlanke Design des RCL -100 LED macht ihn zu einer attraktiven und kosteng\u00fcnstigen Wahl f\u00fcr Sportyachten, Megayachten, Sportfischerboote und leichte Nutzfahrzeuge. Dank effizienterer LEDs reduziert der RCL -100 LED den Stromverbrauch auf 12-V-Booten um bis zu 50 %.  <\/p>\n<p>Besitzer des RCL -100 LED-Suchscheinwerfers und des \u00e4lteren Halogen-Suchscheinwerfers RCL -100D haben die M\u00f6glichkeit, das <a href=\"https:\/\/www.acrartex.com\/de\/products\/wi-fi-fernbedienungsmodul\/\">WLAN-Fernbedienungsmodul<\/a> zu erwerben. Damit k\u00f6nnen Sie Ihren RCL -100 LED und RCL -100D flexibel \u00fcber die kostenlose ACR Searchlight App steuern. <a href=\"https:\/\/www.dropbox.com\/s\/68k95jlvicbgmgy\/Privacy%20Policy_ACR%20Searchlight%20App.pdf?dl=1\">Die Datenschutzrichtlinie f\u00fcr die ACR Searchlight App finden Sie unter diesem Link<\/a> .<\/p>\n<p>&nbsp;<\/p>\n<p style=\"margin-left: 0in; margin-right: 0in;\"><span style=\"font-size: 11pt;\"><span style=\"font-family: Calibri,sans-serif;\"><a style=\"color: blue; text-decoration: underline;\" href=\"https:\/\/www.dropbox.com\/s\/ezakylsa2478sav\/Prop%2065%20-%20DINP%20and%20BPA.pdf?dl=0\"><span style=\"color: #000000;\">WARNUNG: PROP 65<\/span><\/a><\/span><\/span><\/p>\n","protected":false},"featured_media":36738,"template":"","meta":{"_acf_changed":false,"om_disable_all_campaigns":false},"product_brand":[],"product_cat":[6024,6023,6026,5636,7189,6025],"product_tag":[7335,7337,7321,7209,7313,7325,7316,7329,7318,7323,7203,7201,7328,7327,7195,7199,7197,7207,7331,7333],"class_list":{"0":"post-152446","1":"product","2":"type-product","3":"status-publish","4":"has-post-thumbnail","6":"product_cat-in-kustennahe","7":"product_cat-inland-de","8":"product_cat-kommerziell","9":"product_cat-marine-de","10":"product_cat-suchscheinwerfer-de","11":"product_cat-vor-der-kuste","12":"product_tag-1951-de","13":"product_tag-1951-b-de","14":"product_tag-acr-rcl-100-led-de","15":"product_tag-acr-suchscheinwerfer","16":"product_tag-led-bootssuchscheinwerfer","17":"product_tag-led-suchscheinwerfer-de","18":"product_tag-led-suchscheinwerfer","19":"product_tag-led-suchscheinwerfer-fur-boote","20":"product_tag-marine-led-suchscheinwerfer","21":"product_tag-marine-led-suchscheinwerfer-de","22":"product_tag-marine-suchscheinwerfer-de","23":"product_tag-marine-suchscheinwerfer","24":"product_tag-rcl-100-led-de","25":"product_tag-rcl-100-led-suchscheinwerfer","26":"product_tag-suchscheinwerfer-de","27":"product_tag-suchscheinwerfer-fur-boote","28":"product_tag-suchscheinwerfer-zu-verkaufen","29":"product_tag-suchscheinwerferfirma","30":"product_tag-teilenummer-1951","31":"product_tag-teilenummer-1951-de","32":"pa_product-suchscheinwerfer","34":"first","35":"instock","36":"taxable","37":"shipping-taxable","38":"purchasable","39":"product-type-variable"},"acf":[],"_links":{"self":[{"href":"https:\/\/www.acrartex.com\/de\/wp-json\/wp\/v2\/product\/152446","targetHints":{"allow":["GET"]}}],"collection":[{"href":"https:\/\/www.acrartex.com\/de\/wp-json\/wp\/v2\/product"}],"about":[{"href":"https:\/\/www.acrartex.com\/de\/wp-json\/wp\/v2\/types\/product"}],"wp:featuredmedia":[{"embeddable":true,"href":"https:\/\/www.acrartex.com\/de\/wp-json\/wp\/v2\/media\/36738"}],"wp:attachment":[{"href":"https:\/\/www.acrartex.com\/de\/wp-json\/wp\/v2\/media?parent=152446"}],"wp:term":[{"taxonomy":"product_brand","embeddable":true,"href":"https:\/\/www.acrartex.com\/de\/wp-json\/wp\/v2\/product_brand?post=152446"},{"taxonomy":"product_cat","embeddable":true,"href":"https:\/\/www.acrartex.com\/de\/wp-json\/wp\/v2\/product_cat?post=152446"},{"taxonomy":"product_tag","embeddable":true,"href":"https:\/\/www.acrartex.com\/de\/wp-json\/wp\/v2\/product_tag?post=152446"}],"curies":[{"name":"wp","href":"https:\/\/api.w.org\/{rel}","templated":true}]}}