{"id":152445,"date":"2021-03-16T08:15:06","date_gmt":"2021-03-16T13:15:06","guid":{"rendered":"https:\/\/www.acrartex.com\/products\/rcl-100d-suchscheinwerfer\/"},"modified":"2021-03-16T08:15:06","modified_gmt":"2021-03-16T13:15:06","slug":"rcl-100d-suchscheinwerfer","status":"publish","type":"product","link":"https:\/\/www.acrartex.com\/de\/products\/rcl-100d-suchscheinwerfer\/","title":{"rendered":"RCL -100D Suchscheinwerfer"},"content":{"rendered":"<p>Das salzwasserbest\u00e4ndige Design umfasst eine dreifach grundierte und versiegelte Konstruktion, Nylon- und Phenol-Unterlegscheiben sowie aluminisierte Edelstahlschrauben mit isolierendem Schmiermittel.<\/p>\n<p>&nbsp;<\/p>\n<p>Anwendung: Sportyachten, Megayachten, Sportfischerei- und Handelsschiffe.<\/p>\n<ul>\n<li>Zwei leistungsstarke 55-Watt-Halogenlampen<\/li>\n<li>Der Controller verf\u00fcgt \u00fcber modernste Elektronik, um das Licht vor den meisten Stromst\u00f6\u00dfen zu sch\u00fctzen<\/li>\n<li>Sanftes Ein- und Ausschalten erh\u00f6ht die Lebensdauer der Gl\u00fchbirne<\/li>\n<li>Interner H\u00f6henmechanismus f\u00fcr pr\u00e4zise Neigungssteuerung des Strahls; sch\u00fctzt den H\u00f6henmechanismus vor Witterungseinfl\u00fcssen<\/li>\n<li>Robustes, dreifach grundiertes und versiegeltes Aluminiumgeh\u00e4use in Marinequalit\u00e4t<\/li>\n<li>Inklusive Point Pad zur Fingertipp-Fernbedienung; bis zu drei Point Pad-Fernbedienungseinheiten k\u00f6nnen im System installiert werden; Optionen f\u00fcr Aufputz-\/Unterputzmontage im Lieferumfang enthalten<\/li>\n<li>Die exklusive XRCiZ\u2122-Funktion dreht und bewegt die Lichtbaugruppe alle 30 Tage nach der Aktivierung, um alle Lagerfl\u00e4chen korrosionsfrei und alle elektrischen Kontakte funktionsf\u00e4hig zu halten<\/li>\n<li>Kabelbaum von 15 Fu\u00df (4,57 m)<\/li>\n<\/ul>\n<p>Tags: Suchscheinwerfer, Suchscheinwerfer, RCL Suchscheinwerfer, RCL 100, Bootssuchscheinwerfer, Marine-Suchscheinwerfer, Marine-Suchscheinwerfer, ACR-Suchscheinwerfer, 1930, P\/N 1930, 1931, P\/N 1931<\/p>\n","protected":false},"excerpt":{"rendered":"<p>Das robuste Aluminiumgeh\u00e4use des RCL -100D in Marinequalit\u00e4t eignet sich ideal f\u00fcr mittelgro\u00dfe Sportyachten und kommerzielle Schiffe. Das salzwasserbest\u00e4ndige Design des Suchscheinwerfers umfasst eine dreifach grundierte und versiegelte Konstruktion, Nylon- und Phenol-Unterlegscheiben sowie aluminisierte Edelstahlschrauben. <\/p>\n<p>&nbsp;<\/p>\n<p style=\"margin-left: 0in; margin-right: 0in;\"><span style=\"font-size: 11pt;\"><span style=\"font-family: Calibri,sans-serif;\"><a style=\"color: blue; text-decoration: underline;\" href=\"https:\/\/www.dropbox.com\/s\/ezakylsa2478sav\/Prop%2065%20-%20DINP%20and%20BPA.pdf?dl=0\"><span style=\"color: #000000;\">WARNUNG: PROP 65<\/span><\/a><\/span><\/span><\/p>\n<p style=\"margin-left: 0in; margin-right: 0in;\">\n","protected":false},"featured_media":152447,"template":"","meta":{"_acf_changed":false,"om_disable_all_campaigns":false},"product_brand":[],"product_cat":[6024,6023,6026,5636,7189,6025],"product_tag":[7315,7317,7209,7211,7201,7190,7312,7310,7192,7199,7210],"class_list":{"0":"post-152445","1":"product","2":"type-product","3":"status-publish","4":"has-post-thumbnail","6":"product_cat-in-kustennahe","7":"product_cat-inland-de","8":"product_cat-kommerziell","9":"product_cat-marine-de","10":"product_cat-suchscheinwerfer-de","11":"product_cat-vor-der-kuste","12":"product_tag-12v-suchscheinwerfer","13":"product_tag-24v-suchscheinwerfer","14":"product_tag-acr-suchscheinwerfer","15":"product_tag-acr-suchscheinwerfer-de","16":"product_tag-marine-suchscheinwerfer","17":"product_tag-rcl-de","18":"product_tag-rcl-100-de","19":"product_tag-rcl100-de","20":"product_tag-suchscheinwerfer","21":"product_tag-suchscheinwerfer-fur-boote","22":"product_tag-xenon-suchscheinwerfer-de","23":"pa_product-vermachtnis","25":"first","26":"outofstock","27":"taxable","28":"shipping-taxable","29":"product-type-simple"},"acf":[],"_links":{"self":[{"href":"https:\/\/www.acrartex.com\/de\/wp-json\/wp\/v2\/product\/152445","targetHints":{"allow":["GET"]}}],"collection":[{"href":"https:\/\/www.acrartex.com\/de\/wp-json\/wp\/v2\/product"}],"about":[{"href":"https:\/\/www.acrartex.com\/de\/wp-json\/wp\/v2\/types\/product"}],"wp:featuredmedia":[{"embeddable":true,"href":"https:\/\/www.acrartex.com\/de\/wp-json\/wp\/v2\/media\/152447"}],"wp:attachment":[{"href":"https:\/\/www.acrartex.com\/de\/wp-json\/wp\/v2\/media?parent=152445"}],"wp:term":[{"taxonomy":"product_brand","embeddable":true,"href":"https:\/\/www.acrartex.com\/de\/wp-json\/wp\/v2\/product_brand?post=152445"},{"taxonomy":"product_cat","embeddable":true,"href":"https:\/\/www.acrartex.com\/de\/wp-json\/wp\/v2\/product_cat?post=152445"},{"taxonomy":"product_tag","embeddable":true,"href":"https:\/\/www.acrartex.com\/de\/wp-json\/wp\/v2\/product_tag?post=152445"}],"curies":[{"name":"wp","href":"https:\/\/api.w.org\/{rel}","templated":true}]}}