{"id":152392,"date":"2021-03-16T08:14:56","date_gmt":"2021-03-16T13:14:56","guid":{"rendered":"https:\/\/www.acrartex.com\/products\/rcl-600a-suchscheinwerfer\/"},"modified":"2026-02-03T14:11:25","modified_gmt":"2026-02-03T19:11:25","slug":"rcl-600a-suchscheinwerfer","status":"publish","type":"product","link":"https:\/\/www.acrartex.com\/de\/products\/rcl-600a-suchscheinwerfer\/","title":{"rendered":"RCL -600A Suchscheinwerfer"},"content":{"rendered":"<p>Der robuste Suchscheinwerfer aus pulverbeschichtetem Aluminium mit allen internen\/gesch\u00fctzten Motoren und H\u00f6henmechanismen h\u00e4lt der rauen Meeresumgebung jahrelang stand<\/p>\n<ul>\n<li>Automatische R\u00fcckkehr bringt das Licht zur\u00fcck in eine voreingestellte Position<\/li>\n<li>Xenonlampe und Parabolreflektor sorgen f\u00fcr einen extrem intensiven Strahl mit 6.000.000 Candela<\/li>\n<li>Das Geh\u00e4use ist um volle 360\u00b0 drehbar und erm\u00f6glicht so eine Rundumbeleuchtung<\/li>\n<li>Nylon-Schulterscheiben an der Basis verhindern die galvanische Reaktion<\/li>\n<li>Aluminiumgeh\u00e4use in Marinequalit\u00e4t f\u00fcr jahrelangen zuverl\u00e4ssigen, wetterfesten Betrieb<\/li>\n<li>\u00c4sthetisches Design, um die Leistungsanforderungen gro\u00dfer Sportyachten zu erf\u00fcllen<\/li>\n<li>Der interne H\u00f6henmechanismus erm\u00f6glicht die Neigungssteuerung des Scheinwerfers und sch\u00fctzt den H\u00f6henmechanismus gleichzeitig vor Witterungseinfl\u00fcssen<\/li>\n<\/ul>\n<p>Tags: Suchscheinwerfer, Suchscheinwerfer, RCL Suchscheinwerfer, RCL 600, Bootssuchscheinwerfer, Marinesuchscheinwerfer, Marinesuchscheinwerfer, ACR Suchscheinwerfer, 1941, P\/N 1941<\/p>\n","protected":false},"excerpt":{"rendered":"<p>Mit 6 Millionen Candela durchdringt dieser erstklassige Suchscheinwerfer selbst die dunkelste Nacht. Seine hochintensive 150-Watt-Xenon-Gl\u00fchbirne und der Parabolreflektor bieten starke Leistung f\u00fcr Handelsschiffe, w\u00e4hrend sein \u00e4sthetisches Design alle Anforderungen gro\u00dfer Sportyachten erf\u00fcllt. Wechseln Sie einfach von Flutlicht zu Spotlicht und zielen Sie pr\u00e4zise mit dem integrierten Fern-Joystick.  <\/p>\n","protected":false},"featured_media":152402,"template":"","meta":{"_acf_changed":false,"om_disable_all_campaigns":false},"product_brand":[],"product_cat":[6024,6026,5636,7189,6025],"product_tag":[7209,7211,7213,7201,7203,7190,7193,7192,7195,7199,7217,7197,7207,7205,7210],"class_list":{"0":"post-152392","1":"product","2":"type-product","3":"status-publish","4":"has-post-thumbnail","6":"product_cat-in-kustennahe","7":"product_cat-kommerziell","8":"product_cat-marine-de","9":"product_cat-suchscheinwerfer-de","10":"product_cat-vor-der-kuste","11":"product_tag-acr-suchscheinwerfer","12":"product_tag-acr-suchscheinwerfer-de","13":"product_tag-jabsco-suchscheinwerfer","14":"product_tag-marine-suchscheinwerfer","15":"product_tag-marine-suchscheinwerfer-de","16":"product_tag-rcl-de","17":"product_tag-rcl-suchscheinwerfer","18":"product_tag-suchscheinwerfer","19":"product_tag-suchscheinwerfer-de","20":"product_tag-suchscheinwerfer-fur-boote","21":"product_tag-suchscheinwerfer-mit-fernbedienung","22":"product_tag-suchscheinwerfer-zu-verkaufen","23":"product_tag-suchscheinwerferfirma","24":"product_tag-xenon-suchscheinwerfer","25":"product_tag-xenon-suchscheinwerfer-de","26":"pa_boat-type-charteryacht-de","27":"pa_boat-type-frachtschiff","28":"pa_boat-type-kommerzielle-fischerei","29":"pa_boat-type-yacht-de","30":"pa_product-suchscheinwerfer","32":"first","33":"instock","34":"taxable","35":"shipping-taxable","36":"purchasable","37":"product-type-simple"},"acf":[],"_links":{"self":[{"href":"https:\/\/www.acrartex.com\/de\/wp-json\/wp\/v2\/product\/152392","targetHints":{"allow":["GET"]}}],"collection":[{"href":"https:\/\/www.acrartex.com\/de\/wp-json\/wp\/v2\/product"}],"about":[{"href":"https:\/\/www.acrartex.com\/de\/wp-json\/wp\/v2\/types\/product"}],"wp:featuredmedia":[{"embeddable":true,"href":"https:\/\/www.acrartex.com\/de\/wp-json\/wp\/v2\/media\/152402"}],"wp:attachment":[{"href":"https:\/\/www.acrartex.com\/de\/wp-json\/wp\/v2\/media?parent=152392"}],"wp:term":[{"taxonomy":"product_brand","embeddable":true,"href":"https:\/\/www.acrartex.com\/de\/wp-json\/wp\/v2\/product_brand?post=152392"},{"taxonomy":"product_cat","embeddable":true,"href":"https:\/\/www.acrartex.com\/de\/wp-json\/wp\/v2\/product_cat?post=152392"},{"taxonomy":"product_tag","embeddable":true,"href":"https:\/\/www.acrartex.com\/de\/wp-json\/wp\/v2\/product_tag?post=152392"}],"curies":[{"name":"wp","href":"https:\/\/api.w.org\/{rel}","templated":true}]}}