{"id":152391,"date":"2021-03-16T08:15:01","date_gmt":"2021-03-16T13:15:01","guid":{"rendered":"https:\/\/www.acrartex.com\/products\/rcl-300a-suchscheinwerfer\/"},"modified":"2026-02-03T14:06:35","modified_gmt":"2026-02-03T19:06:35","slug":"rcl-300a-suchscheinwerfer","status":"publish","type":"product","link":"https:\/\/www.acrartex.com\/de\/products\/rcl-300a-suchscheinwerfer\/","title":{"rendered":"RCL -300A Suchscheinwerfer"},"content":{"rendered":"<p>Es ist abgedichtet und so verarbeitet, dass es der Meeresumwelt standh\u00e4lt, und alle Funktionen k\u00f6nnen mit dem mitgelieferten Point Pad\u2122 und Master Controller bedient werden (es k\u00f6nnen bis zu drei Fernbedienungen installiert werden).<\/p>\n<ul>\n<li>Der interne H\u00f6henmechanismus erm\u00f6glicht die Neigungssteuerung des Scheinwerferstrahls und sch\u00fctzt den H\u00f6henmechanismus vor Witterungseinfl\u00fcssen.<\/li>\n<li>Inklusive Point Pad\u2122-Fernbedienung per Fingertipp; bis zu drei Point Pad\u2122-Fernbedienungseinheiten k\u00f6nnen im System installiert werden; Optionen f\u00fcr Aufputz-\/Unterputzmontage im Lieferumfang enthalten<\/li>\n<li>Robustes, dreifach grundiertes und versiegeltes Aluminiumgeh\u00e4use in Marinequalit\u00e4t<\/li>\n<li>Die XRCiZ\u2122-Funktion dreht und bewegt die Lichtbaugruppe alle 30 Tage nach der Aktivierung, um alle Lagerfl\u00e4chen korrosionsfrei und alle elektrischen Kontakte funktionsf\u00e4hig zu halten<\/li>\n<li>Salzwasserbest\u00e4ndige Konstruktion mit Nylon- und Phenol-Unterlegscheiben, aluminisierten Edelstahlschrauben mit isolierendem Schmiermittel<\/li>\n<li>Kabelbaum enthalten<\/li>\n<li>* Zwei 35-W-HID-Metallhalogenidlampen bieten jeweils \u00fcber 500.000 CD und in Kombination 1 Million effektive CD.<\/li>\n<\/ul>\n<p>Tags: Suchscheinwerfer, Suchscheinwerfer, RCL Suchscheinwerfer, RCL 300, Bootssuchscheinwerfer, Marine-Suchscheinwerfer, Marine-Suchscheinwerfer, ACR-Suchscheinwerfer, 1933, P\/N 1933<\/p>\n","protected":false},"excerpt":{"rendered":"<p>Zwei 35-Watt-Metallhalogenid-HID-Lampen erzeugen einen schmalen Suchscheinwerfer, der sich ideal f\u00fcr gro\u00dfe Sportyachten und Megayachten sowie gro\u00dfe Sportfischerei- und Handelsschiffe eignet. Der Suchscheinwerfer RCL -300A erh\u00f6ht die Sicherheit auf See bei Nachtbetrieb. Er ist dank eines professionellen Joysticks mit IP 69K-Schutz und Beleuchtung einfach zu bedienen.  <\/p>\n<p><a href=\"https:\/\/www.dropbox.com\/s\/8343nj28z0d7bxa\/Prop%2065%20-%20BPA.pdf?dl=0\">WARNUNG: PROP 65<\/a><\/p>\n","protected":false},"featured_media":152399,"template":"","meta":{"_acf_changed":false,"om_disable_all_campaigns":false},"product_brand":[],"product_cat":[5636,7189],"product_tag":[7209,7211,7201,7203,7190,7212,7192,7195,7199,7197,7207,7205,7210],"class_list":{"0":"post-152391","1":"product","2":"type-product","3":"status-publish","4":"has-post-thumbnail","6":"product_cat-marine-de","7":"product_cat-suchscheinwerfer-de","8":"product_tag-acr-suchscheinwerfer","9":"product_tag-acr-suchscheinwerfer-de","10":"product_tag-marine-suchscheinwerfer","11":"product_tag-marine-suchscheinwerfer-de","12":"product_tag-rcl-de","13":"product_tag-rcl-300a-de","14":"product_tag-suchscheinwerfer","15":"product_tag-suchscheinwerfer-de","16":"product_tag-suchscheinwerfer-fur-boote","17":"product_tag-suchscheinwerfer-zu-verkaufen","18":"product_tag-suchscheinwerferfirma","19":"product_tag-xenon-suchscheinwerfer","20":"product_tag-xenon-suchscheinwerfer-de","21":"pa_product-suchscheinwerfer","23":"first","24":"instock","25":"taxable","26":"shipping-taxable","27":"purchasable","28":"product-type-simple"},"acf":[],"_links":{"self":[{"href":"https:\/\/www.acrartex.com\/de\/wp-json\/wp\/v2\/product\/152391","targetHints":{"allow":["GET"]}}],"collection":[{"href":"https:\/\/www.acrartex.com\/de\/wp-json\/wp\/v2\/product"}],"about":[{"href":"https:\/\/www.acrartex.com\/de\/wp-json\/wp\/v2\/types\/product"}],"wp:featuredmedia":[{"embeddable":true,"href":"https:\/\/www.acrartex.com\/de\/wp-json\/wp\/v2\/media\/152399"}],"wp:attachment":[{"href":"https:\/\/www.acrartex.com\/de\/wp-json\/wp\/v2\/media?parent=152391"}],"wp:term":[{"taxonomy":"product_brand","embeddable":true,"href":"https:\/\/www.acrartex.com\/de\/wp-json\/wp\/v2\/product_brand?post=152391"},{"taxonomy":"product_cat","embeddable":true,"href":"https:\/\/www.acrartex.com\/de\/wp-json\/wp\/v2\/product_cat?post=152391"},{"taxonomy":"product_tag","embeddable":true,"href":"https:\/\/www.acrartex.com\/de\/wp-json\/wp\/v2\/product_tag?post=152391"}],"curies":[{"name":"wp","href":"https:\/\/api.w.org\/{rel}","templated":true}]}}