{"id":152280,"date":"2021-03-16T08:14:18","date_gmt":"2021-03-16T13:14:18","guid":{"rendered":"https:\/\/www.acrartex.com\/products\/fernschalter-me406-ace-455-0023\/"},"modified":"2021-03-16T08:14:18","modified_gmt":"2021-03-16T13:14:18","slug":"fernschalter-me406-ace-455-0023","status":"publish","type":"product","link":"https:\/\/www.acrartex.com\/de\/products\/fernschalter-me406-ace-455-0023\/","title":{"rendered":"Fernschalter, ME406 ACE 455-0023"},"content":{"rendered":"<p>Der Fernschalter enth\u00e4lt eine kleine Lithiumbatterie mit 5 Jahren Lebensdauer zur Stromversorgung der LED des Fernschalters. Dadurch ist das ELT System unabh\u00e4ngig vom Bordnetz. Auf der R\u00fcckseite des Fernschalters befindet sich der Anschluss f\u00fcr das bereits installierte und wiederverwendbare Telefonkabel der ACK- oder Ameri-King ELT Installation. <\/p>\n","protected":false},"excerpt":{"rendered":"<p>Dieser Fernschalter enth\u00e4lt eine kleine Lithiumbatterie mit 5 Jahren Lebensdauer, die die LED des Fernschalters mit Strom versorgt und so das ELT System unabh\u00e4ngig vom Bordnetz macht. Auf der R\u00fcckseite des Fernschalters befindet sich der Anschluss f\u00fcr das bereits installierte und wiederverwendete Telefonkabel der ACK- oder Ameri-King ELT Installation. Der Fernschalter f\u00fcr ME406 ACE passt genau in die Aussparung des ACK ELT -Fernschalters am Instrumentenbrett eines Flugzeugs. F\u00fcr Upgrades des Ameri-King ELT Systems muss die Aussparung jedoch leicht angepasst werden.  <\/p>\n<p>&nbsp;<\/p>\n","protected":false},"featured_media":152283,"template":"","meta":{"_acf_changed":false,"om_disable_all_campaigns":false},"product_brand":[],"product_cat":[5570],"product_tag":[6927,6247,6272,6924,6890,6447,6446,6930,6934,6928,6932,6926],"class_list":{"0":"post-152280","1":"product","2":"type-product","3":"status-publish","4":"has-post-thumbnail","6":"product_cat-luftfahrt","7":"product_tag-453-0023-de","8":"product_tag-elt-fernschalter","9":"product_tag-fernbedienung","10":"product_tag-fernprufschalter","11":"product_tag-fernschalter","12":"product_tag-fernschalter-fur-nachtsicht","13":"product_tag-nvg-fernschalter","14":"product_tag-p-n-453-0023-de","15":"product_tag-p-n453-0023-de","16":"product_tag-pn-453-0023-de","17":"product_tag-pn453-0023-de","18":"product_tag-teilenummer-453-0023","20":"first","21":"instock","22":"taxable","23":"shipping-taxable","24":"product-type-simple"},"acf":[],"_links":{"self":[{"href":"https:\/\/www.acrartex.com\/de\/wp-json\/wp\/v2\/product\/152280","targetHints":{"allow":["GET"]}}],"collection":[{"href":"https:\/\/www.acrartex.com\/de\/wp-json\/wp\/v2\/product"}],"about":[{"href":"https:\/\/www.acrartex.com\/de\/wp-json\/wp\/v2\/types\/product"}],"wp:featuredmedia":[{"embeddable":true,"href":"https:\/\/www.acrartex.com\/de\/wp-json\/wp\/v2\/media\/152283"}],"wp:attachment":[{"href":"https:\/\/www.acrartex.com\/de\/wp-json\/wp\/v2\/media?parent=152280"}],"wp:term":[{"taxonomy":"product_brand","embeddable":true,"href":"https:\/\/www.acrartex.com\/de\/wp-json\/wp\/v2\/product_brand?post=152280"},{"taxonomy":"product_cat","embeddable":true,"href":"https:\/\/www.acrartex.com\/de\/wp-json\/wp\/v2\/product_cat?post=152280"},{"taxonomy":"product_tag","embeddable":true,"href":"https:\/\/www.acrartex.com\/de\/wp-json\/wp\/v2\/product_tag?post=152280"}],"curies":[{"name":"wp","href":"https:\/\/api.w.org\/{rel}","templated":true}]}}