{"id":152134,"date":"2021-03-16T08:13:16","date_gmt":"2021-03-16T13:13:16","guid":{"rendered":"https:\/\/www.acrartex.com\/products\/globalfix-v4-halterung-mit-manueller-entriegelung\/"},"modified":"2025-07-29T14:57:53","modified_gmt":"2025-07-29T19:57:53","slug":"globalfix-v4-halterung-mit-manueller-entriegelung","status":"publish","type":"product","link":"https:\/\/www.acrartex.com\/de\/products\/globalfix-v4-halterung-mit-manueller-entriegelung\/","title":{"rendered":"GlobalFix V4 Halterung mit manueller Entriegelung"},"content":{"rendered":"<ul>\n<li>Durch die Einwegmontage wird die M\u00f6glichkeit einer r\u00fcckw\u00e4rtigen Installation EPIRB ausgeschlossen<\/li>\n<li>Integrierter Deaktivierungsmagnet verhindert die \u00dcbertragung der EPIRB bis zur Ausl\u00f6sung<\/li>\n<li>Funktioniert mit dem ACR GlobalFix \u2122 V4 (RLB-41)<\/li>\n<\/ul>\n","protected":false},"excerpt":{"rendered":"<p>Sorgen Sie mit der GlobalFix V4 Halterung f\u00fcr zus\u00e4tzliche Sicherheit auf See. Diese EPIRB Halterung sch\u00fctzt Ihre EPIRB sicher, egal wohin Ihre Abenteuer Sie f\u00fchren. Im Notfall auf dem Boot erm\u00f6glicht die GlobalFix V4 Halterung eine Schnellentriegelung, sodass Sie schnell und einfach ein Signal an Such- und Rettungssatelliten senden k\u00f6nnen. Diese Halterung ist ausschlie\u00dflich f\u00fcr GlobalFix \u2122 V4 EPIRBs geeignet.   <\/p>\n<p>&nbsp;<\/p>\n<p>&nbsp;<\/p>\n<p>&nbsp;<\/p>\n","protected":false},"featured_media":152142,"template":"","meta":{"_acf_changed":false,"om_disable_all_campaigns":false},"product_brand":[],"product_cat":[6024,6023,6026,5636,6558,6025],"product_tag":[6576,6561,6572,6580,6559,6568,6564],"class_list":{"0":"post-152134","1":"product","2":"type-product","3":"status-publish","4":"has-post-thumbnail","6":"product_cat-in-kustennahe","7":"product_cat-inland-de","8":"product_cat-kommerziell","9":"product_cat-marine-de","10":"product_cat-sicherheitszubehor","11":"product_cat-vor-der-kuste","12":"product_tag-entriegelungshalterung","13":"product_tag-halterung","14":"product_tag-kategorie-2","15":"product_tag-rlb-de","16":"product_tag-rlb-41-de","17":"product_tag-rlb-41-kategorie-ii","18":"product_tag-rlb-41-kategorie-ii-manuelle-entriegelungshalterung","19":"pa_boat-size-0-20-de","20":"pa_boat-size-21-40-de","21":"pa_boat-size-40-80-de","22":"pa_boat-size-80-de","23":"pa_boat-type-charteryacht-de","24":"pa_boat-type-frachtschiff","25":"pa_boat-type-kommerzielle-fischerei","26":"pa_boat-type-motorboot","27":"pa_boat-type-schlepper","28":"pa_boat-type-segelboot","29":"pa_boat-type-sportcraft-de","30":"pa_boat-type-yacht-de","31":"pa_product-rescue-beacons-de","32":"pa_product-rescue-beacons-ukw-sart","33":"pa_product-sicherheitszubehor","35":"first","36":"onbackorder","37":"taxable","38":"shipping-taxable","39":"purchasable","40":"product-type-simple"},"acf":[],"_links":{"self":[{"href":"https:\/\/www.acrartex.com\/de\/wp-json\/wp\/v2\/product\/152134","targetHints":{"allow":["GET"]}}],"collection":[{"href":"https:\/\/www.acrartex.com\/de\/wp-json\/wp\/v2\/product"}],"about":[{"href":"https:\/\/www.acrartex.com\/de\/wp-json\/wp\/v2\/types\/product"}],"wp:featuredmedia":[{"embeddable":true,"href":"https:\/\/www.acrartex.com\/de\/wp-json\/wp\/v2\/media\/152142"}],"wp:attachment":[{"href":"https:\/\/www.acrartex.com\/de\/wp-json\/wp\/v2\/media?parent=152134"}],"wp:term":[{"taxonomy":"product_brand","embeddable":true,"href":"https:\/\/www.acrartex.com\/de\/wp-json\/wp\/v2\/product_brand?post=152134"},{"taxonomy":"product_cat","embeddable":true,"href":"https:\/\/www.acrartex.com\/de\/wp-json\/wp\/v2\/product_cat?post=152134"},{"taxonomy":"product_tag","embeddable":true,"href":"https:\/\/www.acrartex.com\/de\/wp-json\/wp\/v2\/product_tag?post=152134"}],"curies":[{"name":"wp","href":"https:\/\/api.w.org\/{rel}","templated":true}]}}