{"id":152066,"date":"2021-03-16T08:13:54","date_gmt":"2021-03-16T13:13:54","guid":{"rendered":"https:\/\/www.acrartex.com\/products\/fernschalter-standard-8304\/"},"modified":"2021-03-16T08:13:54","modified_gmt":"2021-03-16T13:13:54","slug":"fernschalter-standard-8304","status":"publish","type":"product","link":"https:\/\/www.acrartex.com\/de\/products\/fernschalter-standard-8304\/","title":{"rendered":"Fernschalter, Standard 8304"},"content":{"rendered":"","protected":false},"excerpt":{"rendered":"<p>Dieser Fernschalter wurde entwickelt, um die Installationskosten zu senken und die 2-Draht-Installationen der veralteten 121,5-MHz-ELTs zu erm\u00f6glichen. Obwohl der 3-Positionen-Schalter standardm\u00e4\u00dfig auf den ARMED-Modus eingestellt ist, k\u00f6nnen Sie die Einstellungen \u00e4ndern, um Ihr ELT entweder zu testen oder vom Cockpit aus zu aktivieren. <\/p>\n","protected":false},"featured_media":152068,"template":"","meta":{"_acf_changed":false,"om_disable_all_campaigns":false},"product_brand":[],"product_cat":[2923],"product_tag":[6260,6251,6247,6272,6264,6276,6268,6255],"class_list":{"0":"post-152066","1":"product","2":"type-product","3":"status-publish","4":"has-post-thumbnail","6":"product_cat-nicht-kategorisiert","7":"product_tag-8304-de","8":"product_tag-elt-1000-fernschalter","9":"product_tag-elt-fernschalter","10":"product_tag-fernbedienung","11":"product_tag-pn-345-6196-de","12":"product_tag-schalter","13":"product_tag-teile-nr-8304","14":"product_tag-teilenummer-8304","16":"first","17":"instock","18":"taxable","19":"shipping-taxable","20":"product-type-simple"},"acf":[],"_links":{"self":[{"href":"https:\/\/www.acrartex.com\/de\/wp-json\/wp\/v2\/product\/152066","targetHints":{"allow":["GET"]}}],"collection":[{"href":"https:\/\/www.acrartex.com\/de\/wp-json\/wp\/v2\/product"}],"about":[{"href":"https:\/\/www.acrartex.com\/de\/wp-json\/wp\/v2\/types\/product"}],"wp:featuredmedia":[{"embeddable":true,"href":"https:\/\/www.acrartex.com\/de\/wp-json\/wp\/v2\/media\/152068"}],"wp:attachment":[{"href":"https:\/\/www.acrartex.com\/de\/wp-json\/wp\/v2\/media?parent=152066"}],"wp:term":[{"taxonomy":"product_brand","embeddable":true,"href":"https:\/\/www.acrartex.com\/de\/wp-json\/wp\/v2\/product_brand?post=152066"},{"taxonomy":"product_cat","embeddable":true,"href":"https:\/\/www.acrartex.com\/de\/wp-json\/wp\/v2\/product_cat?post=152066"},{"taxonomy":"product_tag","embeddable":true,"href":"https:\/\/www.acrartex.com\/de\/wp-json\/wp\/v2\/product_tag?post=152066"}],"curies":[{"name":"wp","href":"https:\/\/api.w.org\/{rel}","templated":true}]}}