{"id":151989,"date":"2021-03-16T08:13:46","date_gmt":"2021-03-16T13:13:46","guid":{"rendered":"https:\/\/www.acrartex.com\/products\/aqualink\/"},"modified":"2021-03-16T08:13:46","modified_gmt":"2021-03-16T13:13:46","slug":"aqualink","status":"publish","type":"product","link":"https:\/\/www.acrartex.com\/de\/products\/aqualink\/","title":{"rendered":"AquaLink\u2122"},"content":{"rendered":"<p><em><strong><a href=\"https:\/\/www.acrartex.com\/products\/resqlink-400\/\">Dieses Produkt wurde aktualisiert. <\/a> <\/strong><\/em><\/p>\n<p>AquaLink\u2122 sendet ein einzigartiges, registriertes Notsignal, das den Rettungskr\u00e4ften nicht nur Ihren Standort, sondern auch Ihre Identit\u00e4t mitteilt. Das integrierte GPS kann Ihre Position auf 100 Meter genau bestimmen und nutzt dann ein leistungsstarkes 406-MHz-Signal, um Ihren Notruf an Satelliten im Orbit weiterzuleiten. Bei der lokalen Suche und Rettung f\u00fchren ein separates Peilsignal und ein integriertes LED-Blitzlicht die Rettungskr\u00e4fte zu Ihrem genauen Standort.  <\/p>\n<p>&nbsp;<\/p>\n<p>Der AquaLink\u2122 ist klein genug, um bequem im Rucksack oder in der Tasche getragen zu werden oder an Deck, am Steuerstand, im Quartier oder an einer Schwimmweste getragen zu werden. Er schwimmt, wenn er versehentlich \u00fcber Bord f\u00e4llt. Ein vollst\u00e4ndiger Funktionstest der internen Schaltkreise, der Batteriespannung und -leistung sowie der 406-MHz-\u00dcbertragung des PLB gibt Ihnen die Gewissheit, dass Ihr PLB im entscheidenden Moment funktioniert. <\/p>\n<p>&nbsp;<\/p>\n<p>ACR Exklusiv: Der integrierte GPS Erfassungstestmodus erm\u00f6glicht es Ihnen, GPS Funktionalit\u00e4t w\u00e4hrend der Batterielebensdauer bis zu 12 Mal zu testen. Nutzen Sie die gleiche praxiserprobte Rettungstechnologie, die auch vom US-Milit\u00e4r, der K\u00fcstenwache, den NATO-Spezialeinheiten und Arktisforschern eingesetzt wird. <\/p>\n<p>&nbsp;<\/p>\n<ul>\n<li>Keine Abonnementgeb\u00fchren<\/li>\n<li>Schwimmk\u00f6rper<\/li>\n<li>Superhelles LED-Blitzlicht<\/li>\n<li>Integriertes 66-Kanal- GPS<\/li>\n<li>Selbsttest- und GPS Testfunktionen<\/li>\n<li>Typische Leistung 35 Stunden<\/li>\n<li>Nicht-Gefahrgutbatterie<\/li>\n<li>Hergestellt in den USA<\/li>\n<\/ul>\n<p>&nbsp;<\/p>\n<p>Wenn Sie es benutzen, ersetzen wir es kostenlos. Senden Sie uns einfach Ihre \u00dcberlebensgeschichte, schicken Sie uns Ihr gebrauchtes Beacon zur\u00fcck und wir senden Ihnen die neueste Version Ihres lebensrettenden Ger\u00e4ts zu. <\/p>\n","protected":false},"excerpt":{"rendered":"<p><em><strong>Dieses Produkt wurde aktualisiert. <a href=\"https:\/\/www.acrartex.com\/products\/resqlink-400\/\">Klicken Sie hier<\/a> f\u00fcr verf\u00fcgbare Upgrades<\/strong><\/em><\/p>\n<p>#PrepLikeAPro mit dem AquaLink\u2122 PLB . Dieses Rettungssignal ist klein genug f\u00fcr die Hosentasche und dennoch leistungsstark genug, um Ihre Position im Falle eines Bootsnotfalls pr\u00e4zise an ein Netzwerk von Such- und Rettungssatelliten zu \u00fcbermitteln. Mit diesem pers\u00f6nlichen Notfallsignal ist die Suche bei der Rettung kein Problem mehr.  <\/p>\n<p>&nbsp;<\/p>\n<p style=\"margin-left: 0in; margin-right: 0in;\"><span style=\"font-size: 11pt;\"><span style=\"font-family: Calibri,sans-serif;\"><a style=\"color: blue; text-decoration: underline;\" href=\"https:\/\/www.dropbox.com\/s\/8343nj28z0d7bxa\/Prop%2065%20-%20BPA.pdf?dl=0\"><span style=\"color: #000000;\">WARNUNG: PROP 65<\/span><\/a><\/span><\/span><\/p>\n<p style=\"margin-left: 0in; margin-right: 0in;\">\n","protected":false},"featured_media":151990,"template":"","meta":{"_acf_changed":false,"om_disable_all_campaigns":false},"product_brand":[],"product_cat":[5687,5636],"product_tag":[5576,5706,5708,5703,5698,6128,5694,5690,6127,6129,6130,5709],"class_list":{"0":"post-151989","1":"product","2":"type-product","3":"status-publish","4":"has-post-thumbnail","6":"product_cat-im-freien","7":"product_cat-marine-de","8":"product_tag-406-de","9":"product_tag-aqua-de","10":"product_tag-aqua-link-de","11":"product_tag-aqualink-de","12":"product_tag-geographisches-positionierungs-system","13":"product_tag-notrufortung","14":"product_tag-personliches-ortungssignal","15":"product_tag-plb-de","16":"product_tag-plb-350-de","17":"product_tag-plb-350b-de","18":"product_tag-plb350b-de","19":"product_tag-wasser","20":"pa_product-vermachtnis","22":"first","23":"outofstock","24":"taxable","25":"shipping-taxable","26":"product-type-simple"},"acf":[],"_links":{"self":[{"href":"https:\/\/www.acrartex.com\/de\/wp-json\/wp\/v2\/product\/151989","targetHints":{"allow":["GET"]}}],"collection":[{"href":"https:\/\/www.acrartex.com\/de\/wp-json\/wp\/v2\/product"}],"about":[{"href":"https:\/\/www.acrartex.com\/de\/wp-json\/wp\/v2\/types\/product"}],"wp:featuredmedia":[{"embeddable":true,"href":"https:\/\/www.acrartex.com\/de\/wp-json\/wp\/v2\/media\/151990"}],"wp:attachment":[{"href":"https:\/\/www.acrartex.com\/de\/wp-json\/wp\/v2\/media?parent=151989"}],"wp:term":[{"taxonomy":"product_brand","embeddable":true,"href":"https:\/\/www.acrartex.com\/de\/wp-json\/wp\/v2\/product_brand?post=151989"},{"taxonomy":"product_cat","embeddable":true,"href":"https:\/\/www.acrartex.com\/de\/wp-json\/wp\/v2\/product_cat?post=151989"},{"taxonomy":"product_tag","embeddable":true,"href":"https:\/\/www.acrartex.com\/de\/wp-json\/wp\/v2\/product_tag?post=151989"}],"curies":[{"name":"wp","href":"https:\/\/api.w.org\/{rel}","templated":true}]}}