{"id":151398,"date":"2021-03-16T08:07:35","date_gmt":"2021-03-16T13:07:35","guid":{"rendered":"https:\/\/www.acrartex.com\/products\/resqlink\/"},"modified":"2021-03-16T08:07:35","modified_gmt":"2021-03-16T13:07:35","slug":"resqlink","status":"publish","type":"product","link":"https:\/\/www.acrartex.com\/de\/products\/resqlink\/","title":{"rendered":"ResQLink \u2122"},"content":{"rendered":"<p><a href=\"https:\/\/www.acrartex.com\/products\/resqlink-400\/\"><em><strong>Dieses Produkt wurde aktualisiert.<\/strong><\/em><\/a><\/p>\n<p>Mit 120 g wiegt das ResQLink -Notsignal weniger als ein paar Energieriegel. Und mit nur 9,9 cm ist es kleiner als das Handy in Ihrer Hosentasche. Die kleinen und leistungsstarken ResQLink \u2122 PLBs sind leistungsstarke, GPS -gest\u00fctzte Rettungssignale f\u00fcr Angler, Piloten und Outdoor-Sportler.  <\/p>\n<p>&nbsp;<\/p>\n<p>Mit drei integrierten Signaltechnologien \u2013 GPS Ortung, einem starken 406-MHz-Signal und 121,5-MHz-Zielsuchfunktion \u2013 \u00fcbermittelt der ResQLink PLB Ihre Position schnell und pr\u00e4zise an ein weltweites Netzwerk von Such- und Rettungssatelliten. Ein eingebautes Blitzlicht sorgt f\u00fcr Sichtbarkeit bei Nachtrettungen. <\/p>\n<p>&nbsp;<\/p>\n<p>PLBs haben sich in einigen der entlegensten Gebiete der Welt und unter widrigsten Bedingungen bew\u00e4hrt. Fragen Sie einfach die rund 400 Piloten, Bootsfahrer und Abenteurer, die w\u00e4hrend eines strengen Testprogramms in Alaska von einem PLB gerettet wurden. Ma\u00dfgeblich auf Grundlage der Testergebnisse genehmigte die Bundesregierung 2003 den Einsatz von PLBs in den Vereinigten Staaten.  <\/p>\n<p>&nbsp;<\/p>\n<p>Selbst unter extremen Bedingungen und in extremen Situationen l\u00e4sst sich der ResQLink \u2122 problemlos aktivieren. Einfach die Antenne ausfahren und die Einschalttaste dr\u00fccken. Dank seines leistungsstarken 66-Kanal- GPS f\u00fchrt der ResQLink \u2122 Rettungskr\u00e4fte bis auf 100 Meter genau an Ihre Position heran. In den kontinentalen USA werden Such- und Rettungskr\u00e4fte mit einem GPS -f\u00e4higen PLB wie dem ResQLink \u2122 in der Regel innerhalb von f\u00fcnf Minuten \u00fcber Ihre Position informiert.   <\/p>\n<p>&nbsp;<\/p>\n<p>Mit zwei integrierten Tests k\u00f6nnen Sie routinem\u00e4\u00dfig \u00fcberpr\u00fcfen, ob ResQLink \u2122 funktioniert und einsatzbereit ist \u2013 mit einem Knopfdruck k\u00f6nnen Sie die interne Elektronik und GPS Funktionalit\u00e4t einfach testen.<\/p>\n<ul>\n<li>Keine Abonnementgeb\u00fchren erforderlich<\/li>\n<li>Superhelles LED-Blitzlicht<\/li>\n<li>Integriertes 66-Kanal- GPS<\/li>\n<li>Selbsttest- und GPS Testfunktionen<\/li>\n<li>Typische Leistung 30 Stunden<\/li>\n<li>Nicht-Gefahrgutbatterie<\/li>\n<li>Hergestellt in den USA<\/li>\n<li>Wenn Sie es benutzen, ersetzen wir es kostenlos. <a href=\"http:\/\/www.survivorclub.com\/\">Senden Sie<\/a> uns einfach Ihre Geschichte, schicken Sie uns Ihren gebrauchten Beacon zur\u00fcck, damit wir ihn an unserer Wall of Fame anbringen k\u00f6nnen, und wir senden Ihnen einen brandneuen Beacon von gleichem oder h\u00f6herem Wert. <\/li>\n<\/ul>\n<p>Tags: Personal Locator Beacon , PLB , PLBs, 406 MHz, SurvivorClub, Schwimmt, Schwimmf\u00e4hig, Blitzlicht, Notsignal, Kein Abonnement, Pers\u00f6nliches EPIRB , GPS Ortungsger\u00e4t, 2880, PN 2880, PLB 375<\/p>\n","protected":false},"excerpt":{"rendered":"<p>Klein, aber robust: Der ResQLink \u2122 PLB Personal Locator Beacon ( PLB ) ist ein GPS -gest\u00fctzter Rettungssender, der sich f\u00fcr Outdoor-Abenteuer jeder Gr\u00f6\u00dfenordnung eignet (von Wandern und Radfahren bis hin zu Jagen und Angeln). Sollten Sie in eine unerwartete Situation geraten, \u00fcbermittelt der ResQLink PLB Ihren Standort an ein Netzwerk von Such- und Rettungssatelliten. PLBs haben bereits Tausenden von Menschen das Leben gerettet.   <\/p>\n<p><em><strong>Dieses Produkt wurde aktualisiert. <a href=\"https:\/\/www.acrartex.com\/products\/resqlink-400\/\">Klicken Sie hier<\/a> f\u00fcr verf\u00fcgbare Upgrades<\/strong><\/em><\/p>\n<p><span style=\"font-size: 11.0pt;\"><a style=\"color: blue; text-decoration: underline;\" href=\"https:\/\/www.dropbox.com\/s\/ezakylsa2478sav\/Prop%2065%20-%20DINP%20and%20BPA.pdf?dl=0\"><span style=\"color: #000000;\">WARNUNG: PROP 65<\/span><\/a><\/span><\/p>\n<p>&nbsp;<\/p>\n<p>&nbsp;<\/p>\n","protected":false},"featured_media":151399,"template":"","meta":{"_acf_changed":false,"om_disable_all_campaigns":false},"product_brand":[],"product_cat":[6028,6031,6036,6032,5687,6024,6023,6026,5570,6034,5636,6022,6030,6033,6029,6035,6025,6027],"product_tag":[6038,5698,5694,5690,6041,6040,6039,6037],"class_list":{"0":"post-151398","1":"product","2":"type-product","3":"status-publish","4":"has-post-thumbnail","6":"product_cat-action-sport-offroad-de","7":"product_cat-allgemeine-luftfahrt","8":"product_cat-boden-spezialeinheiten","9":"product_cat-business-jet-de","10":"product_cat-im-freien","11":"product_cat-in-kustennahe","12":"product_cat-inland-de","13":"product_cat-kommerziell","14":"product_cat-luftfahrt","15":"product_cat-luftpatrouille","16":"product_cat-marine-de","17":"product_cat-militar-de","18":"product_cat-paddelsport-angeln","19":"product_cat-polizei-gemeinde","20":"product_cat-reiseausrustung","21":"product_cat-seestreitkrafte","22":"product_cat-vor-der-kuste","23":"product_cat-wandern-klettern-campen","24":"product_tag-antwort","25":"product_tag-geographisches-positionierungs-system","26":"product_tag-personliches-ortungssignal","27":"product_tag-plb-de","28":"product_tag-plb-375-de","29":"product_tag-plb375-de","30":"product_tag-resq-link-de","31":"product_tag-resqlink-de","32":"pa_product-vermachtnis","34":"first","35":"outofstock","36":"taxable","37":"shipping-taxable","38":"product-type-simple"},"acf":[],"_links":{"self":[{"href":"https:\/\/www.acrartex.com\/de\/wp-json\/wp\/v2\/product\/151398","targetHints":{"allow":["GET"]}}],"collection":[{"href":"https:\/\/www.acrartex.com\/de\/wp-json\/wp\/v2\/product"}],"about":[{"href":"https:\/\/www.acrartex.com\/de\/wp-json\/wp\/v2\/types\/product"}],"wp:featuredmedia":[{"embeddable":true,"href":"https:\/\/www.acrartex.com\/de\/wp-json\/wp\/v2\/media\/151399"}],"wp:attachment":[{"href":"https:\/\/www.acrartex.com\/de\/wp-json\/wp\/v2\/media?parent=151398"}],"wp:term":[{"taxonomy":"product_brand","embeddable":true,"href":"https:\/\/www.acrartex.com\/de\/wp-json\/wp\/v2\/product_brand?post=151398"},{"taxonomy":"product_cat","embeddable":true,"href":"https:\/\/www.acrartex.com\/de\/wp-json\/wp\/v2\/product_cat?post=151398"},{"taxonomy":"product_tag","embeddable":true,"href":"https:\/\/www.acrartex.com\/de\/wp-json\/wp\/v2\/product_tag?post=151398"}],"curies":[{"name":"wp","href":"https:\/\/api.w.org\/{rel}","templated":true}]}}