{"id":151179,"date":"2021-03-16T08:07:42","date_gmt":"2021-03-16T13:07:42","guid":{"rendered":"https:\/\/www.acrartex.com\/products\/aqualink-view\/"},"modified":"2025-07-07T09:58:32","modified_gmt":"2025-07-07T14:58:32","slug":"aqualink-view","status":"publish","type":"product","link":"https:\/\/www.acrartex.com\/de\/products\/aqualink-view\/","title":{"rendered":"AquaLink\u2122 View"},"content":{"rendered":"<p><em><strong><a href=\"https:\/\/www.acrartex.com\/products\/resqlink-view\/\">Dieses Produkt wurde aktualisiert<\/a> .  <\/strong><\/em><\/p>\n<p>Mit drei integrierten Signaltechnologien \u2013 GPS Ortung, einem starken 406-MHz-Signal und 121,5-MHz-Zielsuchfunktion \u2013 \u00fcbermittelt AquaLink\u2122 View Ihre Position schnell und pr\u00e4zise an ein weltweites Netzwerk von Such- und Rettungssatelliten. Das verk\u00fcrzt die Suchzeit und erh\u00f6ht Ihre \u00dcberlebenschancen. Diese zuverl\u00e4ssige Signaltechnologie hat seit 1982 \u00fcber 50.000 Leben gerettet. <\/p>\n<p>&nbsp;<\/p>\n<p>Der AquaLink\u2122 View sendet ein einzigartiges, registriertes Notsignal, das den Rettungskr\u00e4ften nicht nur Ihren Standort, sondern auch Ihre Identit\u00e4t mitteilt. Das integrierte GPS kann Ihre Position auf 100 Meter genau bestimmen und \u00fcber ein leistungsstarkes 406-MHz-Signal Ihren Notruf an Satelliten im Orbit weiterleiten. Bei der lokalen Suche und Rettung f\u00fchren ein separates Peilsignal und ein integriertes LED-Blitzlicht die Rettungskr\u00e4fte zu Ihrem genauen Standort. Der AquaLink\u2122 View verf\u00fcgt \u00fcber ein digitales Display, auf dem Sie alle Betriebsaktivit\u00e4ten des Beacons verfolgen k\u00f6nnen. Das Display zeigt GPS Lat\/Lon-Position, Bedienungsanleitungen, Anwendungstipps, Sendeimpulse sowie den Batteriestand an. Die digitale Anzeige macht den Selbsttest Ihres Beacons einfach und verst\u00e4ndlich, indem sie Sie Schritt f\u00fcr Schritt visuell durch den Selbsttest f\u00fchrt. Schluss mit dem Piepton und der Suche nach LEDs! Der AquaLink\u2122 View ist klein genug, um bequem im Rucksack oder in der Tasche getragen oder an Deck, am Steuerstand, im Quartier oder an einer Schwimmweste befestigt zu werden. Er schwimmt, falls er versehentlich \u00fcber Bord f\u00e4llt. Exklusiv ACR : Der integrierte GPS Erfassungstestmodus erm\u00f6glicht es Ihnen, GPS Funktionalit\u00e4t w\u00e4hrend der Batterielebensdauer bis zu 60 Mal zu testen. Nutzen Sie die gleiche praxiserprobte Rettungstechnologie, die auch vom US-Milit\u00e4r, der US-K\u00fcstenwache, den NATO-Spezialeinheiten und Arktisforschern eingesetzt wird.         <\/p>\n<p>&nbsp;<\/p>\n<ul>\n<li>Keine Abonnementgeb\u00fchren<\/li>\n<li>Schwimmk\u00f6rper<\/li>\n<li>Superhelles LED-Blitzlicht<\/li>\n<li>Integriertes 66-Kanal- GPS<\/li>\n<li>Selbsttest- und GPS Testfunktionen<\/li>\n<li>Typische Leistung 35 Stunden<\/li>\n<li>Nicht-Gefahrgutbatterie<\/li>\n<li>Hergestellt in den USA<\/li>\n<\/ul>\n<p>&nbsp;<\/p>\n<p>Wenn Sie es benutzen, ersetzen wir es kostenlos. <a href=\"https:\/\/www.acrartex.com\/stories\/new\">Senden Sie uns einfach Ihre Geschichte<\/a> , schicken Sie uns Ihren gebrauchten Beacon zur\u00fcck, damit wir ihn an unserer Wall of Fame anbringen k\u00f6nnen, und wir senden Ihnen einen brandneuen Beacon von gleichem oder h\u00f6herem Wert. <\/p>\n<p>&nbsp;<\/p>\n<p>Tags: Personal Locator Beacon , PLB , PLBs, 406 MHz, SurvivorClub, Schwimmt, Schwimmf\u00e4hig, Blitzlicht, Notsignal, Kein Abonnement, Digitalanzeige, Pers\u00f6nliches EPIRB , GPS Ortungsger\u00e4t, 2884, PN 2884, PLB 350, PLB350C<\/p>\n","protected":false},"excerpt":{"rendered":"<p><b><i>Dieses Produkt wurde aktualisiert. <a href=\"https:\/\/www.acrartex.com\/products\/resqlink-view\/\">Klicken Sie hier<\/a> , um verf\u00fcgbare Produkt-Upgrades anzuzeigen<\/i><\/b><\/p>\n<p>&nbsp;<\/p>\n<p>Mit dem tragbaren AquaLink\u2122 View Personal Locator Beacon ( PLB ) k\u00f6nnen Sie sicher auf See gehen. Die digitale Anzeige liefert alle wichtigen Informationen zu den Funktionen des Beacons, einschlie\u00dflich GPS Positionierung und Sendeimpulsen. Dank seiner schwimmf\u00e4higen Konstruktion schwimmt der AquaLink View au\u00dferdem, falls er versehentlich \u00fcber Bord f\u00e4llt. Im Notfall auf dem Boot \u00fcbermittelt dieser pers\u00f6nliche Notrufsender Ihre Position schnell an Satellitennetzwerke und verk\u00fcrzt so die Such- und Rettungszeit.   <\/p>\n<p>&nbsp;<\/p>\n<p style=\"margin-left: 0in; margin-right: 0in;\"><span style=\"font-size: 11pt;\"><span style=\"font-family: Calibri,sans-serif;\"><a style=\"color: blue; text-decoration: underline;\" href=\"https:\/\/www.dropbox.com\/s\/8343nj28z0d7bxa\/Prop%2065%20-%20BPA.pdf?dl=0\"><span style=\"color: #000000;\">WARNUNG: PROP 65<\/span><\/a><\/span><\/span><\/p>\n<p>&nbsp;<\/p>\n<p>&nbsp;<\/p>\n<p>&nbsp;<\/p>\n","protected":false},"featured_media":151196,"template":"","meta":{"_acf_changed":false,"om_disable_all_campaigns":false},"product_brand":[],"product_cat":[5687,5636],"product_tag":[5576,5706,5708,5703,5718,5698,5642,5694,5690,5713,5711,5715,5709],"class_list":{"0":"post-151179","1":"product","2":"type-product","3":"status-publish","4":"has-post-thumbnail","6":"product_cat-im-freien","7":"product_cat-marine-de","8":"product_tag-406-de","9":"product_tag-aqua-de","10":"product_tag-aqua-link-de","11":"product_tag-aqualink-de","12":"product_tag-aqualink-ansicht","13":"product_tag-geographisches-positionierungs-system","14":"product_tag-notsignal","15":"product_tag-personliches-ortungssignal","16":"product_tag-plb-de","17":"product_tag-plb-350c-de-2","18":"product_tag-plb-350c-de","19":"product_tag-plb350-de","20":"product_tag-wasser","21":"pa_product-vermachtnis","23":"first","24":"outofstock","25":"taxable","26":"shipping-taxable","27":"product-type-simple"},"acf":[],"_links":{"self":[{"href":"https:\/\/www.acrartex.com\/de\/wp-json\/wp\/v2\/product\/151179","targetHints":{"allow":["GET"]}}],"collection":[{"href":"https:\/\/www.acrartex.com\/de\/wp-json\/wp\/v2\/product"}],"about":[{"href":"https:\/\/www.acrartex.com\/de\/wp-json\/wp\/v2\/types\/product"}],"wp:featuredmedia":[{"embeddable":true,"href":"https:\/\/www.acrartex.com\/de\/wp-json\/wp\/v2\/media\/151196"}],"wp:attachment":[{"href":"https:\/\/www.acrartex.com\/de\/wp-json\/wp\/v2\/media?parent=151179"}],"wp:term":[{"taxonomy":"product_brand","embeddable":true,"href":"https:\/\/www.acrartex.com\/de\/wp-json\/wp\/v2\/product_brand?post=151179"},{"taxonomy":"product_cat","embeddable":true,"href":"https:\/\/www.acrartex.com\/de\/wp-json\/wp\/v2\/product_cat?post=151179"},{"taxonomy":"product_tag","embeddable":true,"href":"https:\/\/www.acrartex.com\/de\/wp-json\/wp\/v2\/product_tag?post=151179"}],"curies":[{"name":"wp","href":"https:\/\/api.w.org\/{rel}","templated":true}]}}