{"id":151020,"date":"2021-03-16T08:08:46","date_gmt":"2021-03-16T13:08:46","guid":{"rendered":"https:\/\/www.acrartex.com\/products\/elt-3000hm\/"},"modified":"2021-03-16T08:08:46","modified_gmt":"2021-03-16T13:08:46","slug":"elt-3000hm","status":"publish","type":"product","link":"https:\/\/www.acrartex.com\/de\/products\/elt-3000hm\/","title":{"rendered":"ELT 3000HM"},"content":{"rendered":"<p>Dank der nahtlos integrierten NAV-Daten des Flugzeugs werden L\u00e4ngen- und Breitengrade 24 Stunden lang alle 50 Sekunden automatisch auf der Notruffrequenz 406 MHz \u00fcbertragen. So k\u00f6nnen Rettungskr\u00e4fte den genauen Standort des Flugzeugs innerhalb weniger Minuten nach Aktivierung des Signals bestimmen.  Der ARTEX ELT 3000 wurde entwickelt, um Gr\u00f6\u00dfe und Gewicht des ELT Systems in einem einfach zu installierenden Paket zu reduzieren. Zur Vereinfachung der Installation verf\u00fcgt der ARTEX ELT 3000 \u00fcber einen einzelnen HF-Ausgang, der an eine Triband-Antenne angeschlossen wird, wodurch die Installation auf ein einziges Koaxialkabel reduziert wird. <\/p>\n<p>&nbsp;<\/p>\n<p>Die einzelne Eingangsantenne und der Wegfall einer externen NAV-Schnittstelle reduzieren die Installationskosten erheblich. Das ARTEX ELT 3000 ist mit ARTEX &#8216; exklusivem Online-Satellitenbest\u00e4tigungstestsystem 406Test.com kompatibel. Dieses exklusive System liefert Beacon-Testergebnisse in Echtzeit \u00fcber dieselben Satelliten, die auch von Such- und Rettungsdiensten verwendet werden, und stellt so sicher, dass das ELT System ordnungsgem\u00e4\u00df funktioniert. Es gibt einen Grund, warum ARTEX ELTs von mehr Flugzeugherstellern gew\u00e4hlt werden als von allen anderen; sie vertrauen darauf, dass ARTEX Produkte von h\u00f6chster Qualit\u00e4t baut, da sie wissen, dass diese Leben retten. So funktioniert das ARTEX ELT 3000 Das ARTEX ELT 3000 kann manuell (\u00fcber den Fernschalter im Cockpit) oder automatisch (der G-Switch erkennt einen Aufprall von 2,3 G oder mehr) aktiviert werden und alarmiert die n\u00e4chstgelegene Such- und Rettungsagentur im Notfall. Das 406-MHz-Signal, das die GPS Koordinaten des Flugzeugs enth\u00e4lt, wird an die Cospas-Sarsat -Satelliten gesendet und an das Missionskontrollzentrum weitergeleitet, von wo aus es sofort an die n\u00e4chstgelegene Such- und Rettungsagentur weitergeleitet wird.     <\/p>\n<p>&nbsp;<\/p>\n<p>Das Signal gibt den Ersthelfern den genauen Standort auf 100 Meter genau an. Und schlie\u00dflich unterst\u00fctzen die 121,5\/243 MHz-Zielsignale die Bodentruppen der Suche und Rettung beim Auffinden des Notfallorts. Einfache Installation Das ARTEX ELT 3000 bietet eine schnelle und einfache Nachr\u00fcstm\u00f6glichkeit mit flexiblen Installationsoptionen, wie zum Beispiel einem zwei- oder f\u00fcnfadrigen Fernschalter, der keine Bordstromversorgung ben\u00f6tigt. Da es ein ELT mit einem Ausgang ist, verwendet das ELT 3000 denselben HF-Ausgang und nur ein Koaxialkabel, um sowohl 406 MHz- als auch 121,5\/243 MHz-Signale zu \u00fcbertragen. Durch die eingebaute Navigationsschnittstelle muss keine zweite externe Schnittstelle montiert werden, was die Installationskosten erheblich senkt. Es stehen zwei Montageschalen zur Verf\u00fcgung. Eine ben\u00f6tigt so wenig Stellfl\u00e4che wie m\u00f6glich, w\u00e4hrend die andere f\u00fcr \u00e4ltere ELT -Installationen ARTEX B- und C-Serie geeignet ist, was die Entwicklungskosten weiter senkt.      <\/p>\n<p>&nbsp;<\/p>\n<p><u>Produkteigenschaften  <\/u><\/p>\n<ul>\n<li>Das kleinste verf\u00fcgbare 406 MHz ELT und das leichteste transporttaugliche ELT mit ARINC\/ GPS RS232-Schnittstelle<\/li>\n<li>Automatischer fest installierter Emergency Locator Transmitter<\/li>\n<li>Dreifrequenz-Notsignal, digitale 406 MHz und analoge 121,5\/243 MHz Zielsignale<\/li>\n<li>Automatische Aktivierung \u00fcber internen G-Schalter Tri-Band-Antenne mit Einzelanschluss und Kabel zum Sender<\/li>\n<li>Einfache Wartung und Installation<\/li>\n<li>Viele Optionen f\u00fcr die Fernsteuerung im Cockpit verf\u00fcgbar<\/li>\n<li>Kann \u00fcber die integrierte ARINC429- oder RS232-Schnittstelle an das Bord- GPS angeschlossen werden<\/li>\n<li>GPS -Daten sind in die digitale \u00dcbertragung eingebettet und reduzieren den Suchradius auf 100 Meter<\/li>\n<li>Weltweite Cospas-Sarsat Abdeckung. 6 Jahre Batterielebensdauer (austauschbar).<\/li>\n<li>Helikopterversion mit 5-Achsen-G-Switch verf\u00fcgbar<\/li>\n<li>Kompatibel mit dem Satellitenbest\u00e4tigungstestsystem ARTEX 406Test.com<\/li>\n<li>Erf\u00fcllt sowohl die Anforderungen der FAA als auch der EASA<\/li>\n<\/ul>\n<p>&nbsp;<\/p>\n<p>ELT -Packliste<\/p>\n<table style=\"border-collapse: collapse; width: 745pt; border: none;\" width=\"994\">\n<colgroup>\n<col style=\"width: 140pt;\" width=\"187\">\n<col style=\"width: 219pt;\" width=\"292\">\n<col style=\"width: 197pt;\" width=\"263\">\n<col style=\"width: 189pt;\" width=\"252\"> <\/colgroup>\n<tbody>\n<tr style=\"height: 20.0pt;\">\n<td class=\"xl66\" style=\"border: none; height: 20.0pt; width: 140pt; text-align: center; vertical-align: middle; padding-top: 1px; padding-right: 1px; padding-left: 1px;\" width=\"187\" height=\"27\"><\/td>\n<td class=\"xl68\" style=\"border: 0.5pt solid gray; background: #3c404a; width: 219pt; text-align: center; vertical-align: middle; padding-top: 1px; padding-right: 1px; padding-left: 1px;\" width=\"292\"><span style=\"font-size: 11pt;\"><span style=\"color: #b0e40a;\"><span style=\"font-weight: bold;\"><span style=\"font-style: normal;\"><span style=\"text-decoration: none;\"><span style=\"font-family: Calibri,sans-serif;\">Antenne<\/span><\/span><\/span><\/span><\/span><\/span><\/td>\n<td class=\"xl68\" style=\"border: 0.5pt solid gray; background: #3c404a; border-left: none; width: 197pt; text-align: center; vertical-align: middle; padding-top: 1px; padding-right: 1px; padding-left: 1px;\" width=\"263\"><span style=\"font-size: 11pt;\"><span style=\"color: #b0e40a;\"><span style=\"font-weight: bold;\"><span style=\"font-style: normal;\"><span style=\"text-decoration: none;\"><span style=\"font-family: Calibri,sans-serif;\">Fernschalter &amp; Zubeh\u00f6r<\/span><\/span><\/span><\/span><\/span><\/span><\/td>\n<td class=\"xl67\" style=\"border: none; background: #3c404a; border-left: none; width: 189pt; text-align: center; vertical-align: middle; border-width: 0.5pt; border-style: solid; border-color: gray windowtext gray gray; padding-top: 1px; padding-right: 1px; padding-left: 1px;\" width=\"252\"><span style=\"font-size: 11pt;\"><span style=\"color: #b0e40a;\"><span style=\"font-weight: bold;\"><span style=\"font-style: normal;\"><span style=\"text-decoration: none;\"><span style=\"font-family: Calibri,sans-serif;\">Handb\u00fccher\/Zulassungen\/Downloads<\/span><\/span><\/span><\/span><\/span><\/span><\/td>\n<\/tr>\n<tr style=\"height: 20.0pt;\">\n<td class=\"xl70\" style=\"border: 0.5pt solid gray; background: #b0e40a; height: 20.0pt; text-align: center; vertical-align: middle; padding-top: 1px; padding-right: 1px; padding-left: 1px;\" height=\"27\"><span style=\"font-size: 11pt;\"><span style=\"font-weight: 400;\"><span style=\"font-style: normal;\"><span style=\"text-decoration: none;\"><span style=\"font-family: Calibri,sans-serif;\">ELT 3000HM 8231<\/span><\/span><\/span><\/span><\/span><\/td>\n<td class=\"xl69\" style=\"border: none; padding-top: 1px; padding-right: 1px; padding-left: 1px; vertical-align: bottom;\"><span style=\"font-size: 11pt;\"><span style=\"font-weight: 400;\"><span style=\"font-style: normal;\"><span style=\"text-decoration: none;\"><span style=\"font-family: Calibri,sans-serif;\"> <\/span><\/span><\/span><\/span><\/span><\/td>\n<td class=\"xl66\" style=\"border: none; text-align: center; vertical-align: middle; padding-top: 1px; padding-right: 1px; padding-left: 1px;\"><\/td>\n<td class=\"xl66\" style=\"border: none; text-align: center; vertical-align: middle; padding-top: 1px; padding-right: 1px; padding-left: 1px;\"><a href=\"https:\/\/www.dropbox.com\/s\/ba7lq6uzc9ww7t6\/8231b.pdf?dl=1\"><span style=\"font-size: 11pt;\"><span style=\"font-weight: 400;\"><span style=\"font-style: normal;\"><span style=\"text-decoration: none;\"><span style=\"font-family: Calibri,sans-serif;\">Packliste<\/span><\/span><\/span><\/span><\/span><\/a><\/td>\n<\/tr>\n<tr style=\"height: 20.0pt;\">\n<td class=\"xl70\" style=\"border: 0.5pt solid gray; background: #b0e40a; height: 20.0pt; border-top: none; text-align: center; vertical-align: middle; padding-top: 1px; padding-right: 1px; padding-left: 1px;\" height=\"27\"><span style=\"font-size: 11pt;\"><span style=\"font-weight: 400;\"><span style=\"font-style: normal;\"><span style=\"text-decoration: none;\"><span style=\"font-family: Calibri,sans-serif;\">ELT 3000HM 8232<\/span><\/span><\/span><\/span><\/span><\/td>\n<td class=\"xl66\" style=\"border: none; text-align: center; vertical-align: middle; padding-top: 1px; padding-right: 1px; padding-left: 1px;\"><\/td>\n<td class=\"xl66\" style=\"border: none; text-align: center; vertical-align: middle; padding-top: 1px; padding-right: 1px; padding-left: 1px;\"><\/td>\n<td class=\"xl66\" style=\"border: none; text-align: center; vertical-align: middle; padding-top: 1px; padding-right: 1px; padding-left: 1px;\"><a href=\"https:\/\/www.dropbox.com\/s\/ugsb53vzphp6mvo\/8232b.pdf?dl=1\"><span style=\"font-size: 11pt;\"><span style=\"font-weight: 400;\"><span style=\"font-style: normal;\"><span style=\"text-decoration: none;\"><span style=\"font-family: Calibri,sans-serif;\">Packliste<\/span><\/span><\/span><\/span><\/span><\/a><\/td>\n<\/tr>\n<tr style=\"height: 20.0pt;\">\n<td class=\"xl70\" style=\"border: 0.5pt solid gray; background: #b0e40a; height: 20.0pt; border-top: none; text-align: center; vertical-align: middle; padding-top: 1px; padding-right: 1px; padding-left: 1px;\" height=\"27\"><span style=\"font-size: 11pt;\"><span style=\"font-weight: 400;\"><span style=\"font-style: normal;\"><span style=\"text-decoration: none;\"><span style=\"font-family: Calibri,sans-serif;\">ELT 3000HM 8233<\/span><\/span><\/span><\/span><\/span><\/td>\n<td class=\"xl66\" style=\"border: none; text-align: center; vertical-align: middle; padding-top: 1px; padding-right: 1px; padding-left: 1px;\"><span style=\"font-size: 11pt;\"><span style=\"font-weight: 400;\"><span style=\"font-style: normal;\"><span style=\"text-decoration: none;\"><span style=\"font-family: Calibri,sans-serif;\">110-338 (Wei\u00df) und 110-338-01 (Schwarz)<\/span><\/span><\/span><\/span><\/span><\/td>\n<td class=\"xl66\" style=\"border: none; text-align: center; vertical-align: middle; padding-top: 1px; padding-right: 1px; padding-left: 1px;\"><span style=\"font-size: 11pt;\"><span style=\"font-weight: 400;\"><span style=\"font-style: normal;\"><span style=\"text-decoration: none;\"><span style=\"font-family: Calibri,sans-serif;\">8304<\/span><\/span><\/span><\/span><\/span><\/td>\n<td class=\"xl66\" style=\"border: none; text-align: center; vertical-align: middle; padding-top: 1px; padding-right: 1px; padding-left: 1px;\"><a href=\"https:\/\/www.dropbox.com\/s\/1ranamkvy04fr97\/8233b.pdf?dl=1\"><span style=\"font-size: 11pt;\"><span style=\"font-weight: 400;\"><span style=\"font-style: normal;\"><span style=\"text-decoration: none;\"><span style=\"font-family: Calibri,sans-serif;\">Packliste<\/span><\/span><\/span><\/span><\/span><\/a><\/td>\n<\/tr>\n<\/tbody>\n<\/table>\n<p>&nbsp;<\/p>\n<p>Tags: ARTEX , ARTEX ELT , ARTEX ELT 3000, Emergency Locator Transmitter , ELT 3000, 406 MHz, Flugnotruf, ELT f\u00fcr die kommerzielle Luftfahrt, ELT f\u00fcr den Transportbereich<\/p>\n","protected":false},"excerpt":{"rendered":"<p>Der brandneue ARTEX ELT 3000HM ist ein vollst\u00e4ndig integrierter, transportf\u00e4higer Emergency Locator Transmitter ( ELT ) f\u00fcr den Drehfl\u00fcglermarkt. Die kompakte Bauform und die integrierte NAV-Schnittstelle (ARINC429 oder RS232) machen die Installation einer separaten NAV-Schnittstelle \u00fcberfl\u00fcssig und erm\u00f6glichen deutliche Gewichts- und Kosteneinsparungen. <\/p>\n<p><span style=\"color: #3366ff;\"><strong>Dieses Produkt wurde eingestellt<\/strong><\/span><\/p>\n<p><a href=\"https:\/\/www.acrartex.com\/survival-products\/406test\"><img decoding=\"async\" style=\"width: 300px; height: 41px;\" src=\"https:\/\/dk2ztu5ooimmu.cloudfront.net\/ckeditor_assets\/pictures\/146\/406Test_with_desc_-_Tag.gif\" alt=\"\"><\/a><\/p>\n","protected":false},"featured_media":151022,"template":"","meta":{"_acf_changed":false,"om_disable_all_campaigns":false},"product_brand":[],"product_cat":[5572,5570],"product_tag":[5576,5574,5578,5580],"class_list":{"0":"post-151020","1":"product","2":"type-product","3":"status-publish","4":"has-post-thumbnail","6":"product_cat-drehflugler","7":"product_cat-luftfahrt","8":"product_tag-406-de","9":"product_tag-elt-de","10":"product_tag-elt-3000-de","11":"product_tag-notsender","12":"pa_aircraft-type-drehflugler","13":"pa_product-vermachtnis","15":"first","16":"instock","17":"taxable","18":"shipping-taxable","19":"product-type-simple"},"acf":[],"_links":{"self":[{"href":"https:\/\/www.acrartex.com\/de\/wp-json\/wp\/v2\/product\/151020","targetHints":{"allow":["GET"]}}],"collection":[{"href":"https:\/\/www.acrartex.com\/de\/wp-json\/wp\/v2\/product"}],"about":[{"href":"https:\/\/www.acrartex.com\/de\/wp-json\/wp\/v2\/types\/product"}],"wp:featuredmedia":[{"embeddable":true,"href":"https:\/\/www.acrartex.com\/de\/wp-json\/wp\/v2\/media\/151022"}],"wp:attachment":[{"href":"https:\/\/www.acrartex.com\/de\/wp-json\/wp\/v2\/media?parent=151020"}],"wp:term":[{"taxonomy":"product_brand","embeddable":true,"href":"https:\/\/www.acrartex.com\/de\/wp-json\/wp\/v2\/product_brand?post=151020"},{"taxonomy":"product_cat","embeddable":true,"href":"https:\/\/www.acrartex.com\/de\/wp-json\/wp\/v2\/product_cat?post=151020"},{"taxonomy":"product_tag","embeddable":true,"href":"https:\/\/www.acrartex.com\/de\/wp-json\/wp\/v2\/product_tag?post=151020"}],"curies":[{"name":"wp","href":"https:\/\/api.w.org\/{rel}","templated":true}]}}