{"id":148708,"date":"2021-02-12T16:04:28","date_gmt":"2021-02-12T21:04:28","guid":{"rendered":"https:\/\/www.acrartex.com\/unternehmen\/"},"modified":"2025-07-07T08:37:15","modified_gmt":"2025-07-07T13:37:15","slug":"unternehmen","status":"publish","type":"page","link":"https:\/\/www.acrartex.com\/de\/unternehmen\/","title":{"rendered":"Unternehmen"},"content":{"rendered":"\n<div class=\"wp-block-group about-us-block\"><div class=\"wp-block-group__inner-container is-layout-flow wp-block-group-is-layout-flow\">\n<h2 class=\"wp-block-heading\"><span style=\"color:#1a1818\" class=\"has-inline-color\">\u00dcBER UNS<\/span><\/h2>\n\n\n\n<p><span style=\"color:#1a1818\" class=\"has-inline-color\">ACR Electronics , Inc. ist das f\u00fchrende Entwicklungszentrum f\u00fcr Notrufsender, die nur einem Zweck dienen: Leben zu retten. Dank unserer kombinierten Technologiekompetenz in den Bereichen <a href=\"https:\/\/www.acrartex.com\/product-category\/marine\/\">Schifffahrt<\/a> , <a href=\"http:\/\/www.artex.com\">Luftfahrt<\/a> , <a href=\"https:\/\/www.acrartex.com\/product-category\/outdoor\/\">Outdoor<\/a> und Milit\u00e4r entwickeln und fertigen wir hochmoderne Rettungssender und \u00dcberlebensausr\u00fcstung f\u00fcr Bootsfahrer, Piloten, J\u00e4ger, Wanderer, Kletterer, Radfahrer und Kampftruppen sowie f\u00fcr viele der f\u00fchrenden Bootsbauer und Flugzeughersteller der Branche. <\/span><\/p>\n\n\n\n<p><span style=\"color:#1a1818\" class=\"has-inline-color\">Seit 1956 ist die breite Palette an \u00dcberlebensprodukten von ACR die erste Wahl der NASA, des US-Milit\u00e4rs, der US-K\u00fcstenwache sowie von Entdeckern und Abenteurern weltweit. Von Notsendern und Rettungsbaken bis hin zu den Spezialtaschenlampen, die bei Apollo 13 nach der Explosion an Bord zum Einsatz kamen, fertigt ACR Produkte, die f\u00fcr Expeditionen jeder Gr\u00f6\u00dfe geeignet sind. <\/span><\/p>\n<\/div><\/div>\n\n<div class=\"wp-block-group links-block\"><div class=\"wp-block-group__inner-container is-layout-flow wp-block-group-is-layout-flow\">\n<div class=\"wp-block-buttons is-layout-flex wp-block-buttons-is-layout-flex\">\n<div class=\"wp-block-button\"><a class=\"wp-block-button__link\" href=\"http:\/\/www.acrartex.com\/capabilities\/\">Unsere F\u00e4higkeiten<\/a><\/div>\n\n\n\n<div class=\"wp-block-button\"><a class=\"wp-block-button__link\" href=\"http:\/\/www.acrartex.com\/quality\/\">Qualit\u00e4tsmanagementsystem<\/a><\/div>\n\n\n\n<div class=\"wp-block-button\"><a class=\"wp-block-button__link\" href=\"http:\/\/www.acrartex.com\/use-of-conflict-minerals\/\">Verwendung von Konfliktmaterialien<\/a><\/div>\n\n\n\n<div class=\"wp-block-button\"><a class=\"wp-block-button__link\" href=\"http:\/\/www.acrartex.com\/reach-rohs-compliance\/\">Erreichen Sie die ROHS-Konformit\u00e4t<\/a><\/div>\n<\/div>\n<\/div><\/div>\n\n<h2 class=\"wp-block-heading\" id=\"h-our-brands\">Unsere Marken<\/h2>\n\n<div class=\"wp-block-group brands-block\"><div class=\"wp-block-group__inner-container is-layout-flow wp-block-group-is-layout-flow\">\n<div class=\"wp-block-group brand-item-block\"><div class=\"wp-block-group__inner-container is-layout-flow wp-block-group-is-layout-flow\">\n<div class=\"wp-block-image is-style-default\"><figure class=\"aligncenter size-large is-resized\"><a href=\"www.artex.com\" target=\"_blank\" rel=\"noopener noreferrer\"><img loading=\"lazy\" decoding=\"async\" src=\"https:\/\/www.acrartex.com\/wp-content\/uploads\/2021\/02\/artex_logo_gray-1-1024x297.png\" alt=\"\" class=\"wp-image-356\" width=\"512\" height=\"149\" srcset=\"https:\/\/www.acrartex.com\/wp-content\/uploads\/2021\/02\/artex_logo_gray-1-1024x297.png 1024w, https:\/\/www.acrartex.com\/wp-content\/uploads\/2021\/02\/artex_logo_gray-1-300x87.png 300w, https:\/\/www.acrartex.com\/wp-content\/uploads\/2021\/02\/artex_logo_gray-1-768x223.png 768w, https:\/\/www.acrartex.com\/wp-content\/uploads\/2021\/02\/artex_logo_gray-1-1536x446.png 1536w, https:\/\/www.acrartex.com\/wp-content\/uploads\/2021\/02\/artex_logo_gray-1-2048x595.png 2048w, https:\/\/www.acrartex.com\/wp-content\/uploads\/2021\/02\/artex_logo_gray-1-600x174.png 600w\" sizes=\"auto, (max-width: 512px) 100vw, 512px\" \/><\/a><\/figure><\/div>\n\n\n\n<p>ARTEX entwickelt und fertigt eine breite Palette von Notsendern (ELTs) f\u00fcr die allgemeine, kommerzielle, kommerzielle und milit\u00e4rische Luftfahrt sowie Akkupacks und ELT Zubeh\u00f6r. ARTEX ist ein globales Unternehmen mit Kunden von Privatpiloten bis hin zu den weltweit gr\u00f6\u00dften Flugzeugherstellern, Fluggesellschaften und Regierungen. <\/p>\n\n\n\n<p>Weitere Informationen finden Sie unter <a href=\"http:\/\/www.ARTEX.com\" data-type=\"URL\" data-id=\"http:\/\/www.ARTEX.com\" target=\"_blank\" rel=\"noreferrer noopener\">ARTEX<\/a><\/p>\n<\/div><\/div>\n\n\n\n<div class=\"wp-block-group brand-item-block\"><div class=\"wp-block-group__inner-container is-layout-flow wp-block-group-is-layout-flow\">\n<div class=\"wp-block-image is-style-default\"><figure class=\"aligncenter size-large is-resized\"><a href=\"https:\/\/www.oceansignal.com\" target=\"_blank\" rel=\"noopener noreferrer\"><img loading=\"lazy\" decoding=\"async\" src=\"https:\/\/www.acrartex.com\/wp-content\/uploads\/2021\/02\/OSL_logo-gray-1024x610.png\" alt=\"\" class=\"wp-image-353\" width=\"256\" height=\"153\" srcset=\"https:\/\/www.acrartex.com\/wp-content\/uploads\/2021\/02\/OSL_logo-gray-1024x610.png 1024w, https:\/\/www.acrartex.com\/wp-content\/uploads\/2021\/02\/OSL_logo-gray-300x179.png 300w, https:\/\/www.acrartex.com\/wp-content\/uploads\/2021\/02\/OSL_logo-gray-768x457.png 768w, https:\/\/www.acrartex.com\/wp-content\/uploads\/2021\/02\/OSL_logo-gray-1536x914.png 1536w, https:\/\/www.acrartex.com\/wp-content\/uploads\/2021\/02\/OSL_logo-gray-2048x1219.png 2048w, https:\/\/www.acrartex.com\/wp-content\/uploads\/2021\/02\/OSL_logo-gray-600x357.png 600w\" sizes=\"auto, (max-width: 256px) 100vw, 256px\" \/><\/a><\/figure><\/div>\n\n\n\n<p>Ocean Signal entwickelt und fertigt au\u00dfergew\u00f6hnliche Sicherheits- und Kommunikationsprodukte, die internationale technische und Sicherheitsstandards erf\u00fcllen oder \u00fcbertreffen. Alle Ocean Signal Produkte werden mit Sorgfalt und Innovation entwickelt und garantieren allen Nutzern, dass ihre Ausr\u00fcstung in jeder Situation stets einsatzbereit ist. <\/p>\n\n\n\n<p>Weitere Informationen finden Sie unter <a href=\"http:\/\/www.oceansignal.com\" data-type=\"URL\" data-id=\"www.oceansignal.com\">www.oceansignal.com<\/a><\/p>\n<\/div><\/div>\n\n\n\n<div class=\"wp-block-group brand-item-block\"><div class=\"wp-block-group__inner-container is-layout-flow wp-block-group-is-layout-flow\">\n<div class=\"wp-block-image is-style-default\"><figure class=\"aligncenter size-large is-resized\"><a href=\"https:\/\/www.uml.co.uk\/\" target=\"_blank\" rel=\"noopener noreferrer\"><img loading=\"lazy\" decoding=\"async\" src=\"https:\/\/www.acrartex.com\/wp-content\/uploads\/2021\/02\/UML_logo_gray-1024x1024.png\" alt=\"\" class=\"wp-image-355\" width=\"256\" height=\"256\" srcset=\"https:\/\/www.acrartex.com\/wp-content\/uploads\/2021\/02\/UML_logo_gray-1024x1024.png 1024w, https:\/\/www.acrartex.com\/wp-content\/uploads\/2021\/02\/UML_logo_gray-300x300.png 300w, https:\/\/www.acrartex.com\/wp-content\/uploads\/2021\/02\/UML_logo_gray-150x150.png 150w, https:\/\/www.acrartex.com\/wp-content\/uploads\/2021\/02\/UML_logo_gray-768x768.png 768w, https:\/\/www.acrartex.com\/wp-content\/uploads\/2021\/02\/UML_logo_gray-1536x1536.png 1536w, https:\/\/www.acrartex.com\/wp-content\/uploads\/2021\/02\/UML_logo_gray-2048x2048.png 2048w, https:\/\/www.acrartex.com\/wp-content\/uploads\/2021\/02\/UML_logo_gray-600x600.png 600w, https:\/\/www.acrartex.com\/wp-content\/uploads\/2021\/02\/UML_logo_gray-100x100.png 100w\" sizes=\"auto, (max-width: 256px) 100vw, 256px\" \/><\/a><\/figure><\/div>\n\n\n\n<p>United Moulders Ltd (UML) entwickelt und fertigt eine komplette Produktlinie von ISO 12402-7-zertifizierten Aufblassystemen f\u00fcr Rettungswesten, die in der Freizeit, im kommerziellen und milit\u00e4rischen Bereich weit verbreitet sind.  <\/p>\n\n\n\n<p>Weitere Informationen finden Sie unter <a href=\"http:\/\/www.UML.co.uk.\" data-type=\"URL\" data-id=\"www.UML.co.uk.\">www.UML.co.uk.<\/a><\/p>\n<\/div><\/div>\n<\/div><\/div>\n","protected":false},"excerpt":{"rendered":"<p>Unsere Marken ARTEX entwickelt und fertigt eine breite Palette von Notsendern (ELTs) f\u00fcr die allgemeine, kommerzielle, kommerzielle und milit\u00e4rische Luftfahrt sowie Akkupacks und ELT Zubeh\u00f6r. ARTEX ist ein globales Unternehmen mit Kunden von Privatpiloten bis hin zu den weltweit gr\u00f6\u00dften Flugzeugherstellern, Fluggesellschaften und Regierungen. Weitere Informationen finden Sie unter ARTEX Ocean Signal entwickelt und fertigt [&hellip;]<\/p>\n","protected":false},"author":1,"featured_media":0,"parent":0,"menu_order":0,"comment_status":"closed","ping_status":"closed","template":"pagetemplate-company.php","meta":{"_acf_changed":false,"om_disable_all_campaigns":false,"footnotes":""},"class_list":["post-148708","page","type-page","status-publish","hentry"],"acf":[],"_links":{"self":[{"href":"https:\/\/www.acrartex.com\/de\/wp-json\/wp\/v2\/pages\/148708","targetHints":{"allow":["GET"]}}],"collection":[{"href":"https:\/\/www.acrartex.com\/de\/wp-json\/wp\/v2\/pages"}],"about":[{"href":"https:\/\/www.acrartex.com\/de\/wp-json\/wp\/v2\/types\/page"}],"author":[{"embeddable":true,"href":"https:\/\/www.acrartex.com\/de\/wp-json\/wp\/v2\/users\/1"}],"replies":[{"embeddable":true,"href":"https:\/\/www.acrartex.com\/de\/wp-json\/wp\/v2\/comments?post=148708"}],"version-history":[{"count":1,"href":"https:\/\/www.acrartex.com\/de\/wp-json\/wp\/v2\/pages\/148708\/revisions"}],"predecessor-version":[{"id":148716,"href":"https:\/\/www.acrartex.com\/de\/wp-json\/wp\/v2\/pages\/148708\/revisions\/148716"}],"wp:attachment":[{"href":"https:\/\/www.acrartex.com\/de\/wp-json\/wp\/v2\/media?parent=148708"}],"curies":[{"name":"wp","href":"https:\/\/api.w.org\/{rel}","templated":true}]}}