{"id":148583,"date":"2021-06-08T23:12:50","date_gmt":"2021-06-09T04:12:50","guid":{"rendered":"https:\/\/www.acrartex.com\/beacon-registrieren\/"},"modified":"2025-07-07T08:53:31","modified_gmt":"2025-07-07T13:53:31","slug":"beacon-registrieren","status":"publish","type":"page","link":"https:\/\/www.acrartex.com\/de\/beacon-registrieren\/","title":{"rendered":"Beacon registrieren"},"content":{"rendered":"\n<p>Die Registrierung Ihrer 406 MHz EPIRB , Personal Locator Beacon ( PLB ) und Ihres Emergency Locator Transmitter ( ELT ) ist entscheidend f\u00fcr deren maximale Wirksamkeit in Notsituationen. Durch die Registrierung wird sichergestellt, dass wichtige Informationen \u00fcber Sie und Ihr Schiff sowie pers\u00f6nliche Daten den Such- und Rettungsbeh\u00f6rden im Notfall sofort zur Verf\u00fcgung stehen. Dazu geh\u00f6ren Kontaktdaten, Schiffseigenschaften und Notfallkontakte, die eine schnellere und pr\u00e4zisere Reaktion erm\u00f6glichen. Dar\u00fcber hinaus tr\u00e4gt die Registrierung dazu bei, Fehlalarme zu vermeiden, da die Beh\u00f6rden Notsignale schnell \u00fcberpr\u00fcfen und Reaktionen priorisieren k\u00f6nnen. Durch die einfache Registrierung Ihres Notsenders erh\u00f6hen Sie die Wahrscheinlichkeit einer erfolgreichen Rettungsaktion erheblich und tragen zur allgemeinen Sicherheit auf See bei.    <\/p>\n","protected":false},"excerpt":{"rendered":"<p>Die Registrierung Ihrer 406 MHz EPIRB , Personal Locator Beacon ( PLB ) und Ihres Emergency Locator Transmitter ( ELT ) ist entscheidend f\u00fcr deren maximale Wirksamkeit in Notsituationen. Durch die Registrierung wird sichergestellt, dass wichtige Informationen \u00fcber Sie und Ihr Schiff sowie pers\u00f6nliche Daten den Such- und Rettungsbeh\u00f6rden im Notfall sofort zur Verf\u00fcgung stehen. [&hellip;]<\/p>\n","protected":false},"author":8,"featured_media":0,"parent":0,"menu_order":0,"comment_status":"closed","ping_status":"closed","template":"","meta":{"_acf_changed":false,"om_disable_all_campaigns":false,"footnotes":""},"class_list":["post-148583","page","type-page","status-publish","hentry"],"acf":[],"_links":{"self":[{"href":"https:\/\/www.acrartex.com\/de\/wp-json\/wp\/v2\/pages\/148583","targetHints":{"allow":["GET"]}}],"collection":[{"href":"https:\/\/www.acrartex.com\/de\/wp-json\/wp\/v2\/pages"}],"about":[{"href":"https:\/\/www.acrartex.com\/de\/wp-json\/wp\/v2\/types\/page"}],"author":[{"embeddable":true,"href":"https:\/\/www.acrartex.com\/de\/wp-json\/wp\/v2\/users\/8"}],"replies":[{"embeddable":true,"href":"https:\/\/www.acrartex.com\/de\/wp-json\/wp\/v2\/comments?post=148583"}],"version-history":[{"count":1,"href":"https:\/\/www.acrartex.com\/de\/wp-json\/wp\/v2\/pages\/148583\/revisions"}],"predecessor-version":[{"id":148587,"href":"https:\/\/www.acrartex.com\/de\/wp-json\/wp\/v2\/pages\/148583\/revisions\/148587"}],"wp:attachment":[{"href":"https:\/\/www.acrartex.com\/de\/wp-json\/wp\/v2\/media?parent=148583"}],"curies":[{"name":"wp","href":"https:\/\/api.w.org\/{rel}","templated":true}]}}