{"id":147283,"date":"2025-04-30T14:47:27","date_gmt":"2025-04-30T19:47:27","guid":{"rendered":"https:\/\/www.acrartex.com\/acr-dashboard-ruecksendungen-bei-garantie-und-reparaturproblemen\/"},"modified":"2025-07-07T07:03:15","modified_gmt":"2025-07-07T12:03:15","slug":"acr-dashboard-ruecksendungen-bei-garantie-und-reparaturproblemen","status":"publish","type":"page","link":"https:\/\/www.acrartex.com\/de\/acr-dashboard-ruecksendungen-bei-garantie-und-reparaturproblemen\/","title":{"rendered":"ACR Dashboard \u2013 R\u00fccksendungen bei Garantie- und Reparaturproblemen"},"content":{"rendered":"\n<p>Sobald Sie die Serviceanfrage abgeschlossen haben, erhalten Sie eine Auftragsnummer. Diese Nummer autorisiert die R\u00fccksendung Ihres Ger\u00e4ts. Bitte schreiben Sie die Auftragsnummer deutlich sichtbar auf die Au\u00dfenseite des Pakets, um sicherzustellen, dass Ihr Paket an die richtige Abteilung geliefert wird. Pakete ohne sichtbare Auftragsnummer werden verz\u00f6gert, unter Quarant\u00e4ne gestellt und es wird eine Servicegeb\u00fchr erhoben.   <\/p>\n\n<p><strong>Absenderadresse<\/strong><br\/> ACR Electronics<br\/> 5757 Ravenswood Rd<br\/> Fort Lauderdale, FL 33312<\/p>\n\n<p>Nach Erhalt wird Ihr Paket an die richtige Abteilung weitergeleitet. Unsere Standardbearbeitungszeit betr\u00e4gt 30\u201345 Tage. <\/p>\n\n<p>Wenn Sie Fragen haben, kontaktieren Sie uns bitte unter <strong><a href=\"mailto:returns@acrartex.com\">returns@acrartex.com<\/a><\/strong> und ein engagierter Kundendienstmitarbeiter wird sich mit Ihnen in Verbindung setzen.<\/p>\n","protected":false},"excerpt":{"rendered":"<p>Sobald Sie die Serviceanfrage abgeschlossen haben, erhalten Sie eine Auftragsnummer. Diese Nummer autorisiert die R\u00fccksendung Ihres Ger\u00e4ts. Bitte schreiben Sie die Auftragsnummer deutlich sichtbar auf die Au\u00dfenseite des Pakets, um sicherzustellen, dass Ihr Paket an die richtige Abteilung geliefert wird. Pakete ohne sichtbare Auftragsnummer werden verz\u00f6gert, unter Quarant\u00e4ne gestellt und es wird eine Servicegeb\u00fchr erhoben. [&hellip;]<\/p>\n","protected":false},"author":23,"featured_media":0,"parent":0,"menu_order":0,"comment_status":"closed","ping_status":"closed","template":"","meta":{"_acf_changed":false,"om_disable_all_campaigns":false,"footnotes":""},"class_list":["post-147283","page","type-page","status-publish","hentry"],"acf":[],"_links":{"self":[{"href":"https:\/\/www.acrartex.com\/de\/wp-json\/wp\/v2\/pages\/147283","targetHints":{"allow":["GET"]}}],"collection":[{"href":"https:\/\/www.acrartex.com\/de\/wp-json\/wp\/v2\/pages"}],"about":[{"href":"https:\/\/www.acrartex.com\/de\/wp-json\/wp\/v2\/types\/page"}],"author":[{"embeddable":true,"href":"https:\/\/www.acrartex.com\/de\/wp-json\/wp\/v2\/users\/23"}],"replies":[{"embeddable":true,"href":"https:\/\/www.acrartex.com\/de\/wp-json\/wp\/v2\/comments?post=147283"}],"version-history":[{"count":1,"href":"https:\/\/www.acrartex.com\/de\/wp-json\/wp\/v2\/pages\/147283\/revisions"}],"predecessor-version":[{"id":147284,"href":"https:\/\/www.acrartex.com\/de\/wp-json\/wp\/v2\/pages\/147283\/revisions\/147284"}],"wp:attachment":[{"href":"https:\/\/www.acrartex.com\/de\/wp-json\/wp\/v2\/media?parent=147283"}],"curies":[{"name":"wp","href":"https:\/\/api.w.org\/{rel}","templated":true}]}}