{"id":146868,"date":"2021-02-26T09:20:08","date_gmt":"2021-02-26T14:20:08","guid":{"rendered":"https:\/\/www.acrartex.com\/qualitaet\/"},"modified":"2025-07-07T06:01:03","modified_gmt":"2025-07-07T11:01:03","slug":"qualitaet","status":"publish","type":"page","link":"https:\/\/www.acrartex.com\/de\/qualitaet\/","title":{"rendered":"Qualit\u00e4t"},"content":{"rendered":"\n<p>Bei ACR \/Artex fertigen wir Qualit\u00e4tsprodukte im Wissen, dass sie Leben retten. Wissenschaft ist in unserem Gesch\u00e4ft das A und O: Sie liefert Gesetze, Prozesse und zuverl\u00e4ssige Ergebnisse, mit denen wir das Unvorhersehbare erfolgreich \u00fcberlisten. Unser Unternehmen basiert auf dem Prinzip der kontinuierlichen Verbesserung. Wir sind anspruchsvoll, detailorientiert und pr\u00e4zise. Wir werden uns nie f\u00fcr \u00fcbertriebene Akribie und Qualit\u00e4tsbesessenheit entschuldigen m\u00fcssen. Wir investieren viel Zeit in die Entwicklung neuer Produkte, denn wir sind \u00fcberzeugt, dass unsere Kunden nur das Beste verdienen. Wir entwickeln Produkte, die alle beh\u00f6rdlichen Vorschriften \u00fcbertreffen. Anders ausgedr\u00fcckt: Unsere Testanstrengungen beginnen oft dort, wo staatliche Standards aufh\u00f6ren. Qualit\u00e4t bedeutet f\u00fcr uns, die genaue chemische und metallische Zusammensetzung jeder Komponente in jedem unserer Produkte zu kennen. Es bedeutet, Tests zu entwickeln, um jede unserer Behauptungen zu best\u00e4tigen. Es bedeutet, jede Ausfallquote, die unsere Wettbewerber f\u00fcr akzeptabel halten, kategorisch abzulehnen. Kurz gesagt: Wenn es nicht das Beste ist, ist es nicht ACR \/Artex. QUALIT\u00c4TSMANAGEMENTSYSTEM S\u00e4mtliche Aktivit\u00e4ten von ACR Electronics , Inc ( ACR \/Artex) unterliegen der Aufsicht der Federal Aviation Administration (FAA) und regelm\u00e4\u00dfigen Audits gem\u00e4\u00df den Federal Aviation Regulations (FAR). Das Qualit\u00e4tsmanagementsystem (QMS) ACR ist in einem Qualit\u00e4tshandbuch und Verfahren dokumentiert, die von der FAA genehmigt sind. Artex ELT Produkte sind von der FAA nach Technical Standard Orders (TSO), der entsprechenden europ\u00e4ischen Qualifikation \u2013 ETSO \u2013 und anderen regionalen Zulassungsstellen zugelassen. Um unsere Kunden besser bedienen zu k\u00f6nnen, verf\u00fcgt ACR \/Artex \u00fcber eine vertraglich gebundene, FAR-145-zugelassene Reparaturstation, die einer separaten Genehmigung und Aufsicht der FAA unterliegt. Um die Anforderungen unserer OEM-Kunden zu erf\u00fcllen, hat ACR \/Artex sein QMS nach den internationalen Qualit\u00e4tssystemstandards AS9100D (Luft- und Raumfahrt) und ISO-9001:2015 registriert. Der Registrar von ACR ist T\u00dcV USA, Inc. und ist in der Datenbank des Online Aerospace Supplier Information System (IAQG-OASIS) aufgef\u00fchrt.                 <\/p>\n\n<figure class=\"wp-block-image size-large\"><a href=\"https:\/\/www.acrartex.com\/wp-content\/uploads\/2022\/03\/image.png\"><img loading=\"lazy\" decoding=\"async\" width=\"1024\" height=\"111\" src=\"https:\/\/www.acrartex.com\/wp-content\/uploads\/2022\/03\/image-1024x111.png\" alt=\"\" class=\"wp-image-28338\" srcset=\"https:\/\/www.acrartex.com\/wp-content\/uploads\/2022\/03\/image-1024x111.png 1024w, https:\/\/www.acrartex.com\/wp-content\/uploads\/2022\/03\/image-300x32.png 300w, https:\/\/www.acrartex.com\/wp-content\/uploads\/2022\/03\/image-768x83.png 768w, https:\/\/www.acrartex.com\/wp-content\/uploads\/2022\/03\/image-600x65.png 600w, https:\/\/www.acrartex.com\/wp-content\/uploads\/2022\/03\/image.png 1339w\" sizes=\"auto, (max-width: 1024px) 100vw, 1024px\" \/><\/a><\/figure>\n\n<p><strong>Qualit\u00e4tszertifizierungen:<\/strong><\/p>\n\n<p class=\"has-vivid-cyan-blue-color has-text-color\"><a href=\"https:\/\/www.dropbox.com\/scl\/fi\/v5ydoa395w61i3hb47e8e\/ISO-9001-and-AS9100D-Certification.pdf?rlkey=rigwfe1zbfejlavr32ovnocfi&amp;st=8vv015y7&amp;dl=1\">ISO 9001- und AS9100D-Zertifizierung<\/a><\/p>\n\n<p class=\"has-vivid-cyan-blue-color has-text-color\"><a href=\"https:\/\/www.dropbox.com\/scl\/fi\/bj7464lwwz577bvvvuzfo\/FAA-Air-Agency-Certificate_Manufacturer-Maintenance-Facility.pdf?rlkey=ncqrwf5xvba8eystumuox5iqd&amp;dl=1\">FAA-Luftfahrtbeh\u00f6rde-Zertifikat (Wartungseinrichtung des Herstellers)<\/a><\/p>\n\n<p class=\"has-vivid-cyan-blue-color has-text-color\"><a href=\"https:\/\/www.dropbox.com\/scl\/fi\/m1mtjkp8v5tdgi4oh2fbn\/FAA-Air-Agency-Certificate_Repair-Station.pdf?rlkey=jblwgu85vrjp3xhp8590ssb17&amp;dl=1\">FAA Air Agency Certificate (Reparaturwerkstatt)<\/a><\/p>\n\n<p class=\"has-vivid-cyan-blue-color has-text-color\"><a href=\"https:\/\/www.dropbox.com\/scl\/fi\/dh8quhkwvbp0tetyiudah\/FAA_Operations-Specifications.pdf?rlkey=odkhobvjvzjzu6ddwne4xmhyo&amp;dl=1\">FAA-Betriebsspezifikationen<\/a><\/p>\n\n<p class=\"has-vivid-cyan-blue-color has-text-color\"><a href=\"https:\/\/www.dropbox.com\/scl\/fi\/ssjmpyvgrgushnbb1diln\/EASA-Part-145__Approval-Renewal__pg-1-2___Expires-_01-June-2026.pdf?rlkey=v92tqo9evrpwgujiq6rbk9shy&amp;st=kg2trlrv&amp;dl=1\">EASA Part 145 Zulassungszertifikat<\/a><\/p>\n","protected":false},"excerpt":{"rendered":"<p>Bei ACR \/Artex fertigen wir Qualit\u00e4tsprodukte im Wissen, dass sie Leben retten. Wissenschaft ist in unserem Gesch\u00e4ft das A und O: Sie liefert Gesetze, Prozesse und zuverl\u00e4ssige Ergebnisse, mit denen wir das Unvorhersehbare erfolgreich \u00fcberlisten. Unser Unternehmen basiert auf dem Prinzip der kontinuierlichen Verbesserung. Wir sind anspruchsvoll, detailorientiert und pr\u00e4zise. Wir werden uns nie f\u00fcr [&hellip;]<\/p>\n","protected":false},"author":2,"featured_media":0,"parent":0,"menu_order":0,"comment_status":"closed","ping_status":"closed","template":"","meta":{"_acf_changed":false,"om_disable_all_campaigns":false,"footnotes":""},"class_list":["post-146868","page","type-page","status-publish","hentry"],"acf":[],"_links":{"self":[{"href":"https:\/\/www.acrartex.com\/de\/wp-json\/wp\/v2\/pages\/146868","targetHints":{"allow":["GET"]}}],"collection":[{"href":"https:\/\/www.acrartex.com\/de\/wp-json\/wp\/v2\/pages"}],"about":[{"href":"https:\/\/www.acrartex.com\/de\/wp-json\/wp\/v2\/types\/page"}],"author":[{"embeddable":true,"href":"https:\/\/www.acrartex.com\/de\/wp-json\/wp\/v2\/users\/2"}],"replies":[{"embeddable":true,"href":"https:\/\/www.acrartex.com\/de\/wp-json\/wp\/v2\/comments?post=146868"}],"version-history":[{"count":1,"href":"https:\/\/www.acrartex.com\/de\/wp-json\/wp\/v2\/pages\/146868\/revisions"}],"predecessor-version":[{"id":146873,"href":"https:\/\/www.acrartex.com\/de\/wp-json\/wp\/v2\/pages\/146868\/revisions\/146873"}],"wp:attachment":[{"href":"https:\/\/www.acrartex.com\/de\/wp-json\/wp\/v2\/media?parent=146868"}],"curies":[{"name":"wp","href":"https:\/\/api.w.org\/{rel}","templated":true}]}}