{"id":146436,"date":"2021-11-11T11:07:00","date_gmt":"2021-11-11T16:07:00","guid":{"rendered":"https:\/\/www.acrartex.com\/aislink-mob-programmierung\/"},"modified":"2025-07-07T05:44:57","modified_gmt":"2025-07-07T10:44:57","slug":"aislink-mob-programmierung","status":"publish","type":"page","link":"https:\/\/www.acrartex.com\/de\/aislink-mob-programmierung\/","title":{"rendered":"AISLink MOB -Programmierung"},"content":{"rendered":"\n<p>Auf dieser Seite finden Sie verf\u00fcgbare Downloads.<\/p>\n\n<p><\/p>\n\n<p>Verwenden Sie den unten stehenden Download-Link, um das Programm auf Ihrem Windows-Computer zu installieren, oder verwenden Sie alternativ den unten stehenden Start-Link, um die Anwendung als Webseite auf Ihren Computern, Tablets oder Telefonen auszuf\u00fchren.<\/p>\n\n<p>HINWEIS: Sollten Sie Probleme bei der Programmierung Ihres AISLink MOB haben, lesen Sie bitte die Anleitung zur Fehlerbehebung. Diese erreichen Sie \u00fcber die Startseite des Programms, durch Dr\u00fccken der F1-Taste im herunterladbaren Softwareprogramm oder durch Klicken auf \u201eHilfe\u201c im webbasierten Softwareprogramm. Der h\u00e4ufigste Grund f\u00fcr fehlgeschlagene Programmierungen des AISLink MOB ist die Bildschirmhelligkeit. Stellen Sie die Bildschirmhelligkeit mithilfe der Tasten Ihrer Laptop-Tastatur oder Ihres Monitors auf maximale Helligkeit ein.  <\/p>\n\n<p>Die unten verf\u00fcgbare herunterladbare oder webbasierte Softwareversion ist spezifisch f\u00fcr die zul\u00e4ssigen DSC-Funktionen in dem Land, aus dem Sie auf diese Webseite zugreifen.<\/p>\n\n<p><\/p>\n\n<h3 class=\"wp-block-heading\" id=\"h-downloadable-pc-software\">HERUNTERLADBARE PC-SOFTWARE<a href=\"https:\/\/www.acrartex.com\/zone1-pc-software.zip\"><\/a><\/h3>\n\n<div class=\"wp-block-buttons is-layout-flex wp-block-buttons-is-layout-flex\">\n<div class=\"wp-block-button\"><a class=\"wp-block-button__link has-black-color has-text-color has-background\" href=\"https:\/\/www.dropbox.com\/s\/fo2qcyw0rx2l7ss\/zone1-pc-software.zip?dl=1\" style=\"background-color:#defa00\">Programmiersoftware herunterladen (Zone 1)<\/a><\/div>\n<\/div>\n\n<h3 class=\"wp-block-heading\">WEB-PROGRAMMIERSOFTWARE STARTEN<\/h3>\n\n<div class=\"wp-block-buttons is-layout-flex wp-block-buttons-is-layout-flex\">\n<div class=\"wp-block-button\"><a class=\"wp-block-button__link has-black-color has-text-color has-background\" href=\"https:\/\/old.acrartex.com\/support\/configure-aislink-mob\/program\" style=\"background-color:#defa00\">Starten Sie die Webprogrammiersoftware (Zone 1)<\/a><\/div>\n<\/div>\n\n<p><a href=\"https:\/\/www.acrartex.com\/support\/configure-aislink-mob\/program\"><\/a><\/p>\n","protected":false},"excerpt":{"rendered":"<p>Auf dieser Seite finden Sie verf\u00fcgbare Downloads. Verwenden Sie den unten stehenden Download-Link, um das Programm auf Ihrem Windows-Computer zu installieren, oder verwenden Sie alternativ den unten stehenden Start-Link, um die Anwendung als Webseite auf Ihren Computern, Tablets oder Telefonen auszuf\u00fchren. HINWEIS: Sollten Sie Probleme bei der Programmierung Ihres AISLink MOB haben, lesen Sie bitte [&hellip;]<\/p>\n","protected":false},"author":22,"featured_media":0,"parent":0,"menu_order":0,"comment_status":"closed","ping_status":"closed","template":"","meta":{"_acf_changed":false,"om_disable_all_campaigns":false,"footnotes":""},"class_list":["post-146436","page","type-page","status-publish","hentry"],"acf":[],"_links":{"self":[{"href":"https:\/\/www.acrartex.com\/de\/wp-json\/wp\/v2\/pages\/146436","targetHints":{"allow":["GET"]}}],"collection":[{"href":"https:\/\/www.acrartex.com\/de\/wp-json\/wp\/v2\/pages"}],"about":[{"href":"https:\/\/www.acrartex.com\/de\/wp-json\/wp\/v2\/types\/page"}],"author":[{"embeddable":true,"href":"https:\/\/www.acrartex.com\/de\/wp-json\/wp\/v2\/users\/22"}],"replies":[{"embeddable":true,"href":"https:\/\/www.acrartex.com\/de\/wp-json\/wp\/v2\/comments?post=146436"}],"version-history":[{"count":1,"href":"https:\/\/www.acrartex.com\/de\/wp-json\/wp\/v2\/pages\/146436\/revisions"}],"predecessor-version":[{"id":146439,"href":"https:\/\/www.acrartex.com\/de\/wp-json\/wp\/v2\/pages\/146436\/revisions\/146439"}],"wp:attachment":[{"href":"https:\/\/www.acrartex.com\/de\/wp-json\/wp\/v2\/media?parent=146436"}],"curies":[{"name":"wp","href":"https:\/\/api.w.org\/{rel}","templated":true}]}}