{"id":144404,"date":"2023-01-04T17:34:34","date_gmt":"2023-01-04T22:34:34","guid":{"rendered":"https:\/\/www.acrartex.com\/gadss-elt-dt-beratungsanfrage\/"},"modified":"2025-07-07T05:29:51","modified_gmt":"2025-07-07T10:29:51","slug":"gadss-elt-dt-beratungsanfrage","status":"publish","type":"page","link":"https:\/\/www.acrartex.com\/de\/gadss-elt-dt-beratungsanfrage\/","title":{"rendered":"GADSS ELT DT BERATUNGSANFRAGE"},"content":{"rendered":"\n<p>M\u00f6chten Sie mehr \u00fcber GADSS erfahren und wie sich dies auf Ihre zuk\u00fcnftigen Flugzeugbestellungen auswirkt? Unsere GADSS-Experten stehen Ihnen gerne zur Verf\u00fcgung.<\/p>\n\n<p>ARTEX Kontaktinformationen:<\/p>\n\n<p>Vertriebskontakt: <a href=\"Jeff.Geraci@acrartex.com\">Jeff Geraci<\/a> unter +1 954-612-9592 oder <a href=\"mailto:Jeff.Geraci@acrartex.com\">Jeff.Geraci@acrartex.com<\/a><\/p>\n\n<p>Marketingkontakt: Mikele D&#8217;Arcangelo unter +1 954-614-6703 oder <a href=\"mailto:mikele.darcangelo@acrartex.com\" target=\"_blank\" rel=\"noreferrer noopener\">mikele.darcangelo@acrartex.com<\/a><\/p>\n\n<p><\/p>\n\n<iframe loading=\"lazy\" src=\"https:\/\/forms.monday.com\/forms\/embed\/bb05362e9314db80adc186100ed2cb7b?r=use1\" width=\"650\" height=\"500\" style=\"border: 0; box-shadow: 5px 5px 56px 0px rgba(0,0,0,0.25);\"><\/iframe>\n\n<p><\/p>\n","protected":false},"excerpt":{"rendered":"<p>M\u00f6chten Sie mehr \u00fcber GADSS erfahren und wie sich dies auf Ihre zuk\u00fcnftigen Flugzeugbestellungen auswirkt? Unsere GADSS-Experten stehen Ihnen gerne zur Verf\u00fcgung. ARTEX Kontaktinformationen: Vertriebskontakt: Jeff Geraci unter +1 954-612-9592 oder Jeff.Geraci@acrartex.com Marketingkontakt: Mikele D&#8217;Arcangelo unter +1 954-614-6703 oder mikele.darcangelo@acrartex.com<\/p>\n","protected":false},"author":5,"featured_media":0,"parent":0,"menu_order":0,"comment_status":"closed","ping_status":"closed","template":"","meta":{"_acf_changed":false,"om_disable_all_campaigns":false,"footnotes":""},"class_list":["post-144404","page","type-page","status-publish","hentry"],"acf":[],"_links":{"self":[{"href":"https:\/\/www.acrartex.com\/de\/wp-json\/wp\/v2\/pages\/144404","targetHints":{"allow":["GET"]}}],"collection":[{"href":"https:\/\/www.acrartex.com\/de\/wp-json\/wp\/v2\/pages"}],"about":[{"href":"https:\/\/www.acrartex.com\/de\/wp-json\/wp\/v2\/types\/page"}],"author":[{"embeddable":true,"href":"https:\/\/www.acrartex.com\/de\/wp-json\/wp\/v2\/users\/5"}],"replies":[{"embeddable":true,"href":"https:\/\/www.acrartex.com\/de\/wp-json\/wp\/v2\/comments?post=144404"}],"version-history":[{"count":1,"href":"https:\/\/www.acrartex.com\/de\/wp-json\/wp\/v2\/pages\/144404\/revisions"}],"predecessor-version":[{"id":144423,"href":"https:\/\/www.acrartex.com\/de\/wp-json\/wp\/v2\/pages\/144404\/revisions\/144423"}],"wp:attachment":[{"href":"https:\/\/www.acrartex.com\/de\/wp-json\/wp\/v2\/media?parent=144404"}],"curies":[{"name":"wp","href":"https:\/\/api.w.org\/{rel}","templated":true}]}}