{"id":144356,"date":"2025-04-30T14:30:03","date_gmt":"2025-04-30T19:30:03","guid":{"rendered":"https:\/\/www.acrartex.com\/acr-dashboard-ruecksendungen-gutschrift-oder-garantie-und-reparatur\/"},"modified":"2025-07-07T07:04:24","modified_gmt":"2025-07-07T12:04:24","slug":"acr-dashboard-ruecksendungen-gutschrift-oder-garantie-und-reparatur","status":"publish","type":"page","link":"https:\/\/www.acrartex.com\/de\/acr-dashboard-ruecksendungen-gutschrift-oder-garantie-und-reparatur\/","title":{"rendered":"ACR Dashboard \u2013 R\u00fccksendungen (Gutschrift oder Garantie und Reparatur)"},"content":{"rendered":"\n<p>M\u00f6chten Sie eine R\u00fccksendung zur Gutschrift einreichen? <a href=\"https:\/\/www.acrartex.com\/de\/acr-dashboard-ruecksendungen-gegen-gutschrift\/\">Klicken Sie hier<\/a> , um detaillierte Informationen und Anweisungen zur Einreichung einer R\u00fccksendung zur Gutschrift zu erhalten. <\/p>\n\n<p>Handelt es sich bei Ihrer R\u00fccksendung um einen Garantie- oder Reparaturfall? <a href=\"https:\/\/www.acrartex.com\/de\/acr-dashboard-ruecksendungen-bei-garantie-und-reparaturproblemen\/\">Klicken Sie HIER<\/a> , um detaillierte Informationen und Anweisungen zur R\u00fccksendung im Garantie- oder Reparaturfall zu erhalten.   <\/p>\n","protected":false},"excerpt":{"rendered":"<p>M\u00f6chten Sie eine R\u00fccksendung zur Gutschrift einreichen? Klicken Sie hier , um detaillierte Informationen und Anweisungen zur Einreichung einer R\u00fccksendung zur Gutschrift zu erhalten. Handelt es sich bei Ihrer R\u00fccksendung um einen Garantie- oder Reparaturfall? Klicken Sie HIER , um detaillierte Informationen und Anweisungen zur R\u00fccksendung im Garantie- oder Reparaturfall zu erhalten.<\/p>\n","protected":false},"author":23,"featured_media":0,"parent":0,"menu_order":0,"comment_status":"closed","ping_status":"closed","template":"","meta":{"_acf_changed":false,"om_disable_all_campaigns":false,"footnotes":""},"class_list":["post-144356","page","type-page","status-publish","hentry"],"acf":[],"_links":{"self":[{"href":"https:\/\/www.acrartex.com\/de\/wp-json\/wp\/v2\/pages\/144356","targetHints":{"allow":["GET"]}}],"collection":[{"href":"https:\/\/www.acrartex.com\/de\/wp-json\/wp\/v2\/pages"}],"about":[{"href":"https:\/\/www.acrartex.com\/de\/wp-json\/wp\/v2\/types\/page"}],"author":[{"embeddable":true,"href":"https:\/\/www.acrartex.com\/de\/wp-json\/wp\/v2\/users\/23"}],"replies":[{"embeddable":true,"href":"https:\/\/www.acrartex.com\/de\/wp-json\/wp\/v2\/comments?post=144356"}],"version-history":[{"count":2,"href":"https:\/\/www.acrartex.com\/de\/wp-json\/wp\/v2\/pages\/144356\/revisions"}],"predecessor-version":[{"id":147446,"href":"https:\/\/www.acrartex.com\/de\/wp-json\/wp\/v2\/pages\/144356\/revisions\/147446"}],"wp:attachment":[{"href":"https:\/\/www.acrartex.com\/de\/wp-json\/wp\/v2\/media?parent=144356"}],"curies":[{"name":"wp","href":"https:\/\/api.w.org\/{rel}","templated":true}]}}