{"id":144236,"date":"2024-03-06T13:47:16","date_gmt":"2024-03-06T18:47:16","guid":{"rendered":"https:\/\/www.acrartex.com\/survivorclub-geschaeftsbedingungen\/"},"modified":"2025-07-07T05:14:50","modified_gmt":"2025-07-07T10:14:50","slug":"survivorclub-geschaeftsbedingungen","status":"publish","type":"page","link":"https:\/\/www.acrartex.com\/de\/survivorclub-geschaeftsbedingungen\/","title":{"rendered":"SurvivorClub Gesch\u00e4ftsbedingungen"},"content":{"rendered":"\n<p><strong>Programmbeschreibung:<\/strong><\/p>\n\n<p>Wenn Sie Ihr ACR oder ARTEX 406 MHz EPIRB , ELT , Personal Locator Beacon oder Bivy Stick in einem lebensrettenden Notfall verwenden, der dazu f\u00fchrt, dass ein Leben von Such- und Rettungskr\u00e4ften gerettet wird, ersetzt ACR Electronics , Inc. ( ACR ) Ihr Beacon durch ein neues Beacon von gleichem oder h\u00f6herem Wert (nachfolgend das \u201eProgramm\u201c) gem\u00e4\u00df den hierin beschriebenen Gesch\u00e4ftsbedingungen.<\/p>\n\n<p><strong>So nehmen Sie teil:<\/strong><\/p>\n\n<p>Um Ersatz anzufordern, besuchen Sie bitte <a href=\"http:\/\/www.suvivorclub.com\/\">http:\/\/www.survivorclub.com<\/a> und senden Sie Ihre Rettungsgeschichte zusammen mit einem Foto oder Video dazu. Sie m\u00fcssen au\u00dferdem Ihren vorhandenen 406-MHz-Beacon (die R\u00fccksendung eines Bivy Sticks ist nicht erforderlich) zusammen mit dem entsprechenden Registrierungsnachweis an ACR Electronics , Inc., Betreff: 406 Survivor Club , 5757 Ravenswood Road, Fort Lauderdale, FL 33312, schicken. Bei 406-MHz-Beacons schicken wir Ihnen nach \u00dcberpr\u00fcfung Ihrer Rettung bei den zust\u00e4ndigen Beh\u00f6rden einen neuen Beacon gleichen oder h\u00f6heren Werts, sofern alle anderen Bedingungen erf\u00fcllt wurden. Bivy Stick-Kunden erhalten nach \u00dcberpr\u00fcfung Ihrer Rettung die in diesen Bedingungen beschriebene kostenlose Sendezeit, sofern alle anderen Bedingungen erf\u00fcllt wurden. Weitere Informationen finden Sie unter: <a href=\"http:\/\/www.suvivorclub.com\/\">http:\/\/www.survivorclub.com<\/a> .    <\/p>\n\n<p>Mit Ihrer Teilnahme erkl\u00e4ren Sie sich mit den Anforderungen von ACR in Bezug auf das Programm, einschlie\u00dflich dieser Teilnahmebedingungen, einverstanden. Sie best\u00e4tigen au\u00dferdem, dass Sie zum Zeitpunkt der Einreichung mindestens 13 Jahre alt sind. Die Entscheidungen von ACR sind in allen Angelegenheiten im Zusammenhang mit dem Programm endg\u00fcltig.  <\/p>\n\n<p><strong>Zus\u00e4tzliche Bedingungen:<\/strong><\/p>\n\n<p>F\u00fcr das Programm gelten die folgenden zus\u00e4tzlichen Gesch\u00e4ftsbedingungen:<\/p>\n\n<ol class=\"wp-block-list\">\n<li>Das bei einer tats\u00e4chlichen Notfallrettung verwendete Signal muss ein 406 MHz EPIRB , ein 406 MHz Personal Locator Beacon , ein 406 MHz Emergency Locator Transmitter oder ACR Bivy Stick von ACR Electronics Inc. sein.<\/li>\n\n\n\n<li>406 MHz EPIRB \/ PLB \/ ELT m\u00fcssen vor der Notfallaktivierung ordnungsgem\u00e4\u00df bei den nationalen Beh\u00f6rden im Wohnsitzland des Benutzers registriert worden sein.<\/li>\n\n\n\n<li>Die 406-MHz-Registrierung ist schnell, einfach und kostenlos. Nicht registrierte 406-MHz-Beacons sind nicht berechtigt. Weitere Informationen zur Registrierung Ihres 406-MHz-Beacons finden Sie unter https:\/\/www.acrartex.com\/register-beacon\/  <\/li>\n\n\n\n<li>406 MHz EPIRB \/ PLB \/ ELT m\u00fcssen \u00fcber g\u00fcltige Batterien verf\u00fcgen. 406 MHz-Beacons mit abgelaufenen Batterien (siehe Batteriewechseldatum auf jedem Beacon) sind nicht zul\u00e4ssig. <\/li>\n\n\n\n<li>Das Programm gilt nur f\u00fcr Ersatz-Beacons. Beacon-Zubeh\u00f6r wie ELT Antennen, ELT Fernschalter, Installationskosten usw. sind von diesem Programm nicht abgedeckt. <\/li>\n\n\n\n<li>406 MHz-Beacons m\u00fcssen an ACR , ACR Electronics , Inc., Betreff: 406 Survivor Club , 5757 Ravenswood Road, Fort Lauderdale, FL 33312, zur\u00fcckgegeben werden. Bei der Rettung verloren gegangene Beacons werden von Fall zu Fall nach Ermessen von ACR behandelt. <\/li>\n\n\n\n<li>ACR ist berechtigt, die Einzelheiten der Rettung bei den zust\u00e4ndigen Beh\u00f6rden zu \u00fcberpr\u00fcfen. Die Teilnehmer verpflichten sich, in dieser Hinsicht uneingeschr\u00e4nkt mit ACR zu kooperieren und alle von ACR angeforderten Informationen unverz\u00fcglich bereitzustellen. <\/li>\n\n\n\n<li>ACR ersetzt Ihren 406-MHz-Sender nach eigenem Ermessen und je nach Verf\u00fcgbarkeit durch einen neuen ACR gleicher oder besserer Technologie. Pro Person ist nur ein Ersatzsender zul\u00e4ssig. Ersatzsender werden nur dann ersetzt, wenn sie erneut in einer Notfallsituation eingesetzt werden, die eine Rettung zur Folge hat.  <\/li>\n\n\n\n<li>Ausnahmen gelten. Rettungseins\u00e4tze vor dem 1. Oktober 2012 haben keinen Anspruch auf ein neues LVS-Ger\u00e4t. <\/li>\n\n\n\n<li>Beacons, die ohne Notfall aktiviert wurden, oder falsche Aktivierungen oder Ausl\u00f6sungen, die nicht zu einer lebensrettenden Rettung f\u00fchrten, werden nicht anerkannt. Bei vors\u00e4tzlichen Fehlaktivierungen kann ACR die F\u00e4lle an die Strafverfolgungsbeh\u00f6rden oder andere zust\u00e4ndige Beh\u00f6rden weiterleiten. Verst\u00f6\u00dfe werden mit Geldstrafen, Schadensersatz und strafrechtlichen Konsequenzen geahndet. <\/li>\n\n\n\n<li>ACR beh\u00e4lt sich das Recht vor, das Programm jederzeit durch Ver\u00f6ffentlichung einer Mitteilung auf der Website <a href=\"http:\/\/www.acrartex.com\/\">www.acrartex.com<\/a> einzustellen.<\/li>\n\n\n\n<li>Alle internationalen, bundesstaatlichen, staatlichen und lokalen Steuern liegen in der alleinigen Verantwortung des\/der Teilnehmer(s).<\/li>\n\n\n\n<li>Wenn bei einer Rettung ein Bivy Stick verwendet wurde, erhalten Sie anstelle eines Ersatzsenders ein Jahr des \u201eunbegrenzten Jahresabonnements\u201c. Diese Pr\u00e4mie gilt in zwei F\u00e4llen: a) Wenn Sie Ihren Bivy Stick verwenden, um sich selbst zu retten. b) Wenn Sie Ihren Bivy Stick verwenden, um jemandem in Not zu helfen. Diese Pr\u00e4mie wird am Ende Ihres aktuellen Bivy Abonnements hinzugef\u00fcgt.    <\/li>\n\n\n\n<li>F\u00fcr die Nutzung Bivy Sticks gelten alle anderen Bedingungen dieser Vereinbarung, einschlie\u00dflich, aber nicht beschr\u00e4nkt auf die Verwendung personenbezogener Daten, Pers\u00f6nlichkeitsrechte und Haftungsbeschr\u00e4nkungen.<\/li>\n<\/ol>\n\n<p><strong>Verwendung personenbezogener Daten und Werbung:<\/strong><\/p>\n\n<p>ACR \u00fcbernimmt das volle Eigentum an allen zur\u00fcckgegebenen Beacons und kann diese f\u00fcr Marketing- oder Werbezwecke ausstellen, fotografieren oder verwenden. ACR kann zur\u00fcckgegebene Beacons nach eigenem Ermessen auch an Kunden und H\u00e4ndler verschenken oder verleihen.   <\/p>\n\n<p>Die im Rahmen des Programms erhobenen Informationen werden von ACR zur Programmverwaltung und zur Information der Teilnehmer \u00fcber Produkte, Dienstleistungen, Werbeaktionen und Angebote verwendet. Die Annahme des Ersatz-Beacons stellt zudem die Erlaubnis an ACR , seine Partner, Tochtergesellschaften, Lizenznehmer und Agenturen dar, Vorname, Ort, Bundesland, Bild, \u00dcberlebensgeschichte, Fotos und\/oder Videobeitr\u00e4ge des\/der \u00dcberlebenden ohne weitere Verg\u00fctung f\u00fcr Werbe- und Handelszwecke zu verwenden und zu lizenzieren, sofern dies nicht gesetzlich verboten ist. Ungeachtet des Vorstehenden werden Nachnamen und andere Kontaktinformationen der Teilnehmer wie E-Mail-Adresse, Postanschrift, Telefonnummer usw. von ACR ohne deren Zustimmung nicht \u00f6ffentlich zug\u00e4nglich gemacht.    <\/p>\n\n<p>Die Teilnehmer k\u00f6nnen auch zu Werbeauftritten oder kommerziellen Dreharbeiten eingeladen werden, die Teilnahme ist jedoch nicht verpflichtend.  <\/p>\n\n<p><strong>Haftungsbeschr\u00e4nkung:<\/strong><\/p>\n\n<p>Mit der Annahme des Ersatz-Beacons verpflichtet sich der Teilnehmer, ACR sowie dessen jeweilige Direktoren, leitenden Angestellten, Mitarbeiter und Beauftragte von allen Anspr\u00fcchen und Haftungen freizustellen, die sich aus der Nutzung des Ersatz-Beacons ergeben. Der Teilnehmer \u00fcbernimmt die volle Haftung f\u00fcr alle Verletzungen oder Sch\u00e4den, die durch die Teilnahme am Programm oder die Nutzung oder Einl\u00f6sung eines Ersatz-Beacons verursacht werden oder angeblich verursacht wurden.   <\/p>\n\n<p>ACR haftet nicht f\u00fcr Tipp- oder sonstige Fehler beim Druck des Angebots oder der Programmverwaltung. ACR haftet nicht f\u00fcr unvollst\u00e4ndige, verlorene, versp\u00e4tete, besch\u00e4digte, unleserliche oder fehlgeleitete E-Mails oder f\u00fcr technische Probleme, St\u00f6rungen von Telefonleitungen, Computersystemen, Servern, Providern, Hardware\/Software, verlorene oder nicht verf\u00fcgbare Netzwerkverbindungen oder fehlgeschlagene, unvollst\u00e4ndige, fehlerhafte oder verz\u00f6gerte Computer\u00fcbertragungen oder eine Kombination davon. ACR haftet nicht f\u00fcr Sch\u00e4den an Computersystemen, die durch die Teilnahme am Programm, den Zugriff auf oder das Herunterladen von Informationen im Zusammenhang mit dem Programm entstehen.  <\/p>\n\n<p><strong>ACR HAFTET IN KEINEM FALL F\u00dcR DIREKTE, INDIREKTE, BESONDERE, ZUF\u00c4LLIGE, EXEMPLARISCHE, STRAF- ODER FOLGESCH\u00c4DEN, DIE AUS IHRER TEILNAHME AM PROGRAMM ENTSTEHEN ODER IM ZUSAMMENHANG MIT DIESER TEILNAHME STEHEN, UNGEACHTET OB EINE SOLCHE HAFTUNG AUS EINEM ANSPRUCH AUFGRUND VON VERTRAG, GARANTIE, UNERLAUBTER HANDLUNG (EINSCHLIESSLICH FAHRL\u00c4SSIGKEIT), VERSCHULDENSUNABH\u00c4NGIGER HAFTUNG ODER ANDERWEITIG ENTSTEHT UND UNGEACHTET ACR \/ ARTEX AUF DIE M\u00d6GLICHKEIT SOLCHER VERLUSTE ODER SCH\u00c4DEN HINGEWIESEN WURDE ODER NICHT. OHNE EINSCHR\u00c4NKUNG DER ALLGEMEING\u00dcLTIGKEIT DES VORSTEHENDEN \u00dcBERSTEIGT DIE GESAMTHAFTUNG VON ACR \/ ARTEX IN BEZUG AUF DAS PROGRAMM NICHT DEN WERT DES ERSATZ-BEACONS. <\/strong>  In einigen Rechtsr\u00e4umen ist die Beschr\u00e4nkung oder der Ausschluss der Haftung f\u00fcr Neben- oder Folgesch\u00e4den nicht zul\u00e4ssig. Daher ist die obige Beschr\u00e4nkung oder der Ausschluss m\u00f6glicherweise nicht anwendbar.<\/p>\n\n<p><strong>Verschiedenes:<\/strong><\/p>\n\n<p>ACHTUNG: JEDER VERSUCH, EINE WEBSITE ABSICHTLICH ZU BESCH\u00c4DIGEN ODER DEN RECHTM\u00c4SSIGEN BETRIEB DES PROGRAMMS ZU UNTERGRABEN, STELLT EINEN VERSTOSS GEGEN STRAF- UND ZIVILRECHT DAR. SOLLTE EIN SOLCHER VERSUCH UNTERNOMMEN WERDEN, BEH\u00c4LT ACR DAS RECHT VOR, EINE PERSON ZU DISQUALIFIZIEREN UND SCHADENSERSATZ IM GESETZLICH ZUL\u00c4SSIGEN UMFANG ZU VERLANGEN. Im Streitfall bez\u00fcglich einer Einsendung gilt die Einsendung als vom urspr\u00fcnglichen K\u00e4ufer des registrierten Beacons vorgenommen. ACR beh\u00e4lt sich das Recht vor, das Programm zu \u00e4ndern oder einen Teilnehmer zu disqualifizieren, wenn Betrug, Fehlverhalten oder technische Fehler die Integrit\u00e4t des Programms zerst\u00f6ren, wie von ACR nach eigenem Ermessen festgestellt. Diese Allgemeinen Gesch\u00e4ftsbedingungen unterliegen dem Recht des Staates Florida, unter Ausschluss der Regeln zur Rechtswahl. S\u00e4mtliche Klagen, Verfahren oder F\u00e4lle, die sich aus oder im Zusammenhang mit dem Programm oder diesen Allgemeinen Gesch\u00e4ftsbedingungen ergeben, m\u00fcssen entweder vor den Bundesgerichten im S\u00fcdostbezirk von Florida oder den Staatsgerichten im Broward County, Florida, verhandelt werden.     <\/p>\n\n<p>Es gelten die f\u00fcr die Ersatz-Beacons geltenden Standardbedingungen und Garantien. Im Falle von Widerspr\u00fcchen zwischen diesen Bedingungen und Garantien und diesen Allgemeinen Gesch\u00e4ftsbedingungen haben diese Allgemeinen Gesch\u00e4ftsbedingungen Vorrang. <\/p>\n","protected":false},"excerpt":{"rendered":"<p>Programmbeschreibung: Wenn Sie Ihr ACR oder ARTEX 406 MHz EPIRB , ELT , Personal Locator Beacon oder Bivy Stick in einem lebensrettenden Notfall verwenden, der dazu f\u00fchrt, dass ein Leben von Such- und Rettungskr\u00e4ften gerettet wird, ersetzt ACR Electronics , Inc. ( ACR ) Ihr Beacon durch ein neues Beacon von gleichem oder h\u00f6herem Wert [&hellip;]<\/p>\n","protected":false},"author":23,"featured_media":0,"parent":0,"menu_order":0,"comment_status":"closed","ping_status":"closed","template":"","meta":{"_acf_changed":false,"om_disable_all_campaigns":false,"footnotes":""},"class_list":["post-144236","page","type-page","status-publish","hentry"],"acf":[],"_links":{"self":[{"href":"https:\/\/www.acrartex.com\/de\/wp-json\/wp\/v2\/pages\/144236","targetHints":{"allow":["GET"]}}],"collection":[{"href":"https:\/\/www.acrartex.com\/de\/wp-json\/wp\/v2\/pages"}],"about":[{"href":"https:\/\/www.acrartex.com\/de\/wp-json\/wp\/v2\/types\/page"}],"author":[{"embeddable":true,"href":"https:\/\/www.acrartex.com\/de\/wp-json\/wp\/v2\/users\/23"}],"replies":[{"embeddable":true,"href":"https:\/\/www.acrartex.com\/de\/wp-json\/wp\/v2\/comments?post=144236"}],"version-history":[{"count":1,"href":"https:\/\/www.acrartex.com\/de\/wp-json\/wp\/v2\/pages\/144236\/revisions"}],"predecessor-version":[{"id":144237,"href":"https:\/\/www.acrartex.com\/de\/wp-json\/wp\/v2\/pages\/144236\/revisions\/144237"}],"wp:attachment":[{"href":"https:\/\/www.acrartex.com\/de\/wp-json\/wp\/v2\/media?parent=144236"}],"curies":[{"name":"wp","href":"https:\/\/api.w.org\/{rel}","templated":true}]}}