{"id":143958,"date":"2020-12-21T19:18:06","date_gmt":"2020-12-22T00:18:06","guid":{"rendered":"https:\/\/www.acrartex.com\/faehigkeit\/"},"modified":"2025-07-07T04:46:19","modified_gmt":"2025-07-07T09:46:19","slug":"faehigkeit","status":"publish","type":"page","link":"https:\/\/www.acrartex.com\/de\/faehigkeit\/","title":{"rendered":"F\u00e4higkeit"},"content":{"rendered":"\n<p>ACR \/Artex verf\u00fcgt \u00fcber mehr als 60 Jahre Erfahrung in der Entwicklung, Herstellung und Unterst\u00fctzung lebensrettender Produkte, darunter EPIRBs, Notsender (ELTs), pers\u00f6nliche Ortungsbaken, Such- und Rettungstransponder (SARTs), Rettungsblitzlichter und mehr.<\/p>\n\n<p>Im Rahmen unserer kundenorientierten Managementphilosophie befolgen unsere Mitarbeiter die nach AS9100\/ISO 9001 registrierten Verfahren, um L\u00f6sungen f\u00fcr die Anforderungen unserer Kunden bereitzustellen.<\/p>\n\n<p>Im Sommer 2004 begannen wir mit der Umsetzung von Lean-Prinzipien in Fertigung, Kommunikation und anderen Gesch\u00e4ftssystemen. Ziel war die Schaffung einer Grundlage f\u00fcr verbesserte Leistung mit dem Ziel einer hundertprozentig p\u00fcnktlichen Lieferung perfekter Produkte. Unsere Lean-Transformation ist integraler Bestandteil des Programms zur kontinuierlichen Verbesserung. Dabei handelt es sich um eine st\u00e4ndige \u00dcberpr\u00fcfung unserer Prozesse, um unsere wichtigsten Kennzahlen der Balanced Scorecard zu verbessern, Verschwendung zu vermeiden und die Kundenzufriedenheit zu steigern. <\/p>\n\n<p>Durch die Erweiterung unserer Kernkompetenzen mithilfe kontinuierlicher Schulungsprogramme k\u00f6nnen wir uns vom Hersteller lebensrettender Ausr\u00fcstung zu einem gesch\u00e4tzten Partner entwickeln, der \u00fcber die Flexibilit\u00e4t verf\u00fcgt, seine Marke auf neue Gesch\u00e4ftsbereiche auszudehnen.<\/p>\n\n<p>Zu den aktuellen Funktionen geh\u00f6ren:<\/p>\n\n<p>3D-Modellierung zur Gestaltung und Spezifikation unserer Kunststoff- (Spritzgussformen) und Metallgeh\u00e4use<br\/> Finite-Elemente-Analyse zur Analyse unserer Designs anhand der von FAA und RTCO festgelegten Umweltkriterien<br\/> Eigenes PCB- und PCA-Design mit der neuesten CAD-Software<br\/> EMI-Probleml\u00f6sung im HF-Design<br\/> Entwicklung kundenspezifischer Batteriepacks f\u00fcr Anwendungen in rauen Umgebungen (Milit\u00e4r, Medizin usw.)<br\/> Kundenspezifische Fernschalterdesigns mit oder ohne Nachtsichtbrillenkompatibilit\u00e4t f\u00fcr Hersteller kommerzieller, gesch\u00e4ftlicher und milit\u00e4rischer Plattformen<br\/> Schutzbeschichtung von Leiterplatten zur Vermeidung elektromagnetischer St\u00f6rungen, zur Verl\u00e4ngerung der Produktlebensdauer und zum Schutz der Platine vor Wasser und\/oder Schmutz, falls das Geh\u00e4use besch\u00e4digt wird.<\/p>\n","protected":false},"excerpt":{"rendered":"<p>ACR \/Artex verf\u00fcgt \u00fcber mehr als 60 Jahre Erfahrung in der Entwicklung, Herstellung und Unterst\u00fctzung lebensrettender Produkte, darunter EPIRBs, Notsender (ELTs), pers\u00f6nliche Ortungsbaken, Such- und Rettungstransponder (SARTs), Rettungsblitzlichter und mehr. Im Rahmen unserer kundenorientierten Managementphilosophie befolgen unsere Mitarbeiter die nach AS9100\/ISO 9001 registrierten Verfahren, um L\u00f6sungen f\u00fcr die Anforderungen unserer Kunden bereitzustellen. Im Sommer 2004 [&hellip;]<\/p>\n","protected":false},"author":2,"featured_media":0,"parent":0,"menu_order":0,"comment_status":"closed","ping_status":"closed","template":"","meta":{"_acf_changed":false,"om_disable_all_campaigns":false,"footnotes":""},"class_list":["post-143958","page","type-page","status-publish","hentry"],"acf":[],"_links":{"self":[{"href":"https:\/\/www.acrartex.com\/de\/wp-json\/wp\/v2\/pages\/143958","targetHints":{"allow":["GET"]}}],"collection":[{"href":"https:\/\/www.acrartex.com\/de\/wp-json\/wp\/v2\/pages"}],"about":[{"href":"https:\/\/www.acrartex.com\/de\/wp-json\/wp\/v2\/types\/page"}],"author":[{"embeddable":true,"href":"https:\/\/www.acrartex.com\/de\/wp-json\/wp\/v2\/users\/2"}],"replies":[{"embeddable":true,"href":"https:\/\/www.acrartex.com\/de\/wp-json\/wp\/v2\/comments?post=143958"}],"version-history":[{"count":1,"href":"https:\/\/www.acrartex.com\/de\/wp-json\/wp\/v2\/pages\/143958\/revisions"}],"predecessor-version":[{"id":143959,"href":"https:\/\/www.acrartex.com\/de\/wp-json\/wp\/v2\/pages\/143958\/revisions\/143959"}],"wp:attachment":[{"href":"https:\/\/www.acrartex.com\/de\/wp-json\/wp\/v2\/media?parent=143958"}],"curies":[{"name":"wp","href":"https:\/\/api.w.org\/{rel}","templated":true}]}}