{"id":143929,"date":"2020-12-21T19:25:44","date_gmt":"2020-12-22T00:25:44","guid":{"rendered":"https:\/\/www.acrartex.com\/reparaturen\/"},"modified":"2025-07-07T04:51:50","modified_gmt":"2025-07-07T09:51:50","slug":"reparaturen","status":"publish","type":"page","link":"https:\/\/www.acrartex.com\/de\/unterstuetzung\/reparaturen\/","title":{"rendered":"Reparaturen"},"content":{"rendered":"\n<h3 class=\"wp-block-heading\" id=\"h-repairs-and-battery-replacement\">REPARATUREN UND BATTERIEWECHSEL<\/h3>\n\n<p>Wenn Sie Produkte haben, die repariert werden m\u00fcssen, helfen wir Ihnen gerne weiter. Batterien k\u00f6nnen Sie in jedem unserer Batterieaustauschzentren (BRC) in Ihrer N\u00e4he austauschen lassen. Alternativ erreichen Sie uns unter der unten angegebenen Nummer.   <\/p>\n\n<figure class=\"wp-block-embed is-type-video is-provider-youtube wp-block-embed-youtube wp-embed-aspect-16-9 wp-has-aspect-ratio\"><div class=\"wp-block-embed__wrapper\">\n<iframe loading=\"lazy\" title=\"Battery Replacement | ACR ARTEX\" width=\"500\" height=\"281\" src=\"https:\/\/www.youtube.com\/embed\/fcXReqeFNSo?feature=oembed\" frameborder=\"0\" allow=\"accelerometer; autoplay; clipboard-write; encrypted-media; gyroscope; picture-in-picture; web-share\" referrerpolicy=\"strict-origin-when-cross-origin\" allowfullscreen><\/iframe>\n<\/div><\/figure>\n\n<p>Erfahren Sie <a href=\"https:\/\/www.acrartex.com\/battery\/\">hier mehr \u00fcber den Batteriewechsel ACR EPRIB und PLB<\/a><\/p>\n\n<p>(954) 981-3333<\/p>\n\n<p>Informationen zur Wartung des G-Switch finden Sie in unserer <a href=\"https:\/\/www.dropbox.com\/s\/ap48w250ar7c3xz\/AUTHORIZED%20SERVICE%20CENTER%20LIST%202022.pdf?dl=1\">Liste autorisierter ARTEX Servicecenter<\/a> .<\/p>\n\n<h2 class=\"wp-block-heading\" id=\"h-rmas-return-material-authorization\">RMAs (Return Material Authorization):<\/h2>\n\n<p>Bitte besuchen Sie die folgende Seite:<span class=\"has-inline-color has-pale-cyan-blue-color\"> <\/span><a href=\"https:\/\/www.acrartex.com\/support\/return-and-exchanges\/\">R\u00fccksendungen \/ RMA \/ Umtausch<\/a><\/p>\n\n<p>Weitere Informationen zum Batteriewechsel finden Sie in unseren <a href=\"https:\/\/stg.acrelectronics.com\/support\/faqs\/\">FAQs<\/a> .<\/p>\n\n<h2 class=\"wp-block-heading\" id=\"h-hours\">Std<\/h2>\n\n<p>Montag \u2013 Freitag<br\/> 7:30 \u2013 16:30 Uhr (EST)<\/p>\n","protected":false},"excerpt":{"rendered":"<p>REPARATUREN UND BATTERIEWECHSEL Wenn Sie Produkte haben, die repariert werden m\u00fcssen, helfen wir Ihnen gerne weiter. Batterien k\u00f6nnen Sie in jedem unserer Batterieaustauschzentren (BRC) in Ihrer N\u00e4he austauschen lassen. Alternativ erreichen Sie uns unter der unten angegebenen Nummer. Erfahren Sie hier mehr \u00fcber den Batteriewechsel ACR EPRIB und PLB (954) 981-3333 Informationen zur Wartung des [&hellip;]<\/p>\n","protected":false},"author":5,"featured_media":0,"parent":144017,"menu_order":0,"comment_status":"closed","ping_status":"closed","template":"","meta":{"_acf_changed":false,"om_disable_all_campaigns":false,"footnotes":""},"class_list":["post-143929","page","type-page","status-publish","hentry"],"acf":[],"_links":{"self":[{"href":"https:\/\/www.acrartex.com\/de\/wp-json\/wp\/v2\/pages\/143929","targetHints":{"allow":["GET"]}}],"collection":[{"href":"https:\/\/www.acrartex.com\/de\/wp-json\/wp\/v2\/pages"}],"about":[{"href":"https:\/\/www.acrartex.com\/de\/wp-json\/wp\/v2\/types\/page"}],"author":[{"embeddable":true,"href":"https:\/\/www.acrartex.com\/de\/wp-json\/wp\/v2\/users\/5"}],"replies":[{"embeddable":true,"href":"https:\/\/www.acrartex.com\/de\/wp-json\/wp\/v2\/comments?post=143929"}],"version-history":[{"count":1,"href":"https:\/\/www.acrartex.com\/de\/wp-json\/wp\/v2\/pages\/143929\/revisions"}],"predecessor-version":[{"id":143931,"href":"https:\/\/www.acrartex.com\/de\/wp-json\/wp\/v2\/pages\/143929\/revisions\/143931"}],"up":[{"embeddable":true,"href":"https:\/\/www.acrartex.com\/de\/wp-json\/wp\/v2\/pages\/144017"}],"wp:attachment":[{"href":"https:\/\/www.acrartex.com\/de\/wp-json\/wp\/v2\/media?parent=143929"}],"curies":[{"name":"wp","href":"https:\/\/api.w.org\/{rel}","templated":true}]}}