{"id":167879,"date":"2026-04-30T12:38:23","date_gmt":"2026-04-30T17:38:23","guid":{"rendered":"https:\/\/www.acrartex.com\/products\/rcl-200-soegelys\/"},"modified":"2026-04-30T13:07:14","modified_gmt":"2026-04-30T18:07:14","slug":"rcl-200-soegelys","status":"publish","type":"product","link":"https:\/\/www.acrartex.com\/da\/products\/rcl-200-soegelys\/","title":{"rendered":"RCL-200 S\u00f8gelys"},"content":{"rendered":"<p class=\"ai-optimize-57 ai-optimize-introduction\"><strong>Stilfuld kraft. Uovertruffen ydeevne. <\/strong><\/p>\n<p class=\"ai-optimize-58\"><span data-olk-copy-source=\"MessageBody\">RCL-200 LED marineprojekt\u00f8ren kombinerer et elegant design med kompromisl\u00f8s holdbarhed for at im\u00f8dekomme kravene fra nutidens sejlere. Projekt\u00f8ren er konstrueret med et robust hus i st\u00f8bt aluminium og er bygget til at modst\u00e5 barske marinemilj\u00f8er, samtidig med at den opretholder et stilfuldt og moderne look, der komplementerer ethvert fart\u00f8j. <\/span><\/p>\n<p class=\"ai-optimize-59\"><span data-olk-copy-source=\"MessageBody\">RCL-200 LED&#8217;en er drevet af 12 h\u00f8jintensitets-LED&#8217;er og producerer en str\u00e5lende lysstr\u00e5le p\u00e5 720.000 candela, hvilket sikrer maksimal synlighed og sikkerhed under natnavigation eller efters\u00f8gnings- og redningsaktioner. Med multisp\u00e6ndingsunderst\u00f8ttelse (DC 12V-24V) tilbyder den installationsfleksibilitet p\u00e5 tv\u00e6rs af en bred vifte af b\u00e5de. <\/span><\/p>\n<p class=\"ai-optimize-60\"><span data-olk-copy-source=\"MessageBody\">RCL-200 LED er designet med bekvemmelighed og alsidighed i tankerne og har avancerede kontrolfunktioner, herunder muligheden for at vende tilbage til udgangspositionen p\u00e5 kommando og betjene to projekt\u00f8rer fra \u00e9n station \u2013 eller to projekt\u00f8rer fra to stationer. Uanset om du opgraderer et eksisterende system eller udstyrer et nyt fart\u00f8j, leverer denne projekt\u00f8r den p\u00e5lidelighed, ydeevne og stil, du forventer p\u00e5 vandet. <\/span><\/p>\n<p>&nbsp;<\/p>\n<p class=\"ai-optimize-61\"><strong>Funktioner:<\/strong><\/p>\n<ul>\n<li class=\"ai-optimize-62\"><strong>Klar belysning<\/strong> \u2013 <span data-olk-copy-source=\"MessageBody\">12 h\u00f8jintensitets-LED&#8217;er producerer en kraftig str\u00e5le p\u00e5 720.000 candela for maksimal synlighed.<\/span><\/li>\n<li class=\"ai-optimize-63\"><strong>Robust og stilfuldt design<\/strong> \u2013 <span data-olk-copy-source=\"MessageBody\">Holdbart kabinet i st\u00f8bt aluminium, der er bygget til at modst\u00e5 barske marinemilj\u00f8er med et elegant og moderne look.<\/span><\/li>\n<li class=\"ai-optimize-64\"><strong>Smarte kontrolmuligheder<\/strong> \u2013 <span data-olk-copy-source=\"MessageBody\">Retur til startpositionering med et tryk p\u00e5 en knap.<\/span><\/li>\n<li class=\"ai-optimize-65\"><strong>Fleksibel betjening<\/strong> \u2013 <span data-olk-copy-source=\"MessageBody\">Styr to projekt\u00f8rer fra \u00e9n station eller to projekt\u00f8rer fra to stationer.<\/span><\/li>\n<li class=\"ai-optimize-66\"><strong>Bred sp\u00e6ndingskompatibilitet<\/strong> \u2013 <span data-olk-copy-source=\"MessageBody\">Underst\u00f8tter DC 12V-24V-systemer til alsidig installation p\u00e5 tv\u00e6rs af en r\u00e6kke fart\u00f8jer.<\/span><\/li>\n<\/ul>\n<p>&nbsp;<\/p>\n","protected":false},"excerpt":{"rendered":"<p><span style=\"color: #ff0000;\"><strong>KOMMER EFTER\u00c5R 2026<\/strong><\/span><\/p>\n<p><span data-olk-copy-source=\"MessageBody\">RCL-200 LED er en stilfuld og holdbar maritim s\u00f8gelygte bygget til ydeevne. Med et st\u00f8bt aluminiumshus, 12 h\u00f8jintensitets-LED&#8217;er og en imponerende str\u00e5le p\u00e5 720.000 candela leverer den kraftfuld sigtbarhed, n\u00e5r du har mest brug for det. Med multisp\u00e6ndingsunderst\u00f8ttelse (DC 12V-24V) og avancerede styringsmuligheder er den den perfekte opgradering til mellemstore til store fritidsfart\u00f8jer samt erhvervsfart\u00f8jer.  <\/span><\/p>\n","protected":false},"featured_media":167762,"template":"","meta":{"_acf_changed":false,"om_disable_all_campaigns":false},"product_brand":[],"product_cat":[5905,5911,5668,5907,7222,5909],"product_tag":[16264,16267,16269,16270,7242,7233,12199,7354,7359,7235,7229],"class_list":{"0":"post-167879","1":"product","2":"type-product","3":"status-publish","4":"has-post-thumbnail","6":"product_cat-indre","7":"product_cat-kommerciel","8":"product_cat-marine-da","9":"product_cat-naer-kysten-da","10":"product_cat-sogelys","11":"product_cat-ud-for-kysten","12":"product_tag-16264","13":"product_tag-16267","14":"product_tag-acr-rcl-200","15":"product_tag-acr-rcl-200-led","16":"product_tag-acr-sogelys","17":"product_tag-badprojektor","18":"product_tag-led-badsprojektor","19":"product_tag-led-sogelys","20":"product_tag-marine-led-sogelys","21":"product_tag-maritim-sogelys","22":"product_tag-sogelys-da","24":"first","25":"outofstock","26":"taxable","27":"shipping-taxable","28":"product-type-variable"},"acf":[],"_links":{"self":[{"href":"https:\/\/www.acrartex.com\/da\/wp-json\/wp\/v2\/product\/167879","targetHints":{"allow":["GET"]}}],"collection":[{"href":"https:\/\/www.acrartex.com\/da\/wp-json\/wp\/v2\/product"}],"about":[{"href":"https:\/\/www.acrartex.com\/da\/wp-json\/wp\/v2\/types\/product"}],"wp:featuredmedia":[{"embeddable":true,"href":"https:\/\/www.acrartex.com\/da\/wp-json\/wp\/v2\/media\/167762"}],"wp:attachment":[{"href":"https:\/\/www.acrartex.com\/da\/wp-json\/wp\/v2\/media?parent=167879"}],"wp:term":[{"taxonomy":"product_brand","embeddable":true,"href":"https:\/\/www.acrartex.com\/da\/wp-json\/wp\/v2\/product_brand?post=167879"},{"taxonomy":"product_cat","embeddable":true,"href":"https:\/\/www.acrartex.com\/da\/wp-json\/wp\/v2\/product_cat?post=167879"},{"taxonomy":"product_tag","embeddable":true,"href":"https:\/\/www.acrartex.com\/da\/wp-json\/wp\/v2\/product_tag?post=167879"}],"curies":[{"name":"wp","href":"https:\/\/api.w.org\/{rel}","templated":true}]}}