{"id":166681,"date":"2025-11-12T18:18:59","date_gmt":"2025-11-12T23:18:59","guid":{"rendered":"https:\/\/www.acrartex.com\/products\/sr303-vhf-radio\/"},"modified":"2026-03-24T10:37:23","modified_gmt":"2026-03-24T15:37:23","slug":"sr303-vhf-radio","status":"publish","type":"product","link":"https:\/\/www.acrartex.com\/da\/products\/sr303-vhf-radio\/","title":{"rendered":"SR303 VHF-radio"},"content":{"rendered":"<p>ACR Electronics SR303-radioen f\u00e5s i to praktiske formater, som udelukkende en GMDSS-n\u00f8d-VHF til n\u00f8dsituationer eller som et komplet s\u00e6t til generel daglig brug og\/eller n\u00f8dsituationer, og den fungerer som en altomfattende l\u00f8sning til alle dine maritime kommunikationsbehov.<\/p>\n<p>GMDSS Emergency VHF&#8217;en leveres med et prim\u00e6rt lithiumbatteri, som inkluderer en batterisikkerhedsm\u00e6rkat, s\u00e5 der aldrig er nogen tvivl om, hvorvidt det prim\u00e6re batteri er blevet brugt eller ej. N\u00e5r sikkerhedsm\u00e6rkatet er fjernet, t\u00e6nder radioen automatisk, n\u00e5r batteriet tilsluttes, og enheden g\u00e5r ogs\u00e5 automatisk i GMDSS-driftstilstand med f\u00f8lgende forudindstillede indstillinger: kanal 16, lydstyrkeniveau 8 og squelch indstillet til 2. <\/p>\n<p>Det komplette s\u00e6t inkluderer det prim\u00e6re litiumbatteri som beskrevet og leveres ogs\u00e5 med et genopladeligt litium-ion-batteri og en opladningsbase. Standardtilbeh\u00f8r, der leveres med b\u00e5de den separate GMDSS Emergency VHF-mulighed eller det komplette s\u00e6t, inkluderer en fleksibel gummiantenne, b\u00e6lteklips og h\u00e5ndledssnor. <\/p>\n<p>SR303 er bygget med brugervenlighed som en designprioritet og er egnet til betjening med overlevelsesdragt p\u00e5. Den har et letl\u00e6seligt digitalt display. B\u00e5de displayet og tastaturet er baggrundsbelyst, hvilket g\u00f8r betjeningen enkel i omgivelser med svagt lys. SR303 inkluderer ogs\u00e5 NFC (Near Field Communication), der giver adgang til batteriudskiftningsdato og produktinformation p\u00e5 en mobilenhed.  <\/p>\n<p>SR303&#8217;s holdbare design g\u00f8r den velegnet til alle maritime anvendelser og et ideelt valg til obligatorisk og frivillig medbringelse. Med betydelig erfaring inden for maritim sikkerhedsteknologi og et l\u00f8bende engagement i kvalitet og innovation leverer ACR Electronics SR303 Marine GMDSS VHF-radioen den type uovertruffen ydeevne, som s\u00f8folk verden over forventer af alle produkter produceret af ACR Electronics. <\/p>\n","protected":false},"excerpt":{"rendered":"<p>ACR Electronics SR303 Marine GMDSS VHF-radioen er bygget med fleksibilitet i tankerne og tilbyder brugerne bekvemme muligheder for at lette kommunikationen til s\u00f8s uanset omst\u00e6ndighederne. Denne vandt\u00e6tte VHF-radio er designet som et GMDSS-produkt (Global Maritime Distress and Safety System) og er fuldt certificeret til at opfylde IMO- og SOLAS-reglerne. Den yder problemfrit essentiel kommunikationsst\u00f8tte i b\u00e5de kritiske situationer og under daglige maritime operationer. <\/p>\n","protected":false},"featured_media":166683,"template":"","meta":{"_acf_changed":false,"om_disable_all_campaigns":false},"product_brand":[],"product_cat":[5911,5668,5909],"product_tag":[9701,9711,9709,9713,9707,9703,9691,9699,9693,9705,9692,9695,9715],"class_list":{"0":"post-166681","1":"product","2":"type-product","3":"status-publish","4":"has-post-thumbnail","6":"product_cat-kommerciel","7":"product_cat-marine-da","8":"product_cat-ud-for-kysten","9":"product_tag-anmeldelser-af-marine-vhf-radioer","10":"product_tag-gmdss-overlevelsesradio","11":"product_tag-gmdss-vhf-radio-da","12":"product_tag-gmdss-godkendt-radio","13":"product_tag-handholdt-marin-vhf-radio","14":"product_tag-handholdt-vhf-radio","15":"product_tag-marin-vhf-radio","16":"product_tag-marine-vhf-radioantenne","17":"product_tag-marine-vhf-radioer","18":"product_tag-marine-vhf-radioer-til-salg","19":"product_tag-vhf-marineradio","20":"product_tag-vhf-radio-da","21":"product_tag-vhf-radio-gmdss-da","23":"first","24":"outofstock","25":"taxable","26":"shipping-taxable","27":"product-type-simple"},"acf":[],"_links":{"self":[{"href":"https:\/\/www.acrartex.com\/da\/wp-json\/wp\/v2\/product\/166681","targetHints":{"allow":["GET"]}}],"collection":[{"href":"https:\/\/www.acrartex.com\/da\/wp-json\/wp\/v2\/product"}],"about":[{"href":"https:\/\/www.acrartex.com\/da\/wp-json\/wp\/v2\/types\/product"}],"wp:featuredmedia":[{"embeddable":true,"href":"https:\/\/www.acrartex.com\/da\/wp-json\/wp\/v2\/media\/166683"}],"wp:attachment":[{"href":"https:\/\/www.acrartex.com\/da\/wp-json\/wp\/v2\/media?parent=166681"}],"wp:term":[{"taxonomy":"product_brand","embeddable":true,"href":"https:\/\/www.acrartex.com\/da\/wp-json\/wp\/v2\/product_brand?post=166681"},{"taxonomy":"product_cat","embeddable":true,"href":"https:\/\/www.acrartex.com\/da\/wp-json\/wp\/v2\/product_cat?post=166681"},{"taxonomy":"product_tag","embeddable":true,"href":"https:\/\/www.acrartex.com\/da\/wp-json\/wp\/v2\/product_tag?post=166681"}],"curies":[{"name":"wp","href":"https:\/\/api.w.org\/{rel}","templated":true}]}}