{"id":166537,"date":"2025-11-06T04:46:44","date_gmt":"2025-11-06T09:46:44","guid":{"rendered":"https:\/\/www.acrartex.com\/products\/bivy-go-abonnement-bivy-stick-ubegraenset-data\/"},"modified":"2025-11-06T04:46:44","modified_gmt":"2025-11-06T09:46:44","slug":"bivy-go-abonnement-bivy-stick-ubegraenset-data","status":"publish","type":"product","link":"https:\/\/www.acrartex.com\/da\/products\/bivy-go-abonnement-bivy-stick-ubegraenset-data\/","title":{"rendered":"Bivy Go-abonnement \u2013 \u200b\u200bBivy Stick + Ubegr\u00e6nset data"},"content":{"rendered":"<p>Hold dig forbundet og sikker overalt p\u00e5 Jorden med Bivy Stick \u2013 en kompakt og kraftfuld enhed, der forvandler din smartphone til en global satellitkommunikator. Drevet af Iridium-satellitnetv\u00e6rket sikrer Bivy Stick 100 % global d\u00e6kning, selv i de mest afsidesliggende og barske milj\u00f8er. <\/p>\n<p>Bivy Stick er designet til eventyrere, opdagelsesrejsende og beredskabspersonale og muligg\u00f8r 2-vejs satellitbeskeder, deling af GPS-placering og vejropdateringer \u2013 alt sammen tilg\u00e6ngeligt via Bivy-appen p\u00e5 iOS eller Android. Dens unikke GroupTrack\u2122-funktion giver dig mulighed for at sende beskeder til og spore op til 12 Bivy Stick-brugere samtidigt, hvilket g\u00f8r det nemt for hold, guider og familier at holde kontakten og v\u00e6re synlige p\u00e5 et delt gruppekort. <\/p>\n<p>I en n\u00f8dsituation skal du blot trykke p\u00e5 den dedikerede SOS-knap for \u00f8jeblikkeligt at alarmere Global Rescue, hvilket giver dig adgang til n\u00f8dtjenester d\u00f8gnet rundt \u2013 overalt i verden. Uanset om du downloader offlinekort, navigerer p\u00e5 ukendte stier eller tjekker ind med dine k\u00e6re, giver Bivy Stick ro i sindet og vigtig kommunikation, n\u00e5r det betyder mest. <\/p>\n<p><b>Bivy Apps rolle<\/b><\/p>\n<p>Oplev over 50.000 udend\u00f8rs eventyr med Bivy-appen \u2013 dit alt-i-et-v\u00e6rkt\u00f8j til at udforske naturen. Uanset om du er til vandreture, cykling, padling, klatring eller en af \u200b\u200bappens 20 underst\u00f8ttede eventyrtyper, hj\u00e6lper Bivy dig med at finde det perfekte sted og navigere der med selvtillid. <\/p>\n<p>Spor dit tempo, kilometertal, h\u00f8jde og mere, mens du udforsker, og registrer hver rejse for at holde styr p\u00e5 dine eventyr. Med adgang til detaljerede globale offlinekort ved du altid pr\u00e6cis, hvor du er, selv uden mobild\u00e6kning. <\/p>\n<p>Sammen med ACR&#8217;s Bivy Stick kombinerer Bivy-appen navigation, tursporing og p\u00e5lidelig satellitkommunikation, hvilket giver overkommelig sikkerhed og ro i sindet for alle, lige fra weekendrejsende til erfarne professionelle.<\/p>\n<p><b>Funktioner og fordele:<\/b><\/p>\n<ul>\n<li><b>P\u00e5lidelig 2-vejs beskeder<\/b> : Hold forbindelsen ud over mobild\u00e6kningen med 2-vejs tekstbeskeder via det globale Iridium\u00ae satellitnetv\u00e6rk.<\/li>\n<li><b>Dedikeret telefonnummer og e-mail<\/b> : Send en besked med dit eget telefonnummer og din egen e-mail for problemfri kommunikation.<\/li>\n<li><b>Gruppebeskeder og sporing med GroupTrack\u2122<\/b> : Kommuniker og del placeringer med op til 12 Bivy Stick-brugere. Venner og familie kan overv\u00e5ge din rejse og deltage i gruppechats via en delt webside. <\/li>\n<li><b>Ubegr\u00e6nsede brugerdefinerede indtjekninger<\/b> : Send GPS-indtjekningsbeskeder med din n\u00f8jagtige placering. Ubegr\u00e6nsede indtjekninger er inkluderet i et abonnement.* <\/li>\n<li><b>Sporing i realtid og placeringsdeling<\/b> : Websiden Placeringsdeling viser dit indtjekningsspor, beskedhistorik med svar og delte spor \u2013 alt sammen samlet \u00e9t sted.<\/li>\n<li><b>24\/7 SOS-overv\u00e5gning fra Global Rescue\u2122<\/b> : Aktiv\u00e9r n\u00f8dalarmer via appen eller enhedens SOS-knap. Kommuniker direkte med n\u00f8dtjenesterne, og SOS-alarmer kan annulleres via enheden eller telefonen. <\/li>\n<li><b>Avancerede navigations- og eventyrv\u00e6rkt\u00f8jer<\/b> : Download offlinekort og udforsk tusindvis af eventyr, der er indsendt af f\u00e6llesskabet, herunder vandrestier, klatrer og vandveje.<\/li>\n<li><b>Robust og vandt\u00e6t design<\/b> : Med en IPX7-klassificering<\/li>\n<li><b>GoPro-kompatibel<\/b> : Fuldt kompatibel med GoPro-beslag og inkluderer en GoPro-tilbeh\u00f8rsadapter for nem integration.<\/li>\n<li><b>Komplet s\u00e6t inkluderet \u2013<\/b> Leveres med et USB-C-opladerkabel, karabinhage, lanyard, hurtigstartguide og GoPro-adapter \u2013 alt hvad du beh\u00f8ver for at komme i gang.<\/li>\n<li><b>Lavet i USA \u2013<\/b> D\u00e6kket af 1 \u00e5rs producentgaranti for ro i sindet.<\/li>\n<li>* <a href=\"https:\/\/bivystick.com\/plans\/\" data-cke-saved-href=\"https:\/\/www.bivy.com\/data-plans\">M\u00e5nedligt abonnement kr\u00e6ves<\/a> . Se venligst producentens hjemmeside for yderligere oplysninger. <\/li>\n<\/ul>\n<p>&nbsp;<\/p>\n<p>N\u00f8dopkald SOS Aktiveres i appen eller p\u00e5 enhedens knap. Leveret af GlobalRescue\u2122 <\/p>\n<p><a href=\"https:\/\/www.acrartex.com\/wp-content\/uploads\/2021\/06\/ProductOverview.png\"><img loading=\"lazy\" decoding=\"async\" class=\"alignnone size-medium wp-image-37736\" src=\"https:\/\/www.acrartex.com\/wp-content\/uploads\/2021\/06\/ProductOverview-300x300.png\" alt=\"\" width=\"300\" height=\"300\" srcset=\"https:\/\/www.acrartex.com\/wp-content\/uploads\/2021\/06\/ProductOverview-300x300.png 300w, https:\/\/www.acrartex.com\/wp-content\/uploads\/2021\/06\/ProductOverview-1024x1024.png 1024w, https:\/\/www.acrartex.com\/wp-content\/uploads\/2021\/06\/ProductOverview-150x150.png 150w, https:\/\/www.acrartex.com\/wp-content\/uploads\/2021\/06\/ProductOverview-768x768.png 768w, https:\/\/www.acrartex.com\/wp-content\/uploads\/2021\/06\/ProductOverview-1536x1536.png 1536w, https:\/\/www.acrartex.com\/wp-content\/uploads\/2021\/06\/ProductOverview-600x600.png 600w, https:\/\/www.acrartex.com\/wp-content\/uploads\/2021\/06\/ProductOverview-100x100.png 100w, https:\/\/www.acrartex.com\/wp-content\/uploads\/2021\/06\/ProductOverview.png 1601w\" sizes=\"auto, (max-width: 300px) 100vw, 300px\" \/><\/a> <a href=\"https:\/\/www.acrartex.com\/wp-content\/uploads\/2021\/06\/2_ProductOverview-04.png\"><img loading=\"lazy\" decoding=\"async\" class=\"alignnone size-medium wp-image-37732\" src=\"https:\/\/www.acrartex.com\/wp-content\/uploads\/2021\/06\/2_ProductOverview-04-300x300.png\" alt=\"\" width=\"300\" height=\"300\" srcset=\"https:\/\/www.acrartex.com\/wp-content\/uploads\/2021\/06\/2_ProductOverview-04-300x300.png 300w, https:\/\/www.acrartex.com\/wp-content\/uploads\/2021\/06\/2_ProductOverview-04-1024x1024.png 1024w, https:\/\/www.acrartex.com\/wp-content\/uploads\/2021\/06\/2_ProductOverview-04-150x150.png 150w, https:\/\/www.acrartex.com\/wp-content\/uploads\/2021\/06\/2_ProductOverview-04-768x768.png 768w, https:\/\/www.acrartex.com\/wp-content\/uploads\/2021\/06\/2_ProductOverview-04-1536x1536.png 1536w, https:\/\/www.acrartex.com\/wp-content\/uploads\/2021\/06\/2_ProductOverview-04-2048x2048.png 2048w, https:\/\/www.acrartex.com\/wp-content\/uploads\/2021\/06\/2_ProductOverview-04-600x600.png 600w, https:\/\/www.acrartex.com\/wp-content\/uploads\/2021\/06\/2_ProductOverview-04-100x100.png 100w\" sizes=\"auto, (max-width: 300px) 100vw, 300px\" \/><\/a> <a href=\"https:\/\/www.acrartex.com\/wp-content\/uploads\/2021\/06\/SOS.png\"><img loading=\"lazy\" decoding=\"async\" class=\"alignnone size-medium wp-image-37734\" src=\"https:\/\/www.acrartex.com\/wp-content\/uploads\/2021\/06\/SOS-300x300.png\" alt=\"\" width=\"300\" height=\"300\" srcset=\"https:\/\/www.acrartex.com\/wp-content\/uploads\/2021\/06\/SOS-300x300.png 300w, https:\/\/www.acrartex.com\/wp-content\/uploads\/2021\/06\/SOS-1024x1024.png 1024w, https:\/\/www.acrartex.com\/wp-content\/uploads\/2021\/06\/SOS-150x150.png 150w, https:\/\/www.acrartex.com\/wp-content\/uploads\/2021\/06\/SOS-768x768.png 768w, https:\/\/www.acrartex.com\/wp-content\/uploads\/2021\/06\/SOS-1536x1536.png 1536w, https:\/\/www.acrartex.com\/wp-content\/uploads\/2021\/06\/SOS-600x600.png 600w, https:\/\/www.acrartex.com\/wp-content\/uploads\/2021\/06\/SOS-100x100.png 100w, https:\/\/www.acrartex.com\/wp-content\/uploads\/2021\/06\/SOS.png 1601w\" sizes=\"auto, (max-width: 300px) 100vw, 300px\" \/><\/a><a href=\"https:\/\/www.acrartex.com\/wp-content\/uploads\/2021\/06\/2_ProductOverview-06.png\"><img loading=\"lazy\" decoding=\"async\" class=\"alignnone size-medium wp-image-37733\" src=\"https:\/\/www.acrartex.com\/wp-content\/uploads\/2021\/06\/2_ProductOverview-06-300x300.png\" alt=\"\" width=\"300\" height=\"300\" srcset=\"https:\/\/www.acrartex.com\/wp-content\/uploads\/2021\/06\/2_ProductOverview-06-300x300.png 300w, https:\/\/www.acrartex.com\/wp-content\/uploads\/2021\/06\/2_ProductOverview-06-1024x1024.png 1024w, https:\/\/www.acrartex.com\/wp-content\/uploads\/2021\/06\/2_ProductOverview-06-150x150.png 150w, https:\/\/www.acrartex.com\/wp-content\/uploads\/2021\/06\/2_ProductOverview-06-768x768.png 768w, https:\/\/www.acrartex.com\/wp-content\/uploads\/2021\/06\/2_ProductOverview-06-1536x1536.png 1536w, https:\/\/www.acrartex.com\/wp-content\/uploads\/2021\/06\/2_ProductOverview-06-2048x2048.png 2048w, https:\/\/www.acrartex.com\/wp-content\/uploads\/2021\/06\/2_ProductOverview-06-600x600.png 600w, https:\/\/www.acrartex.com\/wp-content\/uploads\/2021\/06\/2_ProductOverview-06-100x100.png 100w\" sizes=\"auto, (max-width: 300px) 100vw, 300px\" \/><\/a><\/p>\n","protected":false},"excerpt":{"rendered":"<p><span class=\"TextRun SCXW244057555 BCX0\" lang=\"EN-US\" data-contrast=\"none\" xml:lang=\"EN-US\"><span class=\"NormalTextRun SCXW244057555 BCX0\">Med Bivy Stick, nyd<\/span><span class=\"NormalTextRun SCXW244057555 BCX0\"> <\/span><span class=\"NormalTextRun SCXW244057555 BCX0\">p\u00e5lidelig<\/span><span class=\"NormalTextRun SCXW244057555 BCX0\"> <\/span><\/span><span class=\"TextRun SCXW244057555 BCX0\" lang=\"EN-US\" data-contrast=\"none\"><span class=\"NormalTextRun SCXW244057555 BCX0\">2-<\/span><\/span> <span class=\"TextRun SCXW244057555 BCX0\" lang=\"EN-US\" data-contrast=\"auto\"><span class=\"NormalTextRun SCXW244057555 BCX0\">vejs<\/span> <span class=\"NormalTextRun SCXW244057555 BCX0\">satellitkommunikation<\/span><\/span><span class=\"TextRun SCXW244057555 BCX0\" lang=\"EN-US\" data-contrast=\"none\" xml:lang=\"EN-US\"><span class=\"NormalTextRun SCXW244057555 BCX0\">,  <\/span><\/span><span class=\"TextRun SCXW244057555 BCX0\" lang=\"EN-US\" data-contrast=\"none\" xml:lang=\"EN-US\"><span class=\"NormalTextRun SCXW244057555 BCX0\">gruppebeskeder<\/span><\/span><span class=\"TextRun SCXW244057555 BCX0\" lang=\"EN-US\" data-contrast=\"none\" xml:lang=\"EN-US\"><span class=\"NormalTextRun SCXW244057555 BCX0\">,  <\/span><\/span><span class=\"TextRun SCXW244057555 BCX0\" lang=\"EN-US\" data-contrast=\"none\" xml:lang=\"EN-US\"><span class=\"NormalTextRun SCXW244057555 BCX0\">SOS-support d\u00f8gnet rundt<\/span><\/span><span class=\"TextRun SCXW244057555 BCX0\" lang=\"EN-US\" data-contrast=\"none\" xml:lang=\"EN-US\"><span class=\"NormalTextRun SCXW244057555 BCX0\">,  <\/span><\/span><span class=\"TextRun SCXW244057555 BCX0\" lang=\"EN-US\" data-contrast=\"none\" xml:lang=\"EN-US\"><span class=\"NormalTextRun SCXW244057555 BCX0\">GPS -sporing<\/span><\/span><span class=\"TextRun SCXW244057555 BCX0\" lang=\"EN-US\" data-contrast=\"none\" xml:lang=\"EN-US\"><span class=\"NormalTextRun SCXW244057555 BCX0\">, og  <\/span><\/span><span class=\"TextRun SCXW244057555 BCX0\" lang=\"EN-US\" data-contrast=\"none\" xml:lang=\"EN-US\"><span class=\"NormalTextRun SCXW244057555 BCX0\">deling af lokationer  <\/span><\/span><span class=\"TextRun SCXW244057555 BCX0\" lang=\"EN-US\" data-contrast=\"none\" xml:lang=\"EN-US\"><span class=\"NormalTextRun SCXW244057555 BCX0\">alt i \u00e9n  <\/span><\/span><span class=\"TextRun SCXW244057555 BCX0\" lang=\"EN-US\" data-contrast=\"none\" xml:lang=\"EN-US\"><span class=\"NormalTextRun SCXW244057555 BCX0\">kompakt<\/span><\/span><span class=\"TextRun SCXW244057555 BCX0\" lang=\"EN-US\" data-contrast=\"none\" xml:lang=\"EN-US\"><span class=\"NormalTextRun SCXW244057555 BCX0\">  og  <\/span><\/span><span class=\"TextRun SCXW244057555 BCX0\" lang=\"EN-US\" data-contrast=\"none\" xml:lang=\"EN-US\"><span class=\"NormalTextRun SCXW244057555 BCX0\">letv\u00e6gts<\/span><\/span><span class=\"TextRun SCXW244057555 BCX0\" lang=\"EN-US\" data-contrast=\"none\" xml:lang=\"EN-US\"><span class=\"NormalTextRun SCXW244057555 BCX0\">  enhed. Det giver dig   <\/span><\/span><span class=\"TextRun SCXW244057555 BCX0\" lang=\"EN-US\" data-contrast=\"none\"><span class=\"NormalTextRun SCXW244057555 BCX0\">Frihed til off-grid kommunikation<\/span><\/span> <span class=\"TextRun SCXW244057555 BCX0\" lang=\"EN-US\" data-contrast=\"none\"><span class=\"NormalTextRun SCXW244057555 BCX0\">til den<\/span><\/span> <span class=\"TextRun SCXW244057555 BCX0\" lang=\"EN-US\" data-contrast=\"none\"><span class=\"NormalTextRun SCXW244057555 BCX0\">mest overkommelige pris p\u00e5 markedet<\/span><\/span> <span class=\"TextRun SCXW244057555 BCX0\" lang=\"EN-US\" data-contrast=\"none\"><span class=\"NormalTextRun SCXW244057555 BCX0\">.<\/span><\/span><\/p>\n","protected":false},"featured_media":163276,"template":"","meta":{"_acf_changed":false,"om_disable_all_campaigns":false},"product_brand":[],"product_cat":[5668,5744],"product_tag":[12911,12924,12913,12905,12915],"class_list":{"0":"post-166537","1":"product","2":"type-product","3":"status-publish","4":"has-post-thumbnail","6":"product_cat-marine-da","7":"product_cat-udendors","8":"product_tag-2-vejs-kommunikation","9":"product_tag-4601-da","10":"product_tag-acr-bivy-da","11":"product_tag-bivy-da","12":"product_tag-bivy-appen","14":"first","15":"instock","16":"taxable","17":"shipping-taxable","18":"purchasable","19":"product-type-subscription"},"acf":[],"_links":{"self":[{"href":"https:\/\/www.acrartex.com\/da\/wp-json\/wp\/v2\/product\/166537","targetHints":{"allow":["GET"]}}],"collection":[{"href":"https:\/\/www.acrartex.com\/da\/wp-json\/wp\/v2\/product"}],"about":[{"href":"https:\/\/www.acrartex.com\/da\/wp-json\/wp\/v2\/types\/product"}],"wp:featuredmedia":[{"embeddable":true,"href":"https:\/\/www.acrartex.com\/da\/wp-json\/wp\/v2\/media\/163276"}],"wp:attachment":[{"href":"https:\/\/www.acrartex.com\/da\/wp-json\/wp\/v2\/media?parent=166537"}],"wp:term":[{"taxonomy":"product_brand","embeddable":true,"href":"https:\/\/www.acrartex.com\/da\/wp-json\/wp\/v2\/product_brand?post=166537"},{"taxonomy":"product_cat","embeddable":true,"href":"https:\/\/www.acrartex.com\/da\/wp-json\/wp\/v2\/product_cat?post=166537"},{"taxonomy":"product_tag","embeddable":true,"href":"https:\/\/www.acrartex.com\/da\/wp-json\/wp\/v2\/product_tag?post=166537"}],"curies":[{"name":"wp","href":"https:\/\/api.w.org\/{rel}","templated":true}]}}