{"id":166523,"date":"2024-06-11T08:30:35","date_gmt":"2024-06-11T13:30:35","guid":{"rendered":"https:\/\/www.acrartex.com\/products\/eksponering-olas-tag\/"},"modified":"2026-03-06T09:06:58","modified_gmt":"2026-03-06T14:06:58","slug":"eksponering-olas-tag","status":"publish","type":"product","link":"https:\/\/www.acrartex.com\/da\/products\/eksponering-olas-tag\/","title":{"rendered":"EKSPONERING OLAS-TAG"},"content":{"rendered":"<h3>Hvad den g\u00f8r<\/h3>\n<p><strong>Spor med OLAS-mobilapplikationen<\/strong><\/p>\n<p>Inden for 8 sekunder efter en mand over bord-h\u00e6ndelse registrerer OLAS&#8217; mobilapplikationsteknologi et brud p\u00e5 sin &#8216;virtuelle forbindelse&#8217; til m\u00e6rket. Mobiltelefonen(e) udsender derefter en h\u00f8j alarm, der advarer bes\u00e6tningen om, at nogen er over bord. OLAS hj\u00e6lper derefter bes\u00e6tningen med bj\u00e6rgningen af \u200b\u200b\u200b\u200bmand over bord og dirigerer dem tydeligt til den GPS-position, hvor mand over bord-h\u00e6ndelsen fandt sted, med klare visuelle signaler og pejlingsdata. OLAS gemmer alle positionsdata og tidspunktet for h\u00e6ndelsen, som redningstjenesterne kr\u00e6ver.   <\/p>\n<p><strong>Spor med OLAS Guardian og Core (fart\u00f8jer op til 50 fod)<\/strong><\/p>\n<p>Tilslut op til 15 OLAS-sendere (OLAS-tag eller OLAS Float-On) til enhver OLAS-modtager. Inden for 2 sekunder efter at forbindelsen er afbrudt, aktiveres MOB-alarmen, der advarer bes\u00e6tningen om h\u00e6ndelsen. <\/p>\n<h3>Fordele ved OLAS-m\u00e6rker<\/h3>\n<ul>\n<li>Lang batterilevetid (op til 4 m\u00e5neder)<\/li>\n<li>Den mest alsidige fastg\u00f8relsesl\u00f8sning \u2013 h\u00e5ndled, redningsvest, MOB-enhed med 1 rem<\/li>\n<li>Gratis iOS- og Android-app<\/li>\n<li>Forbind flere tags til 1 telefon eller tablet<\/li>\n<li>Forbind 1 tag til flere telefoner\/tablets<\/li>\n<li>Opret forbindelse til enhver OLAS-modtager Batterifeedback (i OLAS-mobilappen)<\/li>\n<li>Hvert m\u00e6rke leveres med en universal silikoneh\u00e5ndledsrem med rustfri st\u00e5lsp\u00e6nde og et forudinstalleret CR2477-batteri (kan udskiftes af brugeren)<\/li>\n<li>Kompatibel med <a href=\"https:\/\/www.acrartex.com\/da\/products\/acr-olas-guardian\/\">OLAS Guardian motorafbrydelsessystem<\/a> ( <a href=\"https:\/\/uscgboating.org\/recreational-boaters\/engine-cut-off-devices.php\">nye USCG-regler<\/a> )<\/li>\n<\/ul>\n<h3><\/h3>\n<h3>Funktioner i mobilappen<\/h3>\n<p>Guardian betjenes nemt via OLAS-appen, som kan downloades gratis fra App Store til iOS og Google Play Store til Android. OLAS-appen kr\u00e6ver en enhed, der k\u00f8rer mindst iOS11 eller Android 5.1 for at fungere. OLAS-appen er et effektivt v\u00e6rkt\u00f8j til at styre Guardians-funktionerne og til at hj\u00e6lpe med hurtig redning.  <\/p>\n<p><strong>Overv\u00e5ge<\/strong><\/p>\n<ul>\n<li>Overv\u00e5g alle OLAS-sendere, der spores<\/li>\n<li>Tilpas OLAS-sendernavne, s\u00e5 de er nemme at tildele<\/li>\n<li>Tjek batteristatus for OLAS-tags<\/li>\n<\/ul>\n<p><strong>Beskyttelseskontrol<\/strong><\/p>\n<ul>\n<li>Tilf\u00f8j nye OLAS-sendere til Guardian-systemet<\/li>\n<li>S\u00e6t Guardian-systemet p\u00e5 pause, hvis senderne forlader omr\u00e5det i en kort periode.<\/li>\n<li>Juster tiden, f\u00f8r Guardian reagerer p\u00e5 en sender, der er overbord, mellem 2 sekunder og 15 sekunder, hvilket giver mere frihed omkring st\u00f8rre fart\u00f8jer.<\/li>\n<li>Juster mellem afbryder og ekstern alarmtilstand<\/li>\n<\/ul>\n<ul>\n<li>N\u00f8dstoptilstand aktiverer den indbyggede kontakt i 5 sekunder, hvilket afbryder motoren, men giver brugerne mulighed for at genstarte motoren efter 5 sekunder.<\/li>\n<li>Ekstern alarmtilstand aktiverer den indbyggede kontakt, indtil den manuelt annulleres. Dette g\u00f8r det muligt at serieforbinde eksterne alarmer med h\u00f8j effekt. <\/li>\n<li>S\u00e6t alarmtilstanden p\u00e5 pause<\/li>\n<\/ul>\n<p><strong>Senderstyring<\/strong><\/p>\n<ul>\n<li>Juster nemt individuelle sendere mellem motorslukning (for skipperen), kun alarm (for passagerer) og pause (for passagerer, der midlertidigt forlader fart\u00f8jet)<\/li>\n<li>udl\u00f8se den eksterne alarm, hvis en Tag-b\u00e6rer er uden for r\u00e6kkevidde p\u00e5 b\u00e5de Guardian og din mobilenhed.<\/li>\n<li>Juster tiden f\u00f8r afbryderen eller alarmen udl\u00f8ses \u2013 hvilket giver st\u00f8rre frihed<\/li>\n<\/ul>\n<p><strong>Ekstern alarm og redningshj\u00e6lp<\/strong><\/p>\n<ul>\n<li>Maksimal lydstyrkealarm og vibration p\u00e5 din mobiltelefon, synkroniseret med Guardian.<\/li>\n<li>Angivelse af hvilken sender der har udl\u00f8st alarmen.<\/li>\n<li>Registrer GPS positionen, hvor alarmen blev udl\u00f8st \u2022 Tydelig vejledning tilbage til den GPS position, hvor alarmen blev udl\u00f8st.<\/li>\n<li>Tydelig visning af tidspunkt og GPS placering for, hvor alarmen blev udl\u00f8st, samt brugerens aktuelle placering. \u2022 VHF-n\u00f8dscript med automatisk indtastede GPS-koordinater og brugerdefinerede fart\u00f8jsoplysninger Solo-tilstand.<\/li>\n<li>Designet til brug under sejlads p\u00e5 egen h\u00e5nd inden for 2G-mobilr\u00e6kkevidde eller offshore Wi-Fi. Solo-tilstand sender en automatisk sms til et brugerdefineret nummer med din placering og tidspunktet for h\u00e6ndelsen. Hvis der foretages en selvredning, sendes en automatisk sms, der annullerer alarmen.  <\/li>\n<\/ul>\n","protected":false},"excerpt":{"rendered":"<p>OLAS-m\u00e6rket er en kompakt OLAS-sender, der nemt kan fastg\u00f8res til voksne, b\u00f8rn, k\u00e6ledyr og genstande s\u00e5som flydeanordninger til overbordsk\u00f8rsel. M\u00e6rkerne spores af OLAS-applikationen p\u00e5 en mobilenhed eller via Core, Guardian og Extender. <\/p>\n<p>Sekunder efter at taggen afbryder forbindelsen med en OLAS-modtager, bliver bes\u00e6tningen advaret af OLAS-alarmen og -lyset, mens OLAS MOB-redningssk\u00e6rmen aktiveres p\u00e5 OLAS-mobilapplikationen.<\/p>\n<p>Hvert m\u00e6rke leveres med en universal silikoneh\u00e5ndledsrem med rustfri st\u00e5lsp\u00e6nde og et forudinstalleret CR2477-batteri (kan udskiftes af brugeren).<\/p>\n<p>&nbsp;<\/p>\n<p>&nbsp;<\/p>\n","protected":false},"featured_media":163774,"template":"","meta":{"_acf_changed":false,"om_disable_all_campaigns":false},"product_brand":[],"product_cat":[5905,5911,5668,5907,5909],"product_tag":[12144,14973,11995,12169,11243,11985,11237,16173,14934,14952,9016,12159,16171],"class_list":{"0":"post-166523","1":"product","2":"type-product","3":"status-publish","4":"has-post-thumbnail","6":"product_cat-indre","7":"product_cat-kommerciel","8":"product_cat-marine-da","9":"product_cat-naer-kysten-da","10":"product_cat-ud-for-kysten","11":"product_tag-besaetningssporer","12":"product_tag-bluetooth-mand-overbord","13":"product_tag-gps-sporing-da","14":"product_tag-hund-overbord","15":"product_tag-mand-overbord","16":"product_tag-mand-overbord-system","17":"product_tag-mob-da","18":"product_tag-mob-sender","19":"product_tag-olas-tag-da","20":"product_tag-olas-sender-da","21":"product_tag-sender-da","22":"product_tag-sikkerhed-ved-bornesejlads","23":"product_tag-tag","24":"pa_activity-fiskeri","25":"pa_boat-size-0-20-da","26":"pa_boat-size-21-40-da","27":"pa_boat-size-40-80-da","28":"pa_boat-size-80-da","29":"pa_boat-type-charter-yacht-da","30":"pa_boat-type-fragtskib","31":"pa_boat-type-kommercielt-fiskeri","32":"pa_boat-type-motorbad","33":"pa_boat-type-sejlbad","34":"pa_boat-type-slaebebad","35":"pa_boat-type-sportcraft-da","36":"pa_boat-type-yacht-da","38":"first","39":"instock","40":"taxable","41":"shipping-taxable","42":"purchasable","43":"product-type-variable"},"acf":[],"_links":{"self":[{"href":"https:\/\/www.acrartex.com\/da\/wp-json\/wp\/v2\/product\/166523","targetHints":{"allow":["GET"]}}],"collection":[{"href":"https:\/\/www.acrartex.com\/da\/wp-json\/wp\/v2\/product"}],"about":[{"href":"https:\/\/www.acrartex.com\/da\/wp-json\/wp\/v2\/types\/product"}],"wp:featuredmedia":[{"embeddable":true,"href":"https:\/\/www.acrartex.com\/da\/wp-json\/wp\/v2\/media\/163774"}],"wp:attachment":[{"href":"https:\/\/www.acrartex.com\/da\/wp-json\/wp\/v2\/media?parent=166523"}],"wp:term":[{"taxonomy":"product_brand","embeddable":true,"href":"https:\/\/www.acrartex.com\/da\/wp-json\/wp\/v2\/product_brand?post=166523"},{"taxonomy":"product_cat","embeddable":true,"href":"https:\/\/www.acrartex.com\/da\/wp-json\/wp\/v2\/product_cat?post=166523"},{"taxonomy":"product_tag","embeddable":true,"href":"https:\/\/www.acrartex.com\/da\/wp-json\/wp\/v2\/product_tag?post=166523"}],"curies":[{"name":"wp","href":"https:\/\/api.w.org\/{rel}","templated":true}]}}