{"id":166515,"date":"2025-11-06T04:45:51","date_gmt":"2025-11-06T09:45:51","guid":{"rendered":"https:\/\/www.acrartex.com\/products\/bivy-go-abonnement-bivy-stick-mesh-ubegraenset-data\/"},"modified":"2025-11-06T04:45:51","modified_gmt":"2025-11-06T09:45:51","slug":"bivy-go-abonnement-bivy-stick-mesh-ubegraenset-data","status":"publish","type":"product","link":"https:\/\/www.acrartex.com\/da\/products\/bivy-go-abonnement-bivy-stick-mesh-ubegraenset-data\/","title":{"rendered":"Bivy Go-abonnement \u2013 \u200b\u200bBivy Stick MESH + Ubegr\u00e6nset data"},"content":{"rendered":"<p>Bivy Stick MESH er ikke bare en enhed \u2013 det er et banebrydende fremskridt inden for virksomhedskommunikation til fjerndrift. Den er designet til at holde teams forbundet selv i de mest udfordrende milj\u00f8er og leverer problemfri dual-mode-forbindelse, hvor den intelligent skifter mellem Global Iridium\u00ae-satellitnetv\u00e6rket og LoRa\u00ae-aktiveret mesh-netv\u00e6rk for uovertruffen p\u00e5lidelighed og d\u00e6kning. <\/p>\n<p>&nbsp;<\/p>\n<p>Styrk din fjernkommunikation:<\/p>\n<ul>\n<li><strong>Global Iridium-satellitd\u00e6kning:<\/strong> Operer trygt overalt p\u00e5 Jorden, og udnyt Iridiums uovertrufne satellitkonstellation til urokkelig kommunikation.<\/li>\n<li><strong>LoRa\u00ae-aktiveret mesh-netv\u00e6rk:<\/strong> Selvdannende mesh-netv\u00e6rk, der muligg\u00f8r realtidsbeskeder og GPS placeringsopdateringer for forbedret teamkoordinering.<\/li>\n<\/ul>\n<p><strong> <\/strong><\/p>\n<p>ACR Bivy har konsekvent v\u00e6ret f\u00f8rende i branchen og introducerede f\u00f8rst satellitbaseret gruppekommunikation og sporing for op til 12 Bivy Sticks. Nu med LoRa\u00ae-aktiveret MESH-integration h\u00e6ver Bivy barren igen og styrker sin position som den f\u00f8rende kommunikationsl\u00f8sning for teams, der opererer p\u00e5 steder uden for elnettet. <\/p>\n<h2>Bivy Stick MESH Funktioner:<\/h2>\n<ul>\n<li><strong>Dobbelte kommunikationstilstande<\/strong> : Kombinerer unikt LoRa\u00ae-aktiveret mesh-netv\u00e6rk med robust global satellitkommunikation, hvilket tilbyder uovertruffen tilslutningsmuligheder i forskellige milj\u00f8er og s\u00e6tter en ny standard inden for udend\u00f8rs kommunikationsteknologi.\n<ul>\n<li><strong>Global satellitkommunikation<\/strong> :<br \/>\n Stol p\u00e5 Iridium-netv\u00e6rket for ensartet, global forbindelse, selv p\u00e5 de mest isolerede steder.<\/li>\n<li><strong>LoRa\u00ae-aktiveret mesh-netv\u00e6rk:<br \/>\n<\/strong> Forbedr teamkoordineringen med mesh-netv\u00e6rk til direkte enhedsforbindelser op til 1,6 kilometer fra hinanden, der underst\u00f8tter op til 12 enheder.<\/li>\n<\/ul>\n<\/li>\n<li><strong>LoRa\u00ae-aktiveret beskedoverf\u00f8rsel:<\/strong> Beskedoverf\u00f8rsel mellem enheder inden for f\u00e5 sekunder, hvilket er betydeligt hurtigere end traditionel satellitkommunikation, der kan tage minutter mellem enheder.<\/li>\n<\/ul>\n<ul>\n<li><strong>Tilpasningsdygtig over for barske milj\u00f8er:<\/strong> Designet til at fungere problemfrit i ekstreme omr\u00e5der, fra t\u00e6tte skovomr\u00e5der med tykke baldakiner til omr\u00e5der fyldt med betonkonstruktioner, og etablerer sig som et vigtigt aktiv for teams og f\u00f8rstehj\u00e6lpere i signalkompromitterede zoner.<\/li>\n<li><strong>Gruppebeskeder:<\/strong> Brugere kan nemt oprette og deltage i gruppechats i mesh-netv\u00e6rket, hvilket muligg\u00f8r effektiv koordinering og kommunikation mellem teams eller grupper af mennesker.<\/li>\n<li aria-level=\"1\"><b>Deling af placering i realtid:<\/b> Enheder giver brugerne mulighed for at dele deres placering i realtid med andre i mesh-netv\u00e6rket, hvilket forbedrer sikkerheden og muligg\u00f8r effektiv koordinering under udend\u00f8rsaktiviteter og n\u00f8dsituationer.<\/li>\n<li><strong>MESH Network Intelligence:<\/strong> Overv\u00e5ger mobil- og satellitsignalstyrken for hver enhed i netv\u00e6rket og dirigerer intelligent beskeder gennem enheder med bedre forbindelser for at optimere kommunikationseffektiviteten.<\/li>\n<li><strong>Intelligent beskedrel\u00e6<\/strong> : Bivy Stick MESH kan fungere som en kommunikationsnode til problemfrit at videresende beskeder, enten enhed til enhed eller via satellit, hvilket maksimerer kommunikationseffektiviteten.<\/li>\n<li><strong>SOS-n\u00f8dbatteri:<\/strong> Udstyret med en dedikeret 24-timers SOS-batterireserve, der sikrer, at et kritisk SOS-signal opretholdes i n\u00f8dsituationer.<\/li>\n<li><strong>Robust og vandt\u00e6t:<\/strong> Bivy Stick MESH er bygget til kr\u00e6vende milj\u00f8er og har en holdbar konstruktion, der opfylder IP67-standarderne for vandt\u00e6thed. Den er konstrueret til at fungere under al slags vejr og sikrer p\u00e5lidelig drift, uanset hvor din mission f\u00f8rer dig hen. <\/li>\n<li><strong>Integrationsklar:<\/strong> Designet til kompatibilitet med eksisterende virksomhedsarbejdsgange for problemfri integration.<\/li>\n<\/ul>\n<p>N\u00f8dopkald SOS Aktiveres i appen eller p\u00e5 enhedens knap. Leveret af GlobalRescue\u2122 <\/p>\n","protected":false},"excerpt":{"rendered":"<p><span class=\"TextRun SCXW184998696 BCX0\" lang=\"EN-US\" data-contrast=\"none\" xml:lang=\"EN-US\"><span class=\"NormalTextRun SCXW184998696 BCX0\">Med Bivy Stick MESH kan du nyde<\/span> <span class=\"NormalTextRun SCXW184998696 BCX0\">p\u00e5lidelig<\/span> <\/span><span class=\"TextRun SCXW184998696 BCX0\" lang=\"EN-US\" data-contrast=\"none\"><span class=\"NormalTextRun SCXW184998696 BCX0\">2-<\/span><\/span> <span class=\"TextRun SCXW184998696 BCX0\" lang=\"EN-US\" data-contrast=\"auto\"><span class=\"NormalTextRun SCXW184998696 BCX0\">vejs<\/span> <span class=\"NormalTextRun SCXW184998696 BCX0\">satellitkommunikation<\/span><\/span><span class=\"TextRun SCXW184998696 BCX0\" lang=\"EN-US\" data-contrast=\"none\" xml:lang=\"EN-US\"><span class=\"NormalTextRun SCXW184998696 BCX0\">,  <\/span><\/span><span class=\"TextRun SCXW184998696 BCX0\" lang=\"EN-US\" data-contrast=\"none\" xml:lang=\"EN-US\"><span class=\"NormalTextRun SCXW184998696 BCX0\">gruppebeskeder<\/span><\/span><span class=\"TextRun SCXW184998696 BCX0\" lang=\"EN-US\" data-contrast=\"none\" xml:lang=\"EN-US\"><span class=\"NormalTextRun SCXW184998696 BCX0\">,  <\/span><\/span><span class=\"TextRun SCXW184998696 BCX0\" lang=\"EN-US\" data-contrast=\"none\" xml:lang=\"EN-US\"><span class=\"NormalTextRun SCXW184998696 BCX0\">SOS-support d\u00f8gnet rundt<\/span><\/span><span class=\"TextRun SCXW184998696 BCX0\" lang=\"EN-US\" data-contrast=\"none\" xml:lang=\"EN-US\"><span class=\"NormalTextRun SCXW184998696 BCX0\">,  <\/span><\/span><span class=\"TextRun SCXW184998696 BCX0\" lang=\"EN-US\" data-contrast=\"none\" xml:lang=\"EN-US\"><span class=\"NormalTextRun SCXW184998696 BCX0\">GPS -sporing<\/span><\/span><span class=\"TextRun SCXW184998696 BCX0\" lang=\"EN-US\" data-contrast=\"none\" xml:lang=\"EN-US\"><span class=\"NormalTextRun SCXW184998696 BCX0\">, og  <\/span><\/span><span class=\"TextRun SCXW184998696 BCX0\" lang=\"EN-US\" data-contrast=\"none\" xml:lang=\"EN-US\"><span class=\"NormalTextRun SCXW184998696 BCX0\">deling af lokationer  <\/span><\/span><span class=\"TextRun SCXW184998696 BCX0\" lang=\"EN-US\" data-contrast=\"none\" xml:lang=\"EN-US\"><span class=\"NormalTextRun SCXW184998696 BCX0\">alt i \u00e9n  <\/span><\/span><span class=\"TextRun SCXW184998696 BCX0\" lang=\"EN-US\" data-contrast=\"none\" xml:lang=\"EN-US\"><span class=\"NormalTextRun SCXW184998696 BCX0\">kompakt<\/span><\/span><span class=\"TextRun SCXW184998696 BCX0\" lang=\"EN-US\" data-contrast=\"none\" xml:lang=\"EN-US\"><span class=\"NormalTextRun SCXW184998696 BCX0\">  og  <\/span><\/span><span class=\"TextRun SCXW184998696 BCX0\" lang=\"EN-US\" data-contrast=\"none\" xml:lang=\"EN-US\"><span class=\"NormalTextRun SCXW184998696 BCX0\">letv\u00e6gts<\/span><\/span><span class=\"TextRun SCXW184998696 BCX0\" lang=\"EN-US\" data-contrast=\"none\" xml:lang=\"EN-US\"><span class=\"NormalTextRun SCXW184998696 BCX0\">  enhed. Det giver dig   <\/span><\/span><span class=\"TextRun SCXW184998696 BCX0\" lang=\"EN-US\" data-contrast=\"none\"><span class=\"NormalTextRun SCXW184998696 BCX0\">Frihed til off-grid kommunikation<\/span><\/span> <span class=\"TextRun SCXW184998696 BCX0\" lang=\"EN-US\" data-contrast=\"none\"><span class=\"NormalTextRun SCXW184998696 BCX0\">til den<\/span><\/span> <span class=\"TextRun SCXW184998696 BCX0\" lang=\"EN-US\" data-contrast=\"none\"><span class=\"NormalTextRun SCXW184998696 BCX0\">mest overkommelige pris p\u00e5 markedet<\/span><\/span><span class=\"TextRun SCXW184998696 BCX0\" lang=\"EN-US\" data-contrast=\"none\" xml:lang=\"EN-US\"><span class=\"NormalTextRun SCXW184998696 BCX0\">. Hold forbindelsen, selv uden for mobild\u00e6kningen.<\/span><\/span><\/p>\n<h4><\/h4>\n<h4><strong>Stolt fremstillet i USA!<\/strong><\/h4>\n<p>&nbsp;<\/p>\n","protected":false},"featured_media":163289,"template":"","meta":{"_acf_changed":false,"om_disable_all_campaigns":false},"product_brand":[],"product_cat":[5668,5744],"product_tag":[],"class_list":{"0":"post-166515","1":"product","2":"type-product","3":"status-publish","4":"has-post-thumbnail","6":"product_cat-marine-da","7":"product_cat-udendors","9":"first","10":"instock","11":"taxable","12":"shipping-taxable","13":"purchasable","14":"product-type-subscription"},"acf":[],"_links":{"self":[{"href":"https:\/\/www.acrartex.com\/da\/wp-json\/wp\/v2\/product\/166515","targetHints":{"allow":["GET"]}}],"collection":[{"href":"https:\/\/www.acrartex.com\/da\/wp-json\/wp\/v2\/product"}],"about":[{"href":"https:\/\/www.acrartex.com\/da\/wp-json\/wp\/v2\/types\/product"}],"wp:featuredmedia":[{"embeddable":true,"href":"https:\/\/www.acrartex.com\/da\/wp-json\/wp\/v2\/media\/163289"}],"wp:attachment":[{"href":"https:\/\/www.acrartex.com\/da\/wp-json\/wp\/v2\/media?parent=166515"}],"wp:term":[{"taxonomy":"product_brand","embeddable":true,"href":"https:\/\/www.acrartex.com\/da\/wp-json\/wp\/v2\/product_brand?post=166515"},{"taxonomy":"product_cat","embeddable":true,"href":"https:\/\/www.acrartex.com\/da\/wp-json\/wp\/v2\/product_cat?post=166515"},{"taxonomy":"product_tag","embeddable":true,"href":"https:\/\/www.acrartex.com\/da\/wp-json\/wp\/v2\/product_tag?post=166515"}],"curies":[{"name":"wp","href":"https:\/\/api.w.org\/{rel}","templated":true}]}}