{"id":166508,"date":"2024-06-11T10:31:17","date_gmt":"2024-06-11T15:31:17","guid":{"rendered":"https:\/\/www.acrartex.com\/products\/exposure-flydebraender-ikke-olas\/"},"modified":"2026-03-06T09:01:43","modified_gmt":"2026-03-06T14:01:43","slug":"exposure-flydebraender-ikke-olas","status":"publish","type":"product","link":"https:\/\/www.acrartex.com\/da\/products\/exposure-flydebraender-ikke-olas\/","title":{"rendered":"EXPOSURE Flydebr\u00e6nder (ikke-OLAS)"},"content":{"rendered":"<p data-sleek-node-id=\"NyjVtB\">Float-On er en vandt\u00e6t, flydende lommelygte, der unikt integrerer Exposures MOB-teknologi. En multifunktionel sikkerhedshj\u00e6lp og lommelygte til b\u00e5de nybegyndere og erfarne sejlere. <br data-sleek-node-id=\"ehDiFc\"><br data-sleek-node-id=\"323HQV\">N\u00e5r den kastes overbord, eller b\u00e6res af en person, der g\u00e5r overbord, vil den flyde. MOB-teknologi registrerer 6 sekunders vandtilslutning og aktiverer stroboskoplyset, der blinker \u00e9n gang hvert sekund i op til 24 timer, og er synligt op til 3 s\u00f8mil v\u00e6k. Separate og fors\u00e6nkede vandtilslutningsterminaler sikrer, at MOB-teknologien kun er aktiv, n\u00e5r den er neds\u00e6nket i vand.  <\/p>\n<p>Den ligger i h\u00e5ndfladen og har en funktionsknap, der g\u00f8r det nemt at finde den i m\u00f8rke. Linsen fungerer effektivt som en fjernlygte, samtidig med at den udsender sidelys for at sikre fuldst\u00e6ndigt udsyn hele vejen rundt, n\u00e5r den fungerer som positionsindikator eller strobelys. Float-On kan nemt opbevares p\u00e5 ethvert eksisterende sikkerhedsudstyr eller i en redningsvestlomme.  <\/p>\n<p><strong>Bem\u00e6rk venligst, at OLAS-teknologi IKKE er integreret i dette produkt. Klik her for OLAS Float-On. <\/strong><\/p>\n<p style=\"margin: 0in 0in 0.0001pt;\"><span style=\"font-size: 16px;\"><span style=\"line-height: 150%;\"><strong>I \u00e6sken:<\/strong> Float-On, Micro USB-opladerkabel, reflekterende halssnor, brugervejledning.<\/span><\/span><\/p>\n<p>&nbsp;<\/p>\n<p style=\"margin: 0in 0in 0.0001pt;\"><span style=\"font-size: 16px;\"><span style=\"line-height: 150%;\"> <strong>Funktioner:<\/strong><\/span><\/span><\/p>\n<ul>\n<li style=\"margin: 0in 0in 0.0001pt;\"><span style=\"font-size: 16px;\">Vandt\u00e6t<\/span><\/li>\n<li style=\"margin: 0in 0in 0.0001pt;\"><span style=\"font-size: 16px;\">Opdrift<\/span><\/li>\n<li style=\"margin: 0in 0in 0.0001pt;\"><span style=\"font-size: 16px;\">Vandaktiveret strobe<\/span><\/li>\n<li style=\"margin: 0in 0in 0.0001pt;\"><span style=\"font-size: 16px;\">LED-lommelygte<\/span><\/li>\n<li style=\"margin: 0in 0in 0.0001pt;\"><span style=\"font-size: 16px;\">Indikator for batterilevetid<\/span><\/li>\n<li style=\"margin: 0in 0in 0.0001pt;\"><span style=\"font-size: 16px;\">Hurtig opladning<\/span><\/li>\n<li style=\"margin: 0in 0in 0.0001pt;\"><span style=\"font-size: 16px;\">USB-genopladelig<\/span><\/li>\n<\/ul>\n","protected":false},"excerpt":{"rendered":"<p>Float-On er en vandt\u00e6t, flydende lommelygte, der unikt integrerer Exposures MOB-teknologi. En multifunktionel sikkerhedshj\u00e6lp og lommelygte til b\u00e5de nybegyndere og erfarne sejlere. <\/p>\n<p>N\u00e5r den kastes overbord, eller b\u00e6res af en person, der g\u00e5r overbord, vil den flyde. MOB-teknologi registrerer 6 sekunders vandtilslutning og aktiverer stroboskoplyset, der blinker \u00e9n gang hvert sekund i op til 24 timer, og er synligt op til 3 s\u00f8mil v\u00e6k. Separate og fors\u00e6nkede vandtilslutningsterminaler sikrer, at MOB-teknologien kun er aktiv, n\u00e5r den er neds\u00e6nket i vand.  <\/p>\n<p style=\"margin: 0in 0in 0.0001pt;\"><a href=\"https:\/\/www.dropbox.com\/s\/fk04stqsp2hgk5f\/Prop%2065%20-%20DEHP.pdf?dl=0\">ADVARSEL: FORSLAG 65<\/a><\/p>\n<p>&nbsp;<\/p>\n<p>&nbsp;<\/p>\n","protected":false},"featured_media":163901,"template":"","meta":{"_acf_changed":false,"om_disable_all_campaigns":false},"product_brand":[],"product_cat":[5915,5905,5911,5668,5907,5919,5909,5744,5913],"product_tag":[16169,16167,16168,16174,16170,16172],"class_list":{"0":"post-166508","1":"product","2":"type-product","3":"status-publish","4":"has-post-thumbnail","6":"product_cat-actionsport-offroad-da","7":"product_cat-indre","8":"product_cat-kommerciel","9":"product_cat-marine-da","10":"product_cat-naer-kysten-da","11":"product_cat-padlesport-fiskeri","12":"product_cat-ud-for-kysten","13":"product_cat-udendors","14":"product_cat-vandring-klatring-lejr","15":"product_tag-eksponering-float-on","16":"product_tag-eksponeringsfakkel","17":"product_tag-exposure-float-on-braender","18":"product_tag-flydende-vandaktiveret-strobe","19":"product_tag-opdriftsstrobe","20":"product_tag-vandaktiveret-strobe","21":"pa_boat-type-sportcraft-da","22":"pa_product-sikkerhedstilbehor","23":"pa_terrain-floder-vadomrader-soer-da","25":"first","26":"instock","27":"taxable","28":"shipping-taxable","29":"purchasable","30":"product-type-simple"},"acf":[],"_links":{"self":[{"href":"https:\/\/www.acrartex.com\/da\/wp-json\/wp\/v2\/product\/166508","targetHints":{"allow":["GET"]}}],"collection":[{"href":"https:\/\/www.acrartex.com\/da\/wp-json\/wp\/v2\/product"}],"about":[{"href":"https:\/\/www.acrartex.com\/da\/wp-json\/wp\/v2\/types\/product"}],"wp:featuredmedia":[{"embeddable":true,"href":"https:\/\/www.acrartex.com\/da\/wp-json\/wp\/v2\/media\/163901"}],"wp:attachment":[{"href":"https:\/\/www.acrartex.com\/da\/wp-json\/wp\/v2\/media?parent=166508"}],"wp:term":[{"taxonomy":"product_brand","embeddable":true,"href":"https:\/\/www.acrartex.com\/da\/wp-json\/wp\/v2\/product_brand?post=166508"},{"taxonomy":"product_cat","embeddable":true,"href":"https:\/\/www.acrartex.com\/da\/wp-json\/wp\/v2\/product_cat?post=166508"},{"taxonomy":"product_tag","embeddable":true,"href":"https:\/\/www.acrartex.com\/da\/wp-json\/wp\/v2\/product_tag?post=166508"}],"curies":[{"name":"wp","href":"https:\/\/api.w.org\/{rel}","templated":true}]}}