{"id":166476,"date":"2024-06-11T14:10:58","date_gmt":"2024-06-11T19:10:58","guid":{"rendered":"https:\/\/www.acrartex.com\/products\/eksponering-olas-forlaenger\/"},"modified":"2026-03-06T08:51:21","modified_gmt":"2026-03-06T13:51:21","slug":"eksponering-olas-forlaenger","status":"publish","type":"product","link":"https:\/\/www.acrartex.com\/da\/products\/eksponering-olas-forlaenger\/","title":{"rendered":"EKSPONERING OLAS FORL\u00c6NGER"},"content":{"rendered":"<h3>Fordele ved extender<\/h3>\n<h3 class=\"title\"><strong>Hurtig og nem ops\u00e6tning uden behov for h\u00e5rd ledningsf\u00f8ring<\/strong><\/h3>\n<ul>\n<li>Skift din N2K, Guardian eller Core til parringstilstand, hvorefter extenderen automatisk opretter forbindelse og forbliver parret.<\/li>\n<li>Brug LED-indikatoren p\u00e5 kontakten til at placere forl\u00e6ngeren i den optimale position p\u00e5 fart\u00f8jet. Ved hj\u00e6lp af det genopladelige batteri kan forl\u00e6ngeren g\u00e5s rundt p\u00e5 fart\u00f8jet, og n\u00e5r LED-indikatoren p\u00e5 kontakten lyser konstant r\u00f8dt, er forbindelsen afbrudt. G\u00e5 tilbage til en position, hvor forl\u00e6ngeren er tilsluttet igen, og fastg\u00f8r den p\u00e5 denne placering.  <\/li>\n<\/ul>\n<h3 class=\"title\"><strong>B\u00e6rbar og med lavt str\u00f8mforbrug (5V USB)<\/strong><\/h3>\n<ul>\n<li>Extenderen kan fungere med sit interne genopladelige batteri i op til 80 timer, eller for en permanent l\u00f8sning kan den tilsluttes en 5V str\u00f8mforsyning med sit USB-kabel.<\/li>\n<\/ul>\n<h3 class=\"title\"><strong>Automatisk sendertilslutning<\/strong><\/h3>\n<ul>\n<li>Skift din N2K, Guardian eller Core til parringstilstand, hvorefter extenderen automatisk opretter forbindelse og forbliver parret.<\/li>\n<\/ul>\n<h3 class=\"title\"><strong>Udvider OLAS-systemet<\/strong><\/h3>\n<ul>\n<li>Tilf\u00f8jer op til 15 meter ekstra r\u00e6kkevidde til N2K-, Guardian- og Core-basissystemerne. Bem\u00e6rk: \u00c9n forl\u00e6nger forl\u00e6nger r\u00e6kkevidden med 7,6 meter, og i alt 2 forl\u00e6ngere kan bruges til at forl\u00e6nge systemets r\u00e6kkevidde med i alt 15 meter. <\/li>\n<\/ul>\n<p>&nbsp;<\/p>\n<p>&nbsp;<\/p>\n","protected":false},"excerpt":{"rendered":"<p>OLAS Extender er en kompakt, b\u00e6rbar, tr\u00e5dl\u00f8s repeater til OLAS N2K NMEA 2000 MOB Alarm og tr\u00e5dl\u00f8s kill switch, OLAS Guardian MOB Alarm og tr\u00e5dl\u00f8s kill switch og OLAS Core MOB alarmsystemet. OLAS Tag, T2 og OLAS Float-On, brugt alene med mobilappen, giver d\u00e6kning p\u00e5 fart\u00f8jer op til 40 fod, mens N2K, Guardian og Core giver d\u00e6kning p\u00e5 fart\u00f8jer op til 50 fod. Extender kan bruges med Core, Guardian eller N2K for at \u00f8ge d\u00e6kningen for fart\u00f8jer op til 100 fod i l\u00e6ngden. <\/p>\n<p>&nbsp;<\/p>\n","protected":false},"featured_media":163629,"template":"","meta":{"_acf_changed":false,"om_disable_all_campaigns":false},"product_brand":[],"product_cat":[5905,5911,5668,5907,5909],"product_tag":[16101,11995,11243,11985,11237,16100,16103,16102],"class_list":{"0":"post-166476","1":"product","2":"type-product","3":"status-publish","4":"has-post-thumbnail","6":"product_cat-indre","7":"product_cat-kommerciel","8":"product_cat-marine-da","9":"product_cat-naer-kysten-da","10":"product_cat-ud-for-kysten","11":"product_tag-forlaenger","12":"product_tag-gps-sporing-da","13":"product_tag-mand-overbord","14":"product_tag-mand-overbord-system","15":"product_tag-mob-da","16":"product_tag-repeater","17":"product_tag-tradlos-forlaenger","18":"product_tag-tradlos-repeater","19":"pa_boat-type-motorbad","20":"pa_terrain-floder-vadomrader-soer-da","22":"first","23":"instock","24":"taxable","25":"shipping-taxable","26":"purchasable","27":"product-type-simple"},"acf":[],"_links":{"self":[{"href":"https:\/\/www.acrartex.com\/da\/wp-json\/wp\/v2\/product\/166476","targetHints":{"allow":["GET"]}}],"collection":[{"href":"https:\/\/www.acrartex.com\/da\/wp-json\/wp\/v2\/product"}],"about":[{"href":"https:\/\/www.acrartex.com\/da\/wp-json\/wp\/v2\/types\/product"}],"wp:featuredmedia":[{"embeddable":true,"href":"https:\/\/www.acrartex.com\/da\/wp-json\/wp\/v2\/media\/163629"}],"wp:attachment":[{"href":"https:\/\/www.acrartex.com\/da\/wp-json\/wp\/v2\/media?parent=166476"}],"wp:term":[{"taxonomy":"product_brand","embeddable":true,"href":"https:\/\/www.acrartex.com\/da\/wp-json\/wp\/v2\/product_brand?post=166476"},{"taxonomy":"product_cat","embeddable":true,"href":"https:\/\/www.acrartex.com\/da\/wp-json\/wp\/v2\/product_cat?post=166476"},{"taxonomy":"product_tag","embeddable":true,"href":"https:\/\/www.acrartex.com\/da\/wp-json\/wp\/v2\/product_tag?post=166476"}],"curies":[{"name":"wp","href":"https:\/\/api.w.org\/{rel}","templated":true}]}}