{"id":166453,"date":"2024-06-11T14:20:02","date_gmt":"2024-06-11T19:20:02","guid":{"rendered":"https:\/\/www.acrartex.com\/products\/eksponering-olas-guardian\/"},"modified":"2024-06-11T14:20:02","modified_gmt":"2024-06-11T19:20:02","slug":"eksponering-olas-guardian","status":"publish","type":"product","link":"https:\/\/www.acrartex.com\/da\/products\/eksponering-olas-guardian\/","title":{"rendered":"EKSPONERING OLAS GUARDIAN"},"content":{"rendered":"<h3>Hvad den g\u00f8r<\/h3>\n<p>OLAS Guardian sikrer, at motorb\u00e5ds- og RIB-f\u00f8rere kan stoppe deres b\u00e5d \u00f8jeblikkeligt, hvis skipper eller bes\u00e6tning bliver adskilt, hvilket forhindrer ulykker fra ubemandede, ukontrollerede fart\u00f8jer. De kan frit bev\u00e6ge sig rundt p\u00e5 deres b\u00e5d uden konstant at skulle huske at fastg\u00f8re, afmontere og genfastg\u00f8re en fysisk kablet n\u00f8dstopline. <\/p>\n<h3>Tilpassede tagtilstande for fleksibilitet<\/h3>\n<p>OLAS Guardian tilbyder tre brugerdefinerede tagtilstande, s\u00e5 du kan skr\u00e6ddersy enheden til dine specifikke behov. Du kan nemt skifte mellem tilstande ved hj\u00e6lp af OLAS-mobilappen. Her er en oversigt over tagtilstandene:  <\/p>\n<ul>\n<li><strong>Motorstop<\/strong> \u2013 den fungerer som en afbrydelsessnor, der stopper fart\u00f8jet, n\u00e5r m\u00e6rket er uden for r\u00e6kkevidde, uden at udl\u00f8se MOB-alarmer.<\/li>\n<\/ul>\n<ul>\n<li><strong>MOB-alarm<\/strong> \u2013 den advarer fart\u00f8jet uden at slukke for motoren.<\/li>\n<\/ul>\n<ul>\n<li><strong>Motorstop + MOB-alarm<\/strong> \u2013 denne tilstand udl\u00f8ser bes\u00e6tningsalarmer og afbryder motoren.<\/li>\n<\/ul>\n<h3>S\u00e5dan fungerer det<\/h3>\n<ul>\n<li>Op til 25 OLAS-sendere (OLAS T2\/OLAS Tag\/OLAS Float-On) inden for r\u00e6kkevidde kan spores rundt om fart\u00f8jet af Guardian. Dette giver bes\u00e6tning og skipper frihed til at bev\u00e6ge sig rundt om fart\u00f8jet med tillid til, at hvis nogen falder overbord, vil enten motoren blive slukket og\/eller en alarm vil udl\u00f8ses, og en hurtig bj\u00e6rgning kan iv\u00e6rks\u00e6ttes. <\/li>\n<li>Guardian tilsluttes et fart\u00f8js 12\/24v str\u00f8mforsyning og en eksisterende n\u00f8dafbryder ved hj\u00e6lp af de medf\u00f8lgende stik, hvilket g\u00f8r den hurtig og nem at installere med \u00f8jeblikkelig brugbarhed.<\/li>\n<li>Der kr\u00e6ves et 21 mm hul i n\u00e6rheden af \u200b\u200bden eksisterende n\u00f8dstopkontakt til installationen af \u200b\u200bden 20 mm LED-kontrolkontakt i rustfrit st\u00e5l.<\/li>\n<\/ul>\n<p><em>Professionel installation er ikke p\u00e5kr\u00e6vet, men anbefales, da ACR Electronics ikke p\u00e5tager sig noget ansvar for forkert installation.<\/em><\/p>\n<div class=\"row\">\n<div class=\"col-xs-12 col-sm-12\">\n<h3>Hvem er det til<\/h3>\n<p>OLAS Guardian er for f\u00f8rere af motorb\u00e5de og alle skippere og b\u00e5dejere, der er bekymrede for sikkerheden ombord. Den forbinder tr\u00e5dl\u00f8st op til 25 bes\u00e6tningsmedlemmer via b\u00e6rbare OLAS-sendere (T2, Tag eller OLAS Float On Light), hvilket skaber en virtuel n\u00f8dstr\u00f8mssnor. <\/p>\n<\/div>\n<\/div>\n<div>\n<div class=\"row\">\n<div class=\"col-sm-12 col-xs-12\">\n<h3>Kernefordele<\/h3>\n<\/div>\n<\/div>\n<div class=\"row\">\n<div class=\"col-xs-12 col-sm-6\">\n<ul>\n<li><strong>K\u00f8r sammen med eksisterende n\u00f8dstopkontakt<\/strong> \u2013 Guardian kan bruges i stedet for eller sammen med en eksisterende n\u00f8dstopkontakt og vil fungere, hvis den fysiske n\u00f8dstopledning ikke er fastgjort til f\u00f8reren. \u2013 P\u00e5 de fleste motorer vil en simpel parallelforbindelse til den eksisterende n\u00f8dstopkontakt muligg\u00f8re fuld tr\u00e5dl\u00f8s afbrydelse. <\/li>\n<li><strong>Automatisk genstart<\/strong> \u2013 Efter 5 sekunder deaktiveres n\u00f8dstopknappen, hvilket g\u00f8r det muligt at genstarte motoren<\/li>\n<li><strong>Indbygget alarm<\/strong> \u2013 En 85db alarm vil lyde for at indikere, at en OLAS-sender er uden for r\u00e6kkevidde.<\/li>\n<li><strong>Indbygget n\u00f8dlys (hvis eksternt monteret)<\/strong> \u2013 Et kraftigt r\u00f8dt n\u00f8dlys lyser og giver en klar visuel indikation af en alarm, samtidig med at det fungerer som et lys, der oplyser det omkringliggende omr\u00e5de.<\/li>\n<li><strong>Rel\u00e6valg<\/strong> \u2013 OLAS-appen giver mulighed for individuelt rel\u00e6valg for nem justering af, om OLAS-senderen udl\u00f8ser motorafbrydelsen\/rel\u00e6et, eller kun udl\u00f8ser Guardians indbyggede MOB-alarm.<\/li>\n<li><strong>Automatisk forbindelse<\/strong> \u2013 N\u00e5r du g\u00e5r ombord p\u00e5 dit fart\u00f8j og t\u00e6nder for str\u00f8mmen, opretter The Guardian automatisk forbindelse til alle t\u00e6ndte OLAS-sendere inden for en radius af 2 meter.<\/li>\n<\/ul>\n<\/div>\n<div class=\"col-xs-12 col-sm-6\">\n<ul>\n<li><strong>Ingen forbindelsesalarm og tilsides\u00e6ttelse<\/strong> \u2013 Hvis du g\u00e5r ombord p\u00e5 fart\u00f8jet, og ingen sendere er t\u00e6ndt, udsender Guardian en alarm. Denne alarm kan stoppes enten ved at tilslutte OLAS-senderen til Guardian, eller Guardian kan slukkes manuelt. Derefter kan fart\u00f8jet sejles som normalt ved hj\u00e6lp af den eksisterende fysiske sikkerhedsafbrydelsessnor.  <\/li>\n<li><strong>Pausetilstand<\/strong> \u2013 Systemet kan s\u00e6ttes i pausetilstand. Dette bruges, n\u00e5r du har brug for at forlade b\u00e5den med motoren i tomgang, f.eks. n\u00e5r du g\u00e5r ned ad en ponton, vel vidende at OLAS-senderen vil komme uden for r\u00e6kkevidde. <\/li>\n<li><strong>Tilslutter op til 25 OLAS-sendere (OLAS T2, OLAS Tag eller OLAS Float-On)<\/strong> \u2013 Op til 25 sendere giver st\u00f8rre fart\u00f8jer mulighed for at forbinde bes\u00e6tning og genstande til Guardian. Ved blot at tilslutte en sender til en genstand, s\u00e5som en MOB-flydeanordning eller en yacht-tender, kan du altid v\u00e6re opm\u00e6rksom p\u00e5, om noget er forsvundet. <\/li>\n<li><strong>Kompatibel med forl\u00e6ngere.<\/strong> En eller to OLAS-forl\u00e6ngere kan bruges til at d\u00e6kke omr\u00e5der, hvor sendersignalet kan v\u00e6re blokeret. Dette muligg\u00f8r brug p\u00e5 st\u00f8rre fart\u00f8jer p\u00e5 op til 100 fod. <\/li>\n<\/ul>\n<h3>Funktioner i mobilappen<\/h3>\n<p>Guardian betjenes nemt via OLAS-appen, som kan downloades gratis fra App Store til iOS og Google Play Store til Android. OLAS-appen kr\u00e6ver en enhed, der k\u00f8rer mindst IOS11 eller Android 5.1 for at fungere. OLAS-appen er et effektivt v\u00e6rkt\u00f8j til at styre Guardians-funktionerne og til at hj\u00e6lpe med hurtig redning. Appen tilbyder f\u00f8lgende funktioner:   <\/p>\n<ul>\n<li>Overv\u00e5g alle OLAS-sendere, der spores<\/li>\n<li>Tilpas OLAS-sendernavne, s\u00e5 de er nemme at tildele<\/li>\n<li>Tjek batteristatus for OLAS -sendere<\/li>\n<li>Tilf\u00f8j nye OLAS-sendere til Guardian-systemet.<\/li>\n<li>S\u00e6t Guardian-systemet p\u00e5 pause, hvis sendere forlader omr\u00e5det i en kort periode.<\/li>\n<li>Juster tiden, f\u00f8r Guardian reagerer p\u00e5 en sender, der g\u00e5r over bord, mellem 2 sekunder og 15 sekunder, hvilket giver mere frihed omkring st\u00f8rre fart\u00f8jer.<\/li>\n<li>Juster mellem afbryder og ekstern alarmtilstand.<\/li>\n<li>N\u00f8dstoptilstand aktiverer den indbyggede kontakt i 5 sekunder, hvilket afbryder motoren, men giver brugerne mulighed for at genstarte motoren efter 5 sekunder.<\/li>\n<li>Ekstern alarmtilstand aktiverer den indbyggede kontakt, indtil den manuelt annulleres. Dette g\u00f8r det muligt at serieforbinde eksterne alarmer med h\u00f8j effekt. <\/li>\n<li>S\u00e6t alarmtilstanden p\u00e5 pause.<\/li>\n<li>Juster nemt individuelle sendere mellem motorslukning (for skipperen), kun alarm (for passagerer) og pause (for passagerer, der midlertidigt forlader fart\u00f8jet).<\/li>\n<li>udl\u00f8se den eksterne alarm, hvis en Tag-b\u00e6rer er uden for r\u00e6kkevidde p\u00e5 b\u00e5de Guardian og din mobilenhed.<\/li>\n<li>Juster tiden f\u00f8r afbryderen eller alarmen udl\u00f8ses \u2013 hvilket giver st\u00f8rre frihed.<\/li>\n<li>Maksimal lydstyrkealarm og vibration p\u00e5 din mobiltelefon, synkroniseret med Guardian.<\/li>\n<li>Angivelse af hvilken sender der har udl\u00f8st alarmen.<\/li>\n<li>Registrer GPS-positionen for det sted, hvor alarmen blev udl\u00f8st<\/li>\n<li>Tydelig vejledning tilbage til GPS-positionen, hvor alarmen blev udl\u00f8st.<\/li>\n<li>Tydelig visning af tidspunkt og GPS placering for, hvor alarmen blev udl\u00f8st, samt brugerens aktuelle placering. \u2022 VHF-n\u00f8dscript med automatisk indtastede GPS-koordinater og brugerdefinerede fart\u00f8jsoplysninger Solo-tilstand.<\/li>\n<li>Designet til brug under sejlads p\u00e5 egen h\u00e5nd inden for 2G-mobilr\u00e6kkevidde eller offshore Wi-Fi. Solo-tilstand sender en automatisk sms til et brugerdefineret nummer med din placering og tidspunktet for h\u00e6ndelsen. Hvis der foretages en selvredning, sendes en automatisk sms, der annullerer alarmen.  <\/li>\n<\/ul>\n<h3>Ops\u00e6tning og montering<\/h3>\n<p><strong>12\/24V kablet<\/strong><\/p>\n<p>Guardian-modulet kan tilsluttes din b\u00e5ds str\u00f8mforsyning for at sikre, at det altid er tilsluttet, n\u00e5r du har str\u00f8m. Str\u00f8mledningerne kan nemt splejses ind i en eksisterende str\u00f8mforsyning fra b\u00e5dens batteri. <\/p>\n<p><strong>Montering gennem panel<\/strong><\/p>\n<p>Den kompakte kontakt i rustfrit st\u00e5l kr\u00e6ver minimal justering af din eksisterende midterkonsol og kan monteres gennem et 21 mm hul.<\/p>\n<p><strong>Farvekodet kontrolafbryder<\/strong><\/p>\n<p>Den farvekodede kontrolknap g\u00f8r systemet nemt at styre og konfigurere, uden behov for OLAS-appen. Under ops\u00e6tningsprocessen vil den indikere de automatiske ops\u00e6tningstrin med en r\u00f8d indikatorlampe. N\u00e5r systemet k\u00f8rer, viser det et gr\u00f8nt lys og skifter tilbage til r\u00f8dt i en alarmsituation.  <\/p>\n<p><strong>Systemfeedback<\/strong><\/p>\n<p>GUARDIAN angiver tydeligt, hvor mange OLAS-sendere der er tilsluttet under ops\u00e6tningsprocessen.<\/p>\n<p>Sendere kan tilf\u00f8jes til systemet enten ved hj\u00e6lp af mobilapplikationen eller via en simpel indbygget omskiftningsproces.<\/p>\n<\/div>\n<\/div>\n<\/div>\n<div class=\"row\"><\/div>\n","protected":false},"excerpt":{"rendered":"<p>OLAS Guardian er en tr\u00e5dl\u00f8s motorafbryder, der aktiveres inden for to sekunder efter, at en person falder over bord. Den har den dobbelte funktion, at den ogs\u00e5 fungerer som et \u00f8jeblikkeligt mand-over-bord-alarmsystem. Guardian opretter blot forbindelse til op til 25 OLAS-sendere og kan d\u00e6kke et fart\u00f8j op til 15 meter.  <\/p>\n<p><strong>I \u00e6sken:<\/strong> Guardian, OLAS Tag + batteri, str\u00f8mtilslutningskabler, tilslutningskabler til n\u00f8dstr\u00f8msledning, afbryder i rustfrit st\u00e5l, brugervejledning, 5 x marinestik.<\/p>\n<p>&nbsp;<\/p>\n<p><a href=\"https:\/\/www.dropbox.com\/s\/fk04stqsp2hgk5f\/Prop%2065%20-%20DEHP.pdf?dl=0\">ADVARSEL: FORSLAG 65<\/a><\/p>\n","protected":false},"featured_media":163369,"template":"","meta":{"_acf_changed":false,"om_disable_all_campaigns":false},"product_brand":[],"product_cat":[5905,5911,5668,5907,5909],"product_tag":[12070,11995,11243,11985,11237,12035,12046,12058,12006,12087,12115,12103],"class_list":{"0":"post-166453","1":"product","2":"type-product","3":"status-publish","4":"has-post-thumbnail","6":"product_cat-indre","7":"product_cat-kommerciel","8":"product_cat-marine-da","9":"product_cat-naer-kysten-da","10":"product_cat-ud-for-kysten","11":"product_tag-esos-da","12":"product_tag-gps-sporing-da","13":"product_tag-mand-overbord","14":"product_tag-mand-overbord-system","15":"product_tag-mob-da","16":"product_tag-motorafbryder","17":"product_tag-motoren-er-afbrudt","18":"product_tag-motoren-slukkes","19":"product_tag-olas-da","20":"product_tag-oko-da","21":"product_tag-uscg-motorafbryder","22":"product_tag-uscg-motorslukning","23":"pa_boat-size-0-20-da","24":"pa_boat-size-21-40-da","25":"pa_boat-size-40-80-da","26":"pa_boat-size-80-da","27":"pa_boat-type-charter-yacht-da","28":"pa_boat-type-fragtskib","29":"pa_boat-type-kommercielt-fiskeri","30":"pa_boat-type-motorbad","31":"pa_boat-type-sejlbad","32":"pa_boat-type-slaebebad","33":"pa_boat-type-sportcraft-da","34":"pa_boat-type-yacht-da","35":"pa_product-signaleringsprodukter-da","37":"first","38":"instock","39":"taxable","40":"shipping-taxable","41":"purchasable","42":"product-type-variable"},"acf":[],"_links":{"self":[{"href":"https:\/\/www.acrartex.com\/da\/wp-json\/wp\/v2\/product\/166453","targetHints":{"allow":["GET"]}}],"collection":[{"href":"https:\/\/www.acrartex.com\/da\/wp-json\/wp\/v2\/product"}],"about":[{"href":"https:\/\/www.acrartex.com\/da\/wp-json\/wp\/v2\/types\/product"}],"wp:featuredmedia":[{"embeddable":true,"href":"https:\/\/www.acrartex.com\/da\/wp-json\/wp\/v2\/media\/163369"}],"wp:attachment":[{"href":"https:\/\/www.acrartex.com\/da\/wp-json\/wp\/v2\/media?parent=166453"}],"wp:term":[{"taxonomy":"product_brand","embeddable":true,"href":"https:\/\/www.acrartex.com\/da\/wp-json\/wp\/v2\/product_brand?post=166453"},{"taxonomy":"product_cat","embeddable":true,"href":"https:\/\/www.acrartex.com\/da\/wp-json\/wp\/v2\/product_cat?post=166453"},{"taxonomy":"product_tag","embeddable":true,"href":"https:\/\/www.acrartex.com\/da\/wp-json\/wp\/v2\/product_tag?post=166453"}],"curies":[{"name":"wp","href":"https:\/\/api.w.org\/{rel}","templated":true}]}}