{"id":162641,"date":"2025-09-18T08:34:05","date_gmt":"2025-09-18T13:34:05","guid":{"rendered":"https:\/\/www.acrartex.com\/products\/pathfinder-ais\/"},"modified":"2026-03-06T10:19:04","modified_gmt":"2026-03-06T15:19:04","slug":"pathfinder-ais","status":"publish","type":"product","link":"https:\/\/www.acrartex.com\/da\/products\/pathfinder-ais\/","title":{"rendered":"Pathfinder AIS SART"},"content":{"rendered":"<p>Pathfinder AIS bruger det gennempr\u00f8vede og robuste design og den praktiske formfaktor fra Pathfinder Pro SART og har automatisk identifikationssystem (AIS) n\u00f8dalarmsystem i mods\u00e6tning til et traditionelt radarbaseret system. Den nye, avancerede Pathfinder AIS sender GNSS\/GPS-satellitkoordinater til alle AIS-udstyrede fart\u00f8jer inden for VHF-r\u00e6kkevidde og advarer dem om, at n\u00f8dhj\u00e6lp er p\u00e5kr\u00e6vet. <\/p>\n<p>Pathfinder AIS har en gennemsnitlig detektionsr\u00e6kkevidde p\u00e5 5 s\u00f8mil, inkorporerer Near Field Communication (NFC) teknologi, der hj\u00e6lper med produktregistrering og leverer testdata, og bruger et lithiumbatteri, der giver 96 timers driftslevetid. Andre fordele omfatter pr\u00e6cis GNSS\/GPS-positionering, sporing i realtid, og i mods\u00e6tning til radar-SART&#8217;er er AIS-SART&#8217;er mindre modtagelige for ugunstige vejrforhold s\u00e5som kraftig regn eller t\u00e5ge. <\/p>\n<p>Pathfinder AIS leveres med et elegant v\u00e6gbeslag, der holder den ude af vejen, men samtidig er let tilg\u00e6ngelig i en n\u00f8dsituation. Den valgfri teleskopstang tilsluttes praktisk til bunden af \u200b\u200bSART&#8217;en og giver maksimal h\u00f8jde (str\u00e6kker sig 1 m) og udsyn fra en redningsb\u00e5d. SART&#8217;en kan ogs\u00e5 h\u00e6nges op inde i b\u00e5den for h\u00e5ndfri brug.  <\/p>\n<p>Pathfinder AIS er konstrueret til at modst\u00e5 de barskeste marinemilj\u00f8er og er klar til at fungere i enhver n\u00f8dsituation og sikrer, at dit n\u00f8dsignal registreres af ethvert AIS-udstyret fart\u00f8j inden for r\u00e6kkevidde. Dets robuste design sikrer, at den forbliver funktionsdygtig, n\u00e5r du har mest brug for det. <\/p>\n<p><strong><em><u>Krav til transport<\/u><\/em><\/strong><\/p>\n<ul>\n<li>Ethvert IMO SOLAS-skib p\u00e5 international rejse skal medbringe en SART<\/li>\n<li>300-500 bruttoregistertonnage (BRT) skal medf\u00f8re mindst 1 SART<\/li>\n<li>Over 500 BRT bruttoregistertonnage (BRT) skal der medbringes mindst 2 SART&#8217;er<\/li>\n<li>1 SART for hver fire redningsfl\u00e5der p\u00e5 Ro-Ro-passagerskibe<\/li>\n<li>Passagerskibe af enhver st\u00f8rrelse skal medf\u00f8re mindst 2 SART&#8217;er uanset deres tonnage.<\/li>\n<li>Redningsb\u00e5de: SOLAS kr\u00e6ver, at mindst \u00e9n SART er tilg\u00e6ngelig til brug i hvert redningsfart\u00f8j.<\/li>\n<li>Redningsfl\u00e5der: I tilf\u00e6lde af passagerskibe, hvis der er mere end 2 redningsfl\u00e5der, b\u00f8r der anbringes yderligere SART&#8217;er, s\u00e5ledes at mindst \u00e9n SART er tilg\u00e6ngelig for hver 2 redningsfl\u00e5der.<\/li>\n<\/ul>\n","protected":false},"excerpt":{"rendered":"<p style=\"margin: 0in; line-height: 16.05pt;\"><span style=\"font-family: 'Tahoma',sans-serif; color: black;\">Pathfinder AIS SART er en fuldt godkendt AIS-efters\u00f8gnings- og redningssender, der overholder IMO SOLAS-reglerne og giver fart\u00f8jer, der skal overholde GMDSS, mulighed for at opfylde det obligatoriske SART-krav. Ved at bruge AIS klasse A-positionsrapporter sender Pathfinder AIS SART i alt otte positionsrapportmeddelelser \u00e9n gang i minuttet for at muligg\u00f8re sporing i realtid. <\/span><\/p>\n<p><strong><span style=\"font-family: 'Tahoma',sans-serif; color: black;\">Denne enhed er ikke godkendt som kr\u00e6vet af FCC&#8217;s (Federal Communications Commission) regler.<br \/>\nDenne enhed er ikke og m\u00e5 ikke udbydes til salg eller leasing, eller s\u00e6lges eller leases, i USA, f\u00f8r godkendelse er indhentet.<\/span><\/strong><\/p>\n<p><a href=\"https:\/\/www.dropbox.com\/s\/fk04stqsp2hgk5f\/Prop%2065%20-%20DEHP.pdf?dl=0\">ADVARSEL: FORSLAG 65<\/a><\/p>\n","protected":false},"featured_media":162667,"template":"","meta":{"_acf_changed":false,"om_disable_all_campaigns":false},"product_brand":[],"product_cat":[5911,5668],"product_tag":[14059,14151,14170,14161,14091,14131,14116,14027,14082,14220,14070,14045,14234,14228,14142,14177,14035,14202,14189,14103,14211],"class_list":{"0":"post-162641","1":"product","2":"type-product","3":"status-publish","4":"has-post-thumbnail","6":"product_cat-kommerciel","7":"product_cat-marine-da","8":"product_tag-acr-sart-da","9":"product_tag-bedste-sart","10":"product_tag-epirb-sart-da","11":"product_tag-gmdss-sart-da","12":"product_tag-jotron-sart-da","13":"product_tag-jotron-tron-sart-da","14":"product_tag-mcmurdo-sart-da","15":"product_tag-sart-da","16":"product_tag-sart-fald","17":"product_tag-sart-gmdss-da","18":"product_tag-sart-ivf-da","19":"product_tag-sart-batteri-da","20":"product_tag-sart-godkendelser","21":"product_tag-sart-krav-da","22":"product_tag-sart-test-da","23":"product_tag-sart-tester-da","24":"product_tag-sart-transponder-da","25":"product_tag-somandsart","26":"product_tag-test-sart-da","27":"product_tag-tron-sart-da","28":"product_tag-tron-sart-20-da","30":"first","31":"outofstock","32":"taxable","33":"shipping-taxable","34":"product-type-simple"},"acf":[],"_links":{"self":[{"href":"https:\/\/www.acrartex.com\/da\/wp-json\/wp\/v2\/product\/162641","targetHints":{"allow":["GET"]}}],"collection":[{"href":"https:\/\/www.acrartex.com\/da\/wp-json\/wp\/v2\/product"}],"about":[{"href":"https:\/\/www.acrartex.com\/da\/wp-json\/wp\/v2\/types\/product"}],"wp:featuredmedia":[{"embeddable":true,"href":"https:\/\/www.acrartex.com\/da\/wp-json\/wp\/v2\/media\/162667"}],"wp:attachment":[{"href":"https:\/\/www.acrartex.com\/da\/wp-json\/wp\/v2\/media?parent=162641"}],"wp:term":[{"taxonomy":"product_brand","embeddable":true,"href":"https:\/\/www.acrartex.com\/da\/wp-json\/wp\/v2\/product_brand?post=162641"},{"taxonomy":"product_cat","embeddable":true,"href":"https:\/\/www.acrartex.com\/da\/wp-json\/wp\/v2\/product_cat?post=162641"},{"taxonomy":"product_tag","embeddable":true,"href":"https:\/\/www.acrartex.com\/da\/wp-json\/wp\/v2\/product_tag?post=162641"}],"curies":[{"name":"wp","href":"https:\/\/api.w.org\/{rel}","templated":true}]}}