{"id":162595,"date":"2023-04-10T16:14:00","date_gmt":"2023-04-10T21:14:00","guid":{"rendered":"https:\/\/www.acrartex.com\/products\/elt-4000m\/"},"modified":"2023-04-10T16:14:00","modified_gmt":"2023-04-10T21:14:00","slug":"elt-4000m","status":"publish","type":"product","link":"https:\/\/www.acrartex.com\/da\/products\/elt-4000m\/","title":{"rendered":"ELT 4000M"},"content":{"rendered":"<p><strong>Produktoversigt<\/strong><\/p>\n<p>Den <a href=\"https:\/\/www.acrartex.com\/da\/news\/acr-electronics-lancerer-artex-elt-4000m-en-innovativ-emergency-locator-transmitter-i-transportkvalitet-drevet-af-alkalisk-batteri\/\">helt nye ARTEX ELT 4000M<\/a> er en tri-frekvens n\u00f8dlokaliseringssender (ELT) i transportkvalitet, der bruger alkaliske batterier. Denne innovative str\u00f8mkilde betyder, at ELT 4000M er fuldst\u00e6ndig fritaget for FAA&#8217;s s\u00e6rlige betingelser. Fordelene ved ARTEX ELT 4000M inkluderer lavere batteriudgifter pr. cyklus, ingen forsendelse af farligt gods og nem bortskaffelse. En integreret NAV-gr\u00e6nseflade (ARINC429) eliminerer kravet om og omkostningerne ved installation af en separat NAV-gr\u00e6nsefladeenhed.   <\/p>\n<p><strong>S\u00e5dan fungerer ARTEX ELT 4000M<\/strong><\/p>\n<p>ARTEX ELT 4000M kan aktiveres manuelt (via cockpitfjernbetjening) eller automatisk (G-Switch registrerer et 2,3G eller st\u00f8rre nedslag) og advarer den n\u00e6rmeste efters\u00f8gnings- og redningstjeneste om en n\u00f8dsituation. 406 MHz-signalet, der indeholder flyets GPS-koordinater, transmitteres til Cospas-Sarsat-satellitterne og videresendes til Mission Control Center, hvor det straks dirigeres til den n\u00e6rmeste efters\u00f8gnings- og redningstjeneste. Fyret vil give f\u00f8rstehj\u00e6lpere den n\u00f8jagtige placering inden for 100 meter. Endelig hj\u00e6lper 121,5 MHz-m\u00e5ls\u00f8gende signalet efters\u00f8gnings- og redningsstyrker p\u00e5 jorden med at finde placeringen af \u200b\u200bn\u00f8dsituationen.   <\/p>\n<p><strong>Nem installation og eftermontering<\/strong><\/p>\n<p>ARTEX ELT 4000M giver en hurtig og nem eftermonteringsmulighed med fleksible installationsmuligheder s\u00e5som en to-tr\u00e5ds fjernbetjening, der ikke kr\u00e6ver flystr\u00f8m. ELT 4000M er TSO-godkendt med Legacy Switch and Antenna Systems for at lette eftermontering. Da det er en ELT med \u00e9n udgang, bruger ARTEX ELT 4000M den samme RF-udgang og kun \u00e9t koaksialkabel til at transmittere 406 MHz, 121,5 og 243,0 MHz signaler. Den indbyggede navigationsgr\u00e6nseflade reducerer behovet for at montere en sekund\u00e6r ekstern gr\u00e6nseflade, hvilket reducerer installationsomkostningerne betydeligt. Monteringsbakken matcher den \u00e6ldre ARTEX C- og B-serie ELT-installation og reducerer dermed yderligere ingeni\u00f8romkostningerne.    <\/p>\n<p>&nbsp;<\/p>\n<p><strong>Produktfunktioner<\/strong><\/p>\n<ul>\n<li>Automatisk, fast Emergency Locator Transmitter<\/li>\n<li>Tri-frekvens n\u00f8dsignal, digitale 406 MHz og analoge 121,5 MHz og 243,0 MHz m\u00e5ls\u00f8gende signaler<\/li>\n<li>Automatisk aktivering via intern G-switch<\/li>\n<li>Dobbeltb\u00e5ndsantenne med enkelt stik og kabel til sender \u2013 Blade og Whip f\u00e5s<\/li>\n<li>Kompatibel med \u00e6ldre antenner<\/li>\n<li>Nem vedligeholdelse og installation<\/li>\n<li>Mange fjernbetjeningsmuligheder i cockpittet er tilg\u00e6ngelige<\/li>\n<li>Kan tilsluttes indbygget GPS via integreret ARINC429-gr\u00e6nseflade<\/li>\n<li>GPS data er indlejret i digital transmission, hvilket reducerer s\u00f8geradiusen ned til 100 meter. Godkendt af Cospas-Sarsat<\/li>\n<li>Kompatibel med ARTEX 406Test.com satellitbekr\u00e6ftelsestestsystem<\/li>\n<li><a href=\"https:\/\/www.acrartex.com\/fr\/products\/elt-4000m-hm\/\">ARTEX ELT 4000M HM<\/a> helikopterversion med 5-akset G-switch tilg\u00e6ngelig<\/li>\n<li>5 \u00e5rs batterilevetid (udskifteligt). Sendes ikke som farligt gods. <\/li>\n<\/ul>\n<p>&nbsp;<\/p>\n<p><strong>Pakkeliste<\/strong><\/p>\n<p><a href=\"https:\/\/www.dropbox.com\/scl\/fi\/23o6bmhfh4yfhkkm99yad\/8265A.pdf?rlkey=j9pb5q8p6uc7pmvwnyd2ehg7s&amp;dl=1\">8265 ELT 4000M basispakke<\/a><\/p>\n<p><a href=\"https:\/\/www.dropbox.com\/scl\/fi\/gmfobp9uap4dljd95gezz\/8266A.pdf?rlkey=orfkkzr6hoe1m106tkv8pudfq&amp;dl=1\">8266 ELT 4000M Basisstang 1 IN<\/a><\/p>\n<p>&nbsp;<\/p>\n","protected":false},"excerpt":{"rendered":"<p>Den helt nye ARTEX ELT 4000M er en 3-frekvens n\u00f8dlokaliseringssender (ELT) i transportklasse, der bruger alkaliske batterier. Denne innovative str\u00f8mkilde betyder, at ELT 4000M er fuldst\u00e6ndig fritaget for FAA&#8217;s s\u00e6rlige forholdskrav. I tilf\u00e6lde af en n\u00f8dsituation kan ELT 4000M aktiveres manuelt eller automatisk for hurtigt at advare lokale efters\u00f8gnings- og redningshold om din situation. V\u00e6r forberedt p\u00e5 det uforudsigelige: \u2013 Lavere batteriudgifter pr. cyklus \u2013 Ingen forsendelse af farligt gods \u2013 Nem bortskaffelse \u2013 Integreret NAV-gr\u00e6nseflade (ARINC429)   <\/p>\n<p><a href=\"https:\/\/www.acrartex.com\/news\/acr-electronics-launches-artex-elt-4000m-an-innovative-transport-grade-emergency-locator-transmitter-powered-by-alkaline-battery\/\">L\u00e6s pressemeddelelsen<\/a><\/p>\n<p><a href=\"https:\/\/www.acrartex.com\/products\/406test-elt-self-testing-service\/\"><img loading=\"lazy\" decoding=\"async\" class=\"alignnone\" style=\"width: 250px; height: 34px;\" src=\"https:\/\/dk2ztu5ooimmu.cloudfront.net\/ckeditor_assets\/pictures\/146\/406Test_with_desc_-_Tag.gif\" alt=\"\" width=\"641\" height=\"88\"><\/a><\/p>\n<p><a href=\"mailto:ArtexSales@acrartex.com?emne= ELT %204000% 20Salg%20Sp\u00f8rgsm\u00e5l\"><img decoding=\"async\" style=\"width: 250px; height: 210px;\" src=\"\/\/dk2ztu5ooimmu.cloudfront.net\/ckeditor_assets\/pictures\/148\/ARTEX_-_ELT_4000_Ad_Bubble.gif\" alt=\"\"><\/a><\/p>\n","protected":false},"featured_media":12176,"template":"","meta":{"_acf_changed":false,"om_disable_all_campaigns":false},"product_brand":[],"product_cat":[5923,8539,5592],"product_tag":[15726,15728,15735,15724,8550,8990,9002,8154,5598,8986,8980,15738,8987,8997,5609,8992,15732,8989],"class_list":{"0":"post-162595","1":"product","2":"type-product","3":"status-publish","4":"has-post-thumbnail","6":"product_cat-business-jet-da","7":"product_cat-kommercielle-fly","8":"product_cat-luftfart-da","9":"product_tag-243-mhz-da","10":"product_tag-2430-mhz-da","11":"product_tag-3-frekvenser-da","12":"product_tag-4000-m-da","13":"product_tag-406-mhz-elt-da","14":"product_tag-8260-da","15":"product_tag-alkalisk-elt-da","16":"product_tag-artex-da","17":"product_tag-elt-da","18":"product_tag-elt-opgradering","19":"product_tag-elt-4000-da","20":"product_tag-elt-4000m-da","21":"product_tag-elt4000-da","22":"product_tag-fritaget-litium-elt","23":"product_tag-nodlokaliseringssender-da","24":"product_tag-saerlige-betingelser-for-litium","25":"product_tag-tri-frekvens-da","26":"product_tag-varenummer-8260-da","28":"first","29":"instock","30":"taxable","31":"shipping-taxable","32":"product-type-simple"},"acf":[],"_links":{"self":[{"href":"https:\/\/www.acrartex.com\/da\/wp-json\/wp\/v2\/product\/162595","targetHints":{"allow":["GET"]}}],"collection":[{"href":"https:\/\/www.acrartex.com\/da\/wp-json\/wp\/v2\/product"}],"about":[{"href":"https:\/\/www.acrartex.com\/da\/wp-json\/wp\/v2\/types\/product"}],"wp:featuredmedia":[{"embeddable":true,"href":"https:\/\/www.acrartex.com\/da\/wp-json\/wp\/v2\/media\/12176"}],"wp:attachment":[{"href":"https:\/\/www.acrartex.com\/da\/wp-json\/wp\/v2\/media?parent=162595"}],"wp:term":[{"taxonomy":"product_brand","embeddable":true,"href":"https:\/\/www.acrartex.com\/da\/wp-json\/wp\/v2\/product_brand?post=162595"},{"taxonomy":"product_cat","embeddable":true,"href":"https:\/\/www.acrartex.com\/da\/wp-json\/wp\/v2\/product_cat?post=162595"},{"taxonomy":"product_tag","embeddable":true,"href":"https:\/\/www.acrartex.com\/da\/wp-json\/wp\/v2\/product_tag?post=162595"}],"curies":[{"name":"wp","href":"https:\/\/api.w.org\/{rel}","templated":true}]}}