{"id":162001,"date":"2025-08-20T09:58:30","date_gmt":"2025-08-20T14:58:30","guid":{"rendered":"https:\/\/www.acrartex.com\/products\/rcl-100-led-rcl-50-led-soegelys-tilbehoer\/"},"modified":"2026-03-06T09:03:59","modified_gmt":"2026-03-06T14:03:59","slug":"rcl-100-led-rcl-50-led-soegelys-tilbehoer","status":"publish","type":"product","link":"https:\/\/www.acrartex.com\/da\/products\/rcl-100-led-rcl-50-led-soegelys-tilbehoer\/","title":{"rendered":"RCL-100 LED &amp; RCL-50 LED s\u00f8gelys tilbeh\u00f8r"},"content":{"rendered":"<p><strong><em>Moderne kontrol. Klassisk p\u00e5lidelighed. <\/em><\/strong><\/p>\n<p>&nbsp;<\/p>\n<p><strong><em>URP-103 Punktpude:<\/em><\/strong><\/p>\n<p>&nbsp;<\/p>\n<p>URP-103-pointpuden er designet med moderne sejlere i tankerne og har et opdateret design og en elegant, moderne \u00e6stetik, der passer perfekt til nutidens marine dashboards og kontrolpaneler \u2013 perfekt til renoveringer eller nye installationer. Uanset om du opgraderer en eksisterende ops\u00e6tning eller udstyrer et nyt fart\u00f8j, bringer ACR&#8217;s n\u00e6ste generations s\u00f8gelyspude et nyt niveau af stil, funktion og fleksibilitet. <\/p>\n<p>&nbsp;<\/p>\n<ul>\n<li><strong>Stil \u2013<\/strong> Et mere moderne udseende og fornemmelse med stiliseret ikonografi til funktionsknapper og en elegant rustfri st\u00e5lring, der indkapsler de prim\u00e6re retningsknapper. Et baggrundsbelyst ACR-logo tilf\u00f8jer endnu et element af moderne stil og fungerer ogs\u00e5 som et sidste touch, der fuldender Point Pad og forbedrer b\u00e5de dens stil og funktionalitet. <\/li>\n<\/ul>\n<p>&nbsp;<\/p>\n<ul>\n<li><strong>Funktion \u2013<\/strong> Alle knapper, inklusive det centraliserede ACR-logo, er baggrundsbelyste og bruger flere farver til indikation af forskellige tilstande og\/eller funktioner. Med muligheden for at styre en eller to s\u00f8gelys uafh\u00e6ngigt eller samtidigt kan brugerne nemt skifte mellem lysene eller styre begge for koordineret belysning. URP-103 inkluderer en &#8220;return to home&#8221;-funktion, der returnerer s\u00f8gelyset\/-lysene til en fremadrettet retning, og takket v\u00e6re ACR&#8217;s eksklusive XRCiZ\u2122-teknologi forbliver dit s\u00f8gelys klar, n\u00e5r du har mest brug for det. Denne selvvedligeholdelsesfunktion roterer automatisk lyset hver 30. dag for at forhindre korrosion og holde alle bev\u00e6gelige dele og elektriske komponenter i funktion fejlfrit.   <\/li>\n<\/ul>\n<p>&nbsp;<\/p>\n<ul>\n<li><strong>Fleksibilitet \u2013<\/strong> Leveres med selvkl\u00e6bende frontplader i sort og hvid. V\u00e6lg den frontplade, der bedst passer til din konsol, og s\u00e6t den blot fast p\u00e5 pegepuden for at opretholde et ensartet og ensartet udseende p\u00e5 dit fart\u00f8j. <\/li>\n<\/ul>\n<p>&nbsp;<\/p>\n<p><strong><em>URH-103 H\u00e5ndholdt tr\u00e5dl\u00f8s fjernbetjening:<\/em><\/strong><\/p>\n<p><em> <\/em><\/p>\n<p>URH-103 h\u00e5ndholdt tr\u00e5dl\u00f8s fjernbetjening giver dig uovertruffen bekvemmelighed og kontrol lige ved h\u00e5nden. Den er den f\u00f8rste h\u00e5ndholdte fjernbetjening af sin slags til RCL-100 LED og RCL-50 LED projekt\u00f8rerne. Fjernbetjeningen har et ergonomisk, moderne design, der er bygget til b\u00e5de form og funktion. Det pr\u00e6gede ACR-logo tilf\u00f8jer et strejf af distinktion, mens baggrundsbelyste knapper sikrer problemfri betjening under brug om natten. De gennemt\u00e6nkte riller langs begge sider giver et sikkert, skridsikkert greb \u2013 selv i v\u00e5de eller h\u00e5rde havforhold \u2013 s\u00e5 du bevarer kontrollen, n\u00e5r det g\u00e6lder mest.   <\/p>\n<p>&nbsp;<\/p>\n<p><strong><em>URC-104 Hovedcontroller:<\/em><\/strong><\/p>\n<p>&nbsp;<\/p>\n<p>URC-104 Master Controller er m\u00e5ske skjult, men den er central for alt. URC-104 er designet til at blive monteret diskret bag instrumentbr\u00e6ttet og er det afg\u00f8rende knudepunkt, der muligg\u00f8r problemfri fjernbetjening af din RCL-100 LED og RCL-50 LED. <strong> <\/strong>projekt\u00f8rer. Det er hjernen bag betjeningen og sikrer fuld funktionalitet af b\u00e5de URP-103 Point Pad Controller og URH-103 h\u00e5ndholdt tr\u00e5dl\u00f8s fjernbetjening. <\/p>\n<p>&nbsp;<\/p>\n<p><strong><u>Varenumre:<\/u><\/strong><\/p>\n<p>&nbsp;<\/p>\n<p>Med introduktionen af ACR&#8217;s nye s\u00f8gelysstyringsmuligheder er f\u00f8lgende varenumre til s\u00f8gelyss\u00e6t (RCL-100 LED eller RCL-50 LED s\u00e6lges med nyt tilbeh\u00f8r) og separat tilbeh\u00f8r (nyt tilbeh\u00f8r s\u00e6lges enkeltvis) tilg\u00e6ngelige:<\/p>\n<p>&nbsp;<\/p>\n<p><strong><em>S\u00f8gelyss\u00e6t:<\/em><\/strong><\/p>\n<p>&nbsp;<\/p>\n<table>\n<tbody>\n<tr>\n<td width=\"120\"><strong>ARTIKELNUMMER<\/strong><\/td>\n<td width=\"852\"><strong>BESKRIVELSE<\/strong><\/td>\n<\/tr>\n<tr>\n<td width=\"120\">1978<\/td>\n<td width=\"852\">RCL-100 LED, hvid, med ny URC-104 mastercontroller og URC-103 punkttastatur<\/td>\n<\/tr>\n<tr>\n<td width=\"120\">1979<\/td>\n<td width=\"852\">RCL-100 LED, sort, med ny URC-104 mastercontroller og URC-103 punktpad<\/td>\n<\/tr>\n<tr>\n<td width=\"120\">1982<\/td>\n<td width=\"852\">RCL-50 LED, hvid, med ny URC-104 mastercontroller og URC-103 punkttastatur<\/td>\n<\/tr>\n<tr>\n<td width=\"120\">1983<\/td>\n<td width=\"852\">RCL-50 LED, sort, med ny URC-104 mastercontroller og URC-103 punktpad<\/td>\n<\/tr>\n<tr>\n<td width=\"120\">1976<\/td>\n<td width=\"852\">RCL-100 LED, hvid, med ny URC-104 mastercontroller, URP-103 pegepude og URH-103 h\u00e5ndholdt tr\u00e5dl\u00f8s fjernbetjening<\/td>\n<\/tr>\n<tr>\n<td width=\"120\">1977<\/td>\n<td width=\"852\">RCL-100 LED, sort, med ny URC-104 mastercontroller, URP-103 pegepude og URH-103 h\u00e5ndholdt tr\u00e5dl\u00f8s fjernbetjening<\/td>\n<\/tr>\n<tr>\n<td width=\"120\">1980<\/td>\n<td width=\"852\">RCL-50 LED, hvid, med ny URC-104 mastercontroller, URP-103 pegepude og URH-103 h\u00e5ndholdt tr\u00e5dl\u00f8s fjernbetjening<\/td>\n<\/tr>\n<tr>\n<td width=\"120\">1981<\/td>\n<td width=\"852\">RCL-50 LED, sort, med ny URC-104 mastercontroller, URP-103 pegepude og URH-103 h\u00e5ndholdt tr\u00e5dl\u00f8s fjernbetjening<\/td>\n<\/tr>\n<\/tbody>\n<\/table>\n<p>&nbsp;<\/p>\n<p><strong><em>Individuelt tilbeh\u00f8r:<\/em><\/strong><\/p>\n<p>&nbsp;<\/p>\n<table>\n<tbody>\n<tr>\n<td width=\"120\"><strong>ARTIKELNUMMER<\/strong><\/td>\n<td width=\"855\"><strong>BESKRIVELSE<\/strong><\/td>\n<\/tr>\n<tr>\n<td width=\"120\">1967<\/td>\n<td width=\"855\">URH-103 H\u00e5ndholdt tr\u00e5dl\u00f8s fjernbetjening<\/td>\n<\/tr>\n<tr>\n<td width=\"120\">1968<\/td>\n<td width=\"855\">URP-103 Punktpude<\/td>\n<\/tr>\n<tr>\n<td width=\"120\">1970<\/td>\n<td width=\"855\">URC-104 Master Controller<\/td>\n<\/tr>\n<tr>\n<td width=\"120\">1971<\/td>\n<td width=\"855\">URP-103 Eftermonteringspladed\u00e6ksel (for kunder, der udskifter deres gamle URP-102-punktpude med en ny URP-103)<\/td>\n<\/tr>\n<tr>\n<td width=\"120\">1975<\/td>\n<td width=\"855\">Universal fjernbetjeningss\u00e6t (URP-103 punktpad, URC-104 mastercontroller og URH-103 h\u00e5ndholdt tr\u00e5dl\u00f8s)<\/td>\n<\/tr>\n<tr>\n<td width=\"120\">1984<\/td>\n<td width=\"855\">Eftermonteringss\u00e6t (URP-103, URC-104 og URP-103 eftermonteringspladed\u00e6ksel)<\/td>\n<\/tr>\n<\/tbody>\n<\/table>\n","protected":false},"excerpt":{"rendered":"<p>URP-103 Point Pad, URC-104 Master Controller og URH-103 h\u00e5ndholdt fjernbetjening udg\u00f8r den n\u00e6ste generation af ACR-s\u00f8gelysstyringstilbeh\u00f8r, der tilbyder moderniserede styringsmuligheder med forbedret brugervenlighed og st\u00f8rre alsidighed. Disse nye muligheder er designet til at v\u00e6re bagudkompatible og integreres problemfrit med de eksisterende branchefavoritter ACR RCL-100 LED og RCL-50 LED-s\u00f8gelys.  Dette s\u00e6t (varenr. 1975) best\u00e5r af alle de nye projekt\u00f8rstyringstilbeh\u00f8r. Yderligere tilbeh\u00f8rsmuligheder, herunder et eftermonteringss\u00e6t til eksisterende ejere af RCL-100 LED eller RCL-50 LED, der \u00f8nsker at opgradere, er tilg\u00e6ngelige via rullemenuen nedenfor p\u00e5 denne produktside. <\/p>\n","protected":false},"featured_media":161894,"template":"","meta":{"_acf_changed":false,"om_disable_all_campaigns":false},"product_brand":[],"product_cat":[5668,7222],"product_tag":[],"class_list":{"0":"post-162001","1":"product","2":"type-product","3":"status-publish","4":"has-post-thumbnail","6":"product_cat-marine-da","7":"product_cat-sogelys","9":"first","10":"onbackorder","11":"taxable","12":"shipping-taxable","13":"purchasable","14":"product-type-variable"},"acf":[],"_links":{"self":[{"href":"https:\/\/www.acrartex.com\/da\/wp-json\/wp\/v2\/product\/162001","targetHints":{"allow":["GET"]}}],"collection":[{"href":"https:\/\/www.acrartex.com\/da\/wp-json\/wp\/v2\/product"}],"about":[{"href":"https:\/\/www.acrartex.com\/da\/wp-json\/wp\/v2\/types\/product"}],"wp:featuredmedia":[{"embeddable":true,"href":"https:\/\/www.acrartex.com\/da\/wp-json\/wp\/v2\/media\/161894"}],"wp:attachment":[{"href":"https:\/\/www.acrartex.com\/da\/wp-json\/wp\/v2\/media?parent=162001"}],"wp:term":[{"taxonomy":"product_brand","embeddable":true,"href":"https:\/\/www.acrartex.com\/da\/wp-json\/wp\/v2\/product_brand?post=162001"},{"taxonomy":"product_cat","embeddable":true,"href":"https:\/\/www.acrartex.com\/da\/wp-json\/wp\/v2\/product_cat?post=162001"},{"taxonomy":"product_tag","embeddable":true,"href":"https:\/\/www.acrartex.com\/da\/wp-json\/wp\/v2\/product_tag?post=162001"}],"curies":[{"name":"wp","href":"https:\/\/api.w.org\/{rel}","templated":true}]}}