{"id":160393,"date":"2021-07-29T17:07:01","date_gmt":"2021-07-29T22:07:01","guid":{"rendered":"https:\/\/www.acrartex.com\/products\/globalfix-rlb-35\/"},"modified":"2025-07-08T10:15:51","modified_gmt":"2025-07-08T15:15:51","slug":"globalfix-rlb-35","status":"publish","type":"product","link":"https:\/\/www.acrartex.com\/da\/products\/globalfix-rlb-35\/","title":{"rendered":"GlobalFix RLB-35"},"content":{"rendered":"<p><a href=\"https:\/\/www.acrartex.com\/de\/products\/globalfix-v5-ais-epirb-mit-return-link-service-und-mobiler-app\/\"><em><strong>Dette produkt er blevet opgraderet.<\/strong><\/em><\/a><\/p>\n<div data-canvas-width=\"547.4670718954251\">\n<div data-canvas-width=\"539.4155986928106\">FastACQ\u2122 GPS motoren registrerer LAT\/LON fra en koldstart bedre end normale GPS motorer.<\/div>\n<div data-canvas-width=\"371.07709150326815\"><\/div>\n<div data-canvas-width=\"371.07709150326815\">FastACQ\u2122 GPS er t\u00e6ndt i op til 25 minutter i de f\u00f8rste 45 minutters drift.<\/div>\n<div data-canvas-width=\"516.3214869281046\"><\/div>\n<div data-canvas-width=\"516.3214869281046\">Patenteret, propriet\u00e6r elektronikpakke giver st\u00f8rre frekvensstabilitet for den mest pr\u00e6cise positionering via LEOSAR-satellitterne. GPS positionsn\u00f8jagtighed p\u00e5 100 m (110 yards), optimalt muliggjort af COSPAS-SARSAT. <\/div>\n<div data-canvas-width=\"482.5856732026145\"><\/div>\n<div data-canvas-width=\"482.5856732026145\">Kun EPIRB tilg\u00e6ngelig, der tilbyder en GPS opsamlingstest, en fuld funktionel selvtest af interne kredsl\u00f8b og batterisp\u00e6ndingstest.<\/div>\n<div data-canvas-width=\"482.5856732026145\"><\/div>\n<div data-canvas-width=\"482.5856732026145\">Kategori 1: Fuldt lukket, UV-stabiliseret polyethylen med h\u00f8j densitet<\/div>\n<div data-canvas-width=\"474.1053562091504\">beslag med hydrostatisk udl\u00f8sning. Modst\u00e5r ekstremt barske milj\u00f8er. Hydrostatisk udl\u00f8sning aktiverer automatisk EPIRB , hvis fart\u00f8jet synker til ca. 4 m (13 fod).  <\/div>\n<div data-canvas-width=\"506.93075816993485\">Kategori 2: Universal Low Pro2-beslag; inkluderer mulighed for skot- og skinnemontering.<\/div>\n<div data-canvas-width=\"506.93075816993485\"><\/div>\n<div data-canvas-width=\"547.7559820261438\">Sender p\u00e5 406 MHz (COSPAS-SARSAT) med dit registrerede, digitalt kodede n\u00f8dsignal og 121,5 MHz (SAR-m\u00e5ls\u00f8gningsfrekvens).<\/div>\n<\/div>\n","protected":false},"excerpt":{"rendered":"<p><em><strong>Dette produkt er blevet opgraderet. <a href=\"https:\/\/www.acrartex.com\/products\/globalfix-v5-ais-epirb\/\">Klik her<\/a> for tilg\u00e6ngelige produktopgraderinger.<\/strong><\/em><\/p>\n<div data-canvas-width=\"547.4670718954251\">Uanset hvilken type sejlads du bruger, sker der ulykker p\u00e5 vandet hver dag. N\u00e5r situationen bliver v\u00e6rre, skal du s\u00f8rge for at v\u00e6re forberedt! <\/div>\n<div data-canvas-width=\"496.097777777778\">Den ultimative teknologi til redning af liv i havet er nu tilg\u00e6ngelig. Slip kraften i GlobalFix \u2122 406 MHz GPS EPIRB l\u00f8s, og forvandl den livstruende situation til en vellykket redningshistorie. <\/div>\n<div data-canvas-width=\"141.5316320261438\">Det er lige s\u00e5 nemt som at trykke p\u00e5 en kontakt, og med en intern GPS modtager vil GlobalFix \u2122 registrere din GPS position og sende den sammen med din personlige identifikationskode via SARSAT-satellitterne, hvilket \u00f8jeblikkeligt advarer SAR-styrker om, at du har brug for hj\u00e6lp!<\/div>\n<div data-canvas-width=\"133.5515816993464\">GlobalFix fungerer hurtigt. N\u00e5r GPS data er til stede i beacons f\u00f8rste udbrud, kan SAR-styrker underrettes og begynde at planl\u00e6gge din redning p\u00e5 s\u00e5 lidt som tre minutter. GlobalFix er uafh\u00e6ngigt testet i virkelige scenarier og klarede sig bedre end alle andre 406 MHz EPIRB&#8217;er p\u00e5 markedet. <\/div>\n<p>&nbsp;<\/p>\n<p>&nbsp;<\/p>\n","protected":false},"featured_media":160396,"template":"","meta":{"_acf_changed":false,"om_disable_all_campaigns":false},"product_brand":[],"product_cat":[5668],"product_tag":[16043,16044,16045,16046,5670,5682,5676,5704,5672,16048,16047],"class_list":{"0":"post-160393","1":"product","2":"type-product","3":"status-publish","4":"has-post-thumbnail","6":"product_cat-marine-da","7":"product_tag-2742-da","8":"product_tag-2742nh-da","9":"product_tag-2744-da","10":"product_tag-2744nh-da","11":"product_tag-epirb-da","12":"product_tag-global-losning-da","13":"product_tag-globalfix-da","14":"product_tag-gpirb-da","15":"product_tag-nodsignal-da","16":"product_tag-rlb-35-da","17":"product_tag-rlb35-da","18":"pa_product-arv-da","20":"first","21":"outofstock","22":"taxable","23":"shipping-taxable","24":"product-type-simple"},"acf":[],"_links":{"self":[{"href":"https:\/\/www.acrartex.com\/da\/wp-json\/wp\/v2\/product\/160393","targetHints":{"allow":["GET"]}}],"collection":[{"href":"https:\/\/www.acrartex.com\/da\/wp-json\/wp\/v2\/product"}],"about":[{"href":"https:\/\/www.acrartex.com\/da\/wp-json\/wp\/v2\/types\/product"}],"wp:featuredmedia":[{"embeddable":true,"href":"https:\/\/www.acrartex.com\/da\/wp-json\/wp\/v2\/media\/160396"}],"wp:attachment":[{"href":"https:\/\/www.acrartex.com\/da\/wp-json\/wp\/v2\/media?parent=160393"}],"wp:term":[{"taxonomy":"product_brand","embeddable":true,"href":"https:\/\/www.acrartex.com\/da\/wp-json\/wp\/v2\/product_brand?post=160393"},{"taxonomy":"product_cat","embeddable":true,"href":"https:\/\/www.acrartex.com\/da\/wp-json\/wp\/v2\/product_cat?post=160393"},{"taxonomy":"product_tag","embeddable":true,"href":"https:\/\/www.acrartex.com\/da\/wp-json\/wp\/v2\/product_tag?post=160393"}],"curies":[{"name":"wp","href":"https:\/\/api.w.org\/{rel}","templated":true}]}}